{"id":2857,"date":"2023-02-19T17:12:28","date_gmt":"2023-02-19T17:12:28","guid":{"rendered":"https:\/\/moroccounlimitedreams.com\/?page_id=2857"},"modified":"2023-03-23T21:34:50","modified_gmt":"2023-03-23T21:34:50","slug":"11-dias-desde-tanger-fez-merzouga-a-marrakech","status":"publish","type":"page","link":"https:\/\/moroccounlimitedreams.com\/es\/11-dias-desde-tanger-fez-merzouga-a-marrakech\/","title":{"rendered":"11 d\u00edas desde T\u00e1nger Fez Merzouga a Marrakech"},"content":{"rendered":"<p>\u00bfEst\u00e1s listo para un viaje \u00e9pico por Marruecos? Hoy te llevaremos en una aventura de 11 d\u00edas desde T\u00e1nger a Fez, Merzouga y Marrakech. Prep\u00e1rate para experimentar lo m\u00e1s aut\u00e9ntico de Marruecos, desde sus ciudades hist\u00f3ricas hasta sus espectaculares paisajes naturales.<\/p>\n<h4>D\u00eda 1 : T\u00e1nger &#8211; Tetu\u00e1n &#8211; Chefchaouen :<\/h4>\n<p>Nos reuniremos con usted en el puerto y haremos la salida hacia Chefchaouen pasando por las monta\u00f1as del Rif disfrutando del paisaje natural de las m\u00e1gicas monta\u00f1as verdes rife\u00f1as hasta llegar a la ciudad blanca y azul de Chefchaouen. Chefchaouen est\u00e1 situada en el norte y estuvo bajo las tropas espa\u00f1olas durante la \u00e9poca del protectorado, por lo que la mayor\u00eda de sus habitantes est\u00e1n influenciados por el acento espa\u00f1ol. Al llegar a Chefchaouen cenaremos y pasaremos la noche en uno de sus tranquilos riads.<\/p>\n<h4>D\u00eda 2 : Chefchaouen &#8211; Volubilis &#8211; Meknes<\/h4>\n<p>Despu\u00e9s del desayuno en riad continuaremos nuestro viaje m\u00e1gico conduciendo hacia Volubilis pasando por peque\u00f1os pueblos rife\u00f1os para unirnos a las huellas romanas. Una vez que lleguemos a Vulibilis nos acompa\u00f1ar\u00e1 un gu\u00eda local para explorar y aprender sobre la historia romana en Volubilis. Despu\u00e9s de haber visitado las ruinas, cambiaremos de direcci\u00f3n hacia la capital ismaelita \u00abMeknes\u00bb donde almorzaremos y pasearemos para descubrir los monumentos hist\u00f3ricos de Moulay Ismail y ver las grandes murallas que rodean la antigua Medina. Adem\u00e1s, visitaremos la tumba de Moulay Ismail, la antigua subc\u00e1rcel, Bad Mansour&#8230; Noche en riad (cena y desayuno).<\/p>\n<h4>D\u00eda 3 : Meknes &#8211; Fez :<\/h4>\n<p>Despu\u00e9s del desayuno en riad, salimos de Meknes hacia Fez, la ciudad m\u00e1s antigua de Marruecos. Al llegar a Fez vamos a comenzar nuestro viaje viendo, explorando los secretos y vestigios hist\u00f3ricos, culturales, patrimonio de la ciudad; disfrutaremos de nuestra visita tur\u00edstica caminando por las estrechas calles de la antigua medina. Insistiremos en ver los sitios m\u00e1s importantes como la Antigua Universidad Qarawyine, la plaza jud\u00eda, el Palacio Real y el mausoleo de Moulay Idriss&#8230;.Pasaremos la noche en Riad\/hotel.<\/p>\n<h4>D\u00eda 4 : Fes &#8211; Ifran &#8211; Bosque de cedros &#8211; Midelt :<\/h4>\n<p>Despu\u00e9s de desayunar en Riad\/hotel, tomaremos nuestra direcci\u00f3n hacia el sur para ver la hermosa ciudad de Ifrane y pasaremos a trav\u00e9s de las monta\u00f1as del Atlas Medio hasta Azrou. Aqu\u00ed nos detendremos en el bosque de cedros para ver a los monjes y tomar algunas fotos. Despu\u00e9s nos dirigiremos a la ciudad de la manzana \u00abMidelt\u00bb donde pasaremos la noche en un riad\/hotel.<\/p>\n<h4>D\u00eda 5 : Midelt &#8211; Errachidia &#8211; Valle del Ziz &#8211; Merzouga<\/h4>\n<p>Desayunamos en el hotel y nos despedimos hacia Merzouga pasando por el puerto de Tizi ntlghmt. Durante nuestro camino Midelt- Merzouga pasaremos por numerosos pueblos dispersos a lo largo del camino. Pasaremos por Errachidia y continuaremos nuestro viaje por el valle del Ziz pasando por Erfoud, Rissani y llegando finalmente a Merzouga. Despu\u00e9s de un vaso de t\u00e9 a la menta \u00abwhisky bereber\u00bb, nos despedimos temporalmente del Hotel y nos preparamos para coger camellos y sumergirnos en el estilo de vida n\u00f3mada del desierto. La excursi\u00f3n en camello dura aproximadamente 1h30 desde el hotel hasta el Oasis donde pasaremos la noche, dormiremos en tiendas. Despu\u00e9s de cenar nos reuniremos alrededor del fuego para disfrutar del ambiente nocturno del desierto y entretenernos con instrumentos bereberes tocando m\u00fasica al estilo del desierto. Para los amantes de la calma y la naturaleza pueden dar un paseo por las dunas.<\/p>\n<h4>D\u00eda 6 : Merzouga &#8211; Gargantas de Tinghir &#8211; Dades :<\/h4>\n<p>Nos levantaremos temprano para unirnos y disfrutar de un impresionante amanecer sobre las dunas de Erg Chebbi. Despu\u00e9s de hacerlo, saldremos de Merzouga en direcci\u00f3n al valle del Dades. A lo largo de nuestro camino veremos un mont\u00f3n de peque\u00f1as aldeas. Una vez que lleguemos a las Gargantas del Todra daremos un peque\u00f1o paseo descubriendo los paisajes de estr\u00edas y rocas del Todra, y luego continuaremos nuestro viaje para finalmente unirnos al Valle del Dades donde pasaremos la noche en riad.<\/p>\n<h4>D\u00eda 7 : Valle del Dades &#8211; Ait Benhaddou &#8211; Marrakech :<\/h4>\n<p>Despu\u00e9s de desayunar en el hotel, nos dirigiremos a trav\u00e9s del Valle del Dades hacia Kelaat M&#8217;gouna y Ouarzazate. Dentro de nuestra ruta hacia Kelaat M&#8217;gouna veremos muchas Kasbahs que fueron hist\u00f3ricamente utilizadas como casas de familias valiosas y famosas en la antig\u00fcedad. Despu\u00e9s del valle de las rosas, pasaremos por el pueblo de Skoura, continuando hacia <a href=\"https:\/\/moroccounlimitedreams.com\/es\/excursiones-de-un-dia-de-marrakech-a-las-cascadas-de-ouzoud\/\">Ouarzazate<\/a> \u00abel Hollywood de \u00c1frica\u00bb donde visitaremos el Estudio de Cine. Adem\u00e1s, seguimos hasta llegar a la famosa Kasbah de Ait Benhaddou que es la Kasbah m\u00e1s grande de Marruecos. All\u00ed almorzaremos.<\/p>\n<p>Despu\u00e9s de visitar este monumento hist\u00f3rico matrimonial de la UNESCO, continuamos nuestro viaje a trav\u00e9s del encantador paso de Tizi N Tichka (2260 m) sobre las monta\u00f1as del Alto Atlas. Durante el paso disfrutaremos de vistas panor\u00e1micas del paisaje viendo a los granjeros trabajando en sus granjas y tambi\u00e9n los veremos pastoreando sus animales. Adem\u00e1s, tendremos la oportunidad de visitar cooperativas de aceite de oliva y arg\u00e1n. Despu\u00e9s continuaremos nuestro viaje hacia Marrakech.<\/p>\n<h4>D\u00eda 8: Visita de Marrakech :<\/h4>\n<p>Despu\u00e9s del desayuno en riad, comenzamos nuestro viaje haciendo turismo por la ciudad de Marrakech \u00abla ciudad roja de Marruecos\u00bb, fue fundada en el siglo XII por la dinast\u00eda almor\u00e1vide. Insistiremos en ver los lugares m\u00e1s importantes del patrimonio cultural e hist\u00f3rico. Tendr\u00e1 la oportunidad de visitar la Tumba Saadiyin, los Jardines Majorelle y la Torre Koutoubia. Por otra parte, nuestro gu\u00eda le llevar\u00e1 a ver la plaza de la Bah\u00eda, el zoco de la ciudad, y luego ir a unirse a la famosa plaza de la medina, donde podr\u00e1 ver y descubrir el fascinante mago de la serpiente, \u00abseminarios divertidos\u00bb, donde algunos profesionales o humoristas contar chistes fabulosos y simp\u00e1ticos, adivinanzas &#8230; Por la tarde, usted tendr\u00e1 tiempo libre para pasear y ver, descubrir otros lugares de la ciudad por su cuenta.<\/p>\n<h4>D\u00eda 9 : Marrakech &#8211; Essaouira :<\/h4>\n<p>Despu\u00e9s de desayunar en su riad, nuestro personal se reunir\u00e1 con usted en la recepci\u00f3n con el fin de organizar un viaje agradable descubrir los paisajes de \u00abMogador\u00bb Essaouira. Dentro de la ruta Marrakech-Essaouira nos encontraremos con peque\u00f1as tiendas de mujeres de cooperativas de Argan. Le llevaremos en un enorme recorrido por Marruecos para que disfrute de su d\u00eda deambulando por esta ciudad oce\u00e1nica explorando el antiguo puerto pesquero fortificado de Essaouira, en la costa atl\u00e1ntica. Este \u00faltimo es el favorito de los windsurfistas y kitesurfistas debido a la poca profundidad de sus aguas. En su d\u00eda fue uno de los lugares favoritos de Bob Marley y Jimi Hendrix. A pesar de la playa, tambi\u00e9n hay muchas cosas que vivir en esta ciudad.<\/p>\n<p>Le aseguramos que descubrir\u00e1 y ver\u00e1 los monumentos m\u00e1s conocidos de esta ciudad: asombrosa cohesi\u00f3n, mezcla de arquitectura luso-bereber, coloridos zocos, medina de dise\u00f1o franc\u00e9s y galer\u00edas de arte. Adem\u00e1s, se encontrar\u00e1 con el Mellah (antiguo barrio jud\u00edo de gran tama\u00f1o) y la fortaleza portuguesa construida en el siglo XVI para proteger su base comercial de Mogador. La ciudad fue invadida por varias naciones: Fenicios, cartagineses, romanos, portugueses y franceses. Los diversos or\u00edgenes de los habitantes de Essaouira crearon su car\u00e1cter \u00fanico y propiciaron su prosperidad. Essaouira es t\u00edpica de muchas peque\u00f1as ciudades fortificadas marroqu\u00edes. En su d\u00eda fue considerado uno de los puertos m\u00e1s esenciales de Marruecos, y lo sigue siendo en ciertos aspectos. Essaouira es una ciudad declarada Patrimonio de la Humanidad. Le llevaremos en un recorrido memorable para descubrir Marruecos. Noche en un riad.<\/p>\n<h4>D\u00eda 10 : Essaouira &#8211; Marrakech :<\/h4>\n<p>Salimos de Essaouira de vuelta a Marrakech. Llegaremos a Marrakech a \u00faltima hora de la tarde. Tarde libre para pasear y conocer la ciudad a su ritmo.<\/p>\n<h4>D\u00eda 11 : Traslado al aeropuerto :<\/h4>\n<p>Traslado del riad al aeropuerto.<\/p>\n\n<div class=\"wpcf7 no-js\" id=\"wpcf7-f2957-o1\" lang=\"en-US\" dir=\"ltr\" data-wpcf7-id=\"2957\">\n<div class=\"screen-reader-response\"><p role=\"status\" aria-live=\"polite\" aria-atomic=\"true\"><\/p> <ul><\/ul><\/div>\n<form action=\"\/es\/wp-json\/wp\/v2\/pages\/2857#wpcf7-f2957-o1\" method=\"post\" class=\"wpcf7-form init\" aria-label=\"Contact form\" novalidate=\"novalidate\" data-status=\"init\">\n<div style=\"display: none;\">\n<input type=\"hidden\" name=\"_wpcf7\" value=\"2957\" \/>\n<input type=\"hidden\" name=\"_wpcf7_version\" value=\"6.0\" \/>\n<input type=\"hidden\" name=\"_wpcf7_locale\" value=\"en_US\" \/>\n<input type=\"hidden\" name=\"_wpcf7_unit_tag\" value=\"wpcf7-f2957-o1\" \/>\n<input type=\"hidden\" name=\"_wpcf7_container_post\" value=\"0\" \/>\n<input type=\"hidden\" name=\"_wpcf7_posted_data_hash\" value=\"\" \/>\n<\/div>\n<p><label> Your name<br \/>\n<span class=\"wpcf7-form-control-wrap\" data-name=\"your-name\"><input size=\"40\" maxlength=\"400\" class=\"wpcf7-form-control wpcf7-text wpcf7-validates-as-required\" autocomplete=\"name\" aria-required=\"true\" aria-invalid=\"false\" value=\"\" type=\"text\" name=\"your-name\" \/><\/span> <\/label>\n<\/p>\n<p><label> Your email<br \/>\n<span class=\"wpcf7-form-control-wrap\" data-name=\"your-email\"><input size=\"40\" maxlength=\"400\" class=\"wpcf7-form-control wpcf7-email wpcf7-validates-as-required wpcf7-text wpcf7-validates-as-email\" autocomplete=\"email\" aria-required=\"true\" aria-invalid=\"false\" value=\"\" type=\"email\" name=\"your-email\" \/><\/span> <\/label>\n<\/p>\n<p><label> Subject<br \/>\n<span class=\"wpcf7-form-control-wrap\" data-name=\"your-subject\"><input size=\"40\" maxlength=\"400\" class=\"wpcf7-form-control wpcf7-text wpcf7-validates-as-required\" aria-required=\"true\" aria-invalid=\"false\" value=\"\" type=\"text\" name=\"your-subject\" \/><\/span> <\/label>\n<\/p>\n<p><label> Your message (optional)<br \/>\n<span class=\"wpcf7-form-control-wrap\" data-name=\"your-message\"><textarea cols=\"40\" rows=\"10\" maxlength=\"2000\" class=\"wpcf7-form-control wpcf7-textarea\" aria-invalid=\"false\" name=\"your-message\"><\/textarea><\/span> <\/label>\n<\/p>\n<p><input class=\"wpcf7-form-control wpcf7-submit has-spinner\" type=\"submit\" value=\"Send\" \/>\n<\/p><div class=\"wpcf7-response-output\" aria-hidden=\"true\"><\/div>\n<\/form>\n<\/div>\n\n","protected":false},"excerpt":{"rendered":"<p>\u00bfEst\u00e1s listo para un viaje \u00e9pico por Marruecos? Hoy te llevaremos en una aventura de 11 d\u00edas desde T\u00e1nger a Fez, Merzouga y Marrakech. Prep\u00e1rate para experimentar lo m\u00e1s aut\u00e9ntico de Marruecos, desde sus ciudades hist\u00f3ricas hasta sus espectaculares paisajes naturales. D\u00eda 1 : T\u00e1nger &#8211; Tetu\u00e1n &#8211; Chefchaouen : Nos reuniremos con usted en&#8230;<\/p>\n","protected":false},"author":1,"featured_media":3037,"parent":0,"menu_order":0,"comment_status":"closed","ping_status":"closed","template":"","meta":{"_kadence_starter_templates_imported_post":false,"_kad_post_transparent":"default","_kad_post_title":"default","_kad_post_layout":"default","_kad_post_sidebar_id":"","_kad_post_content_style":"default","_kad_post_vertical_padding":"default","_kad_post_feature":"","_kad_post_feature_position":"","_kad_post_header":false,"_kad_post_footer":false,"footnotes":""},"class_list":["post-2857","page","type-page","status-publish","has-post-thumbnail","hentry"],"yoast_head":"<!-- This site is optimized with the Yoast SEO Premium plugin v19.0 (Yoast SEO v23.9) - https:\/\/yoast.com\/wordpress\/plugins\/seo\/ -->\n<title>11 d\u00edas desde T\u00e1nger Fez Merzouga a Marrakech<\/title>\n<meta name=\"description\" content=\"Planifique su viaje a Marruecos y descubra por qu\u00e9 ha sido elegido uno de los principales . Dentro de 11 d\u00edas desde T\u00e1nger\" \/>\n<meta name=\"robots\" content=\"index, follow, max-snippet:-1, max-image-preview:large, max-video-preview:-1\" \/>\n<link rel=\"canonical\" href=\"https:\/\/moroccounlimitedreams.com\/es\/11-dias-desde-tanger-fez-merzouga-a-marrakech\/\" \/>\n<meta property=\"og:locale\" content=\"es_ES\" \/>\n<meta property=\"og:type\" content=\"article\" \/>\n<meta property=\"og:title\" content=\"11 d\u00edas desde T\u00e1nger Fez Merzouga a Marrakech\" \/>\n<meta property=\"og:description\" content=\"Planifique su viaje a Marruecos y descubra por qu\u00e9 ha sido elegido uno de los principales . Dentro de 11 d\u00edas desde T\u00e1nger\" \/>\n<meta property=\"og:url\" content=\"https:\/\/moroccounlimitedreams.com\/es\/11-dias-desde-tanger-fez-merzouga-a-marrakech\/\" \/>\n<meta property=\"og:site_name\" content=\"Morocco Unlimited Dreams\" \/>\n<meta property=\"article:modified_time\" content=\"2023-03-23T21:34:50+00:00\" \/>\n<meta property=\"og:image\" content=\"https:\/\/moroccounlimitedreams.com\/es\/wp-content\/uploads\/2023\/02\/tanger.jpg\" \/>\n\t<meta property=\"og:image:width\" content=\"1089\" \/>\n\t<meta property=\"og:image:height\" content=\"1362\" \/>\n\t<meta property=\"og:image:type\" content=\"image\/jpeg\" \/>\n<meta name=\"twitter:card\" content=\"summary_large_image\" \/>\n<meta name=\"twitter:label1\" content=\"Tiempo de lectura\" \/>\n\t<meta name=\"twitter:data1\" content=\"6 minutos\" \/>\n<script type=\"application\/ld+json\" class=\"yoast-schema-graph\">{\"@context\":\"https:\/\/schema.org\",\"@graph\":[{\"@type\":\"WebPage\",\"@id\":\"https:\/\/moroccounlimitedreams.com\/es\/11-dias-desde-tanger-fez-merzouga-a-marrakech\/\",\"url\":\"https:\/\/moroccounlimitedreams.com\/es\/11-dias-desde-tanger-fez-merzouga-a-marrakech\/\",\"name\":\"11 d\u00edas desde T\u00e1nger Fez Merzouga a Marrakech\",\"isPartOf\":{\"@id\":\"https:\/\/moroccounlimitedreams.com\/es\/#website\"},\"primaryImageOfPage\":{\"@id\":\"https:\/\/moroccounlimitedreams.com\/es\/11-dias-desde-tanger-fez-merzouga-a-marrakech\/#primaryimage\"},\"image\":{\"@id\":\"https:\/\/moroccounlimitedreams.com\/es\/11-dias-desde-tanger-fez-merzouga-a-marrakech\/#primaryimage\"},\"thumbnailUrl\":\"https:\/\/moroccounlimitedreams.com\/es\/wp-content\/uploads\/2023\/02\/tanger.jpg\",\"datePublished\":\"2023-02-19T17:12:28+00:00\",\"dateModified\":\"2023-03-23T21:34:50+00:00\",\"description\":\"Planifique su viaje a Marruecos y descubra por qu\u00e9 ha sido elegido uno de los principales . Dentro de 11 d\u00edas desde T\u00e1nger\",\"breadcrumb\":{\"@id\":\"https:\/\/moroccounlimitedreams.com\/es\/11-dias-desde-tanger-fez-merzouga-a-marrakech\/#breadcrumb\"},\"inLanguage\":\"es\",\"potentialAction\":[{\"@type\":\"ReadAction\",\"target\":[\"https:\/\/moroccounlimitedreams.com\/es\/11-dias-desde-tanger-fez-merzouga-a-marrakech\/\"]}]},{\"@type\":\"ImageObject\",\"inLanguage\":\"es\",\"@id\":\"https:\/\/moroccounlimitedreams.com\/es\/11-dias-desde-tanger-fez-merzouga-a-marrakech\/#primaryimage\",\"url\":\"https:\/\/moroccounlimitedreams.com\/es\/wp-content\/uploads\/2023\/02\/tanger.jpg\",\"contentUrl\":\"https:\/\/moroccounlimitedreams.com\/es\/wp-content\/uploads\/2023\/02\/tanger.jpg\",\"width\":1089,\"height\":1362,\"caption\":\"11 d\u00edas desde T\u00e1nger Fez Merzouga a Marrakech\"},{\"@type\":\"BreadcrumbList\",\"@id\":\"https:\/\/moroccounlimitedreams.com\/es\/11-dias-desde-tanger-fez-merzouga-a-marrakech\/#breadcrumb\",\"itemListElement\":[{\"@type\":\"ListItem\",\"position\":1,\"name\":\"Home\",\"item\":\"https:\/\/moroccounlimitedreams.com\/es\/\"},{\"@type\":\"ListItem\",\"position\":2,\"name\":\"11 d\u00edas desde T\u00e1nger Fez Merzouga a Marrakech\"}]},{\"@type\":\"WebSite\",\"@id\":\"https:\/\/moroccounlimitedreams.com\/es\/#website\",\"url\":\"https:\/\/moroccounlimitedreams.com\/es\/\",\"name\":\"Morocco Unlimited Dreams\",\"description\":\"Morocco Desert Tours - Tours &amp; Excursions in Morocco\",\"publisher\":{\"@id\":\"https:\/\/moroccounlimitedreams.com\/es\/#organization\"},\"potentialAction\":[{\"@type\":\"SearchAction\",\"target\":{\"@type\":\"EntryPoint\",\"urlTemplate\":\"https:\/\/moroccounlimitedreams.com\/es\/?s={search_term_string}\"},\"query-input\":{\"@type\":\"PropertyValueSpecification\",\"valueRequired\":true,\"valueName\":\"search_term_string\"}}],\"inLanguage\":\"es\"},{\"@type\":\"Organization\",\"@id\":\"https:\/\/moroccounlimitedreams.com\/es\/#organization\",\"name\":\"Morocco Unlimited Dreams\",\"url\":\"https:\/\/moroccounlimitedreams.com\/es\/\",\"logo\":{\"@type\":\"ImageObject\",\"inLanguage\":\"es\",\"@id\":\"https:\/\/moroccounlimitedreams.com\/es\/#\/schema\/logo\/image\/\",\"url\":\"https:\/\/moroccounlimitedreams.com\/es\/wp-content\/uploads\/2023\/12\/mrd.png\",\"contentUrl\":\"https:\/\/moroccounlimitedreams.com\/es\/wp-content\/uploads\/2023\/12\/mrd.png\",\"width\":242,\"height\":90,\"caption\":\"Morocco Unlimited Dreams\"},\"image\":{\"@id\":\"https:\/\/moroccounlimitedreams.com\/es\/#\/schema\/logo\/image\/\"}}]}<\/script>\n<!-- \/ Yoast SEO Premium plugin. -->","yoast_head_json":{"title":"11 d\u00edas desde T\u00e1nger Fez Merzouga a Marrakech","description":"Planifique su viaje a Marruecos y descubra por qu\u00e9 ha sido elegido uno de los principales . Dentro de 11 d\u00edas desde T\u00e1nger","robots":{"index":"index","follow":"follow","max-snippet":"max-snippet:-1","max-image-preview":"max-image-preview:large","max-video-preview":"max-video-preview:-1"},"canonical":"https:\/\/moroccounlimitedreams.com\/es\/11-dias-desde-tanger-fez-merzouga-a-marrakech\/","og_locale":"es_ES","og_type":"article","og_title":"11 d\u00edas desde T\u00e1nger Fez Merzouga a Marrakech","og_description":"Planifique su viaje a Marruecos y descubra por qu\u00e9 ha sido elegido uno de los principales . Dentro de 11 d\u00edas desde T\u00e1nger","og_url":"https:\/\/moroccounlimitedreams.com\/es\/11-dias-desde-tanger-fez-merzouga-a-marrakech\/","og_site_name":"Morocco Unlimited Dreams","article_modified_time":"2023-03-23T21:34:50+00:00","og_image":[{"width":1089,"height":1362,"url":"https:\/\/moroccounlimitedreams.com\/es\/wp-content\/uploads\/2023\/02\/tanger.jpg","type":"image\/jpeg"}],"twitter_card":"summary_large_image","twitter_misc":{"Tiempo de lectura":"6 minutos"},"schema":{"@context":"https:\/\/schema.org","@graph":[{"@type":"WebPage","@id":"https:\/\/moroccounlimitedreams.com\/es\/11-dias-desde-tanger-fez-merzouga-a-marrakech\/","url":"https:\/\/moroccounlimitedreams.com\/es\/11-dias-desde-tanger-fez-merzouga-a-marrakech\/","name":"11 d\u00edas desde T\u00e1nger Fez Merzouga a Marrakech","isPartOf":{"@id":"https:\/\/moroccounlimitedreams.com\/es\/#website"},"primaryImageOfPage":{"@id":"https:\/\/moroccounlimitedreams.com\/es\/11-dias-desde-tanger-fez-merzouga-a-marrakech\/#primaryimage"},"image":{"@id":"https:\/\/moroccounlimitedreams.com\/es\/11-dias-desde-tanger-fez-merzouga-a-marrakech\/#primaryimage"},"thumbnailUrl":"https:\/\/moroccounlimitedreams.com\/es\/wp-content\/uploads\/2023\/02\/tanger.jpg","datePublished":"2023-02-19T17:12:28+00:00","dateModified":"2023-03-23T21:34:50+00:00","description":"Planifique su viaje a Marruecos y descubra por qu\u00e9 ha sido elegido uno de los principales . Dentro de 11 d\u00edas desde T\u00e1nger","breadcrumb":{"@id":"https:\/\/moroccounlimitedreams.com\/es\/11-dias-desde-tanger-fez-merzouga-a-marrakech\/#breadcrumb"},"inLanguage":"es","potentialAction":[{"@type":"ReadAction","target":["https:\/\/moroccounlimitedreams.com\/es\/11-dias-desde-tanger-fez-merzouga-a-marrakech\/"]}]},{"@type":"ImageObject","inLanguage":"es","@id":"https:\/\/moroccounlimitedreams.com\/es\/11-dias-desde-tanger-fez-merzouga-a-marrakech\/#primaryimage","url":"https:\/\/moroccounlimitedreams.com\/es\/wp-content\/uploads\/2023\/02\/tanger.jpg","contentUrl":"https:\/\/moroccounlimitedreams.com\/es\/wp-content\/uploads\/2023\/02\/tanger.jpg","width":1089,"height":1362,"caption":"11 d\u00edas desde T\u00e1nger Fez Merzouga a Marrakech"},{"@type":"BreadcrumbList","@id":"https:\/\/moroccounlimitedreams.com\/es\/11-dias-desde-tanger-fez-merzouga-a-marrakech\/#breadcrumb","itemListElement":[{"@type":"ListItem","position":1,"name":"Home","item":"https:\/\/moroccounlimitedreams.com\/es\/"},{"@type":"ListItem","position":2,"name":"11 d\u00edas desde T\u00e1nger Fez Merzouga a Marrakech"}]},{"@type":"WebSite","@id":"https:\/\/moroccounlimitedreams.com\/es\/#website","url":"https:\/\/moroccounlimitedreams.com\/es\/","name":"Morocco Unlimited Dreams","description":"Morocco Desert Tours - Tours &amp; Excursions in Morocco","publisher":{"@id":"https:\/\/moroccounlimitedreams.com\/es\/#organization"},"potentialAction":[{"@type":"SearchAction","target":{"@type":"EntryPoint","urlTemplate":"https:\/\/moroccounlimitedreams.com\/es\/?s={search_term_string}"},"query-input":{"@type":"PropertyValueSpecification","valueRequired":true,"valueName":"search_term_string"}}],"inLanguage":"es"},{"@type":"Organization","@id":"https:\/\/moroccounlimitedreams.com\/es\/#organization","name":"Morocco Unlimited Dreams","url":"https:\/\/moroccounlimitedreams.com\/es\/","logo":{"@type":"ImageObject","inLanguage":"es","@id":"https:\/\/moroccounlimitedreams.com\/es\/#\/schema\/logo\/image\/","url":"https:\/\/moroccounlimitedreams.com\/es\/wp-content\/uploads\/2023\/12\/mrd.png","contentUrl":"https:\/\/moroccounlimitedreams.com\/es\/wp-content\/uploads\/2023\/12\/mrd.png","width":242,"height":90,"caption":"Morocco Unlimited Dreams"},"image":{"@id":"https:\/\/moroccounlimitedreams.com\/es\/#\/schema\/logo\/image\/"}}]}},"_links":{"self":[{"href":"https:\/\/moroccounlimitedreams.com\/es\/wp-json\/wp\/v2\/pages\/2857","targetHints":{"allow":["GET"]}}],"collection":[{"href":"https:\/\/moroccounlimitedreams.com\/es\/wp-json\/wp\/v2\/pages"}],"about":[{"href":"https:\/\/moroccounlimitedreams.com\/es\/wp-json\/wp\/v2\/types\/page"}],"author":[{"embeddable":true,"href":"https:\/\/moroccounlimitedreams.com\/es\/wp-json\/wp\/v2\/users\/1"}],"replies":[{"embeddable":true,"href":"https:\/\/moroccounlimitedreams.com\/es\/wp-json\/wp\/v2\/comments?post=2857"}],"version-history":[{"count":7,"href":"https:\/\/moroccounlimitedreams.com\/es\/wp-json\/wp\/v2\/pages\/2857\/revisions"}],"predecessor-version":[{"id":3234,"href":"https:\/\/moroccounlimitedreams.com\/es\/wp-json\/wp\/v2\/pages\/2857\/revisions\/3234"}],"wp:featuredmedia":[{"embeddable":true,"href":"https:\/\/moroccounlimitedreams.com\/es\/wp-json\/wp\/v2\/media\/3037"}],"wp:attachment":[{"href":"https:\/\/moroccounlimitedreams.com\/es\/wp-json\/wp\/v2\/media?parent=2857"}],"curies":[{"name":"wp","href":"https:\/\/api.w.org\/{rel}","templated":true}]}}