{"id":2853,"date":"2023-02-19T16:50:50","date_gmt":"2023-02-19T16:50:50","guid":{"rendered":"https:\/\/moroccounlimitedreams.com\/?page_id=2853"},"modified":"2023-03-23T22:00:55","modified_gmt":"2023-03-23T22:00:55","slug":"15-dias-lo-mejor-de-marruecos-desde-casablanca","status":"publish","type":"page","link":"https:\/\/moroccounlimitedreams.com\/es\/15-dias-lo-mejor-de-marruecos-desde-casablanca\/","title":{"rendered":"15 d\u00edas lo mejor de Marruecos desde Casablanca"},"content":{"rendered":"<h3>LO MEJOR DE MARRUECOS 15 d\u00edas:<\/h3>\n<p>Marruecos es un pa\u00eds lleno de contrastes, que combina la influencia de \u00c1frica, Europa y Oriente Medio en un solo lugar. Considerado un Estado isl\u00e1mico moderado, Marruecos es un destino que abre sus puertas a cualquier persona sin importar su origen \u00e9tnico, religi\u00f3n o inclinaci\u00f3n pol\u00edtica. Desde antiguos fil\u00f3sofos y eruditos hasta personalidades como Bob Marley y Jimmy Hendrix, Marruecos ha sido hogar de muchos. Si buscas una experiencia diversa y colorida, no puedes perderte este lugar. Desde los mercados animados de Marrakech hasta las cumbres nevadas del Atlas, pasando por el silencio del S\u00e1hara y las playas v\u00edrgenes del Atl\u00e1ntico, Marruecos te sorprender\u00e1. En este tour de 15 d\u00edas, disfrutar\u00e1s de lo mejor que Marruecos tiene para ofrecer, desde ciudades y pueblos hasta monta\u00f1as, desierto, m\u00fasica, gastronom\u00eda, tiendas y costa, adem\u00e1s de la oportunidad de realizar servicios comunitarios y actividades de aventura.<\/p>\n<h3>Descubre el programa detallado de nuestro tour por Marruecos de 15 d\u00edas:<\/h3>\n<h4>D\u00eda 1 : Tour Casablanca &#8211; Rabat<\/h4>\n<p>Al llegar al aeropuerto de Casablanca, comenzar\u00e1 tu tour para descubrir el reino de Marruecos. Primero, visitar\u00e1s la mezquita Hassan II, el edificio religioso m\u00e1s grande del pa\u00eds, con su minarete de 210 metros de altura. Es posible visitarla incluso si no eres musulm\u00e1n y apreciar su asombroso trabajo realizado por m\u00e1s de 10,000 artesanos. Luego, te dirigir\u00e1s a Rabat, la capital administrativa del pa\u00eds, para ver el hermoso patio del palacio real. Viajar\u00e1s a trav\u00e9s de Shella para ver las ruinas romanas y los restos de las tumbas de la dinast\u00eda Merinid del siglo 14. Pasar\u00e1s la noche en un Riad. Coche: 1 hora 30 &#8211; Paseo: 2 horas.<\/p>\n<h4>D\u00eda 2 Rabat &#8211; Monta\u00f1as del Rif Chefchaouen<\/h4>\n<p>Por la ma\u00f1ana despu\u00e9s del desayuno nos dirigimos a Chefchaouen en las monta\u00f1as del Rif, antes de salir de Rabat visitamos la inacabada torre de la mezquita de Hassan y el mausoleo de Mohammed V. Visita a Oudaya Kasbah una fortaleza del siglo 12, utilizado por la dinast\u00eda Almor\u00e1vides para preparar las tropas antes de conquistar Andaluc\u00eda en Espa\u00f1a. conducimos a trav\u00e9s del hermoso jard\u00edn y vistas sobre el r\u00edo Abi-Ragrag que era una prisi\u00f3n de ciertos barcos en la historia de los piratas bereberes comenz\u00f3 en el siglo 16 y termin\u00f3 en el siglo 18. Nos dirigimos a Chefchaouen a trav\u00e9s de las monta\u00f1as del Rif cedros, pinos y robles a lo largo del camino.<\/p>\n<p>Llegada a Chefchaouen, hermosa ciudad colorida y tranquila en la monta\u00f1a que muestra c\u00f3mo Espa\u00f1a y Andaluc\u00eda sol\u00eda ser en la edad media, Noche y cena en un hotel Riad. Coche : 4 horas &#8211; Caminata : 1 hora<\/p>\n<h4>D\u00eda 3 &#8211; Visita de Chefchaouen<\/h4>\n<p>Esta ma\u00f1ana comenzamos nuestro Tour de Chefchaouen : (o Chaouen) en las monta\u00f1as del Rif, foundedby los musulmanes y los Judios que fueron empujados por los cristianos en el siglo 15. la ciudad no era conocida hasta el siglo 20 y hadremained relativamente sin cambios durante 500 a\u00f1os. Se dice que ofrece la mejor visi\u00f3n posible de c\u00f3mo ser\u00eda una ciudad andaluza en la \u00e9poca de los moros.<\/p>\n<p>La ciudad se convierte en un destino tur\u00edstico, sus estrechas calles medievales, sus casas de colores blanco y azul y su hermosa situaci\u00f3n en medio de las monta\u00f1as la hacen \u00fanica, Hay caf\u00e9s alrededor de la plaza principal y hoteles. Coche : 1 hora &#8211; A pie : 3 horas<\/p>\n<h4>D\u00eda 4 &#8211; Chefchaouen &#8211; Ruinas de Volubilis &#8211; Fez<\/h4>\n<p>Salida hacia Fez a las 22h. Conduciremos a trav\u00e9s de verdes colinas, extensas tierras abiertas y campos de trigo. Parada para almorzar cerca de Ouazane y continuaci\u00f3n hacia Volubilis. Se trata de las ruinas romanas mejor conservadas de Marruecos. Una visita guiada por el interior del yacimiento romano le transportar\u00e1 a los mitos de Roma gracias a sus impresionantes mosaicos, calles, columnas y termas. No muy lejos se encuentra el antiguo pueblo de MoulayDrissZerhoune, donde est\u00e1 enterrado el fundador de la primera dinast\u00eda \u00e1rabe isl\u00e1mica de Marruecos. Si el tiempo lo permite, haremos una parada para tomar un t\u00e9 a la menta en esta ciudad antes de dirigirnos a Fez.Hotel\/ Riad. Coche : 5 horas &#8211; A pie : 1 hora<\/p>\n<h4>D\u00eda 5- Visita guiada de la ciudad de Fez :<\/h4>\n<p>Despu\u00e9s del desayuno, tendr\u00e1 una visita guiada a las 10:00 Am en themedina de Fez. Para comenzar con la torre sur y la fortaleza del siglo 16 cara a cara con el norte, una vista panor\u00e1mica sobre la ciudad medieval. Visitaremos una agradable cooperativa de alfarer\u00eda. Aumentar\u00e1 sus conocimientos sobre la fabricaci\u00f3n del mosaico marroqu\u00ed \u00abzellij\u00bb y la cer\u00e1mica azul de Fez. Una verdadera ciudad laber\u00edntica del siglo VIII. Viajar\u00e1 en el tiempo hasta la \u00e9poca medieval de la ciudad, donde la gente a\u00fan trabaja en callejuelas estrechas, hay peque\u00f1os puestos de todo tipo de artesan\u00eda tradicional y burros cargados de provisiones que suben y bajan por las calles de la medina. No tendr\u00e1 sentido de la orientaci\u00f3n ni del tiempo durante un rato. La medina de Fez es rica en monumentos isl\u00e1micos: las fascinantes mezquitas antiguas, la Universidad de El-Karaouiyine y sus bibliotecas. Todos estos elementos han convertido a Fez en la capital espiritual y cultural del pa\u00eds. Para terminar el d\u00eda, una cena opcional con bailarinas de danza del vientre. Coche :1hora &#8211; A pie : 4 horas<\/p>\n<h4>D\u00eda 6- Fez &#8211; Erfoud &#8211; Campamento en el desierto de Erg chebbi:<\/h4>\n<p>Por la ma\u00f1ana atravesaremos las monta\u00f1as del Atlas Medio. Es el hogar de los monos de Berber\u00eda llamados \u00abthemaggot\u00bb , nativos de los bosques de madera de cedro en el Medio Atlas. Un descanso en Ifrantown ser\u00e1 muy apreciado. Es un lugar famoso por las estaciones de esqu\u00ed en Marruecos y se estableci\u00f3 durante el protectorado franc\u00e9s. Almorzaremos en Medilt, conocido por sus mejores producciones de manzanas en Marruecos. Parada para la foto en Zizvalley que es el comienzo de palmerales y d\u00e1tiles. Erfoud es la capital de los f\u00f3siles en Marruecos por lo que tendr\u00e1 esta oportunidad de visitar una de las f\u00e1bricas donde hacen hermosos art\u00edculos de marble.and justo despu\u00e9s de que visitamos el mausoleo de Mouay Ali Chref en Rissanithe fundador de la dinast\u00eda actualAlaouite de Marruecos en 17thcentury.We unidad a Erg Chebbi tiempo para una taza de t\u00e9 y el embalaje para desertcamp. Nos reuniremos con los camellos y nos dirigiremos a las dunas para ver la puesta de sol. Coche:7 horas -Caminata : 2 horas<\/p>\n<h4>D\u00eda 7 : D\u00eda libre en las dunas. Coche: 4 horas &#8211; Caminata : 2 horas<br \/>\nD\u00eda 8 &#8211; Campamento en el desierto &#8211; Tinjdad &#8211; Garganta de Todgha<\/h4>\n<p>Despertar temprano para la salida del sol y paseo en camello de vuelta a la l\u00ednea de dunas. Tiempo para desayunar y ducharse despu\u00e9s nos dirigimos a Tinjidad y nos detenemos para ver el antiguo sistema subterr\u00e1neo de riego \u00abkhatarat\u00bb que todav\u00eda se utiliza en el oasis de Jorf. Almuerzo en Toudravalley. Cuenta con hermosas kasbahs y monta\u00f1as a lo largo de 15 km de palmerales. Llegar a las espectaculares gargantas de 300 m de altura y disfrutar de un peque\u00f1o paseo cerca del r\u00edo de Toudra. Noche en hotel Kasbah . Coche: 4 horas -Paseo : 2 horas<\/p>\n<h4>D\u00eda 9- Gargantas del Todgha &#8211; SkouraPalmery &#8211; Ouarzazate :<\/h4>\n<p>Nos dirigimos al Valle del Dades para ver las hermosas formaciones de las monta\u00f1as del Alto Atlas y de sus mil Kasbah. Verdes campos de higueras, almendros, albaricoqueros, melocotoneros, nogales y granados. A continuaci\u00f3n, el Valle de las Rosas, famoso por el agua de rosas y las cremas de belleza extra\u00eddas de la rosa damascena, que se encuentra en algunos perfumes caros, productos para el cuidado de la piel, el cuerpo, cosm\u00e9ticos, cuidado del cabello, medicamentos, etc. Las mujeres recogen las flores por la ma\u00f1ana temprano. En mayo, los lugare\u00f1os celebran la cosecha de rosas en un festival. Y se ven ni\u00f1os a ambos lados de la carretera vendiendo collares hechos con rosas. Atravesar el antiguo palmeral deSkoura para llegar a Ouarzazate. Coche : 3 horas &#8211; A pie : 2 horas<\/p>\n<h4>D\u00eda 10- Ouarzazate &#8211; AitbenhaddouMarrakech :<\/h4>\n<p>Ouarzazate tiene 3 estudios de cine y hermosas kasbahs . Visita opcional de Taourert Kasbah Luego nos dirigimos a Ait ben Haddou pueblo. Exploraremos el pueblo m\u00e1s preservado del sur del pa\u00eds, clasificado como uno de los patrimonios de la humanidad por UNISCO en 1987 y una serie de pel\u00edculas se hicieron en este pueblo Gladiator, Prince of Persia &#8230; Haremos un poco de caminata dentro del pueblo y continuaremos a lo largo del valle de Ounila para llegar a Telouet Kasbah, una gran fortaleza del Pacha que era el hombre m\u00e1s poderoso del sur. Cruzaremos el espectacular paso del Alto Atlas (Tizi-n-Tichka 2260 m ALT ) para llegar a Marrakech. Coche: 4 horas &#8211; Caminata: 1 hora30<\/p>\n<h4>D\u00eda 11- Exploraci\u00f3n de Marrakech:<\/h4>\n<p>Por la ma\u00f1ana visita guiada de la ciudad con un gu\u00eda local: visitando las murallas exteriores de la ciudad roja, la Nouvelle Villenamed Gu\u00e9liz. Hay un bonito jard\u00edn que podr\u00e1 admirar, el famoso Jard\u00edn de Majorelle. Adem\u00e1s, hay un antiguo jard\u00edn Menara del siglo 12 que siempre est\u00e1 lleno de gente local. El siguiente paso ser\u00e1 dentro de las murallas de Marrakech en el que hay muchos sitios hist\u00f3ricos interesantes en la medina. Koutoubia mezquita del siglo 12 que representa la gloria y la profundidadhistoria de la ciudad. Descubrir\u00e1 la necr\u00f3polis real de los saad\u00edes del siglo XVII, el hermoso palacio Bahia del siglo XIX y los famosos zocos de Marrakech. Se sorprender\u00e1 de la cantidad de puestos, colores, olores y mercanc\u00edas que hay en los zocos. Es un lugar ideal para comprar regalos para usted y sus seres queridos. Para terminar el viaje en la ciudad roja, es agradable tomar una taza de t\u00e9 a la menta en una de las terrazas, que ofrecen una magn\u00edfica vista de la m\u00e1gica plaza JamaeElfana que siempre recordar\u00e1. Coche : 0 horas &#8211; A pie : 2 horas<\/p>\n<h4>D\u00eda 12-Marrakech D\u00cdA LIBRE :<\/h4>\n<p>EXTRA HAMMAM &amp; SPA, y una excursi\u00f3n de un d\u00eda a las monta\u00f1as del Atlas, a trav\u00e9s del valle de Ourika. Coche :4 horas &#8211; Caminata: 2 horas<\/p>\n<h4>D\u00eda 13-Marrakech- Essaouira :<\/h4>\n<p>Viajaremos a Essaouira o ex-Mogadorcreado en el siglo 18, una bonita ciudad en la costa atl\u00e1ntica, pero en el camino youwill ver el bosque de \u00e1rboles de Argan; Itgrows s\u00f3lo en Marruecos. Las mujeres de las cooperativas extraen aceite comestible y cosm\u00e9tico de las nueces del \u00e1rbol de arg\u00e1n. Essaouira tiene sus murallas, su puerto, su playa y sus islas p\u00farpuras. Coche : 3 horas -Paseo: 3 horas<\/p>\n<h4>D\u00eda 14 -D\u00eda libre en <a href=\"https:\/\/moroccounlimitedreams.com\/es\/excursion-de-un-dia-de-marrakech-a-essaouira\/\">Essaouira<\/a>.<\/h4>\n<p>Un gran refugio para el surf y las artes y es un lugar tranquilo para tumbarse en la playa leyendo su libro y ver la puesta de sol en elOc\u00e9ano Atl\u00e1ntico. Es hora de explorar la peque\u00f1a ciudad por su cuenta. Coche : 0 horas &#8211; A pie : 2 horas<\/p>\n<h4>D\u00eda 15 &#8211; Traslado de Essaouira al aeropuerto de Casablanca<\/h4>\n<p>Traslado al aeropuerto de Casablanca ;Fin del viaje<\/p>\n<p><strong>Qu\u00e9 incluye:<\/strong><\/p>\n<ul>\n<li>Riad 4* y alojamiento en hotel<\/li>\n<li>Desayuno diario<\/li>\n<li>Todas las cenas<\/li>\n<li>Paseo en camello \/ Sahara<\/li>\n<li>Noche \/ Tienda n\u00f3mada \/ Gu\u00eda n\u00f3mada Sahara<\/li>\n<li>Coche privado 4\u00d74 y conductor para todo el viaje<\/li>\n<li>Traslados desde y hacia el aeropuerto<\/li>\n<li>Gu\u00edas expertos certificados<\/li>\n<li>Tasas de museos<\/li>\n<li>Todos los impuestos<\/li>\n<\/ul>\n<p><strong>No incluido en el precio del paquete<\/strong><\/p>\n<ul>\n<li>Billete de avi\u00f3n<\/li>\n<li>Almuerzo<\/li>\n<li>Bebidas<\/li>\n<li>Seguro de viaje<\/li>\n<\/ul>\n\n<div class=\"wpcf7 no-js\" id=\"wpcf7-f2957-o1\" lang=\"en-US\" dir=\"ltr\" data-wpcf7-id=\"2957\">\n<div class=\"screen-reader-response\"><p role=\"status\" aria-live=\"polite\" aria-atomic=\"true\"><\/p> <ul><\/ul><\/div>\n<form action=\"\/es\/wp-json\/wp\/v2\/pages\/2853#wpcf7-f2957-o1\" method=\"post\" class=\"wpcf7-form init\" aria-label=\"Contact form\" novalidate=\"novalidate\" data-status=\"init\">\n<div style=\"display: none;\">\n<input type=\"hidden\" name=\"_wpcf7\" value=\"2957\" \/>\n<input type=\"hidden\" name=\"_wpcf7_version\" value=\"6.0\" \/>\n<input type=\"hidden\" name=\"_wpcf7_locale\" value=\"en_US\" \/>\n<input type=\"hidden\" name=\"_wpcf7_unit_tag\" value=\"wpcf7-f2957-o1\" \/>\n<input type=\"hidden\" name=\"_wpcf7_container_post\" value=\"0\" \/>\n<input type=\"hidden\" name=\"_wpcf7_posted_data_hash\" value=\"\" \/>\n<\/div>\n<p><label> Your name<br \/>\n<span class=\"wpcf7-form-control-wrap\" data-name=\"your-name\"><input size=\"40\" maxlength=\"400\" class=\"wpcf7-form-control wpcf7-text wpcf7-validates-as-required\" autocomplete=\"name\" aria-required=\"true\" aria-invalid=\"false\" value=\"\" type=\"text\" name=\"your-name\" \/><\/span> <\/label>\n<\/p>\n<p><label> Your email<br \/>\n<span class=\"wpcf7-form-control-wrap\" data-name=\"your-email\"><input size=\"40\" maxlength=\"400\" class=\"wpcf7-form-control wpcf7-email wpcf7-validates-as-required wpcf7-text wpcf7-validates-as-email\" autocomplete=\"email\" aria-required=\"true\" aria-invalid=\"false\" value=\"\" type=\"email\" name=\"your-email\" \/><\/span> <\/label>\n<\/p>\n<p><label> Subject<br \/>\n<span class=\"wpcf7-form-control-wrap\" data-name=\"your-subject\"><input size=\"40\" maxlength=\"400\" class=\"wpcf7-form-control wpcf7-text wpcf7-validates-as-required\" aria-required=\"true\" aria-invalid=\"false\" value=\"\" type=\"text\" name=\"your-subject\" \/><\/span> <\/label>\n<\/p>\n<p><label> Your message (optional)<br \/>\n<span class=\"wpcf7-form-control-wrap\" data-name=\"your-message\"><textarea cols=\"40\" rows=\"10\" maxlength=\"2000\" class=\"wpcf7-form-control wpcf7-textarea\" aria-invalid=\"false\" name=\"your-message\"><\/textarea><\/span> <\/label>\n<\/p>\n<p><input class=\"wpcf7-form-control wpcf7-submit has-spinner\" type=\"submit\" value=\"Send\" \/>\n<\/p><div class=\"wpcf7-response-output\" aria-hidden=\"true\"><\/div>\n<\/form>\n<\/div>\n\n","protected":false},"excerpt":{"rendered":"<p>LO MEJOR DE MARRUECOS 15 d\u00edas: Marruecos es un pa\u00eds lleno de contrastes, que combina la influencia de \u00c1frica, Europa y Oriente Medio en un solo lugar. Considerado un Estado isl\u00e1mico moderado, Marruecos es un destino que abre sus puertas a cualquier persona sin importar su origen \u00e9tnico, religi\u00f3n o inclinaci\u00f3n pol\u00edtica. Desde antiguos fil\u00f3sofos&#8230;<\/p>\n","protected":false},"author":1,"featured_media":3038,"parent":0,"menu_order":0,"comment_status":"closed","ping_status":"closed","template":"","meta":{"_kadence_starter_templates_imported_post":false,"_kad_post_transparent":"default","_kad_post_title":"default","_kad_post_layout":"default","_kad_post_sidebar_id":"","_kad_post_content_style":"default","_kad_post_vertical_padding":"default","_kad_post_feature":"","_kad_post_feature_position":"","_kad_post_header":false,"_kad_post_footer":false,"footnotes":""},"class_list":["post-2853","page","type-page","status-publish","has-post-thumbnail","hentry"],"yoast_head":"<!-- This site is optimized with the Yoast SEO Premium plugin v19.0 (Yoast SEO v23.9) - https:\/\/yoast.com\/wordpress\/plugins\/seo\/ -->\n<title>15 d\u00edas lo mejor de Marruecos desde Casablanca<\/title>\n<meta name=\"description\" content=\"\u00a1Descubre lo mejor de Marruecos con nuestro tour de 115 d\u00edas lo mejor de Marruecos Visita las impresionantes Ciudades Imperiales\" \/>\n<meta name=\"robots\" content=\"index, follow, max-snippet:-1, max-image-preview:large, max-video-preview:-1\" \/>\n<link rel=\"canonical\" href=\"https:\/\/moroccounlimitedreams.com\/es\/15-dias-lo-mejor-de-marruecos-desde-casablanca\/\" \/>\n<meta property=\"og:locale\" content=\"es_ES\" \/>\n<meta property=\"og:type\" content=\"article\" \/>\n<meta property=\"og:title\" content=\"15 d\u00edas lo mejor de Marruecos desde Casablanca\" \/>\n<meta property=\"og:description\" content=\"\u00a1Descubre lo mejor de Marruecos con nuestro tour de 115 d\u00edas lo mejor de Marruecos Visita las impresionantes Ciudades Imperiales\" \/>\n<meta property=\"og:url\" content=\"https:\/\/moroccounlimitedreams.com\/es\/15-dias-lo-mejor-de-marruecos-desde-casablanca\/\" \/>\n<meta property=\"og:site_name\" content=\"Morocco Unlimited Dreams\" \/>\n<meta property=\"article:modified_time\" content=\"2023-03-23T22:00:55+00:00\" \/>\n<meta property=\"og:image\" content=\"https:\/\/moroccounlimitedreams.com\/es\/wp-content\/uploads\/2023\/02\/casablanca.jpg\" \/>\n\t<meta property=\"og:image:width\" content=\"1089\" \/>\n\t<meta property=\"og:image:height\" content=\"1362\" \/>\n\t<meta property=\"og:image:type\" content=\"image\/jpeg\" \/>\n<meta name=\"twitter:card\" content=\"summary_large_image\" \/>\n<meta name=\"twitter:label1\" content=\"Tiempo de lectura\" \/>\n\t<meta name=\"twitter:data1\" content=\"9 minutos\" \/>\n<script type=\"application\/ld+json\" class=\"yoast-schema-graph\">{\"@context\":\"https:\/\/schema.org\",\"@graph\":[{\"@type\":\"WebPage\",\"@id\":\"https:\/\/moroccounlimitedreams.com\/es\/15-dias-lo-mejor-de-marruecos-desde-casablanca\/\",\"url\":\"https:\/\/moroccounlimitedreams.com\/es\/15-dias-lo-mejor-de-marruecos-desde-casablanca\/\",\"name\":\"15 d\u00edas lo mejor de Marruecos desde Casablanca\",\"isPartOf\":{\"@id\":\"https:\/\/moroccounlimitedreams.com\/es\/#website\"},\"primaryImageOfPage\":{\"@id\":\"https:\/\/moroccounlimitedreams.com\/es\/15-dias-lo-mejor-de-marruecos-desde-casablanca\/#primaryimage\"},\"image\":{\"@id\":\"https:\/\/moroccounlimitedreams.com\/es\/15-dias-lo-mejor-de-marruecos-desde-casablanca\/#primaryimage\"},\"thumbnailUrl\":\"https:\/\/moroccounlimitedreams.com\/es\/wp-content\/uploads\/2023\/02\/casablanca.jpg\",\"datePublished\":\"2023-02-19T16:50:50+00:00\",\"dateModified\":\"2023-03-23T22:00:55+00:00\",\"description\":\"\u00a1Descubre lo mejor de Marruecos con nuestro tour de 115 d\u00edas lo mejor de Marruecos Visita las impresionantes Ciudades Imperiales\",\"breadcrumb\":{\"@id\":\"https:\/\/moroccounlimitedreams.com\/es\/15-dias-lo-mejor-de-marruecos-desde-casablanca\/#breadcrumb\"},\"inLanguage\":\"es\",\"potentialAction\":[{\"@type\":\"ReadAction\",\"target\":[\"https:\/\/moroccounlimitedreams.com\/es\/15-dias-lo-mejor-de-marruecos-desde-casablanca\/\"]}]},{\"@type\":\"ImageObject\",\"inLanguage\":\"es\",\"@id\":\"https:\/\/moroccounlimitedreams.com\/es\/15-dias-lo-mejor-de-marruecos-desde-casablanca\/#primaryimage\",\"url\":\"https:\/\/moroccounlimitedreams.com\/es\/wp-content\/uploads\/2023\/02\/casablanca.jpg\",\"contentUrl\":\"https:\/\/moroccounlimitedreams.com\/es\/wp-content\/uploads\/2023\/02\/casablanca.jpg\",\"width\":1089,\"height\":1362,\"caption\":\"15 d\u00edas lo mejor de Marruecos desde Casablanca\"},{\"@type\":\"BreadcrumbList\",\"@id\":\"https:\/\/moroccounlimitedreams.com\/es\/15-dias-lo-mejor-de-marruecos-desde-casablanca\/#breadcrumb\",\"itemListElement\":[{\"@type\":\"ListItem\",\"position\":1,\"name\":\"Home\",\"item\":\"https:\/\/moroccounlimitedreams.com\/es\/\"},{\"@type\":\"ListItem\",\"position\":2,\"name\":\"15 d\u00edas lo mejor de Marruecos desde Casablanca\"}]},{\"@type\":\"WebSite\",\"@id\":\"https:\/\/moroccounlimitedreams.com\/es\/#website\",\"url\":\"https:\/\/moroccounlimitedreams.com\/es\/\",\"name\":\"Morocco Unlimited Dreams\",\"description\":\"Morocco Desert Tours - Tours &amp; Excursions in Morocco\",\"publisher\":{\"@id\":\"https:\/\/moroccounlimitedreams.com\/es\/#organization\"},\"potentialAction\":[{\"@type\":\"SearchAction\",\"target\":{\"@type\":\"EntryPoint\",\"urlTemplate\":\"https:\/\/moroccounlimitedreams.com\/es\/?s={search_term_string}\"},\"query-input\":{\"@type\":\"PropertyValueSpecification\",\"valueRequired\":true,\"valueName\":\"search_term_string\"}}],\"inLanguage\":\"es\"},{\"@type\":\"Organization\",\"@id\":\"https:\/\/moroccounlimitedreams.com\/es\/#organization\",\"name\":\"Morocco Unlimited Dreams\",\"url\":\"https:\/\/moroccounlimitedreams.com\/es\/\",\"logo\":{\"@type\":\"ImageObject\",\"inLanguage\":\"es\",\"@id\":\"https:\/\/moroccounlimitedreams.com\/es\/#\/schema\/logo\/image\/\",\"url\":\"https:\/\/moroccounlimitedreams.com\/es\/wp-content\/uploads\/2023\/12\/mrd.png\",\"contentUrl\":\"https:\/\/moroccounlimitedreams.com\/es\/wp-content\/uploads\/2023\/12\/mrd.png\",\"width\":242,\"height\":90,\"caption\":\"Morocco Unlimited Dreams\"},\"image\":{\"@id\":\"https:\/\/moroccounlimitedreams.com\/es\/#\/schema\/logo\/image\/\"}}]}<\/script>\n<!-- \/ Yoast SEO Premium plugin. -->","yoast_head_json":{"title":"15 d\u00edas lo mejor de Marruecos desde Casablanca","description":"\u00a1Descubre lo mejor de Marruecos con nuestro tour de 115 d\u00edas lo mejor de Marruecos Visita las impresionantes Ciudades Imperiales","robots":{"index":"index","follow":"follow","max-snippet":"max-snippet:-1","max-image-preview":"max-image-preview:large","max-video-preview":"max-video-preview:-1"},"canonical":"https:\/\/moroccounlimitedreams.com\/es\/15-dias-lo-mejor-de-marruecos-desde-casablanca\/","og_locale":"es_ES","og_type":"article","og_title":"15 d\u00edas lo mejor de Marruecos desde Casablanca","og_description":"\u00a1Descubre lo mejor de Marruecos con nuestro tour de 115 d\u00edas lo mejor de Marruecos Visita las impresionantes Ciudades Imperiales","og_url":"https:\/\/moroccounlimitedreams.com\/es\/15-dias-lo-mejor-de-marruecos-desde-casablanca\/","og_site_name":"Morocco Unlimited Dreams","article_modified_time":"2023-03-23T22:00:55+00:00","og_image":[{"width":1089,"height":1362,"url":"https:\/\/moroccounlimitedreams.com\/es\/wp-content\/uploads\/2023\/02\/casablanca.jpg","type":"image\/jpeg"}],"twitter_card":"summary_large_image","twitter_misc":{"Tiempo de lectura":"9 minutos"},"schema":{"@context":"https:\/\/schema.org","@graph":[{"@type":"WebPage","@id":"https:\/\/moroccounlimitedreams.com\/es\/15-dias-lo-mejor-de-marruecos-desde-casablanca\/","url":"https:\/\/moroccounlimitedreams.com\/es\/15-dias-lo-mejor-de-marruecos-desde-casablanca\/","name":"15 d\u00edas lo mejor de Marruecos desde Casablanca","isPartOf":{"@id":"https:\/\/moroccounlimitedreams.com\/es\/#website"},"primaryImageOfPage":{"@id":"https:\/\/moroccounlimitedreams.com\/es\/15-dias-lo-mejor-de-marruecos-desde-casablanca\/#primaryimage"},"image":{"@id":"https:\/\/moroccounlimitedreams.com\/es\/15-dias-lo-mejor-de-marruecos-desde-casablanca\/#primaryimage"},"thumbnailUrl":"https:\/\/moroccounlimitedreams.com\/es\/wp-content\/uploads\/2023\/02\/casablanca.jpg","datePublished":"2023-02-19T16:50:50+00:00","dateModified":"2023-03-23T22:00:55+00:00","description":"\u00a1Descubre lo mejor de Marruecos con nuestro tour de 115 d\u00edas lo mejor de Marruecos Visita las impresionantes Ciudades Imperiales","breadcrumb":{"@id":"https:\/\/moroccounlimitedreams.com\/es\/15-dias-lo-mejor-de-marruecos-desde-casablanca\/#breadcrumb"},"inLanguage":"es","potentialAction":[{"@type":"ReadAction","target":["https:\/\/moroccounlimitedreams.com\/es\/15-dias-lo-mejor-de-marruecos-desde-casablanca\/"]}]},{"@type":"ImageObject","inLanguage":"es","@id":"https:\/\/moroccounlimitedreams.com\/es\/15-dias-lo-mejor-de-marruecos-desde-casablanca\/#primaryimage","url":"https:\/\/moroccounlimitedreams.com\/es\/wp-content\/uploads\/2023\/02\/casablanca.jpg","contentUrl":"https:\/\/moroccounlimitedreams.com\/es\/wp-content\/uploads\/2023\/02\/casablanca.jpg","width":1089,"height":1362,"caption":"15 d\u00edas lo mejor de Marruecos desde Casablanca"},{"@type":"BreadcrumbList","@id":"https:\/\/moroccounlimitedreams.com\/es\/15-dias-lo-mejor-de-marruecos-desde-casablanca\/#breadcrumb","itemListElement":[{"@type":"ListItem","position":1,"name":"Home","item":"https:\/\/moroccounlimitedreams.com\/es\/"},{"@type":"ListItem","position":2,"name":"15 d\u00edas lo mejor de Marruecos desde Casablanca"}]},{"@type":"WebSite","@id":"https:\/\/moroccounlimitedreams.com\/es\/#website","url":"https:\/\/moroccounlimitedreams.com\/es\/","name":"Morocco Unlimited Dreams","description":"Morocco Desert Tours - Tours &amp; Excursions in Morocco","publisher":{"@id":"https:\/\/moroccounlimitedreams.com\/es\/#organization"},"potentialAction":[{"@type":"SearchAction","target":{"@type":"EntryPoint","urlTemplate":"https:\/\/moroccounlimitedreams.com\/es\/?s={search_term_string}"},"query-input":{"@type":"PropertyValueSpecification","valueRequired":true,"valueName":"search_term_string"}}],"inLanguage":"es"},{"@type":"Organization","@id":"https:\/\/moroccounlimitedreams.com\/es\/#organization","name":"Morocco Unlimited Dreams","url":"https:\/\/moroccounlimitedreams.com\/es\/","logo":{"@type":"ImageObject","inLanguage":"es","@id":"https:\/\/moroccounlimitedreams.com\/es\/#\/schema\/logo\/image\/","url":"https:\/\/moroccounlimitedreams.com\/es\/wp-content\/uploads\/2023\/12\/mrd.png","contentUrl":"https:\/\/moroccounlimitedreams.com\/es\/wp-content\/uploads\/2023\/12\/mrd.png","width":242,"height":90,"caption":"Morocco Unlimited Dreams"},"image":{"@id":"https:\/\/moroccounlimitedreams.com\/es\/#\/schema\/logo\/image\/"}}]}},"_links":{"self":[{"href":"https:\/\/moroccounlimitedreams.com\/es\/wp-json\/wp\/v2\/pages\/2853","targetHints":{"allow":["GET"]}}],"collection":[{"href":"https:\/\/moroccounlimitedreams.com\/es\/wp-json\/wp\/v2\/pages"}],"about":[{"href":"https:\/\/moroccounlimitedreams.com\/es\/wp-json\/wp\/v2\/types\/page"}],"author":[{"embeddable":true,"href":"https:\/\/moroccounlimitedreams.com\/es\/wp-json\/wp\/v2\/users\/1"}],"replies":[{"embeddable":true,"href":"https:\/\/moroccounlimitedreams.com\/es\/wp-json\/wp\/v2\/comments?post=2853"}],"version-history":[{"count":7,"href":"https:\/\/moroccounlimitedreams.com\/es\/wp-json\/wp\/v2\/pages\/2853\/revisions"}],"predecessor-version":[{"id":3237,"href":"https:\/\/moroccounlimitedreams.com\/es\/wp-json\/wp\/v2\/pages\/2853\/revisions\/3237"}],"wp:featuredmedia":[{"embeddable":true,"href":"https:\/\/moroccounlimitedreams.com\/es\/wp-json\/wp\/v2\/media\/3038"}],"wp:attachment":[{"href":"https:\/\/moroccounlimitedreams.com\/es\/wp-json\/wp\/v2\/media?parent=2853"}],"curies":[{"name":"wp","href":"https:\/\/api.w.org\/{rel}","templated":true}]}}