{"id":2798,"date":"2023-02-18T18:51:57","date_gmt":"2023-02-18T18:51:57","guid":{"rendered":"https:\/\/moroccounlimitedreams.com\/?page_id=2798"},"modified":"2023-03-24T16:25:21","modified_gmt":"2023-03-24T16:25:21","slug":"paseo-en-camellos","status":"publish","type":"page","link":"https:\/\/moroccounlimitedreams.com\/es\/paseo-en-camellos\/","title":{"rendered":"Paseo en Camellos"},"content":{"rendered":"<p>\u00bfEst\u00e1s buscando una experiencia \u00fanica en la vida? \u00bfQuieres explorar uno de los desiertos m\u00e1s fascinantes del mundo? Si es as\u00ed, entonces una excursi\u00f3n en camello en Marruecos es justo lo que necesitas. Te presentaremos la excursi\u00f3n de un d\u00eda a camello en Marruecos, una experiencia que no debes perderte. Te llevaremos a trav\u00e9s del vasto desierto del S\u00e1hara, donde podr\u00e1s montar un camello gigante y disfrutar del paisaje mientras escuchas las pisadas suaves en la arena. Descubre c\u00f3mo Merzouga Desert Camps puede personalizar una excursi\u00f3n para satisfacer tus necesidades espec\u00edficas y hacer que la aventura sea verdaderamente inolvidable.<\/p>\n<h4>EXCURSI\u00d3N DE UN D\u00cdA A CAMELLO EN MARRUECOS &#8211; UNA EXPERIENCIA QUE NO DEBE PERDERSE<\/h4>\n<p>Un viaje al desierto del S\u00e1hara es sin duda una experiencia que todo el mundo debe vivir al menos una vez en la vida. Es un viaje que merece la pena y del que guardar\u00e1 gratos recuerdos para el resto de su vida. Imag\u00ednese a lomos de un camello gigante, caminando por el inmenso desierto del <a href=\"https:\/\/moroccounlimitedreams.com\/es\/4-dias-desde-fez-a-nomadas-y-sahara-marrakech\/\">S\u00e1hara<\/a>. No hay nada a tu alrededor y s\u00f3lo oyes las pisadas de los camellos sobre la suave arena. El cielo est\u00e1 limpio todo el d\u00eda y lleno de millones de estrellas por la noche. Sin embargo, pasear en camello por Marruecos es una experiencia relajante que no hay que perderse.<\/p>\n<p>En Merzouga Desert Camps, podemos crear excursiones a camello personalizadas en Marruecos que se adapten a su presupuesto, necesidades e intereses. No importa si es usted una sola persona o 20 que desean explorar el desierto marroqu\u00ed y conocer gente nueva, o un peque\u00f1o grupo de amigos o familiares, nos aseguramos de que disfrute de la mejor experiencia de senderismo en camello en Marruecos con la ayuda de gu\u00edas profesionales que hablan su idioma.<\/p>\n<p>\u00danase ahora a nosotros para explorar la magia de Marruecos, el hermoso desierto del S\u00e1hara con sus dunas de arena y millones de estrellas brillantes, las centenarias Kasbahs reales, los oasis cubiertos de verdes palmeras y los numerosos pueblos bereberes. Descubra la magnificencia \u00e1rabe de F\u00e8z, la hist\u00f3rica medina de Marrakech y las reliquias romanas de Volubilis. Nuestro objetivo final es ayudarle a explorar el lado genuino de Marruecos desde la joroba de un camello.<\/p>\n<h4>EXCURSI\u00d3N DE 2 D\u00cdAS EN CAMELLO CON NOCHE EN TIENDA N\u00d3MADA<\/h4>\n<p>Para disfrutar plenamente del paisaje des\u00e9rtico, le recomendamos que dedique 2 d\u00edas a hacer una excursi\u00f3n en camello o a caminar por las dunas del desierto. En este trekking por el desierto tendr\u00e1 la oportunidad de conocer a los n\u00f3madas que viven en esta dura regi\u00f3n. Caminaremos desde Erg Chebbi hasta las dunas de Erg Zniqu, donde pasaremos la noche en un campamento n\u00f3mada. Al d\u00eda siguiente tomamos otra ruta de regreso. Todas las comidas y bebidas incluidas<\/p>\n<h4>3 D\u00cdAS DE CAMINATA POR EL DESIERTO: M\u00c1S CAMELLOS<\/h4>\n<p>La aventura definitiva en el desierto. Le recogeremos en nuestro campamento o en cualquier punto de Merzouga y nos pondremos en marcha para explorar a pie esta impresionante regi\u00f3n. Atravesaremos las dunas des\u00e9rticas de Erg Chebbi a Erg Zniqui y muchas zonas de los alrededores. En este trekking de 3 d\u00edas tendr\u00e1 la oportunidad de conocer a los n\u00f3madas que viven en la zona.<\/p>\n<p><strong>Lo m\u00e1s destacado del viaje:<\/strong><\/p>\n<p>Contemplar el hermoso amanecer del desierto sahariano desde un campamento de tiendas de campa\u00f1a.<br \/>\nRealice una excursi\u00f3n a los pueblos de monta\u00f1a m\u00e1s antiguos y conozca las costumbres bereberes mientras degusta t\u00e9 a la menta.<br \/>\nDescubrir las reliquias romanas de Volubils<br \/>\nDescubra la bella arquitectura y las fascinantes medinas de las ciudades regias de Marruecos.<\/p>\n<p>Podemos organizar excursiones a camello en Marruecos durante todo el a\u00f1o y se pueden personalizar seg\u00fan sus necesidades espec\u00edficas y su presupuesto.<\/p>\n\n<div class=\"wpcf7 no-js\" id=\"wpcf7-f2957-o1\" lang=\"en-US\" dir=\"ltr\" data-wpcf7-id=\"2957\">\n<div class=\"screen-reader-response\"><p role=\"status\" aria-live=\"polite\" aria-atomic=\"true\"><\/p> <ul><\/ul><\/div>\n<form action=\"\/es\/wp-json\/wp\/v2\/pages\/2798#wpcf7-f2957-o1\" method=\"post\" class=\"wpcf7-form init\" aria-label=\"Contact form\" novalidate=\"novalidate\" data-status=\"init\">\n<div style=\"display: none;\">\n<input type=\"hidden\" name=\"_wpcf7\" value=\"2957\" \/>\n<input type=\"hidden\" name=\"_wpcf7_version\" value=\"6.0\" \/>\n<input type=\"hidden\" name=\"_wpcf7_locale\" value=\"en_US\" \/>\n<input type=\"hidden\" name=\"_wpcf7_unit_tag\" value=\"wpcf7-f2957-o1\" \/>\n<input type=\"hidden\" name=\"_wpcf7_container_post\" value=\"0\" \/>\n<input type=\"hidden\" name=\"_wpcf7_posted_data_hash\" value=\"\" \/>\n<\/div>\n<p><label> Your name<br \/>\n<span class=\"wpcf7-form-control-wrap\" data-name=\"your-name\"><input size=\"40\" maxlength=\"400\" class=\"wpcf7-form-control wpcf7-text wpcf7-validates-as-required\" autocomplete=\"name\" aria-required=\"true\" aria-invalid=\"false\" value=\"\" type=\"text\" name=\"your-name\" \/><\/span> <\/label>\n<\/p>\n<p><label> Your email<br \/>\n<span class=\"wpcf7-form-control-wrap\" data-name=\"your-email\"><input size=\"40\" maxlength=\"400\" class=\"wpcf7-form-control wpcf7-email wpcf7-validates-as-required wpcf7-text wpcf7-validates-as-email\" autocomplete=\"email\" aria-required=\"true\" aria-invalid=\"false\" value=\"\" type=\"email\" name=\"your-email\" \/><\/span> <\/label>\n<\/p>\n<p><label> Subject<br \/>\n<span class=\"wpcf7-form-control-wrap\" data-name=\"your-subject\"><input size=\"40\" maxlength=\"400\" class=\"wpcf7-form-control wpcf7-text wpcf7-validates-as-required\" aria-required=\"true\" aria-invalid=\"false\" value=\"\" type=\"text\" name=\"your-subject\" \/><\/span> <\/label>\n<\/p>\n<p><label> Your message (optional)<br \/>\n<span class=\"wpcf7-form-control-wrap\" data-name=\"your-message\"><textarea cols=\"40\" rows=\"10\" maxlength=\"2000\" class=\"wpcf7-form-control wpcf7-textarea\" aria-invalid=\"false\" name=\"your-message\"><\/textarea><\/span> <\/label>\n<\/p>\n<p><input class=\"wpcf7-form-control wpcf7-submit has-spinner\" type=\"submit\" value=\"Send\" \/>\n<\/p><div class=\"wpcf7-response-output\" aria-hidden=\"true\"><\/div>\n<\/form>\n<\/div>\n\n","protected":false},"excerpt":{"rendered":"<p>\u00bfEst\u00e1s buscando una experiencia \u00fanica en la vida? \u00bfQuieres explorar uno de los desiertos m\u00e1s fascinantes del mundo? Si es as\u00ed, entonces una excursi\u00f3n en camello en Marruecos es justo lo que necesitas. Te presentaremos la excursi\u00f3n de un d\u00eda a camello en Marruecos, una experiencia que no debes perderte. Te llevaremos a trav\u00e9s del&#8230;<\/p>\n","protected":false},"author":1,"featured_media":3040,"parent":0,"menu_order":0,"comment_status":"closed","ping_status":"closed","template":"","meta":{"_kadence_starter_templates_imported_post":false,"_kad_post_transparent":"default","_kad_post_title":"default","_kad_post_layout":"default","_kad_post_sidebar_id":"","_kad_post_content_style":"default","_kad_post_vertical_padding":"default","_kad_post_feature":"","_kad_post_feature_position":"","_kad_post_header":false,"_kad_post_footer":false,"footnotes":""},"class_list":["post-2798","page","type-page","status-publish","has-post-thumbnail","hentry"],"yoast_head":"<!-- This site is optimized with the Yoast SEO Premium plugin v19.0 (Yoast SEO v23.9) - https:\/\/yoast.com\/wordpress\/plugins\/seo\/ -->\n<title>Paseo en Camellos<\/title>\n<meta name=\"description\" content=\"Paseo en Camellos personalizadas en Marruecos, desde 1 d\u00eda hasta 3 d\u00edas, con la posibilidad de pasar la noche en un campamento n\u00f3mada.\" \/>\n<meta name=\"robots\" content=\"index, follow, max-snippet:-1, max-image-preview:large, max-video-preview:-1\" \/>\n<link rel=\"canonical\" href=\"https:\/\/moroccounlimitedreams.com\/es\/paseo-en-camellos\/\" \/>\n<meta property=\"og:locale\" content=\"es_ES\" \/>\n<meta property=\"og:type\" content=\"article\" \/>\n<meta property=\"og:title\" content=\"Paseo en Camellos\" \/>\n<meta property=\"og:description\" content=\"Paseo en Camellos personalizadas en Marruecos, desde 1 d\u00eda hasta 3 d\u00edas, con la posibilidad de pasar la noche en un campamento n\u00f3mada.\" \/>\n<meta property=\"og:url\" content=\"https:\/\/moroccounlimitedreams.com\/es\/paseo-en-camellos\/\" \/>\n<meta property=\"og:site_name\" content=\"Morocco Unlimited Dreams\" \/>\n<meta property=\"article:modified_time\" content=\"2023-03-24T16:25:21+00:00\" \/>\n<meta property=\"og:image\" content=\"https:\/\/moroccounlimitedreams.com\/es\/wp-content\/uploads\/2023\/02\/camel-trekking.jpeg\" \/>\n\t<meta property=\"og:image:width\" content=\"1600\" \/>\n\t<meta property=\"og:image:height\" content=\"1068\" \/>\n\t<meta property=\"og:image:type\" content=\"image\/jpeg\" \/>\n<meta name=\"twitter:card\" content=\"summary_large_image\" \/>\n<meta name=\"twitter:label1\" content=\"Tiempo de lectura\" \/>\n\t<meta name=\"twitter:data1\" content=\"3 minutos\" \/>\n<script type=\"application\/ld+json\" class=\"yoast-schema-graph\">{\"@context\":\"https:\/\/schema.org\",\"@graph\":[{\"@type\":\"WebPage\",\"@id\":\"https:\/\/moroccounlimitedreams.com\/es\/paseo-en-camellos\/\",\"url\":\"https:\/\/moroccounlimitedreams.com\/es\/paseo-en-camellos\/\",\"name\":\"Paseo en Camellos\",\"isPartOf\":{\"@id\":\"https:\/\/moroccounlimitedreams.com\/es\/#website\"},\"primaryImageOfPage\":{\"@id\":\"https:\/\/moroccounlimitedreams.com\/es\/paseo-en-camellos\/#primaryimage\"},\"image\":{\"@id\":\"https:\/\/moroccounlimitedreams.com\/es\/paseo-en-camellos\/#primaryimage\"},\"thumbnailUrl\":\"https:\/\/moroccounlimitedreams.com\/es\/wp-content\/uploads\/2023\/02\/camel-trekking.jpeg\",\"datePublished\":\"2023-02-18T18:51:57+00:00\",\"dateModified\":\"2023-03-24T16:25:21+00:00\",\"description\":\"Paseo en Camellos personalizadas en Marruecos, desde 1 d\u00eda hasta 3 d\u00edas, con la posibilidad de pasar la noche en un campamento n\u00f3mada.\",\"breadcrumb\":{\"@id\":\"https:\/\/moroccounlimitedreams.com\/es\/paseo-en-camellos\/#breadcrumb\"},\"inLanguage\":\"es\",\"potentialAction\":[{\"@type\":\"ReadAction\",\"target\":[\"https:\/\/moroccounlimitedreams.com\/es\/paseo-en-camellos\/\"]}]},{\"@type\":\"ImageObject\",\"inLanguage\":\"es\",\"@id\":\"https:\/\/moroccounlimitedreams.com\/es\/paseo-en-camellos\/#primaryimage\",\"url\":\"https:\/\/moroccounlimitedreams.com\/es\/wp-content\/uploads\/2023\/02\/camel-trekking.jpeg\",\"contentUrl\":\"https:\/\/moroccounlimitedreams.com\/es\/wp-content\/uploads\/2023\/02\/camel-trekking.jpeg\",\"width\":1600,\"height\":1068,\"caption\":\"Paseo en Camellos\"},{\"@type\":\"BreadcrumbList\",\"@id\":\"https:\/\/moroccounlimitedreams.com\/es\/paseo-en-camellos\/#breadcrumb\",\"itemListElement\":[{\"@type\":\"ListItem\",\"position\":1,\"name\":\"Home\",\"item\":\"https:\/\/moroccounlimitedreams.com\/es\/\"},{\"@type\":\"ListItem\",\"position\":2,\"name\":\"Paseo en Camellos\"}]},{\"@type\":\"WebSite\",\"@id\":\"https:\/\/moroccounlimitedreams.com\/es\/#website\",\"url\":\"https:\/\/moroccounlimitedreams.com\/es\/\",\"name\":\"Morocco Unlimited Dreams\",\"description\":\"Morocco Desert Tours - Tours &amp; Excursions in Morocco\",\"publisher\":{\"@id\":\"https:\/\/moroccounlimitedreams.com\/es\/#organization\"},\"potentialAction\":[{\"@type\":\"SearchAction\",\"target\":{\"@type\":\"EntryPoint\",\"urlTemplate\":\"https:\/\/moroccounlimitedreams.com\/es\/?s={search_term_string}\"},\"query-input\":{\"@type\":\"PropertyValueSpecification\",\"valueRequired\":true,\"valueName\":\"search_term_string\"}}],\"inLanguage\":\"es\"},{\"@type\":\"Organization\",\"@id\":\"https:\/\/moroccounlimitedreams.com\/es\/#organization\",\"name\":\"Morocco Unlimited Dreams\",\"url\":\"https:\/\/moroccounlimitedreams.com\/es\/\",\"logo\":{\"@type\":\"ImageObject\",\"inLanguage\":\"es\",\"@id\":\"https:\/\/moroccounlimitedreams.com\/es\/#\/schema\/logo\/image\/\",\"url\":\"https:\/\/moroccounlimitedreams.com\/es\/wp-content\/uploads\/2023\/12\/mrd.png\",\"contentUrl\":\"https:\/\/moroccounlimitedreams.com\/es\/wp-content\/uploads\/2023\/12\/mrd.png\",\"width\":242,\"height\":90,\"caption\":\"Morocco Unlimited Dreams\"},\"image\":{\"@id\":\"https:\/\/moroccounlimitedreams.com\/es\/#\/schema\/logo\/image\/\"}}]}<\/script>\n<!-- \/ Yoast SEO Premium plugin. -->","yoast_head_json":{"title":"Paseo en Camellos","description":"Paseo en Camellos personalizadas en Marruecos, desde 1 d\u00eda hasta 3 d\u00edas, con la posibilidad de pasar la noche en un campamento n\u00f3mada.","robots":{"index":"index","follow":"follow","max-snippet":"max-snippet:-1","max-image-preview":"max-image-preview:large","max-video-preview":"max-video-preview:-1"},"canonical":"https:\/\/moroccounlimitedreams.com\/es\/paseo-en-camellos\/","og_locale":"es_ES","og_type":"article","og_title":"Paseo en Camellos","og_description":"Paseo en Camellos personalizadas en Marruecos, desde 1 d\u00eda hasta 3 d\u00edas, con la posibilidad de pasar la noche en un campamento n\u00f3mada.","og_url":"https:\/\/moroccounlimitedreams.com\/es\/paseo-en-camellos\/","og_site_name":"Morocco Unlimited Dreams","article_modified_time":"2023-03-24T16:25:21+00:00","og_image":[{"width":1600,"height":1068,"url":"https:\/\/moroccounlimitedreams.com\/es\/wp-content\/uploads\/2023\/02\/camel-trekking.jpeg","type":"image\/jpeg"}],"twitter_card":"summary_large_image","twitter_misc":{"Tiempo de lectura":"3 minutos"},"schema":{"@context":"https:\/\/schema.org","@graph":[{"@type":"WebPage","@id":"https:\/\/moroccounlimitedreams.com\/es\/paseo-en-camellos\/","url":"https:\/\/moroccounlimitedreams.com\/es\/paseo-en-camellos\/","name":"Paseo en Camellos","isPartOf":{"@id":"https:\/\/moroccounlimitedreams.com\/es\/#website"},"primaryImageOfPage":{"@id":"https:\/\/moroccounlimitedreams.com\/es\/paseo-en-camellos\/#primaryimage"},"image":{"@id":"https:\/\/moroccounlimitedreams.com\/es\/paseo-en-camellos\/#primaryimage"},"thumbnailUrl":"https:\/\/moroccounlimitedreams.com\/es\/wp-content\/uploads\/2023\/02\/camel-trekking.jpeg","datePublished":"2023-02-18T18:51:57+00:00","dateModified":"2023-03-24T16:25:21+00:00","description":"Paseo en Camellos personalizadas en Marruecos, desde 1 d\u00eda hasta 3 d\u00edas, con la posibilidad de pasar la noche en un campamento n\u00f3mada.","breadcrumb":{"@id":"https:\/\/moroccounlimitedreams.com\/es\/paseo-en-camellos\/#breadcrumb"},"inLanguage":"es","potentialAction":[{"@type":"ReadAction","target":["https:\/\/moroccounlimitedreams.com\/es\/paseo-en-camellos\/"]}]},{"@type":"ImageObject","inLanguage":"es","@id":"https:\/\/moroccounlimitedreams.com\/es\/paseo-en-camellos\/#primaryimage","url":"https:\/\/moroccounlimitedreams.com\/es\/wp-content\/uploads\/2023\/02\/camel-trekking.jpeg","contentUrl":"https:\/\/moroccounlimitedreams.com\/es\/wp-content\/uploads\/2023\/02\/camel-trekking.jpeg","width":1600,"height":1068,"caption":"Paseo en Camellos"},{"@type":"BreadcrumbList","@id":"https:\/\/moroccounlimitedreams.com\/es\/paseo-en-camellos\/#breadcrumb","itemListElement":[{"@type":"ListItem","position":1,"name":"Home","item":"https:\/\/moroccounlimitedreams.com\/es\/"},{"@type":"ListItem","position":2,"name":"Paseo en Camellos"}]},{"@type":"WebSite","@id":"https:\/\/moroccounlimitedreams.com\/es\/#website","url":"https:\/\/moroccounlimitedreams.com\/es\/","name":"Morocco Unlimited Dreams","description":"Morocco Desert Tours - Tours &amp; Excursions in Morocco","publisher":{"@id":"https:\/\/moroccounlimitedreams.com\/es\/#organization"},"potentialAction":[{"@type":"SearchAction","target":{"@type":"EntryPoint","urlTemplate":"https:\/\/moroccounlimitedreams.com\/es\/?s={search_term_string}"},"query-input":{"@type":"PropertyValueSpecification","valueRequired":true,"valueName":"search_term_string"}}],"inLanguage":"es"},{"@type":"Organization","@id":"https:\/\/moroccounlimitedreams.com\/es\/#organization","name":"Morocco Unlimited Dreams","url":"https:\/\/moroccounlimitedreams.com\/es\/","logo":{"@type":"ImageObject","inLanguage":"es","@id":"https:\/\/moroccounlimitedreams.com\/es\/#\/schema\/logo\/image\/","url":"https:\/\/moroccounlimitedreams.com\/es\/wp-content\/uploads\/2023\/12\/mrd.png","contentUrl":"https:\/\/moroccounlimitedreams.com\/es\/wp-content\/uploads\/2023\/12\/mrd.png","width":242,"height":90,"caption":"Morocco Unlimited Dreams"},"image":{"@id":"https:\/\/moroccounlimitedreams.com\/es\/#\/schema\/logo\/image\/"}}]}},"_links":{"self":[{"href":"https:\/\/moroccounlimitedreams.com\/es\/wp-json\/wp\/v2\/pages\/2798","targetHints":{"allow":["GET"]}}],"collection":[{"href":"https:\/\/moroccounlimitedreams.com\/es\/wp-json\/wp\/v2\/pages"}],"about":[{"href":"https:\/\/moroccounlimitedreams.com\/es\/wp-json\/wp\/v2\/types\/page"}],"author":[{"embeddable":true,"href":"https:\/\/moroccounlimitedreams.com\/es\/wp-json\/wp\/v2\/users\/1"}],"replies":[{"embeddable":true,"href":"https:\/\/moroccounlimitedreams.com\/es\/wp-json\/wp\/v2\/comments?post=2798"}],"version-history":[{"count":9,"href":"https:\/\/moroccounlimitedreams.com\/es\/wp-json\/wp\/v2\/pages\/2798\/revisions"}],"predecessor-version":[{"id":3279,"href":"https:\/\/moroccounlimitedreams.com\/es\/wp-json\/wp\/v2\/pages\/2798\/revisions\/3279"}],"wp:featuredmedia":[{"embeddable":true,"href":"https:\/\/moroccounlimitedreams.com\/es\/wp-json\/wp\/v2\/media\/3040"}],"wp:attachment":[{"href":"https:\/\/moroccounlimitedreams.com\/es\/wp-json\/wp\/v2\/media?parent=2798"}],"curies":[{"name":"wp","href":"https:\/\/api.w.org\/{rel}","templated":true}]}}