{"id":2766,"date":"2023-02-18T18:25:55","date_gmt":"2023-02-18T18:25:55","guid":{"rendered":"https:\/\/moroccounlimitedreams.com\/?page_id=2766"},"modified":"2023-03-23T23:07:35","modified_gmt":"2023-03-23T23:07:35","slug":"4-dias-desde-tanger-a-marrakech-marruecos-desierto","status":"publish","type":"page","link":"https:\/\/moroccounlimitedreams.com\/es\/4-dias-desde-tanger-a-marrakech-marruecos-desierto\/","title":{"rendered":"4 D\u00edas desde T\u00e1nger a Marrakech Marruecos Desierto"},"content":{"rendered":"<p>\u00bfEst\u00e1s listo para una aventura en Marruecos? Este recorrido de 4 d\u00edas te llevar\u00e1 a trav\u00e9s de las monta\u00f1as del Rif, las dunas de arena de Merzouga, el valle del Dades y la vibrante ciudad de Marrakech. \u00a1Prep\u00e1rate para una experiencia inolvidable!<\/p>\n<h4>1 D\u00eda: Fes- Chefchaouen- T\u00e1nger,<\/h4>\n<p>Comenzaremos nuestro recorrido en el puerto donde nos encontraremos contigo. Desde all\u00ed, nos dirigiremos a trav\u00e9s de las monta\u00f1as del Rif y la ciudad de Tetoun para disfrutar de los hermosos paisajes de las monta\u00f1as hasta llegar a Chefchaouen. Esta ciudad es una de las m\u00e1s espectaculares en las bases de las monta\u00f1as del Rif y tiene una arquitectura de estilo espa\u00f1ol.<\/p>\n<p>Una vez en Chefchaouen, exploraremos su medina, que contiene rincones especiales para la fabricaci\u00f3n de objetos tradicionales de arte y galer\u00edas para la presentaci\u00f3n de productos de artesan\u00eda creativa. Despu\u00e9s de disfrutar de un almuerzo en un restaurante muy frecuentado por turistas, pasaremos la noche en un hotel. Pero ten en cuenta que al d\u00eda siguiente deber\u00e1s levantarte temprano para dirigirte a Fes.<\/p>\n<h4>2-D\u00edas: Merzouga- Rissani &#8211; Erfoud- Gargantas del Ziz &#8211; Midelt- Ifrane-Fez<\/h4>\n<p>Este d\u00eda, partiremos desde tu hotel en Fes y nos dirigiremos hacia el sur a trav\u00e9s de Ifrane y Azrou por las monta\u00f1as del Atlas Medio. Durante el camino, haremos una parada en el bosque de cedros para ver el mono salvaje en su entorno natural. Viajando a trav\u00e9s del Tizi Ntalghamt y Midelt, podr\u00e1s ver las maravillosas gargantas del Ziz grabadas en roca volc\u00e1nica. Tambi\u00e9n podr\u00e1s observar los paisajes de los picos del Medio Atlas y c\u00f3mo la perspectiva de los paisajes naturales cambia cada vez que nos acercamos al desierto de Errachidia.<\/p>\n<p>Continuaremos nuestro viaje a trav\u00e9s del valle del Ziz, Erfoud, Rissani y Merzouga, donde disfrutaremos de una copa de t\u00e9 de menta despu\u00e9s del almuerzo. Luego, experimentaremos un emocionante paseo en camello para llegar a un sitio bereber en el centro de las dunas de arena de Erg Chebbi, considerado como el mejor en el norte de \u00c1frica en t\u00e9rminos de pureza y limpieza. Construiremos tres refugios bereberes equipados con todas las comodidades esenciales como camas, mantas y almohadas. Despu\u00e9s de cenar, nos reuniremos alrededor de la llama y disfrutaremos tocando tambores bajo las estrellas con los residentes del lugar.<\/p>\n<p><span style=\"font-family: Montserrat, var(--global-fallback-font); font-size: 22px; font-weight: bold;\">3-D\u00eda: Valle del Dades- Garganta de Todra-Merzouga.<\/span><\/p>\n<p>Nos levantaremos temprano para disfrutar de un maravilloso amanecer en las dunas y luego volveremos en dromedario al hotel. Despu\u00e9s de tomar una ducha caliente y desayunar, partiremos hacia Tinghir y las gargantas del Todra para llegar finalmente al Valle del Dades, donde cenaremos y pasaremos la noche.<\/p>\n<h4>4-D\u00eda es un viaje a <a href=\"https:\/\/moroccounlimitedreams.com\/es\/excursion-de-5-dias-a-la-costa-atlantica-desde-marrakech\/\">Marrakech<\/a> &#8211; Alto Atlas &#8211; Kasbah de Ait Ben Haddou- Ouarzazate- Skoura-Valle del Dades .<\/h4>\n<p>Despu\u00e9s de deleitarnos con un delicioso almuerzo en el hotel, partiremos en un emocionante viaje al Valle del Dades a trav\u00e9s de Kalaa M&#8217;gouna y Ouarzazate. El camino hacia el Valle del Dades es conocido como el \u00abcamino de las mil Kasbahs\u00bb, ya que ofrece numerosas oportunidades para capturar algunas de las fotos m\u00e1s impresionantes del viaje. Durante la traves\u00eda, tendremos la oportunidad de explorar el valle de las Rosas y el pueblo de Skoura, antes de dirigirnos hacia Ouarzazate, conocido como el Hollywood de \u00c1frica.<\/p>\n<p>Nuestro siguiente destino ser\u00e1 la famosa Kasbah de Ait Ben Haddou, la kasbah m\u00e1s grande de Marruecos y declarada Patrimonio de la Humanidad por la UNESCO. All\u00ed disfrutaremos de un delicioso almuerzo mientras admiramos la belleza del lugar. Continuando nuestro viaje, atravesaremos el magn\u00edfico paso de Tizi nTichka, que se eleva a una altitud de 2260 metros sobre las monta\u00f1as del Alto Atlas.<\/p>\n<p>Al final de la tarde, llegaremos a Marrakech, donde haremos una breve pausa para disfrutar de los emocionantes paisajes y prepararnos para visitar la cooperativa de producci\u00f3n de aceite de arg\u00e1n.<\/p>\n\n<div class=\"wpcf7 no-js\" id=\"wpcf7-f2957-o1\" lang=\"en-US\" dir=\"ltr\" data-wpcf7-id=\"2957\">\n<div class=\"screen-reader-response\"><p role=\"status\" aria-live=\"polite\" aria-atomic=\"true\"><\/p> <ul><\/ul><\/div>\n<form action=\"\/es\/wp-json\/wp\/v2\/pages\/2766#wpcf7-f2957-o1\" method=\"post\" class=\"wpcf7-form init\" aria-label=\"Contact form\" novalidate=\"novalidate\" data-status=\"init\">\n<div style=\"display: none;\">\n<input type=\"hidden\" name=\"_wpcf7\" value=\"2957\" \/>\n<input type=\"hidden\" name=\"_wpcf7_version\" value=\"6.0\" \/>\n<input type=\"hidden\" name=\"_wpcf7_locale\" value=\"en_US\" \/>\n<input type=\"hidden\" name=\"_wpcf7_unit_tag\" value=\"wpcf7-f2957-o1\" \/>\n<input type=\"hidden\" name=\"_wpcf7_container_post\" value=\"0\" \/>\n<input type=\"hidden\" name=\"_wpcf7_posted_data_hash\" value=\"\" \/>\n<\/div>\n<p><label> Your name<br \/>\n<span class=\"wpcf7-form-control-wrap\" data-name=\"your-name\"><input size=\"40\" maxlength=\"400\" class=\"wpcf7-form-control wpcf7-text wpcf7-validates-as-required\" autocomplete=\"name\" aria-required=\"true\" aria-invalid=\"false\" value=\"\" type=\"text\" name=\"your-name\" \/><\/span> <\/label>\n<\/p>\n<p><label> Your email<br \/>\n<span class=\"wpcf7-form-control-wrap\" data-name=\"your-email\"><input size=\"40\" maxlength=\"400\" class=\"wpcf7-form-control wpcf7-email wpcf7-validates-as-required wpcf7-text wpcf7-validates-as-email\" autocomplete=\"email\" aria-required=\"true\" aria-invalid=\"false\" value=\"\" type=\"email\" name=\"your-email\" \/><\/span> <\/label>\n<\/p>\n<p><label> Subject<br \/>\n<span class=\"wpcf7-form-control-wrap\" data-name=\"your-subject\"><input size=\"40\" maxlength=\"400\" class=\"wpcf7-form-control wpcf7-text wpcf7-validates-as-required\" aria-required=\"true\" aria-invalid=\"false\" value=\"\" type=\"text\" name=\"your-subject\" \/><\/span> <\/label>\n<\/p>\n<p><label> Your message (optional)<br \/>\n<span class=\"wpcf7-form-control-wrap\" data-name=\"your-message\"><textarea cols=\"40\" rows=\"10\" maxlength=\"2000\" class=\"wpcf7-form-control wpcf7-textarea\" aria-invalid=\"false\" name=\"your-message\"><\/textarea><\/span> <\/label>\n<\/p>\n<p><input class=\"wpcf7-form-control wpcf7-submit has-spinner\" type=\"submit\" value=\"Send\" \/>\n<\/p><div class=\"wpcf7-response-output\" aria-hidden=\"true\"><\/div>\n<\/form>\n<\/div>\n\n","protected":false},"excerpt":{"rendered":"<p>\u00bfEst\u00e1s listo para una aventura en Marruecos? Este recorrido de 4 d\u00edas te llevar\u00e1 a trav\u00e9s de las monta\u00f1as del Rif, las dunas de arena de Merzouga, el valle del Dades y la vibrante ciudad de Marrakech. \u00a1Prep\u00e1rate para una experiencia inolvidable! 1 D\u00eda: Fes- Chefchaouen- T\u00e1nger, Comenzaremos nuestro recorrido en el puerto donde nos&#8230;<\/p>\n","protected":false},"author":1,"featured_media":3028,"parent":0,"menu_order":0,"comment_status":"closed","ping_status":"closed","template":"","meta":{"_kadence_starter_templates_imported_post":false,"_kad_post_transparent":"default","_kad_post_title":"default","_kad_post_layout":"default","_kad_post_sidebar_id":"","_kad_post_content_style":"default","_kad_post_vertical_padding":"default","_kad_post_feature":"","_kad_post_feature_position":"","_kad_post_header":false,"_kad_post_footer":false,"footnotes":""},"class_list":["post-2766","page","type-page","status-publish","has-post-thumbnail","hentry"],"yoast_head":"<!-- This site is optimized with the Yoast SEO Premium plugin v19.0 (Yoast SEO v23.9) - https:\/\/yoast.com\/wordpress\/plugins\/seo\/ -->\n<title>4 D\u00edas desde T\u00e1nger a Marrakech Marruecos Desierto<\/title>\n<meta name=\"description\" content=\"Emb\u00e1rcate en una incre\u00edble aventura de 4 d\u00edas desde T\u00e1nger a Marrakech, pasando por el impresionante desierto de Marruecos. Descubre la magia\" \/>\n<meta name=\"robots\" content=\"index, follow, max-snippet:-1, max-image-preview:large, max-video-preview:-1\" \/>\n<link rel=\"canonical\" href=\"https:\/\/moroccounlimitedreams.com\/es\/4-dias-desde-tanger-a-marrakech-marruecos-desierto\/\" \/>\n<meta property=\"og:locale\" content=\"es_ES\" \/>\n<meta property=\"og:type\" content=\"article\" \/>\n<meta property=\"og:title\" content=\"4 D\u00edas desde T\u00e1nger a Marrakech Marruecos Desierto\" \/>\n<meta property=\"og:description\" content=\"Emb\u00e1rcate en una incre\u00edble aventura de 4 d\u00edas desde T\u00e1nger a Marrakech, pasando por el impresionante desierto de Marruecos. Descubre la magia\" \/>\n<meta property=\"og:url\" content=\"https:\/\/moroccounlimitedreams.com\/es\/4-dias-desde-tanger-a-marrakech-marruecos-desierto\/\" \/>\n<meta property=\"og:site_name\" content=\"Morocco Unlimited Dreams\" \/>\n<meta property=\"article:modified_time\" content=\"2023-03-23T23:07:35+00:00\" \/>\n<meta property=\"og:image\" content=\"https:\/\/moroccounlimitedreams.com\/es\/wp-content\/uploads\/2023\/02\/tanger-3.jpeg\" \/>\n\t<meta property=\"og:image:width\" content=\"799\" \/>\n\t<meta property=\"og:image:height\" content=\"533\" \/>\n\t<meta property=\"og:image:type\" content=\"image\/jpeg\" \/>\n<meta name=\"twitter:card\" content=\"summary_large_image\" \/>\n<meta name=\"twitter:label1\" content=\"Tiempo de lectura\" \/>\n\t<meta name=\"twitter:data1\" content=\"3 minutos\" \/>\n<script type=\"application\/ld+json\" class=\"yoast-schema-graph\">{\"@context\":\"https:\/\/schema.org\",\"@graph\":[{\"@type\":\"WebPage\",\"@id\":\"https:\/\/moroccounlimitedreams.com\/es\/4-dias-desde-tanger-a-marrakech-marruecos-desierto\/\",\"url\":\"https:\/\/moroccounlimitedreams.com\/es\/4-dias-desde-tanger-a-marrakech-marruecos-desierto\/\",\"name\":\"4 D\u00edas desde T\u00e1nger a Marrakech Marruecos Desierto\",\"isPartOf\":{\"@id\":\"https:\/\/moroccounlimitedreams.com\/es\/#website\"},\"primaryImageOfPage\":{\"@id\":\"https:\/\/moroccounlimitedreams.com\/es\/4-dias-desde-tanger-a-marrakech-marruecos-desierto\/#primaryimage\"},\"image\":{\"@id\":\"https:\/\/moroccounlimitedreams.com\/es\/4-dias-desde-tanger-a-marrakech-marruecos-desierto\/#primaryimage\"},\"thumbnailUrl\":\"https:\/\/moroccounlimitedreams.com\/es\/wp-content\/uploads\/2023\/02\/tanger-3.jpeg\",\"datePublished\":\"2023-02-18T18:25:55+00:00\",\"dateModified\":\"2023-03-23T23:07:35+00:00\",\"description\":\"Emb\u00e1rcate en una incre\u00edble aventura de 4 d\u00edas desde T\u00e1nger a Marrakech, pasando por el impresionante desierto de Marruecos. Descubre la magia\",\"breadcrumb\":{\"@id\":\"https:\/\/moroccounlimitedreams.com\/es\/4-dias-desde-tanger-a-marrakech-marruecos-desierto\/#breadcrumb\"},\"inLanguage\":\"es\",\"potentialAction\":[{\"@type\":\"ReadAction\",\"target\":[\"https:\/\/moroccounlimitedreams.com\/es\/4-dias-desde-tanger-a-marrakech-marruecos-desierto\/\"]}]},{\"@type\":\"ImageObject\",\"inLanguage\":\"es\",\"@id\":\"https:\/\/moroccounlimitedreams.com\/es\/4-dias-desde-tanger-a-marrakech-marruecos-desierto\/#primaryimage\",\"url\":\"https:\/\/moroccounlimitedreams.com\/es\/wp-content\/uploads\/2023\/02\/tanger-3.jpeg\",\"contentUrl\":\"https:\/\/moroccounlimitedreams.com\/es\/wp-content\/uploads\/2023\/02\/tanger-3.jpeg\",\"width\":799,\"height\":533,\"caption\":\"4 D\u00edas desde T\u00e1nger a Marrakech Marruecos Desierto\"},{\"@type\":\"BreadcrumbList\",\"@id\":\"https:\/\/moroccounlimitedreams.com\/es\/4-dias-desde-tanger-a-marrakech-marruecos-desierto\/#breadcrumb\",\"itemListElement\":[{\"@type\":\"ListItem\",\"position\":1,\"name\":\"Home\",\"item\":\"https:\/\/moroccounlimitedreams.com\/es\/\"},{\"@type\":\"ListItem\",\"position\":2,\"name\":\"4 D\u00edas desde T\u00e1nger a Marrakech Marruecos Desierto\"}]},{\"@type\":\"WebSite\",\"@id\":\"https:\/\/moroccounlimitedreams.com\/es\/#website\",\"url\":\"https:\/\/moroccounlimitedreams.com\/es\/\",\"name\":\"Morocco Unlimited Dreams\",\"description\":\"Morocco Desert Tours - Tours &amp; Excursions in Morocco\",\"publisher\":{\"@id\":\"https:\/\/moroccounlimitedreams.com\/es\/#organization\"},\"potentialAction\":[{\"@type\":\"SearchAction\",\"target\":{\"@type\":\"EntryPoint\",\"urlTemplate\":\"https:\/\/moroccounlimitedreams.com\/es\/?s={search_term_string}\"},\"query-input\":{\"@type\":\"PropertyValueSpecification\",\"valueRequired\":true,\"valueName\":\"search_term_string\"}}],\"inLanguage\":\"es\"},{\"@type\":\"Organization\",\"@id\":\"https:\/\/moroccounlimitedreams.com\/es\/#organization\",\"name\":\"Morocco Unlimited Dreams\",\"url\":\"https:\/\/moroccounlimitedreams.com\/es\/\",\"logo\":{\"@type\":\"ImageObject\",\"inLanguage\":\"es\",\"@id\":\"https:\/\/moroccounlimitedreams.com\/es\/#\/schema\/logo\/image\/\",\"url\":\"https:\/\/moroccounlimitedreams.com\/es\/wp-content\/uploads\/2023\/12\/mrd.png\",\"contentUrl\":\"https:\/\/moroccounlimitedreams.com\/es\/wp-content\/uploads\/2023\/12\/mrd.png\",\"width\":242,\"height\":90,\"caption\":\"Morocco Unlimited Dreams\"},\"image\":{\"@id\":\"https:\/\/moroccounlimitedreams.com\/es\/#\/schema\/logo\/image\/\"}}]}<\/script>\n<!-- \/ Yoast SEO Premium plugin. -->","yoast_head_json":{"title":"4 D\u00edas desde T\u00e1nger a Marrakech Marruecos Desierto","description":"Emb\u00e1rcate en una incre\u00edble aventura de 4 d\u00edas desde T\u00e1nger a Marrakech, pasando por el impresionante desierto de Marruecos. Descubre la magia","robots":{"index":"index","follow":"follow","max-snippet":"max-snippet:-1","max-image-preview":"max-image-preview:large","max-video-preview":"max-video-preview:-1"},"canonical":"https:\/\/moroccounlimitedreams.com\/es\/4-dias-desde-tanger-a-marrakech-marruecos-desierto\/","og_locale":"es_ES","og_type":"article","og_title":"4 D\u00edas desde T\u00e1nger a Marrakech Marruecos Desierto","og_description":"Emb\u00e1rcate en una incre\u00edble aventura de 4 d\u00edas desde T\u00e1nger a Marrakech, pasando por el impresionante desierto de Marruecos. Descubre la magia","og_url":"https:\/\/moroccounlimitedreams.com\/es\/4-dias-desde-tanger-a-marrakech-marruecos-desierto\/","og_site_name":"Morocco Unlimited Dreams","article_modified_time":"2023-03-23T23:07:35+00:00","og_image":[{"width":799,"height":533,"url":"https:\/\/moroccounlimitedreams.com\/es\/wp-content\/uploads\/2023\/02\/tanger-3.jpeg","type":"image\/jpeg"}],"twitter_card":"summary_large_image","twitter_misc":{"Tiempo de lectura":"3 minutos"},"schema":{"@context":"https:\/\/schema.org","@graph":[{"@type":"WebPage","@id":"https:\/\/moroccounlimitedreams.com\/es\/4-dias-desde-tanger-a-marrakech-marruecos-desierto\/","url":"https:\/\/moroccounlimitedreams.com\/es\/4-dias-desde-tanger-a-marrakech-marruecos-desierto\/","name":"4 D\u00edas desde T\u00e1nger a Marrakech Marruecos Desierto","isPartOf":{"@id":"https:\/\/moroccounlimitedreams.com\/es\/#website"},"primaryImageOfPage":{"@id":"https:\/\/moroccounlimitedreams.com\/es\/4-dias-desde-tanger-a-marrakech-marruecos-desierto\/#primaryimage"},"image":{"@id":"https:\/\/moroccounlimitedreams.com\/es\/4-dias-desde-tanger-a-marrakech-marruecos-desierto\/#primaryimage"},"thumbnailUrl":"https:\/\/moroccounlimitedreams.com\/es\/wp-content\/uploads\/2023\/02\/tanger-3.jpeg","datePublished":"2023-02-18T18:25:55+00:00","dateModified":"2023-03-23T23:07:35+00:00","description":"Emb\u00e1rcate en una incre\u00edble aventura de 4 d\u00edas desde T\u00e1nger a Marrakech, pasando por el impresionante desierto de Marruecos. Descubre la magia","breadcrumb":{"@id":"https:\/\/moroccounlimitedreams.com\/es\/4-dias-desde-tanger-a-marrakech-marruecos-desierto\/#breadcrumb"},"inLanguage":"es","potentialAction":[{"@type":"ReadAction","target":["https:\/\/moroccounlimitedreams.com\/es\/4-dias-desde-tanger-a-marrakech-marruecos-desierto\/"]}]},{"@type":"ImageObject","inLanguage":"es","@id":"https:\/\/moroccounlimitedreams.com\/es\/4-dias-desde-tanger-a-marrakech-marruecos-desierto\/#primaryimage","url":"https:\/\/moroccounlimitedreams.com\/es\/wp-content\/uploads\/2023\/02\/tanger-3.jpeg","contentUrl":"https:\/\/moroccounlimitedreams.com\/es\/wp-content\/uploads\/2023\/02\/tanger-3.jpeg","width":799,"height":533,"caption":"4 D\u00edas desde T\u00e1nger a Marrakech Marruecos Desierto"},{"@type":"BreadcrumbList","@id":"https:\/\/moroccounlimitedreams.com\/es\/4-dias-desde-tanger-a-marrakech-marruecos-desierto\/#breadcrumb","itemListElement":[{"@type":"ListItem","position":1,"name":"Home","item":"https:\/\/moroccounlimitedreams.com\/es\/"},{"@type":"ListItem","position":2,"name":"4 D\u00edas desde T\u00e1nger a Marrakech Marruecos Desierto"}]},{"@type":"WebSite","@id":"https:\/\/moroccounlimitedreams.com\/es\/#website","url":"https:\/\/moroccounlimitedreams.com\/es\/","name":"Morocco Unlimited Dreams","description":"Morocco Desert Tours - Tours &amp; Excursions in Morocco","publisher":{"@id":"https:\/\/moroccounlimitedreams.com\/es\/#organization"},"potentialAction":[{"@type":"SearchAction","target":{"@type":"EntryPoint","urlTemplate":"https:\/\/moroccounlimitedreams.com\/es\/?s={search_term_string}"},"query-input":{"@type":"PropertyValueSpecification","valueRequired":true,"valueName":"search_term_string"}}],"inLanguage":"es"},{"@type":"Organization","@id":"https:\/\/moroccounlimitedreams.com\/es\/#organization","name":"Morocco Unlimited Dreams","url":"https:\/\/moroccounlimitedreams.com\/es\/","logo":{"@type":"ImageObject","inLanguage":"es","@id":"https:\/\/moroccounlimitedreams.com\/es\/#\/schema\/logo\/image\/","url":"https:\/\/moroccounlimitedreams.com\/es\/wp-content\/uploads\/2023\/12\/mrd.png","contentUrl":"https:\/\/moroccounlimitedreams.com\/es\/wp-content\/uploads\/2023\/12\/mrd.png","width":242,"height":90,"caption":"Morocco Unlimited Dreams"},"image":{"@id":"https:\/\/moroccounlimitedreams.com\/es\/#\/schema\/logo\/image\/"}}]}},"_links":{"self":[{"href":"https:\/\/moroccounlimitedreams.com\/es\/wp-json\/wp\/v2\/pages\/2766","targetHints":{"allow":["GET"]}}],"collection":[{"href":"https:\/\/moroccounlimitedreams.com\/es\/wp-json\/wp\/v2\/pages"}],"about":[{"href":"https:\/\/moroccounlimitedreams.com\/es\/wp-json\/wp\/v2\/types\/page"}],"author":[{"embeddable":true,"href":"https:\/\/moroccounlimitedreams.com\/es\/wp-json\/wp\/v2\/users\/1"}],"replies":[{"embeddable":true,"href":"https:\/\/moroccounlimitedreams.com\/es\/wp-json\/wp\/v2\/comments?post=2766"}],"version-history":[{"count":7,"href":"https:\/\/moroccounlimitedreams.com\/es\/wp-json\/wp\/v2\/pages\/2766\/revisions"}],"predecessor-version":[{"id":3247,"href":"https:\/\/moroccounlimitedreams.com\/es\/wp-json\/wp\/v2\/pages\/2766\/revisions\/3247"}],"wp:featuredmedia":[{"embeddable":true,"href":"https:\/\/moroccounlimitedreams.com\/es\/wp-json\/wp\/v2\/media\/3028"}],"wp:attachment":[{"href":"https:\/\/moroccounlimitedreams.com\/es\/wp-json\/wp\/v2\/media?parent=2766"}],"curies":[{"name":"wp","href":"https:\/\/api.w.org\/{rel}","templated":true}]}}