{"id":2764,"date":"2023-02-18T18:21:58","date_gmt":"2023-02-18T18:21:58","guid":{"rendered":"https:\/\/moroccounlimitedreams.com\/?page_id=2764"},"modified":"2023-03-23T23:43:25","modified_gmt":"2023-03-23T23:43:25","slug":"8-dias-desde-tanger-a-marrakech-marruecos-tours","status":"publish","type":"page","link":"https:\/\/moroccounlimitedreams.com\/es\/8-dias-desde-tanger-a-marrakech-marruecos-tours\/","title":{"rendered":"8 d\u00edas desde T\u00e1nger a Marrakech Marruecos tours"},"content":{"rendered":"<p>\u00bfEst\u00e1s buscando una aventura emocionante en Marruecos? \u00bfQuieres explorar todo lo que este hermoso pa\u00eds tiene para ofrecer, desde el vibrante T\u00e1nger hasta la hist\u00f3rica ciudad de Marrakech? Entonces, tenemos una oferta incre\u00edble para ti: \u00a1un tour de 8 d\u00edas desde T\u00e1nger a Marrakech Marruecos tours!<\/p>\n<h4>1-D\u00eda Conducimos a Chefchaouen despu\u00e9s de que le encontremos en el puerto mar\u00edtimo de tanger<\/h4>\n<p>Nos reunimos con usted en el puerto mar\u00edtimo, luego nos dirigimos a trav\u00e9s de las monta\u00f1as del Rif y la ciudad de Tetoun para disfrutar de los paisajes de las monta\u00f1as atractivas hasta llegar a Chefchaouan una de las ciudades espectaculares en las bases de las monta\u00f1as del Rif. Chefchaouen medina ten\u00eda un estilo espa\u00f1ol de la arquitectura, y contiene un rincones especiales para la fabricaci\u00f3n de objetos tradicionales de arte y galer\u00edas para la presentaci\u00f3n de productos de artesan\u00eda creativa.tomamos nuestro almuerzo en un restaurante muy frecuentado por los turistas, despu\u00e9s de que vamos a pasar la noche en un hotel.<\/p>\n<h4>2-D\u00eda: <a href=\"https:\/\/moroccounlimitedreams.com\/es\/excursion-de-un-dia-al-valle-de-ourika-desde-marrakech\/\">Fes- Meknes<\/a> &#8211; Volubilis-Chefchaouen.<\/h4>\n<p>Despu\u00e9s del desayuno en el riad, nuestro viaje comienza pasando por volubilis, cruzando wazan y otros pueblos del rif, en volubilis tendremos una idea acerca de las reliquias romanas y aprender acerca de la historia diversa de marruecos, despu\u00e9s de que nos movemos a Meknes, que se estableci\u00f3 en el siglo 17, en el que nos detenemos para el almuerzo y dar la vuelta a las antiguas murallas gigantes de la medina, bab (puerta) el mansour y disfrutar de una visita al santuario de moulay ismail. M\u00e1s tarde nos vamos directamente a la ciudad de Fez, donde pasar\u00e1 la noche.<\/p>\n<h4>3-D\u00eda: ser\u00e1 s\u00f3lo en Fez.<\/h4>\n<p>Cuando usted toma su primera comida del d\u00eda en Riad, comenzamos una visita detallada a la antigua medina de Fez, marchando en sus estrechas calles y callejones, continuamos por ir a ver las grandes puertas del Palacio Real, la zona jud\u00eda, la primera Mellah construido en el siglo 16 por la comunidad jud\u00eda. nuestra visita a fes es inclusiva, lo que significa que tendremos una pausa en cada lugar hist\u00f3rico cultural, incluyendo la conocida mezquita Al Qaraouine el sitio m\u00e1s antiguo de la regi\u00f3n, a continuaci\u00f3n, nos trasladamos a observar las curtidur\u00edas, el museo Attarine y Mulay Idriss mausoleo. despu\u00e9s del almuerzo Tambi\u00e9n visitar\u00e1 la cooperativa de azulejos y luego disfrutar de una vista panor\u00e1mica de toda la Medina de Fez desde el plano de la cooperaci\u00f3n.<\/p>\n<h4>4D\u00eda: Merzouga &#8211; Paseo en camello y noche en un campamento Fes-Erfoud -Valle de Ziz &#8211; Midelt- Ifrane<\/h4>\n<p>Este viaje ser\u00eda a Merzouga v\u00eda Errachidia y Erfoud, despu\u00e9s de la comida en el hotel.<br \/>\nPasaremos por la atractiva carretera de Tiz Ntalghamt y el desfiladero del Ziz,contemplando paisajes de las colinas del Alto Atlas,observaremos como cambia el paisaje a trav\u00e9s del desierto mientras nos dirigimos hacia la ciudad de Errachidia,donde seremos recibidos por la generosidad de los nativos bereberes,y compartiremos con ellos una deliciosa comida.M\u00e1s tarde,pasaremos por el floreciente valle del Ziz,haciendo una pausa para observar maravillosos paisajes a trav\u00e9s del camino hacia Erfoud y Rissani. Al llegar a Merzouga por la tarde, ser\u00e1 recibido con un vaso de t\u00e9 a la menta antes de comenzar su paseo en camello para pasar toda la noche en el desierto con la poblaci\u00f3n ind\u00edgena bajo el ritmo de la m\u00fasica de los tambores.<\/p>\n<h4>5D\u00eda: Valle del Dades &#8211; Gargantas de Toudgha &#8211; Merzouga<\/h4>\n<p>Despu\u00e9s de despertarse por la ma\u00f1ana, ver\u00e1 el mejor amanecer que haya visto en su vida, a continuaci\u00f3n, tomar una ducha caliente y un desayuno saludable, despu\u00e9s de que tomar un corto paseo por las Gargantas del Todra y conducir a trav\u00e9s de las monta\u00f1as Saghro antes de llegar al valle del Dades, donde tomamos la cena y pasar la noche.<\/p>\n<h4>6D\u00eda: Marrakech- Alto Atlas Ait Ben Haddou kasbah &#8211; Ouarzazate- Valle de las Rosas-Valle del Dades .<\/h4>\n<p>Viajaremos por el valle del Dades pasando por Kalaa M&#8217;gouna y Ouarzazate,despues de la comida en el hotel. Si lo desea puede tomar fotos para memorizar el momento, tanto en el valle de las rosas y en la ciudad del cine de Ouarzazate, pasando por Ait Ben Haddou Kasbah y el Valle del Dades nos encontramos con la Kasbah m\u00e1s grande de Marruecos, que est\u00e1 clasificado como patrimonio de la UNESCO, construido por T-hami El Glaoui que sol\u00eda hacer una pausa en esta Kasbah durante su largo viaje desde el Sahara a Marrakech, que fue el \u00faltimo jefe bereber a principios del siglo XX. Despu\u00e9s cambiaremos el camino para atravesar altas monta\u00f1as del atlas llenas de paisajes panor\u00e1micos y pueblos bereberes a lo largo de todo el camino hasta Marrakech.<\/p>\n<h4>7-D\u00eda: Visita de Marrakech<\/h4>\n<p>Despu\u00e9s del desayuno en el riad, empezaremos a descubrir los secretos de Marrakech \u00abla ciudad de las palmeras\u00bb. Le haremos conocer Marrakech rinc\u00f3n a rinc\u00f3n,pasamos por los siguientes sitios: Los patios Majorelle, la Torre Koutoubia, los mausoleos Saadianos y el castillo de Bahia,luego nos trasladaremos a pasear por los zocos y ver cientos de artesanias,y almorzaremos en un restaurante del barrio.por la tarde tendreis tiempo libre para descubrir por vuestra cuenta las otras partes de la ciudad.<\/p>\n<h4>8-D\u00eda ser\u00e1 trasladado al aeropuerto.<\/h4>\n\n<div class=\"wpcf7 no-js\" id=\"wpcf7-f2957-o1\" lang=\"en-US\" dir=\"ltr\" data-wpcf7-id=\"2957\">\n<div class=\"screen-reader-response\"><p role=\"status\" aria-live=\"polite\" aria-atomic=\"true\"><\/p> <ul><\/ul><\/div>\n<form action=\"\/es\/wp-json\/wp\/v2\/pages\/2764#wpcf7-f2957-o1\" method=\"post\" class=\"wpcf7-form init\" aria-label=\"Contact form\" novalidate=\"novalidate\" data-status=\"init\">\n<div style=\"display: none;\">\n<input type=\"hidden\" name=\"_wpcf7\" value=\"2957\" \/>\n<input type=\"hidden\" name=\"_wpcf7_version\" value=\"6.0\" \/>\n<input type=\"hidden\" name=\"_wpcf7_locale\" value=\"en_US\" \/>\n<input type=\"hidden\" name=\"_wpcf7_unit_tag\" value=\"wpcf7-f2957-o1\" \/>\n<input type=\"hidden\" name=\"_wpcf7_container_post\" value=\"0\" \/>\n<input type=\"hidden\" name=\"_wpcf7_posted_data_hash\" value=\"\" \/>\n<\/div>\n<p><label> Your name<br \/>\n<span class=\"wpcf7-form-control-wrap\" data-name=\"your-name\"><input size=\"40\" maxlength=\"400\" class=\"wpcf7-form-control wpcf7-text wpcf7-validates-as-required\" autocomplete=\"name\" aria-required=\"true\" aria-invalid=\"false\" value=\"\" type=\"text\" name=\"your-name\" \/><\/span> <\/label>\n<\/p>\n<p><label> Your email<br \/>\n<span class=\"wpcf7-form-control-wrap\" data-name=\"your-email\"><input size=\"40\" maxlength=\"400\" class=\"wpcf7-form-control wpcf7-email wpcf7-validates-as-required wpcf7-text wpcf7-validates-as-email\" autocomplete=\"email\" aria-required=\"true\" aria-invalid=\"false\" value=\"\" type=\"email\" name=\"your-email\" \/><\/span> <\/label>\n<\/p>\n<p><label> Subject<br \/>\n<span class=\"wpcf7-form-control-wrap\" data-name=\"your-subject\"><input size=\"40\" maxlength=\"400\" class=\"wpcf7-form-control wpcf7-text wpcf7-validates-as-required\" aria-required=\"true\" aria-invalid=\"false\" value=\"\" type=\"text\" name=\"your-subject\" \/><\/span> <\/label>\n<\/p>\n<p><label> Your message (optional)<br \/>\n<span class=\"wpcf7-form-control-wrap\" data-name=\"your-message\"><textarea cols=\"40\" rows=\"10\" maxlength=\"2000\" class=\"wpcf7-form-control wpcf7-textarea\" aria-invalid=\"false\" name=\"your-message\"><\/textarea><\/span> <\/label>\n<\/p>\n<p><input class=\"wpcf7-form-control wpcf7-submit has-spinner\" type=\"submit\" value=\"Send\" \/>\n<\/p><div class=\"wpcf7-response-output\" aria-hidden=\"true\"><\/div>\n<\/form>\n<\/div>\n\n","protected":false},"excerpt":{"rendered":"<p>\u00bfEst\u00e1s buscando una aventura emocionante en Marruecos? \u00bfQuieres explorar todo lo que este hermoso pa\u00eds tiene para ofrecer, desde el vibrante T\u00e1nger hasta la hist\u00f3rica ciudad de Marrakech? Entonces, tenemos una oferta incre\u00edble para ti: \u00a1un tour de 8 d\u00edas desde T\u00e1nger a Marrakech Marruecos tours! 1-D\u00eda Conducimos a Chefchaouen despu\u00e9s de que le encontremos&#8230;<\/p>\n","protected":false},"author":1,"featured_media":3028,"parent":0,"menu_order":0,"comment_status":"closed","ping_status":"closed","template":"","meta":{"_kadence_starter_templates_imported_post":false,"_kad_post_transparent":"default","_kad_post_title":"default","_kad_post_layout":"default","_kad_post_sidebar_id":"","_kad_post_content_style":"default","_kad_post_vertical_padding":"default","_kad_post_feature":"","_kad_post_feature_position":"","_kad_post_header":false,"_kad_post_footer":false,"footnotes":""},"class_list":["post-2764","page","type-page","status-publish","has-post-thumbnail","hentry"],"yoast_head":"<!-- This site is optimized with the Yoast SEO Premium plugin v19.0 (Yoast SEO v23.9) - https:\/\/yoast.com\/wordpress\/plugins\/seo\/ -->\n<title>8 d\u00edas desde T\u00e1nger a Marrakech Marruecos tours<\/title>\n<meta name=\"description\" content=\"Explora lo mejor de Marruecos en un tour de 8 d\u00edas desde T\u00e1nger a Marrakech. Descubre la rica cultura, la historia fascinante...\" \/>\n<meta name=\"robots\" content=\"index, follow, max-snippet:-1, max-image-preview:large, max-video-preview:-1\" \/>\n<link rel=\"canonical\" href=\"https:\/\/moroccounlimitedreams.com\/es\/8-dias-desde-tanger-a-marrakech-marruecos-tours\/\" \/>\n<meta property=\"og:locale\" content=\"es_ES\" \/>\n<meta property=\"og:type\" content=\"article\" \/>\n<meta property=\"og:title\" content=\"8 d\u00edas desde T\u00e1nger a Marrakech Marruecos tours\" \/>\n<meta property=\"og:description\" content=\"Explora lo mejor de Marruecos en un tour de 8 d\u00edas desde T\u00e1nger a Marrakech. Descubre la rica cultura, la historia fascinante...\" \/>\n<meta property=\"og:url\" content=\"https:\/\/moroccounlimitedreams.com\/es\/8-dias-desde-tanger-a-marrakech-marruecos-tours\/\" \/>\n<meta property=\"og:site_name\" content=\"Morocco Unlimited Dreams\" \/>\n<meta property=\"article:modified_time\" content=\"2023-03-23T23:43:25+00:00\" \/>\n<meta property=\"og:image\" content=\"https:\/\/moroccounlimitedreams.com\/es\/wp-content\/uploads\/2023\/02\/tanger-3.jpeg\" \/>\n\t<meta property=\"og:image:width\" content=\"799\" \/>\n\t<meta property=\"og:image:height\" content=\"533\" \/>\n\t<meta property=\"og:image:type\" content=\"image\/jpeg\" \/>\n<meta name=\"twitter:card\" content=\"summary_large_image\" \/>\n<meta name=\"twitter:label1\" content=\"Tiempo de lectura\" \/>\n\t<meta name=\"twitter:data1\" content=\"4 minutos\" \/>\n<script type=\"application\/ld+json\" class=\"yoast-schema-graph\">{\"@context\":\"https:\/\/schema.org\",\"@graph\":[{\"@type\":\"WebPage\",\"@id\":\"https:\/\/moroccounlimitedreams.com\/es\/8-dias-desde-tanger-a-marrakech-marruecos-tours\/\",\"url\":\"https:\/\/moroccounlimitedreams.com\/es\/8-dias-desde-tanger-a-marrakech-marruecos-tours\/\",\"name\":\"8 d\u00edas desde T\u00e1nger a Marrakech Marruecos tours\",\"isPartOf\":{\"@id\":\"https:\/\/moroccounlimitedreams.com\/es\/#website\"},\"primaryImageOfPage\":{\"@id\":\"https:\/\/moroccounlimitedreams.com\/es\/8-dias-desde-tanger-a-marrakech-marruecos-tours\/#primaryimage\"},\"image\":{\"@id\":\"https:\/\/moroccounlimitedreams.com\/es\/8-dias-desde-tanger-a-marrakech-marruecos-tours\/#primaryimage\"},\"thumbnailUrl\":\"https:\/\/moroccounlimitedreams.com\/es\/wp-content\/uploads\/2023\/02\/tanger-3.jpeg\",\"datePublished\":\"2023-02-18T18:21:58+00:00\",\"dateModified\":\"2023-03-23T23:43:25+00:00\",\"description\":\"Explora lo mejor de Marruecos en un tour de 8 d\u00edas desde T\u00e1nger a Marrakech. Descubre la rica cultura, la historia fascinante...\",\"breadcrumb\":{\"@id\":\"https:\/\/moroccounlimitedreams.com\/es\/8-dias-desde-tanger-a-marrakech-marruecos-tours\/#breadcrumb\"},\"inLanguage\":\"es\",\"potentialAction\":[{\"@type\":\"ReadAction\",\"target\":[\"https:\/\/moroccounlimitedreams.com\/es\/8-dias-desde-tanger-a-marrakech-marruecos-tours\/\"]}]},{\"@type\":\"ImageObject\",\"inLanguage\":\"es\",\"@id\":\"https:\/\/moroccounlimitedreams.com\/es\/8-dias-desde-tanger-a-marrakech-marruecos-tours\/#primaryimage\",\"url\":\"https:\/\/moroccounlimitedreams.com\/es\/wp-content\/uploads\/2023\/02\/tanger-3.jpeg\",\"contentUrl\":\"https:\/\/moroccounlimitedreams.com\/es\/wp-content\/uploads\/2023\/02\/tanger-3.jpeg\",\"width\":799,\"height\":533,\"caption\":\"4 D\u00edas desde T\u00e1nger a Marrakech Marruecos Desierto\"},{\"@type\":\"BreadcrumbList\",\"@id\":\"https:\/\/moroccounlimitedreams.com\/es\/8-dias-desde-tanger-a-marrakech-marruecos-tours\/#breadcrumb\",\"itemListElement\":[{\"@type\":\"ListItem\",\"position\":1,\"name\":\"Home\",\"item\":\"https:\/\/moroccounlimitedreams.com\/es\/\"},{\"@type\":\"ListItem\",\"position\":2,\"name\":\"8 d\u00edas desde T\u00e1nger a Marrakech Marruecos tours\"}]},{\"@type\":\"WebSite\",\"@id\":\"https:\/\/moroccounlimitedreams.com\/es\/#website\",\"url\":\"https:\/\/moroccounlimitedreams.com\/es\/\",\"name\":\"Morocco Unlimited Dreams\",\"description\":\"Morocco Desert Tours - Tours &amp; Excursions in Morocco\",\"publisher\":{\"@id\":\"https:\/\/moroccounlimitedreams.com\/es\/#organization\"},\"potentialAction\":[{\"@type\":\"SearchAction\",\"target\":{\"@type\":\"EntryPoint\",\"urlTemplate\":\"https:\/\/moroccounlimitedreams.com\/es\/?s={search_term_string}\"},\"query-input\":{\"@type\":\"PropertyValueSpecification\",\"valueRequired\":true,\"valueName\":\"search_term_string\"}}],\"inLanguage\":\"es\"},{\"@type\":\"Organization\",\"@id\":\"https:\/\/moroccounlimitedreams.com\/es\/#organization\",\"name\":\"Morocco Unlimited Dreams\",\"url\":\"https:\/\/moroccounlimitedreams.com\/es\/\",\"logo\":{\"@type\":\"ImageObject\",\"inLanguage\":\"es\",\"@id\":\"https:\/\/moroccounlimitedreams.com\/es\/#\/schema\/logo\/image\/\",\"url\":\"https:\/\/moroccounlimitedreams.com\/es\/wp-content\/uploads\/2023\/12\/mrd.png\",\"contentUrl\":\"https:\/\/moroccounlimitedreams.com\/es\/wp-content\/uploads\/2023\/12\/mrd.png\",\"width\":242,\"height\":90,\"caption\":\"Morocco Unlimited Dreams\"},\"image\":{\"@id\":\"https:\/\/moroccounlimitedreams.com\/es\/#\/schema\/logo\/image\/\"}}]}<\/script>\n<!-- \/ Yoast SEO Premium plugin. -->","yoast_head_json":{"title":"8 d\u00edas desde T\u00e1nger a Marrakech Marruecos tours","description":"Explora lo mejor de Marruecos en un tour de 8 d\u00edas desde T\u00e1nger a Marrakech. Descubre la rica cultura, la historia fascinante...","robots":{"index":"index","follow":"follow","max-snippet":"max-snippet:-1","max-image-preview":"max-image-preview:large","max-video-preview":"max-video-preview:-1"},"canonical":"https:\/\/moroccounlimitedreams.com\/es\/8-dias-desde-tanger-a-marrakech-marruecos-tours\/","og_locale":"es_ES","og_type":"article","og_title":"8 d\u00edas desde T\u00e1nger a Marrakech Marruecos tours","og_description":"Explora lo mejor de Marruecos en un tour de 8 d\u00edas desde T\u00e1nger a Marrakech. Descubre la rica cultura, la historia fascinante...","og_url":"https:\/\/moroccounlimitedreams.com\/es\/8-dias-desde-tanger-a-marrakech-marruecos-tours\/","og_site_name":"Morocco Unlimited Dreams","article_modified_time":"2023-03-23T23:43:25+00:00","og_image":[{"width":799,"height":533,"url":"https:\/\/moroccounlimitedreams.com\/es\/wp-content\/uploads\/2023\/02\/tanger-3.jpeg","type":"image\/jpeg"}],"twitter_card":"summary_large_image","twitter_misc":{"Tiempo de lectura":"4 minutos"},"schema":{"@context":"https:\/\/schema.org","@graph":[{"@type":"WebPage","@id":"https:\/\/moroccounlimitedreams.com\/es\/8-dias-desde-tanger-a-marrakech-marruecos-tours\/","url":"https:\/\/moroccounlimitedreams.com\/es\/8-dias-desde-tanger-a-marrakech-marruecos-tours\/","name":"8 d\u00edas desde T\u00e1nger a Marrakech Marruecos tours","isPartOf":{"@id":"https:\/\/moroccounlimitedreams.com\/es\/#website"},"primaryImageOfPage":{"@id":"https:\/\/moroccounlimitedreams.com\/es\/8-dias-desde-tanger-a-marrakech-marruecos-tours\/#primaryimage"},"image":{"@id":"https:\/\/moroccounlimitedreams.com\/es\/8-dias-desde-tanger-a-marrakech-marruecos-tours\/#primaryimage"},"thumbnailUrl":"https:\/\/moroccounlimitedreams.com\/es\/wp-content\/uploads\/2023\/02\/tanger-3.jpeg","datePublished":"2023-02-18T18:21:58+00:00","dateModified":"2023-03-23T23:43:25+00:00","description":"Explora lo mejor de Marruecos en un tour de 8 d\u00edas desde T\u00e1nger a Marrakech. Descubre la rica cultura, la historia fascinante...","breadcrumb":{"@id":"https:\/\/moroccounlimitedreams.com\/es\/8-dias-desde-tanger-a-marrakech-marruecos-tours\/#breadcrumb"},"inLanguage":"es","potentialAction":[{"@type":"ReadAction","target":["https:\/\/moroccounlimitedreams.com\/es\/8-dias-desde-tanger-a-marrakech-marruecos-tours\/"]}]},{"@type":"ImageObject","inLanguage":"es","@id":"https:\/\/moroccounlimitedreams.com\/es\/8-dias-desde-tanger-a-marrakech-marruecos-tours\/#primaryimage","url":"https:\/\/moroccounlimitedreams.com\/es\/wp-content\/uploads\/2023\/02\/tanger-3.jpeg","contentUrl":"https:\/\/moroccounlimitedreams.com\/es\/wp-content\/uploads\/2023\/02\/tanger-3.jpeg","width":799,"height":533,"caption":"4 D\u00edas desde T\u00e1nger a Marrakech Marruecos Desierto"},{"@type":"BreadcrumbList","@id":"https:\/\/moroccounlimitedreams.com\/es\/8-dias-desde-tanger-a-marrakech-marruecos-tours\/#breadcrumb","itemListElement":[{"@type":"ListItem","position":1,"name":"Home","item":"https:\/\/moroccounlimitedreams.com\/es\/"},{"@type":"ListItem","position":2,"name":"8 d\u00edas desde T\u00e1nger a Marrakech Marruecos tours"}]},{"@type":"WebSite","@id":"https:\/\/moroccounlimitedreams.com\/es\/#website","url":"https:\/\/moroccounlimitedreams.com\/es\/","name":"Morocco Unlimited Dreams","description":"Morocco Desert Tours - Tours &amp; Excursions in Morocco","publisher":{"@id":"https:\/\/moroccounlimitedreams.com\/es\/#organization"},"potentialAction":[{"@type":"SearchAction","target":{"@type":"EntryPoint","urlTemplate":"https:\/\/moroccounlimitedreams.com\/es\/?s={search_term_string}"},"query-input":{"@type":"PropertyValueSpecification","valueRequired":true,"valueName":"search_term_string"}}],"inLanguage":"es"},{"@type":"Organization","@id":"https:\/\/moroccounlimitedreams.com\/es\/#organization","name":"Morocco Unlimited Dreams","url":"https:\/\/moroccounlimitedreams.com\/es\/","logo":{"@type":"ImageObject","inLanguage":"es","@id":"https:\/\/moroccounlimitedreams.com\/es\/#\/schema\/logo\/image\/","url":"https:\/\/moroccounlimitedreams.com\/es\/wp-content\/uploads\/2023\/12\/mrd.png","contentUrl":"https:\/\/moroccounlimitedreams.com\/es\/wp-content\/uploads\/2023\/12\/mrd.png","width":242,"height":90,"caption":"Morocco Unlimited Dreams"},"image":{"@id":"https:\/\/moroccounlimitedreams.com\/es\/#\/schema\/logo\/image\/"}}]}},"_links":{"self":[{"href":"https:\/\/moroccounlimitedreams.com\/es\/wp-json\/wp\/v2\/pages\/2764","targetHints":{"allow":["GET"]}}],"collection":[{"href":"https:\/\/moroccounlimitedreams.com\/es\/wp-json\/wp\/v2\/pages"}],"about":[{"href":"https:\/\/moroccounlimitedreams.com\/es\/wp-json\/wp\/v2\/types\/page"}],"author":[{"embeddable":true,"href":"https:\/\/moroccounlimitedreams.com\/es\/wp-json\/wp\/v2\/users\/1"}],"replies":[{"embeddable":true,"href":"https:\/\/moroccounlimitedreams.com\/es\/wp-json\/wp\/v2\/comments?post=2764"}],"version-history":[{"count":7,"href":"https:\/\/moroccounlimitedreams.com\/es\/wp-json\/wp\/v2\/pages\/2764\/revisions"}],"predecessor-version":[{"id":3255,"href":"https:\/\/moroccounlimitedreams.com\/es\/wp-json\/wp\/v2\/pages\/2764\/revisions\/3255"}],"wp:featuredmedia":[{"embeddable":true,"href":"https:\/\/moroccounlimitedreams.com\/es\/wp-json\/wp\/v2\/media\/3028"}],"wp:attachment":[{"href":"https:\/\/moroccounlimitedreams.com\/es\/wp-json\/wp\/v2\/media?parent=2764"}],"curies":[{"name":"wp","href":"https:\/\/api.w.org\/{rel}","templated":true}]}}