{"id":2760,"date":"2023-02-18T18:14:15","date_gmt":"2023-02-18T18:14:15","guid":{"rendered":"https:\/\/moroccounlimitedreams.com\/?page_id=2760"},"modified":"2023-03-23T22:17:49","modified_gmt":"2023-03-23T22:17:49","slug":"3-dias-desde-fez-al-desierto-del-sahara","status":"publish","type":"page","link":"https:\/\/moroccounlimitedreams.com\/es\/3-dias-desde-fez-al-desierto-del-sahara\/","title":{"rendered":"3 d\u00edas desde Fez al desierto del S\u00e1hara"},"content":{"rendered":"<p>\u00bfTe gustar\u00eda hacer un viaje de 3 d\u00edas desde Fez al desierto del S\u00e1hara? Si es as\u00ed, \u00a1has venido al lugar correcto! Este viaje es una de las experiencias m\u00e1s incre\u00edbles que puedes tener en Marruecos. Acomp\u00e1\u00f1anos mientras te llevamos a trav\u00e9s de un viaje inolvidable.<\/p>\n<h4>1er d\u00eda : Fez &#8211; Medio Atlas &#8211; Desierto de <a href=\"https:\/\/moroccounlimitedreams.com\/es\/3-dias-desde-marrakech-al-desierto-de-merzouga-y-fez\/\">Merzouga<\/a> &#8211; Excursi\u00f3n en camello y noche en tienda bereber<\/h4>\n<p>Le recogeremos en su hotel\/riad y saldremos de Fez en direcci\u00f3n a Ifran, un precioso pueblo de monta\u00f1a, conocido como \u00abla Suiza de Marruecos\u00bb y despu\u00e9s a Midelt. Durante este trayecto podr\u00e1 contemplar el Medio Atlas y el Alto Atlas. Parada en Azrou, un pueblo bereber en medio del famoso bosque de cedros -el m\u00e1s grande de Marruecos-, donde es posible avistar monos berberiscos. Despu\u00e9s de un rato en el bosque, el viaje contin\u00faa hacia Midelt a lo largo de las magn\u00edficas colinas y monta\u00f1as del Atlas, despu\u00e9s de la ciudad de Midelt viajar\u00e1 a trav\u00e9s del fascinante paso de Tiz Ntalghamt y el desfiladero de Ziz, disfrutando de las vistas de la meseta del Alto Atlas, notar\u00e1 c\u00f3mo el paisaje cambia para revelar indicios del desierto a medida que se acerca a la ciudad de Errachidia, aqu\u00ed almorzar\u00e1 y disfrutar\u00e1 de la hospitalidad bereber. Despu\u00e9s, viajar\u00e1 por el frondoso valle del Ziz, deteni\u00e9ndose para disfrutar de vistas panor\u00e1micas por el camino hasta Erfoud y Rissani. Llegada a Merzouga por la tarde. Le daremos la bienvenida con un vaso de t\u00e9 a la menta antes de su paseo en camello, guiado por un camellero experimentado para explorar el mar de arena dorada de Merzouga. Cena frente a la tienda donde pasar\u00e1 la noche.<\/p>\n<h4>2\u00ba D\u00eda : Desierto de Merzouga &#8211; Familias N\u00f3madas &#8211; Oasis de Tissardmin &#8211; Khamlia &#8211; Erg Chebbi<\/h4>\n<p>Este es un d\u00eda completo en el desierto. \u00abCita con el amanecer\u00bb Si est\u00e1s en medio del desierto, merece la pena madrugar para contemplar el amanecer m\u00e1s espectacular que hayas visto nunca en lo alto de una duna cercana al campamento y disfrutar de este paisaje que es un regalo de la naturaleza. Tras el amanecer, regresaremos a Merzouga en dromedario, donde nos espera un copioso desayuno. Luego bordearemos el Erg Chebbi, gran extensi\u00f3n de desierto arenoso donde se encuentra la Gran Duna de Marruecos. que tiene m\u00e1s de 250mts de altura. Continuamos luego por la carretera que antiguamente se utilizaba para el \u00abParis &#8211; Dakar\u00bb y termina en las monta\u00f1as que limitan con Agelia. Parada en el oasis de Tissardmin donde podemos encontrar canteras de f\u00f3siles a\u00fan presentes en la zona, continuamos luego por una carretera donde podemos ver asentamientos n\u00f3madas y conocer sus secretos y costumbres. La siguiente parada ser\u00e1 en un mirador para contemplar el agujero Erg Chebbi. Llegaremos entonces al pueblo de Kamilia, originario de Mali, donde tomaremos una relajante taza de t\u00e9 mientras escuchamos un concierto de la m\u00fasica espiritual de Gnawa.Traslado a su alojamiento y tarde libre para disfrutar del pueblo o de las dunas junto al hotel para ver la puesta de sol. Cena y noche en el hotel.<\/p>\n<h4>3er D\u00eda : Desierto de Merzouga &#8211; Valle del Ziz &#8211; Bosques de cedros y tropas de monos de Azrou &#8211; Fes<\/h4>\n<p>Una vez listos, empezamos nuestro \u00faltimo d\u00eda hacia el norte a trav\u00e9s del palmeral de Tafilalet, el m\u00e1s grande del mundo. Ver\u00e1 miles de palmeras a lo largo de los 20 km de carretera. Este camino nos conduce al valle del Ziz, cuyo r\u00edo desciende del Alto Atlas y alimenta el palmeral. Aqu\u00ed hacemos una parada y, desde este alto mirador, disfrutamos de una magn\u00edfica vista del valle y de la ciudad de Aoufous.<\/p>\n<p>Hacemos otra parada en Midelt, justo en el coraz\u00f3n del Atlas donde tendr\u00e1s tiempo libre para almorzar y descansar un rato. Por la tarde continuaremos nuestro camino a trav\u00e9s de los bosques de cedros donde, si tenemos suerte, veremos algunos monos. El siguiente lugar que visitaremos es la ciudad de Ifrane, situada en la vertiente noroeste del Medio Atlas a 1630 metros sobre el nivel del agua. Sus amplias avenidas, su urbanismo con una limpieza perfecta, los jardines, las zonas verdes y su arquitectura hacen que esta ciudad parezca un pueblo suizo. Ifrane se siente fuera de lugar en Marruecos. Por eso la llaman la Suiza marroqu\u00ed, y por si fuera poco cuenta con una importante estaci\u00f3n de esqu\u00ed, Michlifen,<\/p>\n<p>Sobre las 6 de la tarde llegamos a Fez, traslado al hotel, y fin de nuestros servicios.<\/p>\n\n<div class=\"wpcf7 no-js\" id=\"wpcf7-f2957-o1\" lang=\"en-US\" dir=\"ltr\" data-wpcf7-id=\"2957\">\n<div class=\"screen-reader-response\"><p role=\"status\" aria-live=\"polite\" aria-atomic=\"true\"><\/p> <ul><\/ul><\/div>\n<form action=\"\/es\/wp-json\/wp\/v2\/pages\/2760#wpcf7-f2957-o1\" method=\"post\" class=\"wpcf7-form init\" aria-label=\"Contact form\" novalidate=\"novalidate\" data-status=\"init\">\n<div style=\"display: none;\">\n<input type=\"hidden\" name=\"_wpcf7\" value=\"2957\" \/>\n<input type=\"hidden\" name=\"_wpcf7_version\" value=\"6.0\" \/>\n<input type=\"hidden\" name=\"_wpcf7_locale\" value=\"en_US\" \/>\n<input type=\"hidden\" name=\"_wpcf7_unit_tag\" value=\"wpcf7-f2957-o1\" \/>\n<input type=\"hidden\" name=\"_wpcf7_container_post\" value=\"0\" \/>\n<input type=\"hidden\" name=\"_wpcf7_posted_data_hash\" value=\"\" \/>\n<\/div>\n<p><label> Your name<br \/>\n<span class=\"wpcf7-form-control-wrap\" data-name=\"your-name\"><input size=\"40\" maxlength=\"400\" class=\"wpcf7-form-control wpcf7-text wpcf7-validates-as-required\" autocomplete=\"name\" aria-required=\"true\" aria-invalid=\"false\" value=\"\" type=\"text\" name=\"your-name\" \/><\/span> <\/label>\n<\/p>\n<p><label> Your email<br \/>\n<span class=\"wpcf7-form-control-wrap\" data-name=\"your-email\"><input size=\"40\" maxlength=\"400\" class=\"wpcf7-form-control wpcf7-email wpcf7-validates-as-required wpcf7-text wpcf7-validates-as-email\" autocomplete=\"email\" aria-required=\"true\" aria-invalid=\"false\" value=\"\" type=\"email\" name=\"your-email\" \/><\/span> <\/label>\n<\/p>\n<p><label> Subject<br \/>\n<span class=\"wpcf7-form-control-wrap\" data-name=\"your-subject\"><input size=\"40\" maxlength=\"400\" class=\"wpcf7-form-control wpcf7-text wpcf7-validates-as-required\" aria-required=\"true\" aria-invalid=\"false\" value=\"\" type=\"text\" name=\"your-subject\" \/><\/span> <\/label>\n<\/p>\n<p><label> Your message (optional)<br \/>\n<span class=\"wpcf7-form-control-wrap\" data-name=\"your-message\"><textarea cols=\"40\" rows=\"10\" maxlength=\"2000\" class=\"wpcf7-form-control wpcf7-textarea\" aria-invalid=\"false\" name=\"your-message\"><\/textarea><\/span> <\/label>\n<\/p>\n<p><input class=\"wpcf7-form-control wpcf7-submit has-spinner\" type=\"submit\" value=\"Send\" \/>\n<\/p><div class=\"wpcf7-response-output\" aria-hidden=\"true\"><\/div>\n<\/form>\n<\/div>\n\n","protected":false},"excerpt":{"rendered":"<p>\u00bfTe gustar\u00eda hacer un viaje de 3 d\u00edas desde Fez al desierto del S\u00e1hara? Si es as\u00ed, \u00a1has venido al lugar correcto! Este viaje es una de las experiencias m\u00e1s incre\u00edbles que puedes tener en Marruecos. Acomp\u00e1\u00f1anos mientras te llevamos a trav\u00e9s de un viaje inolvidable. 1er d\u00eda : Fez &#8211; Medio Atlas &#8211; Desierto&#8230;<\/p>\n","protected":false},"author":1,"featured_media":3020,"parent":0,"menu_order":0,"comment_status":"closed","ping_status":"closed","template":"","meta":{"_kadence_starter_templates_imported_post":false,"_kad_post_transparent":"default","_kad_post_title":"default","_kad_post_layout":"default","_kad_post_sidebar_id":"","_kad_post_content_style":"default","_kad_post_vertical_padding":"default","_kad_post_feature":"","_kad_post_feature_position":"","_kad_post_header":false,"_kad_post_footer":false,"footnotes":""},"class_list":["post-2760","page","type-page","status-publish","has-post-thumbnail","hentry"],"yoast_head":"<!-- This site is optimized with the Yoast SEO Premium plugin v19.0 (Yoast SEO v23.9) - https:\/\/yoast.com\/wordpress\/plugins\/seo\/ -->\n<title>3 d\u00edas desde Fez al desierto del S\u00e1hara<\/title>\n<meta name=\"description\" content=\"Sum\u00e9rgete en la belleza natural del Desierto del Sahara con nuestro tour de 3 d\u00edas desde Fez. Disfruta de un paseo en camello por...\" \/>\n<meta name=\"robots\" content=\"index, follow, max-snippet:-1, max-image-preview:large, max-video-preview:-1\" \/>\n<link rel=\"canonical\" href=\"https:\/\/moroccounlimitedreams.com\/es\/3-dias-desde-fez-al-desierto-del-sahara\/\" \/>\n<meta property=\"og:locale\" content=\"es_ES\" \/>\n<meta property=\"og:type\" content=\"article\" \/>\n<meta property=\"og:title\" content=\"3 d\u00edas desde Fez al desierto del S\u00e1hara\" \/>\n<meta property=\"og:description\" content=\"Sum\u00e9rgete en la belleza natural del Desierto del Sahara con nuestro tour de 3 d\u00edas desde Fez. Disfruta de un paseo en camello por...\" \/>\n<meta property=\"og:url\" content=\"https:\/\/moroccounlimitedreams.com\/es\/3-dias-desde-fez-al-desierto-del-sahara\/\" \/>\n<meta property=\"og:site_name\" content=\"Morocco Unlimited Dreams\" \/>\n<meta property=\"article:modified_time\" content=\"2023-03-23T22:17:49+00:00\" \/>\n<meta property=\"og:image\" content=\"https:\/\/moroccounlimitedreams.com\/es\/wp-content\/uploads\/2023\/02\/fes-2.jpeg\" \/>\n\t<meta property=\"og:image:width\" content=\"799\" \/>\n\t<meta property=\"og:image:height\" content=\"541\" \/>\n\t<meta property=\"og:image:type\" content=\"image\/jpeg\" \/>\n<meta name=\"twitter:card\" content=\"summary_large_image\" \/>\n<meta name=\"twitter:label1\" content=\"Tiempo de lectura\" \/>\n\t<meta name=\"twitter:data1\" content=\"4 minutos\" \/>\n<script type=\"application\/ld+json\" class=\"yoast-schema-graph\">{\"@context\":\"https:\/\/schema.org\",\"@graph\":[{\"@type\":\"WebPage\",\"@id\":\"https:\/\/moroccounlimitedreams.com\/es\/3-dias-desde-fez-al-desierto-del-sahara\/\",\"url\":\"https:\/\/moroccounlimitedreams.com\/es\/3-dias-desde-fez-al-desierto-del-sahara\/\",\"name\":\"3 d\u00edas desde Fez al desierto del S\u00e1hara\",\"isPartOf\":{\"@id\":\"https:\/\/moroccounlimitedreams.com\/es\/#website\"},\"primaryImageOfPage\":{\"@id\":\"https:\/\/moroccounlimitedreams.com\/es\/3-dias-desde-fez-al-desierto-del-sahara\/#primaryimage\"},\"image\":{\"@id\":\"https:\/\/moroccounlimitedreams.com\/es\/3-dias-desde-fez-al-desierto-del-sahara\/#primaryimage\"},\"thumbnailUrl\":\"https:\/\/moroccounlimitedreams.com\/es\/wp-content\/uploads\/2023\/02\/fes-2.jpeg\",\"datePublished\":\"2023-02-18T18:14:15+00:00\",\"dateModified\":\"2023-03-23T22:17:49+00:00\",\"description\":\"Sum\u00e9rgete en la belleza natural del Desierto del Sahara con nuestro tour de 3 d\u00edas desde Fez. Disfruta de un paseo en camello por...\",\"breadcrumb\":{\"@id\":\"https:\/\/moroccounlimitedreams.com\/es\/3-dias-desde-fez-al-desierto-del-sahara\/#breadcrumb\"},\"inLanguage\":\"es\",\"potentialAction\":[{\"@type\":\"ReadAction\",\"target\":[\"https:\/\/moroccounlimitedreams.com\/es\/3-dias-desde-fez-al-desierto-del-sahara\/\"]}]},{\"@type\":\"ImageObject\",\"inLanguage\":\"es\",\"@id\":\"https:\/\/moroccounlimitedreams.com\/es\/3-dias-desde-fez-al-desierto-del-sahara\/#primaryimage\",\"url\":\"https:\/\/moroccounlimitedreams.com\/es\/wp-content\/uploads\/2023\/02\/fes-2.jpeg\",\"contentUrl\":\"https:\/\/moroccounlimitedreams.com\/es\/wp-content\/uploads\/2023\/02\/fes-2.jpeg\",\"width\":799,\"height\":541,\"caption\":\"3 d\u00edas desde Fez al desierto del S\u00e1hara\"},{\"@type\":\"BreadcrumbList\",\"@id\":\"https:\/\/moroccounlimitedreams.com\/es\/3-dias-desde-fez-al-desierto-del-sahara\/#breadcrumb\",\"itemListElement\":[{\"@type\":\"ListItem\",\"position\":1,\"name\":\"Home\",\"item\":\"https:\/\/moroccounlimitedreams.com\/es\/\"},{\"@type\":\"ListItem\",\"position\":2,\"name\":\"3 d\u00edas desde Fez al desierto del S\u00e1hara\"}]},{\"@type\":\"WebSite\",\"@id\":\"https:\/\/moroccounlimitedreams.com\/es\/#website\",\"url\":\"https:\/\/moroccounlimitedreams.com\/es\/\",\"name\":\"Morocco Unlimited Dreams\",\"description\":\"Morocco Desert Tours - Tours &amp; Excursions in Morocco\",\"publisher\":{\"@id\":\"https:\/\/moroccounlimitedreams.com\/es\/#organization\"},\"potentialAction\":[{\"@type\":\"SearchAction\",\"target\":{\"@type\":\"EntryPoint\",\"urlTemplate\":\"https:\/\/moroccounlimitedreams.com\/es\/?s={search_term_string}\"},\"query-input\":{\"@type\":\"PropertyValueSpecification\",\"valueRequired\":true,\"valueName\":\"search_term_string\"}}],\"inLanguage\":\"es\"},{\"@type\":\"Organization\",\"@id\":\"https:\/\/moroccounlimitedreams.com\/es\/#organization\",\"name\":\"Morocco Unlimited Dreams\",\"url\":\"https:\/\/moroccounlimitedreams.com\/es\/\",\"logo\":{\"@type\":\"ImageObject\",\"inLanguage\":\"es\",\"@id\":\"https:\/\/moroccounlimitedreams.com\/es\/#\/schema\/logo\/image\/\",\"url\":\"https:\/\/moroccounlimitedreams.com\/es\/wp-content\/uploads\/2023\/12\/mrd.png\",\"contentUrl\":\"https:\/\/moroccounlimitedreams.com\/es\/wp-content\/uploads\/2023\/12\/mrd.png\",\"width\":242,\"height\":90,\"caption\":\"Morocco Unlimited Dreams\"},\"image\":{\"@id\":\"https:\/\/moroccounlimitedreams.com\/es\/#\/schema\/logo\/image\/\"}}]}<\/script>\n<!-- \/ Yoast SEO Premium plugin. -->","yoast_head_json":{"title":"3 d\u00edas desde Fez al desierto del S\u00e1hara","description":"Sum\u00e9rgete en la belleza natural del Desierto del Sahara con nuestro tour de 3 d\u00edas desde Fez. Disfruta de un paseo en camello por...","robots":{"index":"index","follow":"follow","max-snippet":"max-snippet:-1","max-image-preview":"max-image-preview:large","max-video-preview":"max-video-preview:-1"},"canonical":"https:\/\/moroccounlimitedreams.com\/es\/3-dias-desde-fez-al-desierto-del-sahara\/","og_locale":"es_ES","og_type":"article","og_title":"3 d\u00edas desde Fez al desierto del S\u00e1hara","og_description":"Sum\u00e9rgete en la belleza natural del Desierto del Sahara con nuestro tour de 3 d\u00edas desde Fez. Disfruta de un paseo en camello por...","og_url":"https:\/\/moroccounlimitedreams.com\/es\/3-dias-desde-fez-al-desierto-del-sahara\/","og_site_name":"Morocco Unlimited Dreams","article_modified_time":"2023-03-23T22:17:49+00:00","og_image":[{"width":799,"height":541,"url":"https:\/\/moroccounlimitedreams.com\/es\/wp-content\/uploads\/2023\/02\/fes-2.jpeg","type":"image\/jpeg"}],"twitter_card":"summary_large_image","twitter_misc":{"Tiempo de lectura":"4 minutos"},"schema":{"@context":"https:\/\/schema.org","@graph":[{"@type":"WebPage","@id":"https:\/\/moroccounlimitedreams.com\/es\/3-dias-desde-fez-al-desierto-del-sahara\/","url":"https:\/\/moroccounlimitedreams.com\/es\/3-dias-desde-fez-al-desierto-del-sahara\/","name":"3 d\u00edas desde Fez al desierto del S\u00e1hara","isPartOf":{"@id":"https:\/\/moroccounlimitedreams.com\/es\/#website"},"primaryImageOfPage":{"@id":"https:\/\/moroccounlimitedreams.com\/es\/3-dias-desde-fez-al-desierto-del-sahara\/#primaryimage"},"image":{"@id":"https:\/\/moroccounlimitedreams.com\/es\/3-dias-desde-fez-al-desierto-del-sahara\/#primaryimage"},"thumbnailUrl":"https:\/\/moroccounlimitedreams.com\/es\/wp-content\/uploads\/2023\/02\/fes-2.jpeg","datePublished":"2023-02-18T18:14:15+00:00","dateModified":"2023-03-23T22:17:49+00:00","description":"Sum\u00e9rgete en la belleza natural del Desierto del Sahara con nuestro tour de 3 d\u00edas desde Fez. Disfruta de un paseo en camello por...","breadcrumb":{"@id":"https:\/\/moroccounlimitedreams.com\/es\/3-dias-desde-fez-al-desierto-del-sahara\/#breadcrumb"},"inLanguage":"es","potentialAction":[{"@type":"ReadAction","target":["https:\/\/moroccounlimitedreams.com\/es\/3-dias-desde-fez-al-desierto-del-sahara\/"]}]},{"@type":"ImageObject","inLanguage":"es","@id":"https:\/\/moroccounlimitedreams.com\/es\/3-dias-desde-fez-al-desierto-del-sahara\/#primaryimage","url":"https:\/\/moroccounlimitedreams.com\/es\/wp-content\/uploads\/2023\/02\/fes-2.jpeg","contentUrl":"https:\/\/moroccounlimitedreams.com\/es\/wp-content\/uploads\/2023\/02\/fes-2.jpeg","width":799,"height":541,"caption":"3 d\u00edas desde Fez al desierto del S\u00e1hara"},{"@type":"BreadcrumbList","@id":"https:\/\/moroccounlimitedreams.com\/es\/3-dias-desde-fez-al-desierto-del-sahara\/#breadcrumb","itemListElement":[{"@type":"ListItem","position":1,"name":"Home","item":"https:\/\/moroccounlimitedreams.com\/es\/"},{"@type":"ListItem","position":2,"name":"3 d\u00edas desde Fez al desierto del S\u00e1hara"}]},{"@type":"WebSite","@id":"https:\/\/moroccounlimitedreams.com\/es\/#website","url":"https:\/\/moroccounlimitedreams.com\/es\/","name":"Morocco Unlimited Dreams","description":"Morocco Desert Tours - Tours &amp; Excursions in Morocco","publisher":{"@id":"https:\/\/moroccounlimitedreams.com\/es\/#organization"},"potentialAction":[{"@type":"SearchAction","target":{"@type":"EntryPoint","urlTemplate":"https:\/\/moroccounlimitedreams.com\/es\/?s={search_term_string}"},"query-input":{"@type":"PropertyValueSpecification","valueRequired":true,"valueName":"search_term_string"}}],"inLanguage":"es"},{"@type":"Organization","@id":"https:\/\/moroccounlimitedreams.com\/es\/#organization","name":"Morocco Unlimited Dreams","url":"https:\/\/moroccounlimitedreams.com\/es\/","logo":{"@type":"ImageObject","inLanguage":"es","@id":"https:\/\/moroccounlimitedreams.com\/es\/#\/schema\/logo\/image\/","url":"https:\/\/moroccounlimitedreams.com\/es\/wp-content\/uploads\/2023\/12\/mrd.png","contentUrl":"https:\/\/moroccounlimitedreams.com\/es\/wp-content\/uploads\/2023\/12\/mrd.png","width":242,"height":90,"caption":"Morocco Unlimited Dreams"},"image":{"@id":"https:\/\/moroccounlimitedreams.com\/es\/#\/schema\/logo\/image\/"}}]}},"_links":{"self":[{"href":"https:\/\/moroccounlimitedreams.com\/es\/wp-json\/wp\/v2\/pages\/2760","targetHints":{"allow":["GET"]}}],"collection":[{"href":"https:\/\/moroccounlimitedreams.com\/es\/wp-json\/wp\/v2\/pages"}],"about":[{"href":"https:\/\/moroccounlimitedreams.com\/es\/wp-json\/wp\/v2\/types\/page"}],"author":[{"embeddable":true,"href":"https:\/\/moroccounlimitedreams.com\/es\/wp-json\/wp\/v2\/users\/1"}],"replies":[{"embeddable":true,"href":"https:\/\/moroccounlimitedreams.com\/es\/wp-json\/wp\/v2\/comments?post=2760"}],"version-history":[{"count":7,"href":"https:\/\/moroccounlimitedreams.com\/es\/wp-json\/wp\/v2\/pages\/2760\/revisions"}],"predecessor-version":[{"id":3241,"href":"https:\/\/moroccounlimitedreams.com\/es\/wp-json\/wp\/v2\/pages\/2760\/revisions\/3241"}],"wp:featuredmedia":[{"embeddable":true,"href":"https:\/\/moroccounlimitedreams.com\/es\/wp-json\/wp\/v2\/media\/3020"}],"wp:attachment":[{"href":"https:\/\/moroccounlimitedreams.com\/es\/wp-json\/wp\/v2\/media?parent=2760"}],"curies":[{"name":"wp","href":"https:\/\/api.w.org\/{rel}","templated":true}]}}