{"id":2751,"date":"2023-02-18T18:11:14","date_gmt":"2023-02-18T18:11:14","guid":{"rendered":"https:\/\/moroccounlimitedreams.com\/?page_id=2751"},"modified":"2023-03-23T23:30:59","modified_gmt":"2023-03-23T23:30:59","slug":"8-dias-desde-casablanca-ciudades-imperiales-al-desierto","status":"publish","type":"page","link":"https:\/\/moroccounlimitedreams.com\/es\/8-dias-desde-casablanca-ciudades-imperiales-al-desierto\/","title":{"rendered":"8 d\u00edas desde Casablanca Ciudades Imperiales al Desierto"},"content":{"rendered":"<p>\u00a1Prep\u00e1rate para un emocionante viaje de 8 d\u00edas desde Casablanca a las ciudades imperiales y el desierto de Marruecos! Si est\u00e1s buscando una experiencia \u00fanica e inolvidable en Marruecos, este itinerario es perfecto para ti.<\/p>\n<p>En este art\u00edculo, te llevaremos a trav\u00e9s de las impresionantes ciudades imperiales de Marruecos, incluyendo Rabat, Meknes, Fes y Marrakech. Experimentar\u00e1s la historia y la cultura de Marruecos mientras te mueves por los zocos medievales, los palacios reales, los museos y las antiguas ruinas romanas.<\/p>\n<h4>D\u00eda 1 : Llegada a Casablanca &#8211; Rabat &#8211; Meknes<\/h4>\n<p>A su llegada o recogida en su hotel en Casablanca. Visitaremos la mezquita Hassan II, punto de referencia de Casablanca y \u00fanica mezquita abierta a los no musulmanes. La mezquita de Hassan II ser\u00e1 la primera introducci\u00f3n de las influencias moriscas en Marruecos. Fue construida por el rey Hassan II entre 1987 y 1993. M\u00e1s de 25 mil fieles pueden rezar en su interior y 80 mil rezan en el exterior, en la gran plaza de la mezquita.<\/p>\n<p>Viajamos a Rabat visitar algunos sitios hist\u00f3ricos como Chellah encantador lugar en Rabat donde se ve una impresionante combinaci\u00f3n de restos romanos y merin\u00edes. Usted tiene la mezquita inacabada Torre Hassan y la pieza de arte mausoleo Mohamed 5 \u00aa para visitar. Despu\u00e9s de la visita de Rabat nos trasladamos a la siguiente ciudad Meknes. Fue construida por el sult\u00e1n Moulay Ismael en el siglo XVIII, famosa por sus hermosas puertas, mezquitas y madrasas. Alojamiento en Meknes.<\/p>\n<h4>D\u00eda 2 : Meknes &#8211; Volubilis &#8211; Fez<\/h4>\n<p>A la ma\u00f1ana siguiente, despu\u00e9s de un buen desayuno, comenzaremos nuestra visita de Meknes con el granero Sahrij Swani. Se utiliza para almacenar alimentos y agua para el \u00bbEj\u00e9rcito negro\u00bb del sult\u00e1n Moulay Ismael. Podremos visitar el mausoleo del sult\u00e1n y admirar el estilo \u00e1rabe-andalus\u00ed. Echaremos un vistazo a la tremenda puerta de Bab Mansour. A s\u00f3lo 30 km de Meknes descubriremos Volubilis, un yacimiento arqueol\u00f3gico romano muy bien conservado que figura en la lista de UNISCO (1997) y del que quedan asombrosos mosaicos, cientos de inscripciones latinas y materiales art\u00edsticos. Nuestro viaje de hoy terminar\u00e1 en Fez.<\/p>\n<h4>D\u00eda 3 : Fez<\/h4>\n<p>Despu\u00e9s del desayuno, nos reuniremos con nuestro gu\u00eda local de Fez para explorar la antigua medina medieval de Fez y la 1\u00aa ciudad imperial, un verdadero laberinto de m\u00e1s de 9000 callejuelas que merece ser la capital intelectual y cultural del reino. M\u00e9zclese con los fasi en estas calles llenas de art\u00edculos , colores y burros cargados de mercanc\u00edas . Las curtidur\u00edas, famosas en Fez, son uno de los puntos \u00e1lgidos de la excursi\u00f3n, donde podr\u00e1 ver a los lugare\u00f1os trabajando las pieles de cabra, l\u00e1mpara, camello y vaca en peque\u00f1as fosas. Tambi\u00e9n podr\u00e1 degustar algunos platos especiales de la cocina de Fez. Disfrutar\u00e1 de una vista panor\u00e1mica de la torre sur de Fez y visitar\u00e1 la cooperativa de alfarer\u00eda, donde se fabrican azulejos y mosaicos marroqu\u00edes, o quiz\u00e1 prefiera asistir a una cena espect\u00e1culo con bailarinas del vientre para terminar su visita a Fez.<\/p>\n<h4>D\u00eda 4 : Fez &#8211; Ifrane &#8211; Azrou &#8211; Midelt &#8211; Desierto de <a href=\"https:\/\/moroccounlimitedreams.com\/es\/11-dias-desde-tanger-fez-merzouga-a-marrakech\/\">Merzouga<\/a><\/h4>\n<p>Vamos a dejar el Fes medieval y nos dirigimos a otra parte de Marruecos. Cruzando las monta\u00f1as del Atlas Medio, nos detendremos para un breve descanso en Ifran o la peque\u00f1a Suiza, donde se encuentra la primera estaci\u00f3n de esqu\u00ed en Marruecos. Estaremos rodeados de incre\u00edbles escenarios y paisajes de monta\u00f1as y llanuras. Una especie especial de monos nativos que viven en los bosques de cedro, m\u00e1s de 30 miembros en una familia llamada monos Maggot en Azrou. Almorzaremos en Midelt, donde cada a\u00f1o se celebra el festival de las manzanas. Hay un gran contraste de paisajes especialmente cuando conducimos a trav\u00e9s del valle de Ziz para llegar a Arfoud ,la puerta del sahara, a Merzouga.<\/p>\n<h4>D\u00eda 5 : Merzouga &#8211; Gargantas del Todra &#8211; Gargantas del Dades &#8211; Palmerales de Skoura Ouarzazate<\/h4>\n<p>Despu\u00e9s de desayunar dejaremos el sahara y nos dirigiremos hacia el antiguo sistema de irrigaci\u00f3n que todav\u00eda se utiliza en el oasis de Eljerf. Un descanso en el camino en Tinjidad. Almorzaremos en el valle de Toudra. Es considerado como uno de los valles m\u00e1s antiguos de Marruecos para el comercio de caravanas y donde el primer dinero marroqu\u00ed fue hecho de plata.un hermoso valle de 15 km de palmeras datileras termina con un espectacular Gorges, utilizado principalmente para la escalada en roca y picnics.<\/p>\n<p>Nos embarcamos en el valle del Dades, que tiene una asombrosa formaci\u00f3n rocosa hecha por millones de a\u00f1os de erosi\u00f3n. Cruzamos m\u00e1s Valle de las Rosas, el \u00fanico lugar en Marruecos donde se cosecha la rosa de Damasco en la que se extraen algunos productos como el agua de rosas y aceite de rosa mejor para el tratamiento de la piel y anti-arrugas. Noche en Ouarzazate.<\/p>\n<h4>D\u00eda 6 : Ouarzazate &#8211; Ait Ben Haddou &#8211; Telouet &#8211; Marrakech<\/h4>\n<p>A la ma\u00f1ana siguiente hay dos lugares que visitar en esta ciudad cinematogr\u00e1fica. Taourirte Kasbah que es una imagen real de la arquitectura bereber hecha de arcilla y paja y el estudio de cine. A nuestra llegada al pueblo de Ait Ben Haddou daremos un paseo para visitar este antiguo pueblo. Un antiguo pueblo donde se hizo una lista de cr\u00e9ditos cinematogr\u00e1ficos empezando por las primeras pel\u00edculas \u00abLawrence de Arabia\u00bb, \u00abJes\u00fas de Nazaret\u00bb, \u00abGladiator\u00bb y la lista sigue. Tambi\u00e9n figura en la lista de UNISCO como sitio de la cultura mundial y nacional en 1987. A continuaci\u00f3n nos dirigiremos a la gran fortaleza de Telouet Kasbah, construida por el se\u00f1or del atlas Thami Pasha y que fue centro comercial de caravanas. Viajaremos hacia el norte de las monta\u00f1as del Alto Atlas a trav\u00e9s de Tizi-n-Tichka (2260m), una espectacular carretera de monta\u00f1as rojas y pueblos bereberes hasta Marrakech.<\/p>\n<h4>D\u00eda 7 : Marrakech<\/h4>\n<p>Para la visita de la ciudad de Marrakech que va con el gu\u00eda local. Visitar\u00e1 el palacio Bahia; construido por Bahmad Gran visir de Marrakech con sus incre\u00edbles mosaicos y estuco y escuchar algunas historias interesantes sobre 4 esposas y las 24 concubinas. La extraordinaria arquitectura de la Tumba Saadiana, necr\u00f3polis real del siglo XVII. Pasar un buen rato en los famosos zocos de Marrakech; le gustar\u00e1n los diferentes olores, colores, temas y lo grandes que son los zocos de Marrakech. El jard\u00edn Jack Majorelle, un lugar tranquilo en la ville nouvelle, contiene plantas bot\u00e1nicas y ex\u00f3ticas tra\u00eddas de todo el mundo, con el azul \u00edndigo dominante para pintar la pared.Terminar\u00e1 su recorrido en la plaza Jamaa Elfana. Un lugar bullicioso donde hay encantadores de serpientes, monos, puestos de comida y m\u00fasicos, \u00a1\u00a1\u00a1la plaza m\u00e1s animada de Marrakech!!!<\/p>\n<h4>D\u00eda 8 : Marrakech &#8211; Casablanca<\/h4>\n<p>Cuando est\u00e9s listo tendr\u00e1s un traslado al aeropuerto de Marrakech o al aeropuerto de Casablanca y ser\u00e1 el final de ciudades imperiales 8 d\u00edas en Marruecos.<\/p>\n\n<div class=\"wpcf7 no-js\" id=\"wpcf7-f2957-o1\" lang=\"en-US\" dir=\"ltr\" data-wpcf7-id=\"2957\">\n<div class=\"screen-reader-response\"><p role=\"status\" aria-live=\"polite\" aria-atomic=\"true\"><\/p> <ul><\/ul><\/div>\n<form action=\"\/es\/wp-json\/wp\/v2\/pages\/2751#wpcf7-f2957-o1\" method=\"post\" class=\"wpcf7-form init\" aria-label=\"Contact form\" novalidate=\"novalidate\" data-status=\"init\">\n<div style=\"display: none;\">\n<input type=\"hidden\" name=\"_wpcf7\" value=\"2957\" \/>\n<input type=\"hidden\" name=\"_wpcf7_version\" value=\"6.0\" \/>\n<input type=\"hidden\" name=\"_wpcf7_locale\" value=\"en_US\" \/>\n<input type=\"hidden\" name=\"_wpcf7_unit_tag\" value=\"wpcf7-f2957-o1\" \/>\n<input type=\"hidden\" name=\"_wpcf7_container_post\" value=\"0\" \/>\n<input type=\"hidden\" name=\"_wpcf7_posted_data_hash\" value=\"\" \/>\n<\/div>\n<p><label> Your name<br \/>\n<span class=\"wpcf7-form-control-wrap\" data-name=\"your-name\"><input size=\"40\" maxlength=\"400\" class=\"wpcf7-form-control wpcf7-text wpcf7-validates-as-required\" autocomplete=\"name\" aria-required=\"true\" aria-invalid=\"false\" value=\"\" type=\"text\" name=\"your-name\" \/><\/span> <\/label>\n<\/p>\n<p><label> Your email<br \/>\n<span class=\"wpcf7-form-control-wrap\" data-name=\"your-email\"><input size=\"40\" maxlength=\"400\" class=\"wpcf7-form-control wpcf7-email wpcf7-validates-as-required wpcf7-text wpcf7-validates-as-email\" autocomplete=\"email\" aria-required=\"true\" aria-invalid=\"false\" value=\"\" type=\"email\" name=\"your-email\" \/><\/span> <\/label>\n<\/p>\n<p><label> Subject<br \/>\n<span class=\"wpcf7-form-control-wrap\" data-name=\"your-subject\"><input size=\"40\" maxlength=\"400\" class=\"wpcf7-form-control wpcf7-text wpcf7-validates-as-required\" aria-required=\"true\" aria-invalid=\"false\" value=\"\" type=\"text\" name=\"your-subject\" \/><\/span> <\/label>\n<\/p>\n<p><label> Your message (optional)<br \/>\n<span class=\"wpcf7-form-control-wrap\" data-name=\"your-message\"><textarea cols=\"40\" rows=\"10\" maxlength=\"2000\" class=\"wpcf7-form-control wpcf7-textarea\" aria-invalid=\"false\" name=\"your-message\"><\/textarea><\/span> <\/label>\n<\/p>\n<p><input class=\"wpcf7-form-control wpcf7-submit has-spinner\" type=\"submit\" value=\"Send\" \/>\n<\/p><div class=\"wpcf7-response-output\" aria-hidden=\"true\"><\/div>\n<\/form>\n<\/div>\n\n","protected":false},"excerpt":{"rendered":"<p>\u00a1Prep\u00e1rate para un emocionante viaje de 8 d\u00edas desde Casablanca a las ciudades imperiales y el desierto de Marruecos! Si est\u00e1s buscando una experiencia \u00fanica e inolvidable en Marruecos, este itinerario es perfecto para ti. En este art\u00edculo, te llevaremos a trav\u00e9s de las impresionantes ciudades imperiales de Marruecos, incluyendo Rabat, Meknes, Fes y Marrakech&#8230;.<\/p>\n","protected":false},"author":1,"featured_media":3023,"parent":0,"menu_order":0,"comment_status":"closed","ping_status":"closed","template":"","meta":{"_kadence_starter_templates_imported_post":false,"_kad_post_transparent":"default","_kad_post_title":"default","_kad_post_layout":"default","_kad_post_sidebar_id":"","_kad_post_content_style":"default","_kad_post_vertical_padding":"default","_kad_post_feature":"","_kad_post_feature_position":"","_kad_post_header":false,"_kad_post_footer":false,"footnotes":""},"class_list":["post-2751","page","type-page","status-publish","has-post-thumbnail","hentry"],"yoast_head":"<!-- This site is optimized with the Yoast SEO Premium plugin v19.0 (Yoast SEO v23.9) - https:\/\/yoast.com\/wordpress\/plugins\/seo\/ -->\n<title>8 d\u00edas desde Casablanca Ciudades Imperiales al Desierto<\/title>\n<meta name=\"description\" content=\"Explore las majestuosas ciudades imperiales de Marruecos y sum\u00e9rjase en impresionantes desiertos en este viaje de 8 d\u00edas desde Casablanca\" \/>\n<meta name=\"robots\" content=\"index, follow, max-snippet:-1, max-image-preview:large, max-video-preview:-1\" \/>\n<link rel=\"canonical\" href=\"https:\/\/moroccounlimitedreams.com\/es\/8-dias-desde-casablanca-ciudades-imperiales-al-desierto\/\" \/>\n<meta property=\"og:locale\" content=\"es_ES\" \/>\n<meta property=\"og:type\" content=\"article\" \/>\n<meta property=\"og:title\" content=\"8 d\u00edas desde Casablanca Ciudades Imperiales al Desierto\" \/>\n<meta property=\"og:description\" content=\"Explore las majestuosas ciudades imperiales de Marruecos y sum\u00e9rjase en impresionantes desiertos en este viaje de 8 d\u00edas desde Casablanca\" \/>\n<meta property=\"og:url\" content=\"https:\/\/moroccounlimitedreams.com\/es\/8-dias-desde-casablanca-ciudades-imperiales-al-desierto\/\" \/>\n<meta property=\"og:site_name\" content=\"Morocco Unlimited Dreams\" \/>\n<meta property=\"article:modified_time\" content=\"2023-03-23T23:30:59+00:00\" \/>\n<meta property=\"og:image\" content=\"https:\/\/moroccounlimitedreams.com\/es\/wp-content\/uploads\/2023\/02\/casa-1.jpeg\" \/>\n\t<meta property=\"og:image:width\" content=\"800\" \/>\n\t<meta property=\"og:image:height\" content=\"600\" \/>\n\t<meta property=\"og:image:type\" content=\"image\/jpeg\" \/>\n<meta name=\"twitter:card\" content=\"summary_large_image\" \/>\n<meta name=\"twitter:label1\" content=\"Tiempo de lectura\" \/>\n\t<meta name=\"twitter:data1\" content=\"6 minutos\" \/>\n<script type=\"application\/ld+json\" class=\"yoast-schema-graph\">{\"@context\":\"https:\/\/schema.org\",\"@graph\":[{\"@type\":\"WebPage\",\"@id\":\"https:\/\/moroccounlimitedreams.com\/es\/8-dias-desde-casablanca-ciudades-imperiales-al-desierto\/\",\"url\":\"https:\/\/moroccounlimitedreams.com\/es\/8-dias-desde-casablanca-ciudades-imperiales-al-desierto\/\",\"name\":\"8 d\u00edas desde Casablanca Ciudades Imperiales al Desierto\",\"isPartOf\":{\"@id\":\"https:\/\/moroccounlimitedreams.com\/es\/#website\"},\"primaryImageOfPage\":{\"@id\":\"https:\/\/moroccounlimitedreams.com\/es\/8-dias-desde-casablanca-ciudades-imperiales-al-desierto\/#primaryimage\"},\"image\":{\"@id\":\"https:\/\/moroccounlimitedreams.com\/es\/8-dias-desde-casablanca-ciudades-imperiales-al-desierto\/#primaryimage\"},\"thumbnailUrl\":\"https:\/\/moroccounlimitedreams.com\/es\/wp-content\/uploads\/2023\/02\/casa-1.jpeg\",\"datePublished\":\"2023-02-18T18:11:14+00:00\",\"dateModified\":\"2023-03-23T23:30:59+00:00\",\"description\":\"Explore las majestuosas ciudades imperiales de Marruecos y sum\u00e9rjase en impresionantes desiertos en este viaje de 8 d\u00edas desde Casablanca\",\"breadcrumb\":{\"@id\":\"https:\/\/moroccounlimitedreams.com\/es\/8-dias-desde-casablanca-ciudades-imperiales-al-desierto\/#breadcrumb\"},\"inLanguage\":\"es\",\"potentialAction\":[{\"@type\":\"ReadAction\",\"target\":[\"https:\/\/moroccounlimitedreams.com\/es\/8-dias-desde-casablanca-ciudades-imperiales-al-desierto\/\"]}]},{\"@type\":\"ImageObject\",\"inLanguage\":\"es\",\"@id\":\"https:\/\/moroccounlimitedreams.com\/es\/8-dias-desde-casablanca-ciudades-imperiales-al-desierto\/#primaryimage\",\"url\":\"https:\/\/moroccounlimitedreams.com\/es\/wp-content\/uploads\/2023\/02\/casa-1.jpeg\",\"contentUrl\":\"https:\/\/moroccounlimitedreams.com\/es\/wp-content\/uploads\/2023\/02\/casa-1.jpeg\",\"width\":800,\"height\":600,\"caption\":\"8 d\u00edas desde Casablanca Ciudades Imperiales al Desierto\"},{\"@type\":\"BreadcrumbList\",\"@id\":\"https:\/\/moroccounlimitedreams.com\/es\/8-dias-desde-casablanca-ciudades-imperiales-al-desierto\/#breadcrumb\",\"itemListElement\":[{\"@type\":\"ListItem\",\"position\":1,\"name\":\"Home\",\"item\":\"https:\/\/moroccounlimitedreams.com\/es\/\"},{\"@type\":\"ListItem\",\"position\":2,\"name\":\"8 d\u00edas desde Casablanca Ciudades Imperiales al Desierto\"}]},{\"@type\":\"WebSite\",\"@id\":\"https:\/\/moroccounlimitedreams.com\/es\/#website\",\"url\":\"https:\/\/moroccounlimitedreams.com\/es\/\",\"name\":\"Morocco Unlimited Dreams\",\"description\":\"Morocco Desert Tours - Tours &amp; Excursions in Morocco\",\"publisher\":{\"@id\":\"https:\/\/moroccounlimitedreams.com\/es\/#organization\"},\"potentialAction\":[{\"@type\":\"SearchAction\",\"target\":{\"@type\":\"EntryPoint\",\"urlTemplate\":\"https:\/\/moroccounlimitedreams.com\/es\/?s={search_term_string}\"},\"query-input\":{\"@type\":\"PropertyValueSpecification\",\"valueRequired\":true,\"valueName\":\"search_term_string\"}}],\"inLanguage\":\"es\"},{\"@type\":\"Organization\",\"@id\":\"https:\/\/moroccounlimitedreams.com\/es\/#organization\",\"name\":\"Morocco Unlimited Dreams\",\"url\":\"https:\/\/moroccounlimitedreams.com\/es\/\",\"logo\":{\"@type\":\"ImageObject\",\"inLanguage\":\"es\",\"@id\":\"https:\/\/moroccounlimitedreams.com\/es\/#\/schema\/logo\/image\/\",\"url\":\"https:\/\/moroccounlimitedreams.com\/es\/wp-content\/uploads\/2023\/12\/mrd.png\",\"contentUrl\":\"https:\/\/moroccounlimitedreams.com\/es\/wp-content\/uploads\/2023\/12\/mrd.png\",\"width\":242,\"height\":90,\"caption\":\"Morocco Unlimited Dreams\"},\"image\":{\"@id\":\"https:\/\/moroccounlimitedreams.com\/es\/#\/schema\/logo\/image\/\"}}]}<\/script>\n<!-- \/ Yoast SEO Premium plugin. -->","yoast_head_json":{"title":"8 d\u00edas desde Casablanca Ciudades Imperiales al Desierto","description":"Explore las majestuosas ciudades imperiales de Marruecos y sum\u00e9rjase en impresionantes desiertos en este viaje de 8 d\u00edas desde Casablanca","robots":{"index":"index","follow":"follow","max-snippet":"max-snippet:-1","max-image-preview":"max-image-preview:large","max-video-preview":"max-video-preview:-1"},"canonical":"https:\/\/moroccounlimitedreams.com\/es\/8-dias-desde-casablanca-ciudades-imperiales-al-desierto\/","og_locale":"es_ES","og_type":"article","og_title":"8 d\u00edas desde Casablanca Ciudades Imperiales al Desierto","og_description":"Explore las majestuosas ciudades imperiales de Marruecos y sum\u00e9rjase en impresionantes desiertos en este viaje de 8 d\u00edas desde Casablanca","og_url":"https:\/\/moroccounlimitedreams.com\/es\/8-dias-desde-casablanca-ciudades-imperiales-al-desierto\/","og_site_name":"Morocco Unlimited Dreams","article_modified_time":"2023-03-23T23:30:59+00:00","og_image":[{"width":800,"height":600,"url":"https:\/\/moroccounlimitedreams.com\/es\/wp-content\/uploads\/2023\/02\/casa-1.jpeg","type":"image\/jpeg"}],"twitter_card":"summary_large_image","twitter_misc":{"Tiempo de lectura":"6 minutos"},"schema":{"@context":"https:\/\/schema.org","@graph":[{"@type":"WebPage","@id":"https:\/\/moroccounlimitedreams.com\/es\/8-dias-desde-casablanca-ciudades-imperiales-al-desierto\/","url":"https:\/\/moroccounlimitedreams.com\/es\/8-dias-desde-casablanca-ciudades-imperiales-al-desierto\/","name":"8 d\u00edas desde Casablanca Ciudades Imperiales al Desierto","isPartOf":{"@id":"https:\/\/moroccounlimitedreams.com\/es\/#website"},"primaryImageOfPage":{"@id":"https:\/\/moroccounlimitedreams.com\/es\/8-dias-desde-casablanca-ciudades-imperiales-al-desierto\/#primaryimage"},"image":{"@id":"https:\/\/moroccounlimitedreams.com\/es\/8-dias-desde-casablanca-ciudades-imperiales-al-desierto\/#primaryimage"},"thumbnailUrl":"https:\/\/moroccounlimitedreams.com\/es\/wp-content\/uploads\/2023\/02\/casa-1.jpeg","datePublished":"2023-02-18T18:11:14+00:00","dateModified":"2023-03-23T23:30:59+00:00","description":"Explore las majestuosas ciudades imperiales de Marruecos y sum\u00e9rjase en impresionantes desiertos en este viaje de 8 d\u00edas desde Casablanca","breadcrumb":{"@id":"https:\/\/moroccounlimitedreams.com\/es\/8-dias-desde-casablanca-ciudades-imperiales-al-desierto\/#breadcrumb"},"inLanguage":"es","potentialAction":[{"@type":"ReadAction","target":["https:\/\/moroccounlimitedreams.com\/es\/8-dias-desde-casablanca-ciudades-imperiales-al-desierto\/"]}]},{"@type":"ImageObject","inLanguage":"es","@id":"https:\/\/moroccounlimitedreams.com\/es\/8-dias-desde-casablanca-ciudades-imperiales-al-desierto\/#primaryimage","url":"https:\/\/moroccounlimitedreams.com\/es\/wp-content\/uploads\/2023\/02\/casa-1.jpeg","contentUrl":"https:\/\/moroccounlimitedreams.com\/es\/wp-content\/uploads\/2023\/02\/casa-1.jpeg","width":800,"height":600,"caption":"8 d\u00edas desde Casablanca Ciudades Imperiales al Desierto"},{"@type":"BreadcrumbList","@id":"https:\/\/moroccounlimitedreams.com\/es\/8-dias-desde-casablanca-ciudades-imperiales-al-desierto\/#breadcrumb","itemListElement":[{"@type":"ListItem","position":1,"name":"Home","item":"https:\/\/moroccounlimitedreams.com\/es\/"},{"@type":"ListItem","position":2,"name":"8 d\u00edas desde Casablanca Ciudades Imperiales al Desierto"}]},{"@type":"WebSite","@id":"https:\/\/moroccounlimitedreams.com\/es\/#website","url":"https:\/\/moroccounlimitedreams.com\/es\/","name":"Morocco Unlimited Dreams","description":"Morocco Desert Tours - Tours &amp; Excursions in Morocco","publisher":{"@id":"https:\/\/moroccounlimitedreams.com\/es\/#organization"},"potentialAction":[{"@type":"SearchAction","target":{"@type":"EntryPoint","urlTemplate":"https:\/\/moroccounlimitedreams.com\/es\/?s={search_term_string}"},"query-input":{"@type":"PropertyValueSpecification","valueRequired":true,"valueName":"search_term_string"}}],"inLanguage":"es"},{"@type":"Organization","@id":"https:\/\/moroccounlimitedreams.com\/es\/#organization","name":"Morocco Unlimited Dreams","url":"https:\/\/moroccounlimitedreams.com\/es\/","logo":{"@type":"ImageObject","inLanguage":"es","@id":"https:\/\/moroccounlimitedreams.com\/es\/#\/schema\/logo\/image\/","url":"https:\/\/moroccounlimitedreams.com\/es\/wp-content\/uploads\/2023\/12\/mrd.png","contentUrl":"https:\/\/moroccounlimitedreams.com\/es\/wp-content\/uploads\/2023\/12\/mrd.png","width":242,"height":90,"caption":"Morocco Unlimited Dreams"},"image":{"@id":"https:\/\/moroccounlimitedreams.com\/es\/#\/schema\/logo\/image\/"}}]}},"_links":{"self":[{"href":"https:\/\/moroccounlimitedreams.com\/es\/wp-json\/wp\/v2\/pages\/2751","targetHints":{"allow":["GET"]}}],"collection":[{"href":"https:\/\/moroccounlimitedreams.com\/es\/wp-json\/wp\/v2\/pages"}],"about":[{"href":"https:\/\/moroccounlimitedreams.com\/es\/wp-json\/wp\/v2\/types\/page"}],"author":[{"embeddable":true,"href":"https:\/\/moroccounlimitedreams.com\/es\/wp-json\/wp\/v2\/users\/1"}],"replies":[{"embeddable":true,"href":"https:\/\/moroccounlimitedreams.com\/es\/wp-json\/wp\/v2\/comments?post=2751"}],"version-history":[{"count":7,"href":"https:\/\/moroccounlimitedreams.com\/es\/wp-json\/wp\/v2\/pages\/2751\/revisions"}],"predecessor-version":[{"id":3252,"href":"https:\/\/moroccounlimitedreams.com\/es\/wp-json\/wp\/v2\/pages\/2751\/revisions\/3252"}],"wp:featuredmedia":[{"embeddable":true,"href":"https:\/\/moroccounlimitedreams.com\/es\/wp-json\/wp\/v2\/media\/3023"}],"wp:attachment":[{"href":"https:\/\/moroccounlimitedreams.com\/es\/wp-json\/wp\/v2\/media?parent=2751"}],"curies":[{"name":"wp","href":"https:\/\/api.w.org\/{rel}","templated":true}]}}