{"id":2749,"date":"2023-02-18T18:10:41","date_gmt":"2023-02-18T18:10:41","guid":{"rendered":"https:\/\/moroccounlimitedreams.com\/?page_id=2749"},"modified":"2023-03-23T21:44:50","modified_gmt":"2023-03-23T21:44:50","slug":"12-dias-ciudades-imperiales-y-desierto-desde-casablanca","status":"publish","type":"page","link":"https:\/\/moroccounlimitedreams.com\/es\/12-dias-ciudades-imperiales-y-desierto-desde-casablanca\/","title":{"rendered":"12 d\u00edas Ciudades Imperiales y Desierto desde Casablanca"},"content":{"rendered":"<h4>1er D\u00eda : Llegada al aeropuerto de Casablanca<\/h4>\n<p>Traslado desde el aeropuerto de Casablanca a un hotel.<\/p>\n<h4>2\u00ba D\u00eda : Casablanca &#8211; Rabat<\/h4>\n<p>En Casablanca veremos la Mezquita de Hassan II, la m\u00e1s grande fuera de La Meca y conoceremos la costa de Cornualles. Despu\u00e9s, partiremos hacia Rabat. Aqu\u00ed ver\u00e1 la Torre Hassan y la Kasbah Oudaya, antes de registrarse en su riad en la Medina. Alojamiento en Riad.<\/p>\n<h4>D\u00eda 3 : Rabat &#8211; Meknes &#8211; Volubilis &#8211; Fes<\/h4>\n<p>Tras desayunar en su riad, emprender\u00e1 viaje a Fez pasando por Meknes y Volubilis. En Meknes, otra importante ciudad imperial de Marruecos, conocida como la capital ismaelita de Marruecos, ver\u00e1 la famosa puerta Bab Mansour, el Sahrij Souani Bassin y el Mausoleo de Mulay Ismail. Despu\u00e9s del almuerzo, el viaje contin\u00faa hacia la ciudad romana de Volubilis, donde tendr\u00e1 la oportunidad de ver los mosaicos originales maravillosamente conservados, la calzada romana y el trazado de la ciudad. Mientras viaja por la campi\u00f1a marroqu\u00ed, pasar\u00e1 por la Ciudad Santa de Moulay Idriss, donde tendr\u00e1 la oportunidad de hacerse una foto. Llegaremos a Fez al final de la tarde y nos registraremos en nuestro riad de la Medina. Alojamiento en riad.<\/p>\n<h4>D\u00eda 4 : D\u00eda completo explorando Fez<\/h4>\n<p>Desayuno en su riad y, a continuaci\u00f3n, inicio de un viaje de exploraci\u00f3n de la Medina donde visitar\u00e1 los numerosos tesoros ocultos que s\u00f3lo los habitantes del lugar conocen. Fez fue capital de Marruecos durante m\u00e1s de 350 a\u00f1os y alberga la Universidad de Al Karaouine, la m\u00e1s antigua del mundo en funcionamiento. Su visita guiada le llevar\u00e1 al mausoleo de Moulay Idriss, las Fuentes Nejjarine y las Tener\u00edas. Despu\u00e9s del almuerzo, tambi\u00e9n podr\u00e1 contemplar el exterior del Palacio Real y pasear por el famoso barrio jud\u00edo \u00abla Mellah\u00bb, donde tendr\u00e1 la opci\u00f3n de visitar una de las pocas sinagogas vivas de Marruecos. Su recorrido por Fez incluye una breve visita a la famosa f\u00e1brica de cer\u00e1mica, y luego podr\u00e1 disfrutar de una maravillosa vista panor\u00e1mica sobre toda la Medina de Fez.Alojamiento en su riad.<\/p>\n<h4>5\u00ba d\u00eda : Fez &#8211; Azrou &#8211; Midelt &#8211; Valle del Ziz &#8211; Desierto de Merzouga<\/h4>\n<p>Despu\u00e9s del desayuno en su riad, saldr\u00e1 hacia el sureste siguiendo los caminos de las caravanas hacia Merzouga. Durante este trayecto podr\u00e1 contemplar las monta\u00f1as del Medio Atlas y del Alto Atlas. Parada en el bosque de cedros, el mayor de Marruecos, sobre las monta\u00f1as del Atlas Medio, donde es muy posible que avistes monos b\u00e1rbaros. Tras almorzar en Midelt, continuar\u00e1 a trav\u00e9s del gran desierto abierto de altura, y observar\u00e1 c\u00f3mo el paisaje cambia para revelar indicios del desierto a medida que se acerca a la ciudad Er Rachidia. El viaje contin\u00faa por el frondoso valle del Ziz y el palmeral de Tafilalet, famoso por el cultivo de d\u00e1tiles. Esta zona es la base de la dinast\u00eda alau\u00ed, actual familia real reinante en Marruecos. Llegar\u00e1 a Merzouga a \u00faltima hora de la tarde, donde le recibir\u00e1n con un vaso de t\u00e9 a la menta antes de registrarse en su riad.<\/p>\n<h4>6\u00ba d\u00eda: Merzouga &#8211; Excursi\u00f3n a camello y noche en tienda bereber<\/h4>\n<p>Tras desayunar en el riad, iniciar\u00e1 un viaje de exploraci\u00f3n de la zona. Visitar\u00e1 al pueblo gnawa -originalmente esclavos tra\u00eddos de Sud\u00e1n- para conocer su m\u00fasica y estilo de vida. No muy lejos est\u00e1 el lago de Merzouga, con sus poblaciones de aves. Tambi\u00e9n podr\u00e1 visitar el zoco de Rissani , ciudad tradicional origen de la familia reinante en Marruecos y punto de encuentro de las caravanas que comerciaban hasta Timbuct\u00fa, en Mali. Aqu\u00ed ver\u00e1 a muchos hombres encapuchados y mujeres con velo. De vuelta al pueblo de Merzouga para descansar un poco, por la tarde montar\u00e1 en su camello, guiado por un camellero experimentado para explorar dentro del mar de arena de Merzouga. Pasar\u00e1 la noche en nuestro campamento del desierto, donde cenar\u00e1. Para su comodidad, el campamento est\u00e1 equipado con ba\u00f1os occidentales.<\/p>\n<h4>7\u00ba d\u00eda : Desierto de Merzouga &#8211; Gargantas del Todra &#8211; Palmerales de Tinghir &#8211; Gargantas del Dades<\/h4>\n<p>Temprano por la ma\u00f1ana, su gu\u00eda de camellos le despertar\u00e1 para ver lo que bien puede ser el mejor amanecer de su vida. Tras el amanecer, regresar\u00e1 a pie al pueblo de Merzouga. Por el camino no podr\u00e1 dejar de apreciar la belleza \u00fanica de las espectaculares dunas de Erg Chebbi, que cambian con la luz a medida que avanza el d\u00eda. Tras desayunar en su riad, partir\u00e1 hacia las gargantas de Rissani , Tinghir y Todra, las m\u00e1s altas y estrechas de Marruecos. Tras almorzar en el coraz\u00f3n de las gargantas, conduciremos por el valle del Dades, donde podr\u00e1 contemplar los majestuosos castillos de arena y las asombrosas formaciones rocosas conocidas como \u00abdedos de mono\u00bb. Pasaremos la noche en un lujoso hotel con vistas al valle del Dades.<\/p>\n<h4>8\u00ba d\u00eda: Valle del Dades &#8211; Kasbah Amridil &#8211; Palmerales de Skoura &#8211; Ouarzazate<\/h4>\n<p>Despu\u00e9s del desayuno en el hotel, nos dirigiremos a trav\u00e9s del Valle del Dades hacia Kalaat Mgouna y Ouarzazat. La ruta por el Valle del Dades es el camino de las mil Kasbahs, lo que ofrece numerosas oportunidades para tomar algunas de las mejores instant\u00e1neas fotogr\u00e1ficas del viaje. Nos detendremos en Kalaat Mgouna, \u00abla ciudad de las rosas\u00bb, para comprar agua de rosas, que har\u00e1 que su ropa blanca huela bien mucho tiempo despu\u00e9s de haber terminado el viaje. Continuaremos hacia Ouarzazate pasando por la Kasbah de Amridil, uno de los \u00faltimos caciques bereberes durante el siglo XVIII, ahora la Kasbah es una casa de muchos Glaoui. Por la noche parada en Ouarzazat .<\/p>\n<h4>9\u00ba d\u00eda : Ouarzazate &#8211; Kasbah de Ait Ben Haddou &#8211; Paso de Tizi n&#8217;Tichka &#8211; Marrakech<\/h4>\n<p>Despu\u00e9s de un desayuno temprano en el riad, iniciaremos nuestro viaje para llegar al ksar (pueblo fortificado) de Ait Ben Haddou donde visitaremos la famosa Kasbah (declarada Patrimonio de la Humanidad por la UNESCO en 1986). En este espectacular escenario se han rodado famosas pel\u00edculas como Gladiator , Obelix, La Momia, La Joya del Nilo, Sahara con Pen\u00e9lope Cruz&#8230;etc.<br \/>\nDespu\u00e9s de visitar la kasbah nos dirigiremos a Marrakech, veremos el puerto de Tizi Ntichka, que con 2.260m es el punto m\u00e1s alto de nuestro pa\u00eds. Disfrutaremos de hermosos paisajes desde los miradores en el camino y haremos algunas paradas para tomar fotos de los pueblos bereberes, al final de la tarde y check in en su riad dentro de la Medina. Noche en riad.<\/p>\n<h4>D\u00eda 10: Excursi\u00f3n a Essaouira<\/h4>\n<p>Despu\u00e9s del desayuno en su riad, emprender\u00e1 viaje hacia la ciudad costera de Essaouira. Llegar\u00e9is despu\u00e9s de unas 2 horas y media en coche para empezar a explorar la ciudad. Pasee por las callejuelas de la medina y contemple cientos de artesan\u00edas. Esta \u00abCiudad del Viento\u00bb atrae a surfistas de todo el mundo. Essaouira conoci\u00f3 muchas civilizaciones -incluida la ocupaci\u00f3n portuguesa, que afecta a gran parte de su arquitectura-, pero sigue siendo un peque\u00f1o pueblo con mucha historia. Por su tama\u00f1o y sus caracter\u00edsticas puertas azules y paredes lavadas, tambi\u00e9n se la considera la \u00abJoya del Atl\u00e1ntico\u00bb de Marruecos. Tambi\u00e9n visitar\u00e1 la cooperativa de mujeres del aceite de Arg\u00e1n. Aqu\u00ed extraen el aceite famoso por sus propiedades culinarias, cosm\u00e9ticas y medicinales. El almuerzo ser\u00e1 libre en la medina o en el puerto. Por la tarde viaje de regreso a Marrakech. Noche en riad.<\/p>\n<h4>D\u00eda 11 : D\u00eda libre completo en <a href=\"https:\/\/moroccounlimitedreams.com\/es\/excursiones-de-un-dia-a-ait-ben-haddou-desde-marrakech\/\">Marrakech<\/a><\/h4>\n<p>D\u00eda libre en Marrakech para ver todos los lugares no vistos antes: Despu\u00e9s del desayuno en el riad, disfrutar\u00e1 de los lugares de inter\u00e9s hist\u00f3rico y cultural, como la Mezquita Koutoubia; las tumbas Saadianas; el hermoso Palacio de Bah\u00eda y la Escuela Cor\u00e1nica Ben Youssef. Por \u00faltimo, termine la ma\u00f1ana paseando por las callejuelas de la medina y admirando a los diferentes artesanos que realizan sus oficios antes de llegar a la famosa plaza Jamaa El Fna. Almorzaremos en un restaurante cercano a la plaza y, por la tarde, visitaremos los jardines de Majorelle y haremos un breve recorrido por Gueliz, la nueva ciudad de Marrakech. Despu\u00e9s de cenar tendr\u00e1 la opci\u00f3n de pasear por la plaza entretenido por magos, cuentacuentos, sacamuelas y vendedores de comida. Alojamiento en su riad.<\/p>\n<h4>12\u00ba d\u00eda: Marrakech &#8211; Aeropuerto de Casablanca<\/h4>\n<p>Despu\u00e9s de un desayuno temprano en su riad, le llevaremos al aeropuerto de Casablanca para su vuelo de regreso a casa. Fin del servicio .<\/p>\n\n<div class=\"wpcf7 no-js\" id=\"wpcf7-f2957-o1\" lang=\"en-US\" dir=\"ltr\" data-wpcf7-id=\"2957\">\n<div class=\"screen-reader-response\"><p role=\"status\" aria-live=\"polite\" aria-atomic=\"true\"><\/p> <ul><\/ul><\/div>\n<form action=\"\/es\/wp-json\/wp\/v2\/pages\/2749#wpcf7-f2957-o1\" method=\"post\" class=\"wpcf7-form init\" aria-label=\"Contact form\" novalidate=\"novalidate\" data-status=\"init\">\n<div style=\"display: none;\">\n<input type=\"hidden\" name=\"_wpcf7\" value=\"2957\" \/>\n<input type=\"hidden\" name=\"_wpcf7_version\" value=\"6.0\" \/>\n<input type=\"hidden\" name=\"_wpcf7_locale\" value=\"en_US\" \/>\n<input type=\"hidden\" name=\"_wpcf7_unit_tag\" value=\"wpcf7-f2957-o1\" \/>\n<input type=\"hidden\" name=\"_wpcf7_container_post\" value=\"0\" \/>\n<input type=\"hidden\" name=\"_wpcf7_posted_data_hash\" value=\"\" \/>\n<\/div>\n<p><label> Your name<br \/>\n<span class=\"wpcf7-form-control-wrap\" data-name=\"your-name\"><input size=\"40\" maxlength=\"400\" class=\"wpcf7-form-control wpcf7-text wpcf7-validates-as-required\" autocomplete=\"name\" aria-required=\"true\" aria-invalid=\"false\" value=\"\" type=\"text\" name=\"your-name\" \/><\/span> <\/label>\n<\/p>\n<p><label> Your email<br \/>\n<span class=\"wpcf7-form-control-wrap\" data-name=\"your-email\"><input size=\"40\" maxlength=\"400\" class=\"wpcf7-form-control wpcf7-email wpcf7-validates-as-required wpcf7-text wpcf7-validates-as-email\" autocomplete=\"email\" aria-required=\"true\" aria-invalid=\"false\" value=\"\" type=\"email\" name=\"your-email\" \/><\/span> <\/label>\n<\/p>\n<p><label> Subject<br \/>\n<span class=\"wpcf7-form-control-wrap\" data-name=\"your-subject\"><input size=\"40\" maxlength=\"400\" class=\"wpcf7-form-control wpcf7-text wpcf7-validates-as-required\" aria-required=\"true\" aria-invalid=\"false\" value=\"\" type=\"text\" name=\"your-subject\" \/><\/span> <\/label>\n<\/p>\n<p><label> Your message (optional)<br \/>\n<span class=\"wpcf7-form-control-wrap\" data-name=\"your-message\"><textarea cols=\"40\" rows=\"10\" maxlength=\"2000\" class=\"wpcf7-form-control wpcf7-textarea\" aria-invalid=\"false\" name=\"your-message\"><\/textarea><\/span> <\/label>\n<\/p>\n<p><input class=\"wpcf7-form-control wpcf7-submit has-spinner\" type=\"submit\" value=\"Send\" \/>\n<\/p><div class=\"wpcf7-response-output\" aria-hidden=\"true\"><\/div>\n<\/form>\n<\/div>\n\n","protected":false},"excerpt":{"rendered":"<p>1er D\u00eda : Llegada al aeropuerto de Casablanca Traslado desde el aeropuerto de Casablanca a un hotel. 2\u00ba D\u00eda : Casablanca &#8211; Rabat En Casablanca veremos la Mezquita de Hassan II, la m\u00e1s grande fuera de La Meca y conoceremos la costa de Cornualles. Despu\u00e9s, partiremos hacia Rabat. Aqu\u00ed ver\u00e1 la Torre Hassan y la&#8230;<\/p>\n","protected":false},"author":1,"featured_media":0,"parent":0,"menu_order":0,"comment_status":"closed","ping_status":"closed","template":"","meta":{"_kadence_starter_templates_imported_post":false,"_kad_post_transparent":"default","_kad_post_title":"default","_kad_post_layout":"default","_kad_post_sidebar_id":"","_kad_post_content_style":"default","_kad_post_vertical_padding":"default","_kad_post_feature":"","_kad_post_feature_position":"","_kad_post_header":false,"_kad_post_footer":false,"footnotes":""},"class_list":["post-2749","page","type-page","status-publish","hentry"],"yoast_head":"<!-- This site is optimized with the Yoast SEO Premium plugin v19.0 (Yoast SEO v23.9) - https:\/\/yoast.com\/wordpress\/plugins\/seo\/ -->\n<title>12 d\u00edas Ciudades Imperiales y Desierto desde Casablanca<\/title>\n<meta name=\"description\" content=\"Descubre la magia de Marruecos con nuestro tour de 12 d\u00edas Ciudades por las impresionantes Ciudades Imperiales y el fascinante Desierto...\" \/>\n<meta name=\"robots\" content=\"index, follow, max-snippet:-1, max-image-preview:large, max-video-preview:-1\" \/>\n<link rel=\"canonical\" href=\"https:\/\/moroccounlimitedreams.com\/es\/12-dias-ciudades-imperiales-y-desierto-desde-casablanca\/\" \/>\n<meta property=\"og:locale\" content=\"es_ES\" \/>\n<meta property=\"og:type\" content=\"article\" \/>\n<meta property=\"og:title\" content=\"12 d\u00edas Ciudades Imperiales y Desierto desde Casablanca\" \/>\n<meta property=\"og:description\" content=\"Descubre la magia de Marruecos con nuestro tour de 12 d\u00edas Ciudades por las impresionantes Ciudades Imperiales y el fascinante Desierto...\" \/>\n<meta property=\"og:url\" content=\"https:\/\/moroccounlimitedreams.com\/es\/12-dias-ciudades-imperiales-y-desierto-desde-casablanca\/\" \/>\n<meta property=\"og:site_name\" content=\"Morocco Unlimited Dreams\" \/>\n<meta property=\"article:modified_time\" content=\"2023-03-23T21:44:50+00:00\" \/>\n<meta name=\"twitter:card\" content=\"summary_large_image\" \/>\n<meta name=\"twitter:label1\" content=\"Tiempo de lectura\" \/>\n\t<meta name=\"twitter:data1\" content=\"7 minutos\" \/>\n<script type=\"application\/ld+json\" class=\"yoast-schema-graph\">{\"@context\":\"https:\/\/schema.org\",\"@graph\":[{\"@type\":\"WebPage\",\"@id\":\"https:\/\/moroccounlimitedreams.com\/es\/12-dias-ciudades-imperiales-y-desierto-desde-casablanca\/\",\"url\":\"https:\/\/moroccounlimitedreams.com\/es\/12-dias-ciudades-imperiales-y-desierto-desde-casablanca\/\",\"name\":\"12 d\u00edas Ciudades Imperiales y Desierto desde Casablanca\",\"isPartOf\":{\"@id\":\"https:\/\/moroccounlimitedreams.com\/es\/#website\"},\"datePublished\":\"2023-02-18T18:10:41+00:00\",\"dateModified\":\"2023-03-23T21:44:50+00:00\",\"description\":\"Descubre la magia de Marruecos con nuestro tour de 12 d\u00edas Ciudades por las impresionantes Ciudades Imperiales y el fascinante Desierto...\",\"breadcrumb\":{\"@id\":\"https:\/\/moroccounlimitedreams.com\/es\/12-dias-ciudades-imperiales-y-desierto-desde-casablanca\/#breadcrumb\"},\"inLanguage\":\"es\",\"potentialAction\":[{\"@type\":\"ReadAction\",\"target\":[\"https:\/\/moroccounlimitedreams.com\/es\/12-dias-ciudades-imperiales-y-desierto-desde-casablanca\/\"]}]},{\"@type\":\"BreadcrumbList\",\"@id\":\"https:\/\/moroccounlimitedreams.com\/es\/12-dias-ciudades-imperiales-y-desierto-desde-casablanca\/#breadcrumb\",\"itemListElement\":[{\"@type\":\"ListItem\",\"position\":1,\"name\":\"Home\",\"item\":\"https:\/\/moroccounlimitedreams.com\/es\/\"},{\"@type\":\"ListItem\",\"position\":2,\"name\":\"12 d\u00edas Ciudades Imperiales y Desierto desde Casablanca\"}]},{\"@type\":\"WebSite\",\"@id\":\"https:\/\/moroccounlimitedreams.com\/es\/#website\",\"url\":\"https:\/\/moroccounlimitedreams.com\/es\/\",\"name\":\"Morocco Unlimited Dreams\",\"description\":\"Morocco Desert Tours - Tours &amp; Excursions in Morocco\",\"publisher\":{\"@id\":\"https:\/\/moroccounlimitedreams.com\/es\/#organization\"},\"potentialAction\":[{\"@type\":\"SearchAction\",\"target\":{\"@type\":\"EntryPoint\",\"urlTemplate\":\"https:\/\/moroccounlimitedreams.com\/es\/?s={search_term_string}\"},\"query-input\":{\"@type\":\"PropertyValueSpecification\",\"valueRequired\":true,\"valueName\":\"search_term_string\"}}],\"inLanguage\":\"es\"},{\"@type\":\"Organization\",\"@id\":\"https:\/\/moroccounlimitedreams.com\/es\/#organization\",\"name\":\"Morocco Unlimited Dreams\",\"url\":\"https:\/\/moroccounlimitedreams.com\/es\/\",\"logo\":{\"@type\":\"ImageObject\",\"inLanguage\":\"es\",\"@id\":\"https:\/\/moroccounlimitedreams.com\/es\/#\/schema\/logo\/image\/\",\"url\":\"https:\/\/moroccounlimitedreams.com\/es\/wp-content\/uploads\/2023\/12\/mrd.png\",\"contentUrl\":\"https:\/\/moroccounlimitedreams.com\/es\/wp-content\/uploads\/2023\/12\/mrd.png\",\"width\":242,\"height\":90,\"caption\":\"Morocco Unlimited Dreams\"},\"image\":{\"@id\":\"https:\/\/moroccounlimitedreams.com\/es\/#\/schema\/logo\/image\/\"}}]}<\/script>\n<!-- \/ Yoast SEO Premium plugin. -->","yoast_head_json":{"title":"12 d\u00edas Ciudades Imperiales y Desierto desde Casablanca","description":"Descubre la magia de Marruecos con nuestro tour de 12 d\u00edas Ciudades por las impresionantes Ciudades Imperiales y el fascinante Desierto...","robots":{"index":"index","follow":"follow","max-snippet":"max-snippet:-1","max-image-preview":"max-image-preview:large","max-video-preview":"max-video-preview:-1"},"canonical":"https:\/\/moroccounlimitedreams.com\/es\/12-dias-ciudades-imperiales-y-desierto-desde-casablanca\/","og_locale":"es_ES","og_type":"article","og_title":"12 d\u00edas Ciudades Imperiales y Desierto desde Casablanca","og_description":"Descubre la magia de Marruecos con nuestro tour de 12 d\u00edas Ciudades por las impresionantes Ciudades Imperiales y el fascinante Desierto...","og_url":"https:\/\/moroccounlimitedreams.com\/es\/12-dias-ciudades-imperiales-y-desierto-desde-casablanca\/","og_site_name":"Morocco Unlimited Dreams","article_modified_time":"2023-03-23T21:44:50+00:00","twitter_card":"summary_large_image","twitter_misc":{"Tiempo de lectura":"7 minutos"},"schema":{"@context":"https:\/\/schema.org","@graph":[{"@type":"WebPage","@id":"https:\/\/moroccounlimitedreams.com\/es\/12-dias-ciudades-imperiales-y-desierto-desde-casablanca\/","url":"https:\/\/moroccounlimitedreams.com\/es\/12-dias-ciudades-imperiales-y-desierto-desde-casablanca\/","name":"12 d\u00edas Ciudades Imperiales y Desierto desde Casablanca","isPartOf":{"@id":"https:\/\/moroccounlimitedreams.com\/es\/#website"},"datePublished":"2023-02-18T18:10:41+00:00","dateModified":"2023-03-23T21:44:50+00:00","description":"Descubre la magia de Marruecos con nuestro tour de 12 d\u00edas Ciudades por las impresionantes Ciudades Imperiales y el fascinante Desierto...","breadcrumb":{"@id":"https:\/\/moroccounlimitedreams.com\/es\/12-dias-ciudades-imperiales-y-desierto-desde-casablanca\/#breadcrumb"},"inLanguage":"es","potentialAction":[{"@type":"ReadAction","target":["https:\/\/moroccounlimitedreams.com\/es\/12-dias-ciudades-imperiales-y-desierto-desde-casablanca\/"]}]},{"@type":"BreadcrumbList","@id":"https:\/\/moroccounlimitedreams.com\/es\/12-dias-ciudades-imperiales-y-desierto-desde-casablanca\/#breadcrumb","itemListElement":[{"@type":"ListItem","position":1,"name":"Home","item":"https:\/\/moroccounlimitedreams.com\/es\/"},{"@type":"ListItem","position":2,"name":"12 d\u00edas Ciudades Imperiales y Desierto desde Casablanca"}]},{"@type":"WebSite","@id":"https:\/\/moroccounlimitedreams.com\/es\/#website","url":"https:\/\/moroccounlimitedreams.com\/es\/","name":"Morocco Unlimited Dreams","description":"Morocco Desert Tours - Tours &amp; Excursions in Morocco","publisher":{"@id":"https:\/\/moroccounlimitedreams.com\/es\/#organization"},"potentialAction":[{"@type":"SearchAction","target":{"@type":"EntryPoint","urlTemplate":"https:\/\/moroccounlimitedreams.com\/es\/?s={search_term_string}"},"query-input":{"@type":"PropertyValueSpecification","valueRequired":true,"valueName":"search_term_string"}}],"inLanguage":"es"},{"@type":"Organization","@id":"https:\/\/moroccounlimitedreams.com\/es\/#organization","name":"Morocco Unlimited Dreams","url":"https:\/\/moroccounlimitedreams.com\/es\/","logo":{"@type":"ImageObject","inLanguage":"es","@id":"https:\/\/moroccounlimitedreams.com\/es\/#\/schema\/logo\/image\/","url":"https:\/\/moroccounlimitedreams.com\/es\/wp-content\/uploads\/2023\/12\/mrd.png","contentUrl":"https:\/\/moroccounlimitedreams.com\/es\/wp-content\/uploads\/2023\/12\/mrd.png","width":242,"height":90,"caption":"Morocco Unlimited Dreams"},"image":{"@id":"https:\/\/moroccounlimitedreams.com\/es\/#\/schema\/logo\/image\/"}}]}},"_links":{"self":[{"href":"https:\/\/moroccounlimitedreams.com\/es\/wp-json\/wp\/v2\/pages\/2749","targetHints":{"allow":["GET"]}}],"collection":[{"href":"https:\/\/moroccounlimitedreams.com\/es\/wp-json\/wp\/v2\/pages"}],"about":[{"href":"https:\/\/moroccounlimitedreams.com\/es\/wp-json\/wp\/v2\/types\/page"}],"author":[{"embeddable":true,"href":"https:\/\/moroccounlimitedreams.com\/es\/wp-json\/wp\/v2\/users\/1"}],"replies":[{"embeddable":true,"href":"https:\/\/moroccounlimitedreams.com\/es\/wp-json\/wp\/v2\/comments?post=2749"}],"version-history":[{"count":6,"href":"https:\/\/moroccounlimitedreams.com\/es\/wp-json\/wp\/v2\/pages\/2749\/revisions"}],"predecessor-version":[{"id":3235,"href":"https:\/\/moroccounlimitedreams.com\/es\/wp-json\/wp\/v2\/pages\/2749\/revisions\/3235"}],"wp:attachment":[{"href":"https:\/\/moroccounlimitedreams.com\/es\/wp-json\/wp\/v2\/media?parent=2749"}],"curies":[{"name":"wp","href":"https:\/\/api.w.org\/{rel}","templated":true}]}}