{"id":2747,"date":"2023-02-18T18:07:35","date_gmt":"2023-02-18T18:07:35","guid":{"rendered":"https:\/\/moroccounlimitedreams.com\/?page_id=2747"},"modified":"2023-03-24T13:47:43","modified_gmt":"2023-03-24T13:47:43","slug":"9-dias-desde-marrakech-al-desierto-y-fez","status":"publish","type":"page","link":"https:\/\/moroccounlimitedreams.com\/es\/9-dias-desde-marrakech-al-desierto-y-fez\/","title":{"rendered":"9 d\u00edas desde Marrakech al Desierto y Fez"},"content":{"rendered":"<p>Prep\u00e1rese para un emocionante viaje de 9 d\u00edas desde Marrakech hasta el desierto y Fez. \u00bfEst\u00e1 preparado para explorar las maravillas que le esperan por el camino? Este viaje es perfecto para quienes buscan una aut\u00e9ntica experiencia marroqu\u00ed.<\/p>\n<h4>1er d\u00eda: Llegada a Marrakech<\/h4>\n<p>Recogida en el aeropuerto a su hora de llegada y traslado al Riad que se encuentra en la medina, el centro Hist\u00f3rico de la ciudad de Marrakech, a dos minutos a pie de la famosa plaza Jamaa El Fna. Por la tarde la mejor opci\u00f3n es explorar la medina por su cuenta, acerc\u00e1ndose a la plaza que por la noche se llena de narradores, malabaristas, adivinos. encantadores de serpientes, bailarines, sacamuelas y as\u00ed sucesivamente. Noche en Riad.<\/p>\n<h4>2\u00ba D\u00eda : Marrakech &#8211; Alto Atlas &#8211; Kasbah Telouat &#8211; Ait Ben Haddou &#8211; Valle de Ounila &#8211; Ouarzazate<\/h4>\n<p>Recogida a las 8.30 de la ma\u00f1ana en un veh\u00edculo 4\u00d74 privado, y salida hacia Ouarzazate atravesando las monta\u00f1as del Alto Atlas. En nuestro camino, veremos el puerto de Tizi Ntichka, que con 2.260m es el punto m\u00e1s alto de nuestro pa\u00eds. Disfrutaremos de hermosos paisajes desde los miradores en el camino y haremos algunas paradas para tomar fotos de los pueblos bereberes. Despu\u00e9s tomaremos una peque\u00f1a carretera que nos llevar\u00e1 a la Kasbah de Telouat. Por la tarde continuaremos por el valle de Ounila, donde se pueden ver peque\u00f1os pueblos bereberes y familias que viven en casas de adobe perdidas en las monta\u00f1as, para llegar al ksar (pueblo fortificado) de Ait Ben Haddou donde visitaremos la famosa Kasbah (declarada Patrimonio de la Humanidad por la UNESCO en 1986). En este espectacular escenario se han rodado famosas pel\u00edculas como Gladiator , Obelix, La Momia, La Joya del Nilo, Sahara con Pen\u00e9lope Cruz&#8230;etc. Despu\u00e9s de visitar la kasbah nos dirigiremos a Ouarzazate tambi\u00e9n conocida como \u00abLa puerta del desierto\u00bb.Cena en el hotel donde pasaremos la noche.<\/p>\n<h4>D\u00eda 3 : Ouarzazate &#8211; Valle del Draa &#8211; Desierto de Merzouga &#8211; Paseo en camello y noche en la tienda bereber<\/h4>\n<p>Despu\u00e9s del desayuno saldremos hacia el Valle del Draa donde se puede ver uno de los r\u00edos m\u00e1s largos de Marruecos. Por el camino haremos algunas paradas para hacer fotos y disfrutar de la vista de las espectaculares kasbahs y pueblos bereberes que salpican la carretera as\u00ed como de las bellezas del valle del Draa.Tendr\u00e1s tiempo libre para almorzar en Nkob o Alnif, y despu\u00e9s, tras dos horas de viaje llegaremos a las maravillosas dunas de Merzouga. \u00abDesierto de dunas de arena pulverulenta\u00bb. All\u00ed cambiaremos nuestro transporte motorizado por uno de tracci\u00f3n animal para adentrarnos en el coraz\u00f3n del desierto. Al llegar al campamento, nos acomodamos en las tiendas, que son tiendas hechas de pelo de camello, como las que usan las familias n\u00f3madas. Cena y noche en la tienda bereber bajo un hermoso cielo estrellado.<\/p>\n<h4>4\u00ba D\u00eda : Desierto de Merzouga &#8211; Familias n\u00f3madas &#8211; Oasis de Tisardmin &#8211; Pueblo de Khamlia &#8211; Erg Chebbi<\/h4>\n<p>Este es un d\u00eda completo en el desierto. \u00abCita con el amanecer\u00bb Si est\u00e1s en medio del desierto, merece la pena madrugar para contemplar el amanecer m\u00e1s espectacular que hayas visto nunca en lo alto de una duna cercana al campamento y disfrutar de este paisaje que es un regalo de la naturaleza. Tras el amanecer, regresaremos a Merzouga en dromedario, donde nos espera un copioso desayuno. Luego bordearemos el Erg Chebbi, gran extensi\u00f3n de desierto arenoso donde se encuentra la Gran Duna de Marruecos. que tiene m\u00e1s de 250mts de altura. Continuamos luego por la carretera que antiguamente se utilizaba para el \u00abParis &#8211; Dakar\u00bb y termina en las monta\u00f1as que limitan con Agelia. Parada en el oasis de Tissardmin donde podemos encontrar canteras de f\u00f3siles a\u00fan presentes en la zona, continuamos luego por una carretera donde podemos ver asentamientos n\u00f3madas y conocer sus secretos y costumbres. La siguiente parada ser\u00e1 en un mirador para contemplar el agujero Erg Chebbi. Llegaremos entonces al pueblo de Kamilia, originario de Mali, donde tomaremos una relajante taza de t\u00e9 mientras escuchamos un concierto de la m\u00fasica espiritual de Gnawa.Traslado a su alojamiento y tarde libre para disfrutar del pueblo o de las dunas junto al hotel para ver la puesta de sol. Cena y alojamiento en el hotel.<\/p>\n<h4>5\u00ba d\u00eda : Desierto de Merzouga &#8211; Valle del Ziz &#8211; Bosques de cedros y grupos de monos de <a href=\"https:\/\/moroccounlimitedreams.com\/es\/grand-tour-7-dias-marrakech-fez-via-desierto\/\">Azrou<\/a> &#8211; Fes<\/h4>\n<p>Despu\u00e9s del desayuno, iniciaremos nuestro \u00faltimo d\u00eda hacia el norte a trav\u00e9s del palmeral de Tafilalet, el m\u00e1s grande del mundo. Ver\u00e1 miles de palmeras a lo largo de los 20 km de carretera. Este camino nos lleva al valle del Ziz, cuyo r\u00edo baja del alto Atlas y alimenta el palmeral. Aqu\u00ed hacemos una parada y, desde este alto mirador, disfrutamos de una magn\u00edfica vista del valle y de la ciudad de Aoufous.<\/p>\n<p>Hacemos otra parada en Midelt, justo en el coraz\u00f3n del Atlas donde tendr\u00e1s tiempo libre para almorzar y descansar un rato. Por la tarde continuaremos nuestro camino a trav\u00e9s de los bosques de cedros donde, si tenemos suerte, veremos algunos monos. El siguiente lugar que visitaremos es la ciudad de Ifrane, situada en la vertiente noroeste del Medio Atlas a 1630 metros sobre el nivel del agua. Sus amplias avenidas, su urbanismo con una limpieza perfecta, los jardines, las zonas verdes y su arquitectura hacen que esta ciudad parezca un pueblo suizo. Ifrane se siente fuera de lugar en Marruecos. Por eso la llaman la Suiza marroqu\u00ed, y por si fuera poco cuenta con una importante estaci\u00f3n de esqu\u00ed, Michlifen,<\/p>\n<p>Alrededor de las 6 pm llegamos a Fez, donde nos alojaremos en riad muy agradable y confortable<\/p>\n<h4>D\u00eda 6 : D\u00eda completo explorando Fez<\/h4>\n<p>Desayuno en su riad y, a continuaci\u00f3n, inicio de un viaje de exploraci\u00f3n de la Medina donde visitar\u00e1 los numerosos tesoros ocultos que s\u00f3lo los habitantes del lugar conocen. Fez fue capital de Marruecos durante m\u00e1s de 350 a\u00f1os y alberga la Universidad de Al Karaouine, la m\u00e1s antigua del mundo en funcionamiento. Su visita guiada le llevar\u00e1 al mausoleo de Moulay Idriss, las Fuentes Nejjarine y las Tener\u00edas. Despu\u00e9s del almuerzo, tambi\u00e9n podr\u00e1 contemplar el exterior del Palacio Real y pasear por el famoso barrio jud\u00edo \u00abla Mellah\u00bb, donde tendr\u00e1 la opci\u00f3n de visitar una de las pocas sinagogas vivas de Marruecos. Su recorrido por Fez incluye una breve visita a la famosa f\u00e1brica de cer\u00e1mica, y luego podr\u00e1 disfrutar de una maravillosa vista panor\u00e1mica sobre toda la Medina de Fez.Alojamiento en su riad.<\/p>\n<h4>7\u00ba d\u00eda : Fes &#8211; Azrou &#8211; Beni Melal &#8211; Atlas Medio &#8211; Marrakech<\/h4>\n<p>Salida hacia Marrakech a trav\u00e9s de las monta\u00f1as del Atlas. Visita de la maravillosa ciudad de Ifrane y exploraci\u00f3n de la arquitectura tradicional de monta\u00f1a. Tiempo libre para almorzar antes de continuar visitando un bosque de cedros declarado Patrimonio de la Humanidad por la UNESCO. Llegada a Marrakech a \u00faltima hora de la tarde. Alojamiento en Riad.<\/p>\n<h4>8\u00ba d\u00eda: Visita a la Medina y Monumentos Hist\u00f3ricos de Marrakech<\/h4>\n<p>Por la ma\u00f1ana visita a la Medina de Marrakech con un gu\u00eda local.<\/p>\n<p>Empezaremos admirando la gran muralla que bordea la Medina, el Minarete de la Koutoubia, esta torre es gemela a la de la Giralda de Sevilla. Despu\u00e9s visitaremos la Tumba de los Saadines, el Palacio de la Bah\u00eda, los Jardines Majorelle&#8230;etc llegando finalmente a la plaza Jamaa El Fna donde el fondo es completamente diferente de noche.<\/p>\n<p>Por la tarde tiempo libre para practicar el arte del regateo en el zoco o descubrir lugares escondidos en la Medina. Alojamiento en riad.<\/p>\n<h4>9\u00ba d\u00eda : Marrakech &#8211; Aeropuerto<\/h4>\n<p>Desayuno y tiempo libre por la ma\u00f1ana hasta la hora de salida. Traslado al aeropuerto donde le ayudaremos con su equipaje y le mostraremos la puerta de embarque.<\/p>\n<p>Fin de nuestros servicios.<\/p>\n\n<div class=\"wpcf7 no-js\" id=\"wpcf7-f2957-o1\" lang=\"en-US\" dir=\"ltr\" data-wpcf7-id=\"2957\">\n<div class=\"screen-reader-response\"><p role=\"status\" aria-live=\"polite\" aria-atomic=\"true\"><\/p> <ul><\/ul><\/div>\n<form action=\"\/es\/wp-json\/wp\/v2\/pages\/2747#wpcf7-f2957-o1\" method=\"post\" class=\"wpcf7-form init\" aria-label=\"Contact form\" novalidate=\"novalidate\" data-status=\"init\">\n<div style=\"display: none;\">\n<input type=\"hidden\" name=\"_wpcf7\" value=\"2957\" \/>\n<input type=\"hidden\" name=\"_wpcf7_version\" value=\"6.0\" \/>\n<input type=\"hidden\" name=\"_wpcf7_locale\" value=\"en_US\" \/>\n<input type=\"hidden\" name=\"_wpcf7_unit_tag\" value=\"wpcf7-f2957-o1\" \/>\n<input type=\"hidden\" name=\"_wpcf7_container_post\" value=\"0\" \/>\n<input type=\"hidden\" name=\"_wpcf7_posted_data_hash\" value=\"\" \/>\n<\/div>\n<p><label> Your name<br \/>\n<span class=\"wpcf7-form-control-wrap\" data-name=\"your-name\"><input size=\"40\" maxlength=\"400\" class=\"wpcf7-form-control wpcf7-text wpcf7-validates-as-required\" autocomplete=\"name\" aria-required=\"true\" aria-invalid=\"false\" value=\"\" type=\"text\" name=\"your-name\" \/><\/span> <\/label>\n<\/p>\n<p><label> Your email<br \/>\n<span class=\"wpcf7-form-control-wrap\" data-name=\"your-email\"><input size=\"40\" maxlength=\"400\" class=\"wpcf7-form-control wpcf7-email wpcf7-validates-as-required wpcf7-text wpcf7-validates-as-email\" autocomplete=\"email\" aria-required=\"true\" aria-invalid=\"false\" value=\"\" type=\"email\" name=\"your-email\" \/><\/span> <\/label>\n<\/p>\n<p><label> Subject<br \/>\n<span class=\"wpcf7-form-control-wrap\" data-name=\"your-subject\"><input size=\"40\" maxlength=\"400\" class=\"wpcf7-form-control wpcf7-text wpcf7-validates-as-required\" aria-required=\"true\" aria-invalid=\"false\" value=\"\" type=\"text\" name=\"your-subject\" \/><\/span> <\/label>\n<\/p>\n<p><label> Your message (optional)<br \/>\n<span class=\"wpcf7-form-control-wrap\" data-name=\"your-message\"><textarea cols=\"40\" rows=\"10\" maxlength=\"2000\" class=\"wpcf7-form-control wpcf7-textarea\" aria-invalid=\"false\" name=\"your-message\"><\/textarea><\/span> <\/label>\n<\/p>\n<p><input class=\"wpcf7-form-control wpcf7-submit has-spinner\" type=\"submit\" value=\"Send\" \/>\n<\/p><div class=\"wpcf7-response-output\" aria-hidden=\"true\"><\/div>\n<\/form>\n<\/div>\n\n","protected":false},"excerpt":{"rendered":"<p>Prep\u00e1rese para un emocionante viaje de 9 d\u00edas desde Marrakech hasta el desierto y Fez. \u00bfEst\u00e1 preparado para explorar las maravillas que le esperan por el camino? Este viaje es perfecto para quienes buscan una aut\u00e9ntica experiencia marroqu\u00ed. 1er d\u00eda: Llegada a Marrakech Recogida en el aeropuerto a su hora de llegada y traslado al&#8230;<\/p>\n","protected":false},"author":1,"featured_media":3017,"parent":0,"menu_order":0,"comment_status":"closed","ping_status":"closed","template":"","meta":{"_kadence_starter_templates_imported_post":false,"_kad_post_transparent":"default","_kad_post_title":"default","_kad_post_layout":"default","_kad_post_sidebar_id":"","_kad_post_content_style":"default","_kad_post_vertical_padding":"default","_kad_post_feature":"","_kad_post_feature_position":"","_kad_post_header":false,"_kad_post_footer":false,"footnotes":""},"class_list":["post-2747","page","type-page","status-publish","has-post-thumbnail","hentry"],"yoast_head":"<!-- This site is optimized with the Yoast SEO Premium plugin v19.0 (Yoast SEO v23.9) - https:\/\/yoast.com\/wordpress\/plugins\/seo\/ -->\n<title>9 d\u00edas desde Marrakech al Desierto y Fez<\/title>\n<meta name=\"description\" content=\"\u00a1Explora Marrakech, el Desierto y Fez en 9 d\u00edas desde Marrakech Descubre la belleza del norte de \u00c1frica con esta gu\u00eda completa de viaje...\" \/>\n<meta name=\"robots\" content=\"index, follow, max-snippet:-1, max-image-preview:large, max-video-preview:-1\" \/>\n<link rel=\"canonical\" href=\"https:\/\/moroccounlimitedreams.com\/es\/9-dias-desde-marrakech-al-desierto-y-fez\/\" \/>\n<meta property=\"og:locale\" content=\"es_ES\" \/>\n<meta property=\"og:type\" content=\"article\" \/>\n<meta property=\"og:title\" content=\"9 d\u00edas desde Marrakech al Desierto y Fez\" \/>\n<meta property=\"og:description\" content=\"\u00a1Explora Marrakech, el Desierto y Fez en 9 d\u00edas desde Marrakech Descubre la belleza del norte de \u00c1frica con esta gu\u00eda completa de viaje...\" \/>\n<meta property=\"og:url\" content=\"https:\/\/moroccounlimitedreams.com\/es\/9-dias-desde-marrakech-al-desierto-y-fez\/\" \/>\n<meta property=\"og:site_name\" content=\"Morocco Unlimited Dreams\" \/>\n<meta property=\"article:modified_time\" content=\"2023-03-24T13:47:43+00:00\" \/>\n<meta property=\"og:image\" content=\"https:\/\/moroccounlimitedreams.com\/es\/wp-content\/uploads\/2023\/02\/marra-4.jpeg\" \/>\n\t<meta property=\"og:image:width\" content=\"799\" \/>\n\t<meta property=\"og:image:height\" content=\"533\" \/>\n\t<meta property=\"og:image:type\" content=\"image\/jpeg\" \/>\n<meta name=\"twitter:card\" content=\"summary_large_image\" \/>\n<meta name=\"twitter:label1\" content=\"Tiempo de lectura\" \/>\n\t<meta name=\"twitter:data1\" content=\"6 minutos\" \/>\n<script type=\"application\/ld+json\" class=\"yoast-schema-graph\">{\"@context\":\"https:\/\/schema.org\",\"@graph\":[{\"@type\":\"WebPage\",\"@id\":\"https:\/\/moroccounlimitedreams.com\/es\/9-dias-desde-marrakech-al-desierto-y-fez\/\",\"url\":\"https:\/\/moroccounlimitedreams.com\/es\/9-dias-desde-marrakech-al-desierto-y-fez\/\",\"name\":\"9 d\u00edas desde Marrakech al Desierto y Fez\",\"isPartOf\":{\"@id\":\"https:\/\/moroccounlimitedreams.com\/es\/#website\"},\"primaryImageOfPage\":{\"@id\":\"https:\/\/moroccounlimitedreams.com\/es\/9-dias-desde-marrakech-al-desierto-y-fez\/#primaryimage\"},\"image\":{\"@id\":\"https:\/\/moroccounlimitedreams.com\/es\/9-dias-desde-marrakech-al-desierto-y-fez\/#primaryimage\"},\"thumbnailUrl\":\"https:\/\/moroccounlimitedreams.com\/es\/wp-content\/uploads\/2023\/02\/marra-4.jpeg\",\"datePublished\":\"2023-02-18T18:07:35+00:00\",\"dateModified\":\"2023-03-24T13:47:43+00:00\",\"description\":\"\u00a1Explora Marrakech, el Desierto y Fez en 9 d\u00edas desde Marrakech Descubre la belleza del norte de \u00c1frica con esta gu\u00eda completa de viaje...\",\"breadcrumb\":{\"@id\":\"https:\/\/moroccounlimitedreams.com\/es\/9-dias-desde-marrakech-al-desierto-y-fez\/#breadcrumb\"},\"inLanguage\":\"es\",\"potentialAction\":[{\"@type\":\"ReadAction\",\"target\":[\"https:\/\/moroccounlimitedreams.com\/es\/9-dias-desde-marrakech-al-desierto-y-fez\/\"]}]},{\"@type\":\"ImageObject\",\"inLanguage\":\"es\",\"@id\":\"https:\/\/moroccounlimitedreams.com\/es\/9-dias-desde-marrakech-al-desierto-y-fez\/#primaryimage\",\"url\":\"https:\/\/moroccounlimitedreams.com\/es\/wp-content\/uploads\/2023\/02\/marra-4.jpeg\",\"contentUrl\":\"https:\/\/moroccounlimitedreams.com\/es\/wp-content\/uploads\/2023\/02\/marra-4.jpeg\",\"width\":799,\"height\":533,\"caption\":\"3 d\u00edas desde Marrakech al desierto de Merzouga y Fez\"},{\"@type\":\"BreadcrumbList\",\"@id\":\"https:\/\/moroccounlimitedreams.com\/es\/9-dias-desde-marrakech-al-desierto-y-fez\/#breadcrumb\",\"itemListElement\":[{\"@type\":\"ListItem\",\"position\":1,\"name\":\"Home\",\"item\":\"https:\/\/moroccounlimitedreams.com\/es\/\"},{\"@type\":\"ListItem\",\"position\":2,\"name\":\"9 d\u00edas desde Marrakech al Desierto y Fez\"}]},{\"@type\":\"WebSite\",\"@id\":\"https:\/\/moroccounlimitedreams.com\/es\/#website\",\"url\":\"https:\/\/moroccounlimitedreams.com\/es\/\",\"name\":\"Morocco Unlimited Dreams\",\"description\":\"Morocco Desert Tours - Tours &amp; Excursions in Morocco\",\"publisher\":{\"@id\":\"https:\/\/moroccounlimitedreams.com\/es\/#organization\"},\"potentialAction\":[{\"@type\":\"SearchAction\",\"target\":{\"@type\":\"EntryPoint\",\"urlTemplate\":\"https:\/\/moroccounlimitedreams.com\/es\/?s={search_term_string}\"},\"query-input\":{\"@type\":\"PropertyValueSpecification\",\"valueRequired\":true,\"valueName\":\"search_term_string\"}}],\"inLanguage\":\"es\"},{\"@type\":\"Organization\",\"@id\":\"https:\/\/moroccounlimitedreams.com\/es\/#organization\",\"name\":\"Morocco Unlimited Dreams\",\"url\":\"https:\/\/moroccounlimitedreams.com\/es\/\",\"logo\":{\"@type\":\"ImageObject\",\"inLanguage\":\"es\",\"@id\":\"https:\/\/moroccounlimitedreams.com\/es\/#\/schema\/logo\/image\/\",\"url\":\"https:\/\/moroccounlimitedreams.com\/es\/wp-content\/uploads\/2023\/12\/mrd.png\",\"contentUrl\":\"https:\/\/moroccounlimitedreams.com\/es\/wp-content\/uploads\/2023\/12\/mrd.png\",\"width\":242,\"height\":90,\"caption\":\"Morocco Unlimited Dreams\"},\"image\":{\"@id\":\"https:\/\/moroccounlimitedreams.com\/es\/#\/schema\/logo\/image\/\"}}]}<\/script>\n<!-- \/ Yoast SEO Premium plugin. -->","yoast_head_json":{"title":"9 d\u00edas desde Marrakech al Desierto y Fez","description":"\u00a1Explora Marrakech, el Desierto y Fez en 9 d\u00edas desde Marrakech Descubre la belleza del norte de \u00c1frica con esta gu\u00eda completa de viaje...","robots":{"index":"index","follow":"follow","max-snippet":"max-snippet:-1","max-image-preview":"max-image-preview:large","max-video-preview":"max-video-preview:-1"},"canonical":"https:\/\/moroccounlimitedreams.com\/es\/9-dias-desde-marrakech-al-desierto-y-fez\/","og_locale":"es_ES","og_type":"article","og_title":"9 d\u00edas desde Marrakech al Desierto y Fez","og_description":"\u00a1Explora Marrakech, el Desierto y Fez en 9 d\u00edas desde Marrakech Descubre la belleza del norte de \u00c1frica con esta gu\u00eda completa de viaje...","og_url":"https:\/\/moroccounlimitedreams.com\/es\/9-dias-desde-marrakech-al-desierto-y-fez\/","og_site_name":"Morocco Unlimited Dreams","article_modified_time":"2023-03-24T13:47:43+00:00","og_image":[{"width":799,"height":533,"url":"https:\/\/moroccounlimitedreams.com\/es\/wp-content\/uploads\/2023\/02\/marra-4.jpeg","type":"image\/jpeg"}],"twitter_card":"summary_large_image","twitter_misc":{"Tiempo de lectura":"6 minutos"},"schema":{"@context":"https:\/\/schema.org","@graph":[{"@type":"WebPage","@id":"https:\/\/moroccounlimitedreams.com\/es\/9-dias-desde-marrakech-al-desierto-y-fez\/","url":"https:\/\/moroccounlimitedreams.com\/es\/9-dias-desde-marrakech-al-desierto-y-fez\/","name":"9 d\u00edas desde Marrakech al Desierto y Fez","isPartOf":{"@id":"https:\/\/moroccounlimitedreams.com\/es\/#website"},"primaryImageOfPage":{"@id":"https:\/\/moroccounlimitedreams.com\/es\/9-dias-desde-marrakech-al-desierto-y-fez\/#primaryimage"},"image":{"@id":"https:\/\/moroccounlimitedreams.com\/es\/9-dias-desde-marrakech-al-desierto-y-fez\/#primaryimage"},"thumbnailUrl":"https:\/\/moroccounlimitedreams.com\/es\/wp-content\/uploads\/2023\/02\/marra-4.jpeg","datePublished":"2023-02-18T18:07:35+00:00","dateModified":"2023-03-24T13:47:43+00:00","description":"\u00a1Explora Marrakech, el Desierto y Fez en 9 d\u00edas desde Marrakech Descubre la belleza del norte de \u00c1frica con esta gu\u00eda completa de viaje...","breadcrumb":{"@id":"https:\/\/moroccounlimitedreams.com\/es\/9-dias-desde-marrakech-al-desierto-y-fez\/#breadcrumb"},"inLanguage":"es","potentialAction":[{"@type":"ReadAction","target":["https:\/\/moroccounlimitedreams.com\/es\/9-dias-desde-marrakech-al-desierto-y-fez\/"]}]},{"@type":"ImageObject","inLanguage":"es","@id":"https:\/\/moroccounlimitedreams.com\/es\/9-dias-desde-marrakech-al-desierto-y-fez\/#primaryimage","url":"https:\/\/moroccounlimitedreams.com\/es\/wp-content\/uploads\/2023\/02\/marra-4.jpeg","contentUrl":"https:\/\/moroccounlimitedreams.com\/es\/wp-content\/uploads\/2023\/02\/marra-4.jpeg","width":799,"height":533,"caption":"3 d\u00edas desde Marrakech al desierto de Merzouga y Fez"},{"@type":"BreadcrumbList","@id":"https:\/\/moroccounlimitedreams.com\/es\/9-dias-desde-marrakech-al-desierto-y-fez\/#breadcrumb","itemListElement":[{"@type":"ListItem","position":1,"name":"Home","item":"https:\/\/moroccounlimitedreams.com\/es\/"},{"@type":"ListItem","position":2,"name":"9 d\u00edas desde Marrakech al Desierto y Fez"}]},{"@type":"WebSite","@id":"https:\/\/moroccounlimitedreams.com\/es\/#website","url":"https:\/\/moroccounlimitedreams.com\/es\/","name":"Morocco Unlimited Dreams","description":"Morocco Desert Tours - Tours &amp; Excursions in Morocco","publisher":{"@id":"https:\/\/moroccounlimitedreams.com\/es\/#organization"},"potentialAction":[{"@type":"SearchAction","target":{"@type":"EntryPoint","urlTemplate":"https:\/\/moroccounlimitedreams.com\/es\/?s={search_term_string}"},"query-input":{"@type":"PropertyValueSpecification","valueRequired":true,"valueName":"search_term_string"}}],"inLanguage":"es"},{"@type":"Organization","@id":"https:\/\/moroccounlimitedreams.com\/es\/#organization","name":"Morocco Unlimited Dreams","url":"https:\/\/moroccounlimitedreams.com\/es\/","logo":{"@type":"ImageObject","inLanguage":"es","@id":"https:\/\/moroccounlimitedreams.com\/es\/#\/schema\/logo\/image\/","url":"https:\/\/moroccounlimitedreams.com\/es\/wp-content\/uploads\/2023\/12\/mrd.png","contentUrl":"https:\/\/moroccounlimitedreams.com\/es\/wp-content\/uploads\/2023\/12\/mrd.png","width":242,"height":90,"caption":"Morocco Unlimited Dreams"},"image":{"@id":"https:\/\/moroccounlimitedreams.com\/es\/#\/schema\/logo\/image\/"}}]}},"_links":{"self":[{"href":"https:\/\/moroccounlimitedreams.com\/es\/wp-json\/wp\/v2\/pages\/2747","targetHints":{"allow":["GET"]}}],"collection":[{"href":"https:\/\/moroccounlimitedreams.com\/es\/wp-json\/wp\/v2\/pages"}],"about":[{"href":"https:\/\/moroccounlimitedreams.com\/es\/wp-json\/wp\/v2\/types\/page"}],"author":[{"embeddable":true,"href":"https:\/\/moroccounlimitedreams.com\/es\/wp-json\/wp\/v2\/users\/1"}],"replies":[{"embeddable":true,"href":"https:\/\/moroccounlimitedreams.com\/es\/wp-json\/wp\/v2\/comments?post=2747"}],"version-history":[{"count":7,"href":"https:\/\/moroccounlimitedreams.com\/es\/wp-json\/wp\/v2\/pages\/2747\/revisions"}],"predecessor-version":[{"id":3256,"href":"https:\/\/moroccounlimitedreams.com\/es\/wp-json\/wp\/v2\/pages\/2747\/revisions\/3256"}],"wp:featuredmedia":[{"embeddable":true,"href":"https:\/\/moroccounlimitedreams.com\/es\/wp-json\/wp\/v2\/media\/3017"}],"wp:attachment":[{"href":"https:\/\/moroccounlimitedreams.com\/es\/wp-json\/wp\/v2\/media?parent=2747"}],"curies":[{"name":"wp","href":"https:\/\/api.w.org\/{rel}","templated":true}]}}