{"id":2739,"date":"2023-02-18T18:05:38","date_gmt":"2023-02-18T18:05:38","guid":{"rendered":"https:\/\/moroccounlimitedreams.com\/?page_id=2739"},"modified":"2023-03-23T22:35:05","modified_gmt":"2023-03-23T22:35:05","slug":"3-dias-desde-marrakech-al-desierto-de-merzouga-y-fez","status":"publish","type":"page","link":"https:\/\/moroccounlimitedreams.com\/es\/3-dias-desde-marrakech-al-desierto-de-merzouga-y-fez\/","title":{"rendered":"3 d\u00edas desde Marrakech al desierto de Merzouga y Fez"},"content":{"rendered":"<p>\u00a1Bienvenidos a una aventura de 3 d\u00edas desde Marrakech al desierto de Merzouga y Fez! Si buscas una experiencia \u00fanica en Marruecos, este viaje te llevar\u00e1 a trav\u00e9s de algunas de las atracciones m\u00e1s incre\u00edbles del pa\u00eds.<\/p>\n<h4>1er D\u00eda : <a href=\"https:\/\/moroccounlimitedreams.com\/es\/excursion-de-un-dia-de-marrakech-a-essaouira\/\">Marrakech<\/a> &#8211; Alto Atlas &#8211; Kasbah de Ait Ben Haddou &#8211; Ouarzazate &#8211; Valle del Dad\u00e9s<\/h4>\n<p>Recogida en su alojamiento en Marrakech a las 8 de la ma\u00f1ana, y salida hacia el Alto Atlas, subcordillera de las monta\u00f1as del Atlas marroqu\u00ed, pasando por el puerto de Tizi N&#8217;Tichka con paradas para disfrutar de vistas panor\u00e1micas y tomar fotos de los pueblecitos bereberes que se camuflan en el paisaje. Despu\u00e9s continuaremos hacia el sur hasta el ksar (pueblo fortificado) de Ait Ben Haddou, donde visitaremos la famosa Kasbah (declarada Patrimonio de la Humanidad por la UNESCO en 1986). En este espectacular escenario se han rodado famosas pel\u00edculas como Gladiator , Obelix, La Momia, La Joya del Nilo, Sahara con Pen\u00e9lope Cruz&#8230;etc.<\/p>\n<p>Tiempo libre para almorzar en la ciudad.<\/p>\n<p>Despu\u00e9s continuaremos hacia Ouarzazate tambi\u00e9n conocida como \u00abLa puerta del desierto\u00bb que en lengua bereber significa \u00absin ruido o sin confusi\u00f3n\u00bb. Aqu\u00ed veremos la kasbah de Taourirt, uno de los ksars m\u00e1s espectaculares de Marruecos.<\/p>\n<p>El siguiente lugar a visitar es el Valle de las Rosas atravesando el gran palmeral de Skoura; un hermoso lugar para contemplar las m\u00e1s de 700.000 palmeras y las numerosas kasbahs que se levantan en los alrededores. En este Valle se cr\u00edan rosas damascenas para uso cosm\u00e9tico como la apreciada agua de rosas. Aqu\u00ed se celebra anualmente en mayo la Fiesta de la Rosa, un importante mussem para la cultura marroqu\u00ed.<\/p>\n<p>Finalmente llegamos al valle del Dad\u00e9s donde pasaremos la noche.<\/p>\n<h4>2\u00ba D\u00eda : Valle del Dad\u00e9s &#8211; Gargantas del Todra &#8211; Merzouga &#8211; Excursi\u00f3n a camello y noche en campamento bereber<\/h4>\n<p>Despu\u00e9s del desayuno disfrutaremos de una de las vistas m\u00e1s bellas del Valle del Dad\u00e9s desde un mirador estrat\u00e9gico en las monta\u00f1as, desde all\u00ed podremos apreciar el gran n\u00famero de kasbahs y las caracter\u00edsticas paisaj\u00edsticas de cada una. Una muy buena carretera asfaltada asciende por el valle desde la ciudad de Tinerhir hasta el desfiladero y luego hasta el desierto. Tras algunas paradas en el camino llegaremos a las gargantas del Todra. El paisaje es espectacular. La poblaci\u00f3n local vive en la zona y se la puede ver en sus aldeas de adobe. Gracias a sus paredes rocosas con muchos desniveles, estas gargantas son populares entre los escaladores.<\/p>\n<p>Tras un breve paseo por las gargantas del Todra, tendremos tiempo libre para almorzar en Tinejdad o Touroug y luego continuaremos nuestro camino hacia el desierto para llegar a las espectaculares dunas de Merzouga.<\/p>\n<p>All\u00ed daremos un paseo en dromedario de una hora hasta nuestro campamento n\u00f3mada situado en medio de un mar de dunas (Erg Chebbi). Antes de la cena veremos la puesta de sol en la cima de una duna para luego dormir en una tienda de campa\u00f1a bajo un hermoso cielo estrellado.<\/p>\n<h4>3er d\u00eda : Desierto de Merzouga &#8211; Valle del Ziz &#8211; Bosques de cedros y grupos de monos de Azrou &#8211; Fez<\/h4>\n<p>Muy temprano por la ma\u00f1ana tenemos una \u00abCita con el amanecer\u00bb. En pleno desierto, madrugar es un \u00abmust do\u00bb para contemplar el amanecer m\u00e1s espectacular que jam\u00e1s haya visto en lo alto de una duna cercana al campamento.<\/p>\n<p>Despu\u00e9s regresamos a Merzouga en los dromedarios, donde nos espera un delicioso desayuno. Una vez listos, emprendemos nuestro \u00faltimo d\u00eda hacia el norte a trav\u00e9s del palmeral de Tafilalet, el mayor del mundo. Ver\u00e1 miles de palmeras a lo largo de los 20 km de carretera. Este camino nos conduce al valle del Ziz, cuyo r\u00edo desciende del Alto Atlas y alimenta el palmeral. Aqu\u00ed hacemos una parada y, desde este alto mirador, disfrutamos de una magn\u00edfica vista del valle y de la ciudad de Aoufous.<\/p>\n<p>Hacemos otra parada en Midelt, justo en el coraz\u00f3n del Atlas donde tendr\u00e1s tiempo libre para almorzar y descansar un rato. Por la tarde continuaremos nuestro camino a trav\u00e9s de los bosques de cedros donde, si tenemos suerte, veremos algunos monos. El siguiente lugar que visitaremos es la ciudad de Ifrane, situada en la vertiente noroeste del Medio Atlas a 1630 metros sobre el nivel del agua. Sus amplias avenidas, su urbanismo con una limpieza perfecta, los jardines, las zonas verdes y su arquitectura hacen que esta ciudad parezca un pueblo suizo. Ifrane se siente fuera de lugar en Marruecos. Por eso la llaman la Suiza marroqu\u00ed, y por si fuera poco cuenta con una importante estaci\u00f3n de esqu\u00ed, Michlifen,<\/p>\n<p>Sobre las 6 de la tarde llegamos a Fez, traslado al hotel, y fin de nuestros servicios.<\/p>\n\n<div class=\"wpcf7 no-js\" id=\"wpcf7-f2957-o1\" lang=\"en-US\" dir=\"ltr\" data-wpcf7-id=\"2957\">\n<div class=\"screen-reader-response\"><p role=\"status\" aria-live=\"polite\" aria-atomic=\"true\"><\/p> <ul><\/ul><\/div>\n<form action=\"\/es\/wp-json\/wp\/v2\/pages\/2739#wpcf7-f2957-o1\" method=\"post\" class=\"wpcf7-form init\" aria-label=\"Contact form\" novalidate=\"novalidate\" data-status=\"init\">\n<div style=\"display: none;\">\n<input type=\"hidden\" name=\"_wpcf7\" value=\"2957\" \/>\n<input type=\"hidden\" name=\"_wpcf7_version\" value=\"6.0\" \/>\n<input type=\"hidden\" name=\"_wpcf7_locale\" value=\"en_US\" \/>\n<input type=\"hidden\" name=\"_wpcf7_unit_tag\" value=\"wpcf7-f2957-o1\" \/>\n<input type=\"hidden\" name=\"_wpcf7_container_post\" value=\"0\" \/>\n<input type=\"hidden\" name=\"_wpcf7_posted_data_hash\" value=\"\" \/>\n<\/div>\n<p><label> Your name<br \/>\n<span class=\"wpcf7-form-control-wrap\" data-name=\"your-name\"><input size=\"40\" maxlength=\"400\" class=\"wpcf7-form-control wpcf7-text wpcf7-validates-as-required\" autocomplete=\"name\" aria-required=\"true\" aria-invalid=\"false\" value=\"\" type=\"text\" name=\"your-name\" \/><\/span> <\/label>\n<\/p>\n<p><label> Your email<br \/>\n<span class=\"wpcf7-form-control-wrap\" data-name=\"your-email\"><input size=\"40\" maxlength=\"400\" class=\"wpcf7-form-control wpcf7-email wpcf7-validates-as-required wpcf7-text wpcf7-validates-as-email\" autocomplete=\"email\" aria-required=\"true\" aria-invalid=\"false\" value=\"\" type=\"email\" name=\"your-email\" \/><\/span> <\/label>\n<\/p>\n<p><label> Subject<br \/>\n<span class=\"wpcf7-form-control-wrap\" data-name=\"your-subject\"><input size=\"40\" maxlength=\"400\" class=\"wpcf7-form-control wpcf7-text wpcf7-validates-as-required\" aria-required=\"true\" aria-invalid=\"false\" value=\"\" type=\"text\" name=\"your-subject\" \/><\/span> <\/label>\n<\/p>\n<p><label> Your message (optional)<br \/>\n<span class=\"wpcf7-form-control-wrap\" data-name=\"your-message\"><textarea cols=\"40\" rows=\"10\" maxlength=\"2000\" class=\"wpcf7-form-control wpcf7-textarea\" aria-invalid=\"false\" name=\"your-message\"><\/textarea><\/span> <\/label>\n<\/p>\n<p><input class=\"wpcf7-form-control wpcf7-submit has-spinner\" type=\"submit\" value=\"Send\" \/>\n<\/p><div class=\"wpcf7-response-output\" aria-hidden=\"true\"><\/div>\n<\/form>\n<\/div>\n\n","protected":false},"excerpt":{"rendered":"<p>\u00a1Bienvenidos a una aventura de 3 d\u00edas desde Marrakech al desierto de Merzouga y Fez! Si buscas una experiencia \u00fanica en Marruecos, este viaje te llevar\u00e1 a trav\u00e9s de algunas de las atracciones m\u00e1s incre\u00edbles del pa\u00eds. 1er D\u00eda : Marrakech &#8211; Alto Atlas &#8211; Kasbah de Ait Ben Haddou &#8211; Ouarzazate &#8211; Valle del&#8230;<\/p>\n","protected":false},"author":1,"featured_media":3017,"parent":0,"menu_order":0,"comment_status":"closed","ping_status":"closed","template":"","meta":{"_kadence_starter_templates_imported_post":false,"_kad_post_transparent":"default","_kad_post_title":"default","_kad_post_layout":"default","_kad_post_sidebar_id":"","_kad_post_content_style":"default","_kad_post_vertical_padding":"default","_kad_post_feature":"","_kad_post_feature_position":"","_kad_post_header":false,"_kad_post_footer":false,"footnotes":""},"class_list":["post-2739","page","type-page","status-publish","has-post-thumbnail","hentry"],"yoast_head":"<!-- This site is optimized with the Yoast SEO Premium plugin v19.0 (Yoast SEO v23.9) - https:\/\/yoast.com\/wordpress\/plugins\/seo\/ -->\n<title>3 d\u00edas desde Marrakech al desierto de Merzouga y Fez<\/title>\n<meta name=\"description\" content=\"Descubre la belleza del desierto marroqu\u00ed con nuestro tour de 3 d\u00edas desde Marrakech. Disfruta de un emocionante paseo en camello por las...\" \/>\n<meta name=\"robots\" content=\"index, follow, max-snippet:-1, max-image-preview:large, max-video-preview:-1\" \/>\n<link rel=\"canonical\" href=\"https:\/\/moroccounlimitedreams.com\/es\/3-dias-desde-marrakech-al-desierto-de-merzouga-y-fez\/\" \/>\n<meta property=\"og:locale\" content=\"es_ES\" \/>\n<meta property=\"og:type\" content=\"article\" \/>\n<meta property=\"og:title\" content=\"3 d\u00edas desde Marrakech al desierto de Merzouga y Fez\" \/>\n<meta property=\"og:description\" content=\"Descubre la belleza del desierto marroqu\u00ed con nuestro tour de 3 d\u00edas desde Marrakech. Disfruta de un emocionante paseo en camello por las...\" \/>\n<meta property=\"og:url\" content=\"https:\/\/moroccounlimitedreams.com\/es\/3-dias-desde-marrakech-al-desierto-de-merzouga-y-fez\/\" \/>\n<meta property=\"og:site_name\" content=\"Morocco Unlimited Dreams\" \/>\n<meta property=\"article:modified_time\" content=\"2023-03-23T22:35:05+00:00\" \/>\n<meta property=\"og:image\" content=\"https:\/\/moroccounlimitedreams.com\/es\/wp-content\/uploads\/2023\/02\/marra-4.jpeg\" \/>\n\t<meta property=\"og:image:width\" content=\"799\" \/>\n\t<meta property=\"og:image:height\" content=\"533\" \/>\n\t<meta property=\"og:image:type\" content=\"image\/jpeg\" \/>\n<meta name=\"twitter:card\" content=\"summary_large_image\" \/>\n<meta name=\"twitter:label1\" content=\"Tiempo de lectura\" \/>\n\t<meta name=\"twitter:data1\" content=\"4 minutos\" \/>\n<script type=\"application\/ld+json\" class=\"yoast-schema-graph\">{\"@context\":\"https:\/\/schema.org\",\"@graph\":[{\"@type\":\"WebPage\",\"@id\":\"https:\/\/moroccounlimitedreams.com\/es\/3-dias-desde-marrakech-al-desierto-de-merzouga-y-fez\/\",\"url\":\"https:\/\/moroccounlimitedreams.com\/es\/3-dias-desde-marrakech-al-desierto-de-merzouga-y-fez\/\",\"name\":\"3 d\u00edas desde Marrakech al desierto de Merzouga y Fez\",\"isPartOf\":{\"@id\":\"https:\/\/moroccounlimitedreams.com\/es\/#website\"},\"primaryImageOfPage\":{\"@id\":\"https:\/\/moroccounlimitedreams.com\/es\/3-dias-desde-marrakech-al-desierto-de-merzouga-y-fez\/#primaryimage\"},\"image\":{\"@id\":\"https:\/\/moroccounlimitedreams.com\/es\/3-dias-desde-marrakech-al-desierto-de-merzouga-y-fez\/#primaryimage\"},\"thumbnailUrl\":\"https:\/\/moroccounlimitedreams.com\/es\/wp-content\/uploads\/2023\/02\/marra-4.jpeg\",\"datePublished\":\"2023-02-18T18:05:38+00:00\",\"dateModified\":\"2023-03-23T22:35:05+00:00\",\"description\":\"Descubre la belleza del desierto marroqu\u00ed con nuestro tour de 3 d\u00edas desde Marrakech. Disfruta de un emocionante paseo en camello por las...\",\"breadcrumb\":{\"@id\":\"https:\/\/moroccounlimitedreams.com\/es\/3-dias-desde-marrakech-al-desierto-de-merzouga-y-fez\/#breadcrumb\"},\"inLanguage\":\"es\",\"potentialAction\":[{\"@type\":\"ReadAction\",\"target\":[\"https:\/\/moroccounlimitedreams.com\/es\/3-dias-desde-marrakech-al-desierto-de-merzouga-y-fez\/\"]}]},{\"@type\":\"ImageObject\",\"inLanguage\":\"es\",\"@id\":\"https:\/\/moroccounlimitedreams.com\/es\/3-dias-desde-marrakech-al-desierto-de-merzouga-y-fez\/#primaryimage\",\"url\":\"https:\/\/moroccounlimitedreams.com\/es\/wp-content\/uploads\/2023\/02\/marra-4.jpeg\",\"contentUrl\":\"https:\/\/moroccounlimitedreams.com\/es\/wp-content\/uploads\/2023\/02\/marra-4.jpeg\",\"width\":799,\"height\":533,\"caption\":\"3 d\u00edas desde Marrakech al desierto de Merzouga y Fez\"},{\"@type\":\"BreadcrumbList\",\"@id\":\"https:\/\/moroccounlimitedreams.com\/es\/3-dias-desde-marrakech-al-desierto-de-merzouga-y-fez\/#breadcrumb\",\"itemListElement\":[{\"@type\":\"ListItem\",\"position\":1,\"name\":\"Home\",\"item\":\"https:\/\/moroccounlimitedreams.com\/es\/\"},{\"@type\":\"ListItem\",\"position\":2,\"name\":\"3 d\u00edas desde Marrakech al desierto de Merzouga y Fez\"}]},{\"@type\":\"WebSite\",\"@id\":\"https:\/\/moroccounlimitedreams.com\/es\/#website\",\"url\":\"https:\/\/moroccounlimitedreams.com\/es\/\",\"name\":\"Morocco Unlimited Dreams\",\"description\":\"Morocco Desert Tours - Tours &amp; Excursions in Morocco\",\"publisher\":{\"@id\":\"https:\/\/moroccounlimitedreams.com\/es\/#organization\"},\"potentialAction\":[{\"@type\":\"SearchAction\",\"target\":{\"@type\":\"EntryPoint\",\"urlTemplate\":\"https:\/\/moroccounlimitedreams.com\/es\/?s={search_term_string}\"},\"query-input\":{\"@type\":\"PropertyValueSpecification\",\"valueRequired\":true,\"valueName\":\"search_term_string\"}}],\"inLanguage\":\"es\"},{\"@type\":\"Organization\",\"@id\":\"https:\/\/moroccounlimitedreams.com\/es\/#organization\",\"name\":\"Morocco Unlimited Dreams\",\"url\":\"https:\/\/moroccounlimitedreams.com\/es\/\",\"logo\":{\"@type\":\"ImageObject\",\"inLanguage\":\"es\",\"@id\":\"https:\/\/moroccounlimitedreams.com\/es\/#\/schema\/logo\/image\/\",\"url\":\"https:\/\/moroccounlimitedreams.com\/es\/wp-content\/uploads\/2023\/12\/mrd.png\",\"contentUrl\":\"https:\/\/moroccounlimitedreams.com\/es\/wp-content\/uploads\/2023\/12\/mrd.png\",\"width\":242,\"height\":90,\"caption\":\"Morocco Unlimited Dreams\"},\"image\":{\"@id\":\"https:\/\/moroccounlimitedreams.com\/es\/#\/schema\/logo\/image\/\"}}]}<\/script>\n<!-- \/ Yoast SEO Premium plugin. -->","yoast_head_json":{"title":"3 d\u00edas desde Marrakech al desierto de Merzouga y Fez","description":"Descubre la belleza del desierto marroqu\u00ed con nuestro tour de 3 d\u00edas desde Marrakech. Disfruta de un emocionante paseo en camello por las...","robots":{"index":"index","follow":"follow","max-snippet":"max-snippet:-1","max-image-preview":"max-image-preview:large","max-video-preview":"max-video-preview:-1"},"canonical":"https:\/\/moroccounlimitedreams.com\/es\/3-dias-desde-marrakech-al-desierto-de-merzouga-y-fez\/","og_locale":"es_ES","og_type":"article","og_title":"3 d\u00edas desde Marrakech al desierto de Merzouga y Fez","og_description":"Descubre la belleza del desierto marroqu\u00ed con nuestro tour de 3 d\u00edas desde Marrakech. Disfruta de un emocionante paseo en camello por las...","og_url":"https:\/\/moroccounlimitedreams.com\/es\/3-dias-desde-marrakech-al-desierto-de-merzouga-y-fez\/","og_site_name":"Morocco Unlimited Dreams","article_modified_time":"2023-03-23T22:35:05+00:00","og_image":[{"width":799,"height":533,"url":"https:\/\/moroccounlimitedreams.com\/es\/wp-content\/uploads\/2023\/02\/marra-4.jpeg","type":"image\/jpeg"}],"twitter_card":"summary_large_image","twitter_misc":{"Tiempo de lectura":"4 minutos"},"schema":{"@context":"https:\/\/schema.org","@graph":[{"@type":"WebPage","@id":"https:\/\/moroccounlimitedreams.com\/es\/3-dias-desde-marrakech-al-desierto-de-merzouga-y-fez\/","url":"https:\/\/moroccounlimitedreams.com\/es\/3-dias-desde-marrakech-al-desierto-de-merzouga-y-fez\/","name":"3 d\u00edas desde Marrakech al desierto de Merzouga y Fez","isPartOf":{"@id":"https:\/\/moroccounlimitedreams.com\/es\/#website"},"primaryImageOfPage":{"@id":"https:\/\/moroccounlimitedreams.com\/es\/3-dias-desde-marrakech-al-desierto-de-merzouga-y-fez\/#primaryimage"},"image":{"@id":"https:\/\/moroccounlimitedreams.com\/es\/3-dias-desde-marrakech-al-desierto-de-merzouga-y-fez\/#primaryimage"},"thumbnailUrl":"https:\/\/moroccounlimitedreams.com\/es\/wp-content\/uploads\/2023\/02\/marra-4.jpeg","datePublished":"2023-02-18T18:05:38+00:00","dateModified":"2023-03-23T22:35:05+00:00","description":"Descubre la belleza del desierto marroqu\u00ed con nuestro tour de 3 d\u00edas desde Marrakech. Disfruta de un emocionante paseo en camello por las...","breadcrumb":{"@id":"https:\/\/moroccounlimitedreams.com\/es\/3-dias-desde-marrakech-al-desierto-de-merzouga-y-fez\/#breadcrumb"},"inLanguage":"es","potentialAction":[{"@type":"ReadAction","target":["https:\/\/moroccounlimitedreams.com\/es\/3-dias-desde-marrakech-al-desierto-de-merzouga-y-fez\/"]}]},{"@type":"ImageObject","inLanguage":"es","@id":"https:\/\/moroccounlimitedreams.com\/es\/3-dias-desde-marrakech-al-desierto-de-merzouga-y-fez\/#primaryimage","url":"https:\/\/moroccounlimitedreams.com\/es\/wp-content\/uploads\/2023\/02\/marra-4.jpeg","contentUrl":"https:\/\/moroccounlimitedreams.com\/es\/wp-content\/uploads\/2023\/02\/marra-4.jpeg","width":799,"height":533,"caption":"3 d\u00edas desde Marrakech al desierto de Merzouga y Fez"},{"@type":"BreadcrumbList","@id":"https:\/\/moroccounlimitedreams.com\/es\/3-dias-desde-marrakech-al-desierto-de-merzouga-y-fez\/#breadcrumb","itemListElement":[{"@type":"ListItem","position":1,"name":"Home","item":"https:\/\/moroccounlimitedreams.com\/es\/"},{"@type":"ListItem","position":2,"name":"3 d\u00edas desde Marrakech al desierto de Merzouga y Fez"}]},{"@type":"WebSite","@id":"https:\/\/moroccounlimitedreams.com\/es\/#website","url":"https:\/\/moroccounlimitedreams.com\/es\/","name":"Morocco Unlimited Dreams","description":"Morocco Desert Tours - Tours &amp; Excursions in Morocco","publisher":{"@id":"https:\/\/moroccounlimitedreams.com\/es\/#organization"},"potentialAction":[{"@type":"SearchAction","target":{"@type":"EntryPoint","urlTemplate":"https:\/\/moroccounlimitedreams.com\/es\/?s={search_term_string}"},"query-input":{"@type":"PropertyValueSpecification","valueRequired":true,"valueName":"search_term_string"}}],"inLanguage":"es"},{"@type":"Organization","@id":"https:\/\/moroccounlimitedreams.com\/es\/#organization","name":"Morocco Unlimited Dreams","url":"https:\/\/moroccounlimitedreams.com\/es\/","logo":{"@type":"ImageObject","inLanguage":"es","@id":"https:\/\/moroccounlimitedreams.com\/es\/#\/schema\/logo\/image\/","url":"https:\/\/moroccounlimitedreams.com\/es\/wp-content\/uploads\/2023\/12\/mrd.png","contentUrl":"https:\/\/moroccounlimitedreams.com\/es\/wp-content\/uploads\/2023\/12\/mrd.png","width":242,"height":90,"caption":"Morocco Unlimited Dreams"},"image":{"@id":"https:\/\/moroccounlimitedreams.com\/es\/#\/schema\/logo\/image\/"}}]}},"_links":{"self":[{"href":"https:\/\/moroccounlimitedreams.com\/es\/wp-json\/wp\/v2\/pages\/2739","targetHints":{"allow":["GET"]}}],"collection":[{"href":"https:\/\/moroccounlimitedreams.com\/es\/wp-json\/wp\/v2\/pages"}],"about":[{"href":"https:\/\/moroccounlimitedreams.com\/es\/wp-json\/wp\/v2\/types\/page"}],"author":[{"embeddable":true,"href":"https:\/\/moroccounlimitedreams.com\/es\/wp-json\/wp\/v2\/users\/1"}],"replies":[{"embeddable":true,"href":"https:\/\/moroccounlimitedreams.com\/es\/wp-json\/wp\/v2\/comments?post=2739"}],"version-history":[{"count":7,"href":"https:\/\/moroccounlimitedreams.com\/es\/wp-json\/wp\/v2\/pages\/2739\/revisions"}],"predecessor-version":[{"id":3243,"href":"https:\/\/moroccounlimitedreams.com\/es\/wp-json\/wp\/v2\/pages\/2739\/revisions\/3243"}],"wp:featuredmedia":[{"embeddable":true,"href":"https:\/\/moroccounlimitedreams.com\/es\/wp-json\/wp\/v2\/media\/3017"}],"wp:attachment":[{"href":"https:\/\/moroccounlimitedreams.com\/es\/wp-json\/wp\/v2\/media?parent=2739"}],"curies":[{"name":"wp","href":"https:\/\/api.w.org\/{rel}","templated":true}]}}