{"id":2737,"date":"2023-02-18T18:05:10","date_gmt":"2023-02-18T18:05:10","guid":{"rendered":"https:\/\/moroccounlimitedreams.com\/?page_id=2737"},"modified":"2023-03-24T14:46:14","modified_gmt":"2023-03-24T14:46:14","slug":"excursion-de-3-dias-por-el-desierto-desde-marrakech","status":"publish","type":"page","link":"https:\/\/moroccounlimitedreams.com\/es\/excursion-de-3-dias-por-el-desierto-desde-marrakech\/","title":{"rendered":"Excursi\u00f3n de 3 d\u00edas por el desierto desde Marrakech"},"content":{"rendered":"<p>\u00bfQuieres experimentar la majestuosidad del desierto en Marruecos? \u00a1Una excursi\u00f3n de tres d\u00edas por el desierto desde Marrakech es la opci\u00f3n perfecta para ti!<\/p>\n<p>Durante esta excursi\u00f3n, tendr\u00e1s la oportunidad de explorar el magn\u00edfico desierto del Sahara, montar en camello, disfrutar de una cena beduina bajo las estrellas y mucho m\u00e1s. Adem\u00e1s, nuestro equipo de expertos te guiar\u00e1 en todo momento para que disfrutes al m\u00e1ximo de esta experiencia \u00fanica.<\/p>\n<h4>1er d\u00eda : Marrakech &#8211; Alto Atlas &#8211; Kasbah de Ait Ben Haddou &#8211; Ouarzazate &#8211; Valle del Dad\u00e9s<\/h4>\n<p>Recogida en su alojamiento en Marrakech a las 8 de la ma\u00f1ana, y salida hacia el Alto Atlas,Sof monta\u00f1as del Atlas marroqu\u00ed, pasando por el puerto de Tizi N&#8217;Tichka con paradas para vistas panor\u00e1micas y tomar fotos de los peque\u00f1os pueblos bereberes que se camuflan en el paisaje. Despu\u00e9s continuaremos hacia el sur hasta el ksar (pueblo fortificado) de Ait Ben Haddou, donde visitaremos la famosa Kasbah (declarada Patrimonio de la Humanidad por la UNESCO en 1986). En este espectacular escenario se han rodado famosas pel\u00edculas como Gladiator , Obelix, La Momia, La Joya del Nilo, Sahara con Pen\u00e9lope Cruz&#8230;etc.<\/p>\n<p>Tiempo libre para almorzar en la ciudad.<\/p>\n<p>Despu\u00e9s continuaremos hacia Ouarzazate tambi\u00e9n conocida como \u00abLa puerta del desierto\u00bb que en lengua <a href=\"https:\/\/moroccounlimitedreams.com\/8-days-from-marrakech-to-south-morocco-and-berber-villages\/\">bereber<\/a> significa \u00absin ruido o sin confusi\u00f3n\u00bb. Aqu\u00ed veremos la kasbah de Taourirt, uno de los ksars m\u00e1s espectaculares de Marruecos.<\/p>\n<p>El siguiente lugar a visitar es el Valle de las Rosas atravesando el gran palmeral de Skoura; un hermoso lugar para contemplar las m\u00e1s de 700.000 palmeras y las numerosas kasbahs que se levantan en los alrededores. En este Valle se cr\u00edan rosas damascenas para uso cosm\u00e9tico como la apreciada agua de rosas. Aqu\u00ed se celebra anualmente en mayo la Fiesta de la Rosa, un importante museo de la cultura marroqu\u00ed.<\/p>\n<p>Finalmente llegamos al valle del Dad\u00e9s donde pasaremos la noche.<\/p>\n<h4>2\u00ba D\u00eda : Valle del Dad\u00e9s &#8211; Gargantas del Todra &#8211; Merzouga &#8211; Excursi\u00f3n a camello y noche en campamento bereber<\/h4>\n<p>Despu\u00e9s del desayuno disfrutaremos de una de las vistas m\u00e1s hermosas del valle del Dad\u00e9s desde un mirador estrat\u00e9gico en las monta\u00f1as, desde all\u00ed podremos apreciar el gran n\u00famero de kasbahs y las caracter\u00edsticas paisaj\u00edsticas de cada una. Una muy buena carretera asfaltada asciende por el valle desde la ciudad de Tinerhir hasta el desfiladero y luego hasta el desierto. Tras algunas paradas en el camino llegaremos a las gargantas del Todra. El paisaje es espectacular. La poblaci\u00f3n local vive en la zona y se la puede ver en sus aldeas de adobe. Gracias a sus paredes rocosas con muchos desniveles, estas gargantas son populares entre los escaladores.<\/p>\n<p>Tras un breve paseo por las gargantas del Todra, tendremos tiempo libre para almorzar en Tinejdad o Touroug y luego continuaremos nuestro camino hacia el desierto para llegar a las espectaculares dunas de Merzouga.<\/p>\n<p>All\u00ed daremos un paseo en dromedario de una hora hasta nuestro campamento n\u00f3mada situado en medio de un mar de dunas (Erg Chebbi). Antes de cenar veremos la puesta de sol en lo alto de una duna para despu\u00e9s dormir en una tienda bajo un hermoso cielo estrellado.<\/p>\n<h4>3er D\u00eda: Dunas de Merzouga &#8211; Valle del Draa &#8211; Anti Atlas &#8211; Ouarzazate &#8211; Marrakech<\/h4>\n<p>Muy temprano por la ma\u00f1ana tenemos una \u00abCita con el amanecer\u00bb. En pleno desierto, levantarse temprano es una \u00abcita obligada\u00bb para contemplar el amanecer m\u00e1s espectacular que jam\u00e1s haya visto en lo alto de una duna cercana al campamento.<\/p>\n<p>Despu\u00e9s regresamos a Merzouga en los dromedarios donde nos espera un delicioso desayuno. Habiendo recuperado fuerzas comenzamos nuestro \u00faltimo d\u00eda de viaje atravesando la \u00e1rida zona predes\u00e9rtica donde nos encontraremos con la \u00abacacia\u00bb, \u00e1rbol t\u00edpico de estos paisajes. De camino al valle del Draa haremos algunas paradas para disfrutar de las hermosas vistas del r\u00edo que da nombre al valle. Es el r\u00edo m\u00e1s largo de Marruecos, atravesando todo el pa\u00eds hasta llegar a Mauritania.<\/p>\n<p>Nuestro viaje contin\u00faa hacia Ouarzazate atravesando el Anti Atlas. Tendremos tiempo libre para almorzar en la ciudad y por la tarde emprendemos de nuevo el camino hacia Marrakech llegando sobre las 20:00 horas. Traslado al hotel y fin de nuestros servicios.<\/p>\n\n<div class=\"wpcf7 no-js\" id=\"wpcf7-f2957-o1\" lang=\"en-US\" dir=\"ltr\" data-wpcf7-id=\"2957\">\n<div class=\"screen-reader-response\"><p role=\"status\" aria-live=\"polite\" aria-atomic=\"true\"><\/p> <ul><\/ul><\/div>\n<form action=\"\/es\/wp-json\/wp\/v2\/pages\/2737#wpcf7-f2957-o1\" method=\"post\" class=\"wpcf7-form init\" aria-label=\"Contact form\" novalidate=\"novalidate\" data-status=\"init\">\n<div style=\"display: none;\">\n<input type=\"hidden\" name=\"_wpcf7\" value=\"2957\" \/>\n<input type=\"hidden\" name=\"_wpcf7_version\" value=\"6.0\" \/>\n<input type=\"hidden\" name=\"_wpcf7_locale\" value=\"en_US\" \/>\n<input type=\"hidden\" name=\"_wpcf7_unit_tag\" value=\"wpcf7-f2957-o1\" \/>\n<input type=\"hidden\" name=\"_wpcf7_container_post\" value=\"0\" \/>\n<input type=\"hidden\" name=\"_wpcf7_posted_data_hash\" value=\"\" \/>\n<\/div>\n<p><label> Your name<br \/>\n<span class=\"wpcf7-form-control-wrap\" data-name=\"your-name\"><input size=\"40\" maxlength=\"400\" class=\"wpcf7-form-control wpcf7-text wpcf7-validates-as-required\" autocomplete=\"name\" aria-required=\"true\" aria-invalid=\"false\" value=\"\" type=\"text\" name=\"your-name\" \/><\/span> <\/label>\n<\/p>\n<p><label> Your email<br \/>\n<span class=\"wpcf7-form-control-wrap\" data-name=\"your-email\"><input size=\"40\" maxlength=\"400\" class=\"wpcf7-form-control wpcf7-email wpcf7-validates-as-required wpcf7-text wpcf7-validates-as-email\" autocomplete=\"email\" aria-required=\"true\" aria-invalid=\"false\" value=\"\" type=\"email\" name=\"your-email\" \/><\/span> <\/label>\n<\/p>\n<p><label> Subject<br \/>\n<span class=\"wpcf7-form-control-wrap\" data-name=\"your-subject\"><input size=\"40\" maxlength=\"400\" class=\"wpcf7-form-control wpcf7-text wpcf7-validates-as-required\" aria-required=\"true\" aria-invalid=\"false\" value=\"\" type=\"text\" name=\"your-subject\" \/><\/span> <\/label>\n<\/p>\n<p><label> Your message (optional)<br \/>\n<span class=\"wpcf7-form-control-wrap\" data-name=\"your-message\"><textarea cols=\"40\" rows=\"10\" maxlength=\"2000\" class=\"wpcf7-form-control wpcf7-textarea\" aria-invalid=\"false\" name=\"your-message\"><\/textarea><\/span> <\/label>\n<\/p>\n<p><input class=\"wpcf7-form-control wpcf7-submit has-spinner\" type=\"submit\" value=\"Send\" \/>\n<\/p><div class=\"wpcf7-response-output\" aria-hidden=\"true\"><\/div>\n<\/form>\n<\/div>\n\n","protected":false},"excerpt":{"rendered":"<p>\u00bfQuieres experimentar la majestuosidad del desierto en Marruecos? \u00a1Una excursi\u00f3n de tres d\u00edas por el desierto desde Marrakech es la opci\u00f3n perfecta para ti! Durante esta excursi\u00f3n, tendr\u00e1s la oportunidad de explorar el magn\u00edfico desierto del Sahara, montar en camello, disfrutar de una cena beduina bajo las estrellas y mucho m\u00e1s. Adem\u00e1s, nuestro equipo de&#8230;<\/p>\n","protected":false},"author":1,"featured_media":3014,"parent":0,"menu_order":0,"comment_status":"closed","ping_status":"closed","template":"","meta":{"_kadence_starter_templates_imported_post":false,"_kad_post_transparent":"default","_kad_post_title":"default","_kad_post_layout":"default","_kad_post_sidebar_id":"","_kad_post_content_style":"default","_kad_post_vertical_padding":"default","_kad_post_feature":"","_kad_post_feature_position":"","_kad_post_header":false,"_kad_post_footer":false,"footnotes":""},"class_list":["post-2737","page","type-page","status-publish","has-post-thumbnail","hentry"],"yoast_head":"<!-- This site is optimized with the Yoast SEO Premium plugin v19.0 (Yoast SEO v23.9) - https:\/\/yoast.com\/wordpress\/plugins\/seo\/ -->\n<title>Excursi\u00f3n de 3 d\u00edas por el desierto desde Marrakech<\/title>\n<meta name=\"description\" content=\"Descubre la belleza del desierto del S\u00e1hara con nuestro Excursi\u00f3n de 3 d\u00edas desde Marrakech. Experimenta la cultura y las tradiciones...\" \/>\n<meta name=\"robots\" content=\"index, follow, max-snippet:-1, max-image-preview:large, max-video-preview:-1\" \/>\n<link rel=\"canonical\" href=\"https:\/\/moroccounlimitedreams.com\/es\/excursion-de-3-dias-por-el-desierto-desde-marrakech\/\" \/>\n<meta property=\"og:locale\" content=\"es_ES\" \/>\n<meta property=\"og:type\" content=\"article\" \/>\n<meta property=\"og:title\" content=\"Excursi\u00f3n de 3 d\u00edas por el desierto desde Marrakech\" \/>\n<meta property=\"og:description\" content=\"Descubre la belleza del desierto del S\u00e1hara con nuestro Excursi\u00f3n de 3 d\u00edas desde Marrakech. Experimenta la cultura y las tradiciones...\" \/>\n<meta property=\"og:url\" content=\"https:\/\/moroccounlimitedreams.com\/es\/excursion-de-3-dias-por-el-desierto-desde-marrakech\/\" \/>\n<meta property=\"og:site_name\" content=\"Morocco Unlimited Dreams\" \/>\n<meta property=\"article:modified_time\" content=\"2023-03-24T14:46:14+00:00\" \/>\n<meta property=\"og:image\" content=\"https:\/\/moroccounlimitedreams.com\/es\/wp-content\/uploads\/2023\/02\/marra-1.jpeg\" \/>\n\t<meta property=\"og:image:width\" content=\"800\" \/>\n\t<meta property=\"og:image:height\" content=\"598\" \/>\n\t<meta property=\"og:image:type\" content=\"image\/jpeg\" \/>\n<meta name=\"twitter:card\" content=\"summary_large_image\" \/>\n<meta name=\"twitter:label1\" content=\"Tiempo de lectura\" \/>\n\t<meta name=\"twitter:data1\" content=\"4 minutos\" \/>\n<script type=\"application\/ld+json\" class=\"yoast-schema-graph\">{\"@context\":\"https:\/\/schema.org\",\"@graph\":[{\"@type\":\"WebPage\",\"@id\":\"https:\/\/moroccounlimitedreams.com\/es\/excursion-de-3-dias-por-el-desierto-desde-marrakech\/\",\"url\":\"https:\/\/moroccounlimitedreams.com\/es\/excursion-de-3-dias-por-el-desierto-desde-marrakech\/\",\"name\":\"Excursi\u00f3n de 3 d\u00edas por el desierto desde Marrakech\",\"isPartOf\":{\"@id\":\"https:\/\/moroccounlimitedreams.com\/es\/#website\"},\"primaryImageOfPage\":{\"@id\":\"https:\/\/moroccounlimitedreams.com\/es\/excursion-de-3-dias-por-el-desierto-desde-marrakech\/#primaryimage\"},\"image\":{\"@id\":\"https:\/\/moroccounlimitedreams.com\/es\/excursion-de-3-dias-por-el-desierto-desde-marrakech\/#primaryimage\"},\"thumbnailUrl\":\"https:\/\/moroccounlimitedreams.com\/es\/wp-content\/uploads\/2023\/02\/marra-1.jpeg\",\"datePublished\":\"2023-02-18T18:05:10+00:00\",\"dateModified\":\"2023-03-24T14:46:14+00:00\",\"description\":\"Descubre la belleza del desierto del S\u00e1hara con nuestro Excursi\u00f3n de 3 d\u00edas desde Marrakech. Experimenta la cultura y las tradiciones...\",\"breadcrumb\":{\"@id\":\"https:\/\/moroccounlimitedreams.com\/es\/excursion-de-3-dias-por-el-desierto-desde-marrakech\/#breadcrumb\"},\"inLanguage\":\"es\",\"potentialAction\":[{\"@type\":\"ReadAction\",\"target\":[\"https:\/\/moroccounlimitedreams.com\/es\/excursion-de-3-dias-por-el-desierto-desde-marrakech\/\"]}]},{\"@type\":\"ImageObject\",\"inLanguage\":\"es\",\"@id\":\"https:\/\/moroccounlimitedreams.com\/es\/excursion-de-3-dias-por-el-desierto-desde-marrakech\/#primaryimage\",\"url\":\"https:\/\/moroccounlimitedreams.com\/es\/wp-content\/uploads\/2023\/02\/marra-1.jpeg\",\"contentUrl\":\"https:\/\/moroccounlimitedreams.com\/es\/wp-content\/uploads\/2023\/02\/marra-1.jpeg\",\"width\":800,\"height\":598,\"caption\":\"Excursi\u00f3n de 3 d\u00edas por el desierto desde Marrakech\"},{\"@type\":\"BreadcrumbList\",\"@id\":\"https:\/\/moroccounlimitedreams.com\/es\/excursion-de-3-dias-por-el-desierto-desde-marrakech\/#breadcrumb\",\"itemListElement\":[{\"@type\":\"ListItem\",\"position\":1,\"name\":\"Home\",\"item\":\"https:\/\/moroccounlimitedreams.com\/es\/\"},{\"@type\":\"ListItem\",\"position\":2,\"name\":\"Excursi\u00f3n de 3 d\u00edas por el desierto desde Marrakech\"}]},{\"@type\":\"WebSite\",\"@id\":\"https:\/\/moroccounlimitedreams.com\/es\/#website\",\"url\":\"https:\/\/moroccounlimitedreams.com\/es\/\",\"name\":\"Morocco Unlimited Dreams\",\"description\":\"Morocco Desert Tours - Tours &amp; Excursions in Morocco\",\"publisher\":{\"@id\":\"https:\/\/moroccounlimitedreams.com\/es\/#organization\"},\"potentialAction\":[{\"@type\":\"SearchAction\",\"target\":{\"@type\":\"EntryPoint\",\"urlTemplate\":\"https:\/\/moroccounlimitedreams.com\/es\/?s={search_term_string}\"},\"query-input\":{\"@type\":\"PropertyValueSpecification\",\"valueRequired\":true,\"valueName\":\"search_term_string\"}}],\"inLanguage\":\"es\"},{\"@type\":\"Organization\",\"@id\":\"https:\/\/moroccounlimitedreams.com\/es\/#organization\",\"name\":\"Morocco Unlimited Dreams\",\"url\":\"https:\/\/moroccounlimitedreams.com\/es\/\",\"logo\":{\"@type\":\"ImageObject\",\"inLanguage\":\"es\",\"@id\":\"https:\/\/moroccounlimitedreams.com\/es\/#\/schema\/logo\/image\/\",\"url\":\"https:\/\/moroccounlimitedreams.com\/es\/wp-content\/uploads\/2023\/12\/mrd.png\",\"contentUrl\":\"https:\/\/moroccounlimitedreams.com\/es\/wp-content\/uploads\/2023\/12\/mrd.png\",\"width\":242,\"height\":90,\"caption\":\"Morocco Unlimited Dreams\"},\"image\":{\"@id\":\"https:\/\/moroccounlimitedreams.com\/es\/#\/schema\/logo\/image\/\"}}]}<\/script>\n<!-- \/ Yoast SEO Premium plugin. -->","yoast_head_json":{"title":"Excursi\u00f3n de 3 d\u00edas por el desierto desde Marrakech","description":"Descubre la belleza del desierto del S\u00e1hara con nuestro Excursi\u00f3n de 3 d\u00edas desde Marrakech. Experimenta la cultura y las tradiciones...","robots":{"index":"index","follow":"follow","max-snippet":"max-snippet:-1","max-image-preview":"max-image-preview:large","max-video-preview":"max-video-preview:-1"},"canonical":"https:\/\/moroccounlimitedreams.com\/es\/excursion-de-3-dias-por-el-desierto-desde-marrakech\/","og_locale":"es_ES","og_type":"article","og_title":"Excursi\u00f3n de 3 d\u00edas por el desierto desde Marrakech","og_description":"Descubre la belleza del desierto del S\u00e1hara con nuestro Excursi\u00f3n de 3 d\u00edas desde Marrakech. Experimenta la cultura y las tradiciones...","og_url":"https:\/\/moroccounlimitedreams.com\/es\/excursion-de-3-dias-por-el-desierto-desde-marrakech\/","og_site_name":"Morocco Unlimited Dreams","article_modified_time":"2023-03-24T14:46:14+00:00","og_image":[{"width":800,"height":598,"url":"https:\/\/moroccounlimitedreams.com\/es\/wp-content\/uploads\/2023\/02\/marra-1.jpeg","type":"image\/jpeg"}],"twitter_card":"summary_large_image","twitter_misc":{"Tiempo de lectura":"4 minutos"},"schema":{"@context":"https:\/\/schema.org","@graph":[{"@type":"WebPage","@id":"https:\/\/moroccounlimitedreams.com\/es\/excursion-de-3-dias-por-el-desierto-desde-marrakech\/","url":"https:\/\/moroccounlimitedreams.com\/es\/excursion-de-3-dias-por-el-desierto-desde-marrakech\/","name":"Excursi\u00f3n de 3 d\u00edas por el desierto desde Marrakech","isPartOf":{"@id":"https:\/\/moroccounlimitedreams.com\/es\/#website"},"primaryImageOfPage":{"@id":"https:\/\/moroccounlimitedreams.com\/es\/excursion-de-3-dias-por-el-desierto-desde-marrakech\/#primaryimage"},"image":{"@id":"https:\/\/moroccounlimitedreams.com\/es\/excursion-de-3-dias-por-el-desierto-desde-marrakech\/#primaryimage"},"thumbnailUrl":"https:\/\/moroccounlimitedreams.com\/es\/wp-content\/uploads\/2023\/02\/marra-1.jpeg","datePublished":"2023-02-18T18:05:10+00:00","dateModified":"2023-03-24T14:46:14+00:00","description":"Descubre la belleza del desierto del S\u00e1hara con nuestro Excursi\u00f3n de 3 d\u00edas desde Marrakech. Experimenta la cultura y las tradiciones...","breadcrumb":{"@id":"https:\/\/moroccounlimitedreams.com\/es\/excursion-de-3-dias-por-el-desierto-desde-marrakech\/#breadcrumb"},"inLanguage":"es","potentialAction":[{"@type":"ReadAction","target":["https:\/\/moroccounlimitedreams.com\/es\/excursion-de-3-dias-por-el-desierto-desde-marrakech\/"]}]},{"@type":"ImageObject","inLanguage":"es","@id":"https:\/\/moroccounlimitedreams.com\/es\/excursion-de-3-dias-por-el-desierto-desde-marrakech\/#primaryimage","url":"https:\/\/moroccounlimitedreams.com\/es\/wp-content\/uploads\/2023\/02\/marra-1.jpeg","contentUrl":"https:\/\/moroccounlimitedreams.com\/es\/wp-content\/uploads\/2023\/02\/marra-1.jpeg","width":800,"height":598,"caption":"Excursi\u00f3n de 3 d\u00edas por el desierto desde Marrakech"},{"@type":"BreadcrumbList","@id":"https:\/\/moroccounlimitedreams.com\/es\/excursion-de-3-dias-por-el-desierto-desde-marrakech\/#breadcrumb","itemListElement":[{"@type":"ListItem","position":1,"name":"Home","item":"https:\/\/moroccounlimitedreams.com\/es\/"},{"@type":"ListItem","position":2,"name":"Excursi\u00f3n de 3 d\u00edas por el desierto desde Marrakech"}]},{"@type":"WebSite","@id":"https:\/\/moroccounlimitedreams.com\/es\/#website","url":"https:\/\/moroccounlimitedreams.com\/es\/","name":"Morocco Unlimited Dreams","description":"Morocco Desert Tours - Tours &amp; Excursions in Morocco","publisher":{"@id":"https:\/\/moroccounlimitedreams.com\/es\/#organization"},"potentialAction":[{"@type":"SearchAction","target":{"@type":"EntryPoint","urlTemplate":"https:\/\/moroccounlimitedreams.com\/es\/?s={search_term_string}"},"query-input":{"@type":"PropertyValueSpecification","valueRequired":true,"valueName":"search_term_string"}}],"inLanguage":"es"},{"@type":"Organization","@id":"https:\/\/moroccounlimitedreams.com\/es\/#organization","name":"Morocco Unlimited Dreams","url":"https:\/\/moroccounlimitedreams.com\/es\/","logo":{"@type":"ImageObject","inLanguage":"es","@id":"https:\/\/moroccounlimitedreams.com\/es\/#\/schema\/logo\/image\/","url":"https:\/\/moroccounlimitedreams.com\/es\/wp-content\/uploads\/2023\/12\/mrd.png","contentUrl":"https:\/\/moroccounlimitedreams.com\/es\/wp-content\/uploads\/2023\/12\/mrd.png","width":242,"height":90,"caption":"Morocco Unlimited Dreams"},"image":{"@id":"https:\/\/moroccounlimitedreams.com\/es\/#\/schema\/logo\/image\/"}}]}},"_links":{"self":[{"href":"https:\/\/moroccounlimitedreams.com\/es\/wp-json\/wp\/v2\/pages\/2737","targetHints":{"allow":["GET"]}}],"collection":[{"href":"https:\/\/moroccounlimitedreams.com\/es\/wp-json\/wp\/v2\/pages"}],"about":[{"href":"https:\/\/moroccounlimitedreams.com\/es\/wp-json\/wp\/v2\/types\/page"}],"author":[{"embeddable":true,"href":"https:\/\/moroccounlimitedreams.com\/es\/wp-json\/wp\/v2\/users\/1"}],"replies":[{"embeddable":true,"href":"https:\/\/moroccounlimitedreams.com\/es\/wp-json\/wp\/v2\/comments?post=2737"}],"version-history":[{"count":7,"href":"https:\/\/moroccounlimitedreams.com\/es\/wp-json\/wp\/v2\/pages\/2737\/revisions"}],"predecessor-version":[{"id":3265,"href":"https:\/\/moroccounlimitedreams.com\/es\/wp-json\/wp\/v2\/pages\/2737\/revisions\/3265"}],"wp:featuredmedia":[{"embeddable":true,"href":"https:\/\/moroccounlimitedreams.com\/es\/wp-json\/wp\/v2\/media\/3014"}],"wp:attachment":[{"href":"https:\/\/moroccounlimitedreams.com\/es\/wp-json\/wp\/v2\/media?parent=2737"}],"curies":[{"name":"wp","href":"https:\/\/api.w.org\/{rel}","templated":true}]}}