{"id":2735,"date":"2023-02-18T18:03:40","date_gmt":"2023-02-18T18:03:40","guid":{"rendered":"https:\/\/moroccounlimitedreams.com\/?page_id=2735"},"modified":"2023-03-24T15:27:06","modified_gmt":"2023-03-24T15:27:06","slug":"excursiones-de-un-dia-a-ait-ben-haddou-desde-marrakech","status":"publish","type":"page","link":"https:\/\/moroccounlimitedreams.com\/es\/excursiones-de-un-dia-a-ait-ben-haddou-desde-marrakech\/","title":{"rendered":"Excursiones de un d\u00eda a Ait Ben Haddou desde Marrakech"},"content":{"rendered":"<p>\u00bfBuscas una aventura emocionante en Marruecos? Entonces no te pierdas la oportunidad de visitar el espectacular ksar de Ait Ben Haddou en las monta\u00f1as del Alto Atlas, declarado Patrimonio de la Humanidad por la UNESCO. En esta excursi\u00f3n de un d\u00eda desde Marrakech, descubrir\u00e1s la magia de este pueblo fortificado y visitar\u00e1s los estudios de cine m\u00e1s importantes de Marruecos en Ouarzazate.<\/p>\n<h3>Recogida en tu alojamiento en Marrakech<\/h3>\n<p>Comenzaremos el d\u00eda temprano con una recogida en tu alojamiento en Marrakech a las 8 de la ma\u00f1ana. Desde all\u00ed, nos dirigiremos hacia las monta\u00f1as del Alto Atlas pasando por el puerto de Tizi N\u2019Tichka, donde haremos varias paradas para disfrutar de las impresionantes vistas panor\u00e1micas de la cordillera.<\/p>\n<h3>Pueblos bereberes y el ksar de Ait Ben Haddou<\/h3>\n<p>Durante el camino, tendremos la oportunidad de ver muchos pueblos bereberes, famosos por su cultura y tradiciones ancestrales. Despu\u00e9s continuaremos hacia el sur y nos desviaremos para tomar 9 km de una peque\u00f1a carretera que nos llevar\u00e1 al ksar de <a href=\"https:\/\/moroccounlimitedreams.com\/ait-ben-haddou-day-trips-from-marrakech\/\">Ait Ben Haddou<\/a>.<\/p>\n<p>All\u00ed visitaremos la famosa Kasbah, que ha sido escenario de numerosas pel\u00edculas de Hollywood como Gladiator, Obelix, La Momia, La Joya del Nilo, Sahara con Pen\u00e9lope Cruz, entre otras. Disfrutaremos de tiempo libre para almorzar y pasear por las calles de esta ciudad fortificada, que nos transportar\u00e1 a otra \u00e9poca.<\/p>\n<h3>Los Estudios Atlas y la kasbah de Taourirt<\/h3>\n<p>Por la tarde, continuaremos hacia Ouarzazate, donde visitaremos los Estudios Atlas, los estudios de cine m\u00e1s importantes de Marruecos. En este lugar, se han filmado pel\u00edculas muy famosas como Ast\u00e9rix y Cleopatra, La Guerra de las Galaxias, La Momia y Gladiator.<\/p>\n<p>Tambi\u00e9n podremos visitar la kasbah de Taourirt, uno de los ksars m\u00e1s antiguos y espectaculares de Marruecos, que nos sorprender\u00e1 con su dise\u00f1o y belleza. All\u00ed nos adentraremos en el interior de esta ciudad, explorando sus callejones y pasadizos.<\/p>\n<h3>Regreso a Marrakech<\/h3>\n<p>Despu\u00e9s de un d\u00eda lleno de aventuras y descubrimientos, regresaremos a Marrakech. Te llevaremos de vuelta a tu hotel, donde podr\u00e1s descansar y recordar los maravillosos momentos vividos en esta excursi\u00f3n de un d\u00eda a Ait Ben Haddou.<\/p>\n\n<div class=\"wpcf7 no-js\" id=\"wpcf7-f2957-o1\" lang=\"en-US\" dir=\"ltr\" data-wpcf7-id=\"2957\">\n<div class=\"screen-reader-response\"><p role=\"status\" aria-live=\"polite\" aria-atomic=\"true\"><\/p> <ul><\/ul><\/div>\n<form action=\"\/es\/wp-json\/wp\/v2\/pages\/2735#wpcf7-f2957-o1\" method=\"post\" class=\"wpcf7-form init\" aria-label=\"Contact form\" novalidate=\"novalidate\" data-status=\"init\">\n<div style=\"display: none;\">\n<input type=\"hidden\" name=\"_wpcf7\" value=\"2957\" \/>\n<input type=\"hidden\" name=\"_wpcf7_version\" value=\"6.0\" \/>\n<input type=\"hidden\" name=\"_wpcf7_locale\" value=\"en_US\" \/>\n<input type=\"hidden\" name=\"_wpcf7_unit_tag\" value=\"wpcf7-f2957-o1\" \/>\n<input type=\"hidden\" name=\"_wpcf7_container_post\" value=\"0\" \/>\n<input type=\"hidden\" name=\"_wpcf7_posted_data_hash\" value=\"\" \/>\n<\/div>\n<p><label> Your name<br \/>\n<span class=\"wpcf7-form-control-wrap\" data-name=\"your-name\"><input size=\"40\" maxlength=\"400\" class=\"wpcf7-form-control wpcf7-text wpcf7-validates-as-required\" autocomplete=\"name\" aria-required=\"true\" aria-invalid=\"false\" value=\"\" type=\"text\" name=\"your-name\" \/><\/span> <\/label>\n<\/p>\n<p><label> Your email<br \/>\n<span class=\"wpcf7-form-control-wrap\" data-name=\"your-email\"><input size=\"40\" maxlength=\"400\" class=\"wpcf7-form-control wpcf7-email wpcf7-validates-as-required wpcf7-text wpcf7-validates-as-email\" autocomplete=\"email\" aria-required=\"true\" aria-invalid=\"false\" value=\"\" type=\"email\" name=\"your-email\" \/><\/span> <\/label>\n<\/p>\n<p><label> Subject<br \/>\n<span class=\"wpcf7-form-control-wrap\" data-name=\"your-subject\"><input size=\"40\" maxlength=\"400\" class=\"wpcf7-form-control wpcf7-text wpcf7-validates-as-required\" aria-required=\"true\" aria-invalid=\"false\" value=\"\" type=\"text\" name=\"your-subject\" \/><\/span> <\/label>\n<\/p>\n<p><label> Your message (optional)<br \/>\n<span class=\"wpcf7-form-control-wrap\" data-name=\"your-message\"><textarea cols=\"40\" rows=\"10\" maxlength=\"2000\" class=\"wpcf7-form-control wpcf7-textarea\" aria-invalid=\"false\" name=\"your-message\"><\/textarea><\/span> <\/label>\n<\/p>\n<p><input class=\"wpcf7-form-control wpcf7-submit has-spinner\" type=\"submit\" value=\"Send\" \/>\n<\/p><div class=\"wpcf7-response-output\" aria-hidden=\"true\"><\/div>\n<\/form>\n<\/div>\n\n","protected":false},"excerpt":{"rendered":"<p>\u00bfBuscas una aventura emocionante en Marruecos? Entonces no te pierdas la oportunidad de visitar el espectacular ksar de Ait Ben Haddou en las monta\u00f1as del Alto Atlas, declarado Patrimonio de la Humanidad por la UNESCO. En esta excursi\u00f3n de un d\u00eda desde Marrakech, descubrir\u00e1s la magia de este pueblo fortificado y visitar\u00e1s los estudios de&#8230;<\/p>\n","protected":false},"author":1,"featured_media":3029,"parent":0,"menu_order":0,"comment_status":"closed","ping_status":"closed","template":"","meta":{"_kadence_starter_templates_imported_post":false,"_kad_post_transparent":"default","_kad_post_title":"default","_kad_post_layout":"default","_kad_post_sidebar_id":"","_kad_post_content_style":"default","_kad_post_vertical_padding":"default","_kad_post_feature":"","_kad_post_feature_position":"","_kad_post_header":false,"_kad_post_footer":false,"footnotes":""},"class_list":["post-2735","page","type-page","status-publish","has-post-thumbnail","hentry"],"yoast_head":"<!-- This site is optimized with the Yoast SEO Premium plugin v19.0 (Yoast SEO v23.9) - https:\/\/yoast.com\/wordpress\/plugins\/seo\/ -->\n<title>Excursiones de un d\u00eda a Ait Ben Haddou desde Marrakech<\/title>\n<meta name=\"description\" content=\"Excursiones de un d\u00eda desde Marrakech al ksar de Ait Ben Haddou y los Estudios Atlas en Ouarzazate. Visita a pueblos bereberes y kasbahs...\" \/>\n<meta name=\"robots\" content=\"index, follow, max-snippet:-1, max-image-preview:large, max-video-preview:-1\" \/>\n<link rel=\"canonical\" href=\"https:\/\/moroccounlimitedreams.com\/es\/excursiones-de-un-dia-a-ait-ben-haddou-desde-marrakech\/\" \/>\n<meta property=\"og:locale\" content=\"es_ES\" \/>\n<meta property=\"og:type\" content=\"article\" \/>\n<meta property=\"og:title\" content=\"Excursiones de un d\u00eda a Ait Ben Haddou desde Marrakech\" \/>\n<meta property=\"og:description\" content=\"Excursiones de un d\u00eda desde Marrakech al ksar de Ait Ben Haddou y los Estudios Atlas en Ouarzazate. Visita a pueblos bereberes y kasbahs...\" \/>\n<meta property=\"og:url\" content=\"https:\/\/moroccounlimitedreams.com\/es\/excursiones-de-un-dia-a-ait-ben-haddou-desde-marrakech\/\" \/>\n<meta property=\"og:site_name\" content=\"Morocco Unlimited Dreams\" \/>\n<meta property=\"article:modified_time\" content=\"2023-03-24T15:27:06+00:00\" \/>\n<meta property=\"og:image\" content=\"https:\/\/moroccounlimitedreams.com\/es\/wp-content\/uploads\/2023\/02\/ait-ben-haddou.jpeg\" \/>\n\t<meta property=\"og:image:width\" content=\"799\" \/>\n\t<meta property=\"og:image:height\" content=\"533\" \/>\n\t<meta property=\"og:image:type\" content=\"image\/jpeg\" \/>\n<meta name=\"twitter:card\" content=\"summary_large_image\" \/>\n<meta name=\"twitter:label1\" content=\"Tiempo de lectura\" \/>\n\t<meta name=\"twitter:data1\" content=\"2 minutos\" \/>\n<script type=\"application\/ld+json\" class=\"yoast-schema-graph\">{\"@context\":\"https:\/\/schema.org\",\"@graph\":[{\"@type\":\"WebPage\",\"@id\":\"https:\/\/moroccounlimitedreams.com\/es\/excursiones-de-un-dia-a-ait-ben-haddou-desde-marrakech\/\",\"url\":\"https:\/\/moroccounlimitedreams.com\/es\/excursiones-de-un-dia-a-ait-ben-haddou-desde-marrakech\/\",\"name\":\"Excursiones de un d\u00eda a Ait Ben Haddou desde Marrakech\",\"isPartOf\":{\"@id\":\"https:\/\/moroccounlimitedreams.com\/es\/#website\"},\"primaryImageOfPage\":{\"@id\":\"https:\/\/moroccounlimitedreams.com\/es\/excursiones-de-un-dia-a-ait-ben-haddou-desde-marrakech\/#primaryimage\"},\"image\":{\"@id\":\"https:\/\/moroccounlimitedreams.com\/es\/excursiones-de-un-dia-a-ait-ben-haddou-desde-marrakech\/#primaryimage\"},\"thumbnailUrl\":\"https:\/\/moroccounlimitedreams.com\/es\/wp-content\/uploads\/2023\/02\/ait-ben-haddou.jpeg\",\"datePublished\":\"2023-02-18T18:03:40+00:00\",\"dateModified\":\"2023-03-24T15:27:06+00:00\",\"description\":\"Excursiones de un d\u00eda desde Marrakech al ksar de Ait Ben Haddou y los Estudios Atlas en Ouarzazate. Visita a pueblos bereberes y kasbahs...\",\"breadcrumb\":{\"@id\":\"https:\/\/moroccounlimitedreams.com\/es\/excursiones-de-un-dia-a-ait-ben-haddou-desde-marrakech\/#breadcrumb\"},\"inLanguage\":\"es\",\"potentialAction\":[{\"@type\":\"ReadAction\",\"target\":[\"https:\/\/moroccounlimitedreams.com\/es\/excursiones-de-un-dia-a-ait-ben-haddou-desde-marrakech\/\"]}]},{\"@type\":\"ImageObject\",\"inLanguage\":\"es\",\"@id\":\"https:\/\/moroccounlimitedreams.com\/es\/excursiones-de-un-dia-a-ait-ben-haddou-desde-marrakech\/#primaryimage\",\"url\":\"https:\/\/moroccounlimitedreams.com\/es\/wp-content\/uploads\/2023\/02\/ait-ben-haddou.jpeg\",\"contentUrl\":\"https:\/\/moroccounlimitedreams.com\/es\/wp-content\/uploads\/2023\/02\/ait-ben-haddou.jpeg\",\"width\":799,\"height\":533,\"caption\":\"Excursiones de un d\u00eda a Ait Ben Haddou desde Marrakech\"},{\"@type\":\"BreadcrumbList\",\"@id\":\"https:\/\/moroccounlimitedreams.com\/es\/excursiones-de-un-dia-a-ait-ben-haddou-desde-marrakech\/#breadcrumb\",\"itemListElement\":[{\"@type\":\"ListItem\",\"position\":1,\"name\":\"Home\",\"item\":\"https:\/\/moroccounlimitedreams.com\/es\/\"},{\"@type\":\"ListItem\",\"position\":2,\"name\":\"Excursiones de un d\u00eda a Ait Ben Haddou desde Marrakech\"}]},{\"@type\":\"WebSite\",\"@id\":\"https:\/\/moroccounlimitedreams.com\/es\/#website\",\"url\":\"https:\/\/moroccounlimitedreams.com\/es\/\",\"name\":\"Morocco Unlimited Dreams\",\"description\":\"Morocco Desert Tours - Tours &amp; Excursions in Morocco\",\"publisher\":{\"@id\":\"https:\/\/moroccounlimitedreams.com\/es\/#organization\"},\"potentialAction\":[{\"@type\":\"SearchAction\",\"target\":{\"@type\":\"EntryPoint\",\"urlTemplate\":\"https:\/\/moroccounlimitedreams.com\/es\/?s={search_term_string}\"},\"query-input\":{\"@type\":\"PropertyValueSpecification\",\"valueRequired\":true,\"valueName\":\"search_term_string\"}}],\"inLanguage\":\"es\"},{\"@type\":\"Organization\",\"@id\":\"https:\/\/moroccounlimitedreams.com\/es\/#organization\",\"name\":\"Morocco Unlimited Dreams\",\"url\":\"https:\/\/moroccounlimitedreams.com\/es\/\",\"logo\":{\"@type\":\"ImageObject\",\"inLanguage\":\"es\",\"@id\":\"https:\/\/moroccounlimitedreams.com\/es\/#\/schema\/logo\/image\/\",\"url\":\"https:\/\/moroccounlimitedreams.com\/es\/wp-content\/uploads\/2023\/12\/mrd.png\",\"contentUrl\":\"https:\/\/moroccounlimitedreams.com\/es\/wp-content\/uploads\/2023\/12\/mrd.png\",\"width\":242,\"height\":90,\"caption\":\"Morocco Unlimited Dreams\"},\"image\":{\"@id\":\"https:\/\/moroccounlimitedreams.com\/es\/#\/schema\/logo\/image\/\"}}]}<\/script>\n<!-- \/ Yoast SEO Premium plugin. -->","yoast_head_json":{"title":"Excursiones de un d\u00eda a Ait Ben Haddou desde Marrakech","description":"Excursiones de un d\u00eda desde Marrakech al ksar de Ait Ben Haddou y los Estudios Atlas en Ouarzazate. Visita a pueblos bereberes y kasbahs...","robots":{"index":"index","follow":"follow","max-snippet":"max-snippet:-1","max-image-preview":"max-image-preview:large","max-video-preview":"max-video-preview:-1"},"canonical":"https:\/\/moroccounlimitedreams.com\/es\/excursiones-de-un-dia-a-ait-ben-haddou-desde-marrakech\/","og_locale":"es_ES","og_type":"article","og_title":"Excursiones de un d\u00eda a Ait Ben Haddou desde Marrakech","og_description":"Excursiones de un d\u00eda desde Marrakech al ksar de Ait Ben Haddou y los Estudios Atlas en Ouarzazate. Visita a pueblos bereberes y kasbahs...","og_url":"https:\/\/moroccounlimitedreams.com\/es\/excursiones-de-un-dia-a-ait-ben-haddou-desde-marrakech\/","og_site_name":"Morocco Unlimited Dreams","article_modified_time":"2023-03-24T15:27:06+00:00","og_image":[{"width":799,"height":533,"url":"https:\/\/moroccounlimitedreams.com\/es\/wp-content\/uploads\/2023\/02\/ait-ben-haddou.jpeg","type":"image\/jpeg"}],"twitter_card":"summary_large_image","twitter_misc":{"Tiempo de lectura":"2 minutos"},"schema":{"@context":"https:\/\/schema.org","@graph":[{"@type":"WebPage","@id":"https:\/\/moroccounlimitedreams.com\/es\/excursiones-de-un-dia-a-ait-ben-haddou-desde-marrakech\/","url":"https:\/\/moroccounlimitedreams.com\/es\/excursiones-de-un-dia-a-ait-ben-haddou-desde-marrakech\/","name":"Excursiones de un d\u00eda a Ait Ben Haddou desde Marrakech","isPartOf":{"@id":"https:\/\/moroccounlimitedreams.com\/es\/#website"},"primaryImageOfPage":{"@id":"https:\/\/moroccounlimitedreams.com\/es\/excursiones-de-un-dia-a-ait-ben-haddou-desde-marrakech\/#primaryimage"},"image":{"@id":"https:\/\/moroccounlimitedreams.com\/es\/excursiones-de-un-dia-a-ait-ben-haddou-desde-marrakech\/#primaryimage"},"thumbnailUrl":"https:\/\/moroccounlimitedreams.com\/es\/wp-content\/uploads\/2023\/02\/ait-ben-haddou.jpeg","datePublished":"2023-02-18T18:03:40+00:00","dateModified":"2023-03-24T15:27:06+00:00","description":"Excursiones de un d\u00eda desde Marrakech al ksar de Ait Ben Haddou y los Estudios Atlas en Ouarzazate. Visita a pueblos bereberes y kasbahs...","breadcrumb":{"@id":"https:\/\/moroccounlimitedreams.com\/es\/excursiones-de-un-dia-a-ait-ben-haddou-desde-marrakech\/#breadcrumb"},"inLanguage":"es","potentialAction":[{"@type":"ReadAction","target":["https:\/\/moroccounlimitedreams.com\/es\/excursiones-de-un-dia-a-ait-ben-haddou-desde-marrakech\/"]}]},{"@type":"ImageObject","inLanguage":"es","@id":"https:\/\/moroccounlimitedreams.com\/es\/excursiones-de-un-dia-a-ait-ben-haddou-desde-marrakech\/#primaryimage","url":"https:\/\/moroccounlimitedreams.com\/es\/wp-content\/uploads\/2023\/02\/ait-ben-haddou.jpeg","contentUrl":"https:\/\/moroccounlimitedreams.com\/es\/wp-content\/uploads\/2023\/02\/ait-ben-haddou.jpeg","width":799,"height":533,"caption":"Excursiones de un d\u00eda a Ait Ben Haddou desde Marrakech"},{"@type":"BreadcrumbList","@id":"https:\/\/moroccounlimitedreams.com\/es\/excursiones-de-un-dia-a-ait-ben-haddou-desde-marrakech\/#breadcrumb","itemListElement":[{"@type":"ListItem","position":1,"name":"Home","item":"https:\/\/moroccounlimitedreams.com\/es\/"},{"@type":"ListItem","position":2,"name":"Excursiones de un d\u00eda a Ait Ben Haddou desde Marrakech"}]},{"@type":"WebSite","@id":"https:\/\/moroccounlimitedreams.com\/es\/#website","url":"https:\/\/moroccounlimitedreams.com\/es\/","name":"Morocco Unlimited Dreams","description":"Morocco Desert Tours - Tours &amp; Excursions in Morocco","publisher":{"@id":"https:\/\/moroccounlimitedreams.com\/es\/#organization"},"potentialAction":[{"@type":"SearchAction","target":{"@type":"EntryPoint","urlTemplate":"https:\/\/moroccounlimitedreams.com\/es\/?s={search_term_string}"},"query-input":{"@type":"PropertyValueSpecification","valueRequired":true,"valueName":"search_term_string"}}],"inLanguage":"es"},{"@type":"Organization","@id":"https:\/\/moroccounlimitedreams.com\/es\/#organization","name":"Morocco Unlimited Dreams","url":"https:\/\/moroccounlimitedreams.com\/es\/","logo":{"@type":"ImageObject","inLanguage":"es","@id":"https:\/\/moroccounlimitedreams.com\/es\/#\/schema\/logo\/image\/","url":"https:\/\/moroccounlimitedreams.com\/es\/wp-content\/uploads\/2023\/12\/mrd.png","contentUrl":"https:\/\/moroccounlimitedreams.com\/es\/wp-content\/uploads\/2023\/12\/mrd.png","width":242,"height":90,"caption":"Morocco Unlimited Dreams"},"image":{"@id":"https:\/\/moroccounlimitedreams.com\/es\/#\/schema\/logo\/image\/"}}]}},"_links":{"self":[{"href":"https:\/\/moroccounlimitedreams.com\/es\/wp-json\/wp\/v2\/pages\/2735","targetHints":{"allow":["GET"]}}],"collection":[{"href":"https:\/\/moroccounlimitedreams.com\/es\/wp-json\/wp\/v2\/pages"}],"about":[{"href":"https:\/\/moroccounlimitedreams.com\/es\/wp-json\/wp\/v2\/types\/page"}],"author":[{"embeddable":true,"href":"https:\/\/moroccounlimitedreams.com\/es\/wp-json\/wp\/v2\/users\/1"}],"replies":[{"embeddable":true,"href":"https:\/\/moroccounlimitedreams.com\/es\/wp-json\/wp\/v2\/comments?post=2735"}],"version-history":[{"count":8,"href":"https:\/\/moroccounlimitedreams.com\/es\/wp-json\/wp\/v2\/pages\/2735\/revisions"}],"predecessor-version":[{"id":3271,"href":"https:\/\/moroccounlimitedreams.com\/es\/wp-json\/wp\/v2\/pages\/2735\/revisions\/3271"}],"wp:featuredmedia":[{"embeddable":true,"href":"https:\/\/moroccounlimitedreams.com\/es\/wp-json\/wp\/v2\/media\/3029"}],"wp:attachment":[{"href":"https:\/\/moroccounlimitedreams.com\/es\/wp-json\/wp\/v2\/media?parent=2735"}],"curies":[{"name":"wp","href":"https:\/\/api.w.org\/{rel}","templated":true}]}}