{"id":2727,"date":"2023-02-18T17:53:53","date_gmt":"2023-02-18T17:53:53","guid":{"rendered":"https:\/\/moroccounlimitedreams.com\/?page_id=2727"},"modified":"2023-03-24T15:31:26","modified_gmt":"2023-03-24T15:31:26","slug":"excursiones-de-un-dia-de-marrakech-a-las-cascadas-de-ouzoud","status":"publish","type":"page","link":"https:\/\/moroccounlimitedreams.com\/es\/excursiones-de-un-dia-de-marrakech-a-las-cascadas-de-ouzoud\/","title":{"rendered":"Excursiones de un d\u00eda de Marrakech a las Cascadas de Ouzoud"},"content":{"rendered":"<p>Las cascadas de Ouzoud son uno de los parajes naturales m\u00e1s fotografiados que se visitan en Marruecos. Este incre\u00edble lugar se encuentra a unas 3 horas de Marrakech, cerca de la ciudad de Azilal, en las monta\u00f1as del Atlas Medio. Esta excursi\u00f3n de d\u00eda completo a las cascadas de <a href=\"https:\/\/moroccounlimitedreams.com\/marrakech-to-ouzoud-waterfalls-day-trips\/\">Ouzoud<\/a> es una de las m\u00e1s populares desde Marrakech. Le permitir\u00e1 disfrutar de la belleza de las cascadas m\u00e1s largas del norte de \u00c1frica.<\/p>\n<h4>Programa de excursiones de un d\u00eda de Marrakech a las Cascadas de Ouzoud :<\/h4>\n<p>Excursi\u00f3n de un d\u00eda de Marrakech a las cascadas de OuzoudEsta excursi\u00f3n de un d\u00eda de Marrakech a las cascadas de Ouzoud comenzar\u00e1 por la ma\u00f1ana despu\u00e9s del desayuno. Conduciremos hacia el norte de Marrakech cruzando las llanuras de Tadla salpicadas de numerosas granjas de olivos.<\/p>\n<p>Al llegar al pueblo, iniciaremos este recorrido a pie cuesta abajo hasta las fuentes mientras admiramos las espl\u00e9ndidas vistas de las cascadas de Ouzoud, de 110 m de altura, con un arco iris permanente como tel\u00f3n de fondo. Como el sendero ofrece muchos paisajes hermosos, haremos muchas paradas para que pueda tomar hermosas fotos.<\/p>\n<p>Almorzaremos en un restaurante local que ofrece una gran variedad de platos marroqu\u00edes. Y despu\u00e9s de la pausa para comer seguir\u00e1s disfrutando de tu d\u00eda especial. Un verdadero placer para los ojos en este incre\u00edble sitio.<\/p>\n<p>Al final de la tarde, tomaremos el camino de regreso a la ciudad roja Marrakech.<\/p>\n<p>Marrakech a las Cascadas de Ouzoud-excursi\u00f3n de d\u00eda completoA su llegada, su conductor le dejar\u00e1 en su hotel o en el punto accesible m\u00e1s cercano a su riad.<\/p>\n<p>Fin de nuestros servicios para esta excursi\u00f3n de d\u00eda completo desde Marrakech.<\/p>\n<p><strong>\u00bfQu\u00e9 se necesita para Marrakech a Ouzoud Cascadas-excursiones de un d\u00eda :<\/strong><\/p>\n<ul>\n<li>Buen calzado para caminar<\/li>\n<li>Se requiere una forma f\u00edsica m\u00ednima para esta excursi\u00f3n<\/li>\n<li>Si desea interactuar con los monos locales, prepare algunos cacahuetes crudos para darles de comer<\/li>\n<li>El gu\u00eda local en Ouzoud no est\u00e1 incluido. No es necesario, ya que s\u00f3lo hay un camino de ida y vuelta a las cataratas.<\/li>\n<\/ul>\n\n<div class=\"wpcf7 no-js\" id=\"wpcf7-f2957-o1\" lang=\"en-US\" dir=\"ltr\" data-wpcf7-id=\"2957\">\n<div class=\"screen-reader-response\"><p role=\"status\" aria-live=\"polite\" aria-atomic=\"true\"><\/p> <ul><\/ul><\/div>\n<form action=\"\/es\/wp-json\/wp\/v2\/pages\/2727#wpcf7-f2957-o1\" method=\"post\" class=\"wpcf7-form init\" aria-label=\"Contact form\" novalidate=\"novalidate\" data-status=\"init\">\n<div style=\"display: none;\">\n<input type=\"hidden\" name=\"_wpcf7\" value=\"2957\" \/>\n<input type=\"hidden\" name=\"_wpcf7_version\" value=\"6.0\" \/>\n<input type=\"hidden\" name=\"_wpcf7_locale\" value=\"en_US\" \/>\n<input type=\"hidden\" name=\"_wpcf7_unit_tag\" value=\"wpcf7-f2957-o1\" \/>\n<input type=\"hidden\" name=\"_wpcf7_container_post\" value=\"0\" \/>\n<input type=\"hidden\" name=\"_wpcf7_posted_data_hash\" value=\"\" \/>\n<\/div>\n<p><label> Your name<br \/>\n<span class=\"wpcf7-form-control-wrap\" data-name=\"your-name\"><input size=\"40\" maxlength=\"400\" class=\"wpcf7-form-control wpcf7-text wpcf7-validates-as-required\" autocomplete=\"name\" aria-required=\"true\" aria-invalid=\"false\" value=\"\" type=\"text\" name=\"your-name\" \/><\/span> <\/label>\n<\/p>\n<p><label> Your email<br \/>\n<span class=\"wpcf7-form-control-wrap\" data-name=\"your-email\"><input size=\"40\" maxlength=\"400\" class=\"wpcf7-form-control wpcf7-email wpcf7-validates-as-required wpcf7-text wpcf7-validates-as-email\" autocomplete=\"email\" aria-required=\"true\" aria-invalid=\"false\" value=\"\" type=\"email\" name=\"your-email\" \/><\/span> <\/label>\n<\/p>\n<p><label> Subject<br \/>\n<span class=\"wpcf7-form-control-wrap\" data-name=\"your-subject\"><input size=\"40\" maxlength=\"400\" class=\"wpcf7-form-control wpcf7-text wpcf7-validates-as-required\" aria-required=\"true\" aria-invalid=\"false\" value=\"\" type=\"text\" name=\"your-subject\" \/><\/span> <\/label>\n<\/p>\n<p><label> Your message (optional)<br \/>\n<span class=\"wpcf7-form-control-wrap\" data-name=\"your-message\"><textarea cols=\"40\" rows=\"10\" maxlength=\"2000\" class=\"wpcf7-form-control wpcf7-textarea\" aria-invalid=\"false\" name=\"your-message\"><\/textarea><\/span> <\/label>\n<\/p>\n<p><input class=\"wpcf7-form-control wpcf7-submit has-spinner\" type=\"submit\" value=\"Send\" \/>\n<\/p><div class=\"wpcf7-response-output\" aria-hidden=\"true\"><\/div>\n<\/form>\n<\/div>\n\n","protected":false},"excerpt":{"rendered":"<p>Las cascadas de Ouzoud son uno de los parajes naturales m\u00e1s fotografiados que se visitan en Marruecos. Este incre\u00edble lugar se encuentra a unas 3 horas de Marrakech, cerca de la ciudad de Azilal, en las monta\u00f1as del Atlas Medio. Esta excursi\u00f3n de d\u00eda completo a las cascadas de Ouzoud es una de las m\u00e1s&#8230;<\/p>\n","protected":false},"author":1,"featured_media":0,"parent":0,"menu_order":0,"comment_status":"closed","ping_status":"closed","template":"","meta":{"_kadence_starter_templates_imported_post":false,"_kad_post_transparent":"default","_kad_post_title":"default","_kad_post_layout":"default","_kad_post_sidebar_id":"","_kad_post_content_style":"default","_kad_post_vertical_padding":"default","_kad_post_feature":"","_kad_post_feature_position":"","_kad_post_header":false,"_kad_post_footer":false,"footnotes":""},"class_list":["post-2727","page","type-page","status-publish","hentry"],"yoast_head":"<!-- This site is optimized with the Yoast SEO Premium plugin v19.0 (Yoast SEO v23.9) - https:\/\/yoast.com\/wordpress\/plugins\/seo\/ -->\n<title>Excursiones de un d\u00eda de Marrakech a las Cascadas de Ouzoud<\/title>\n<meta name=\"description\" content=\"Descubre las impresionantes Cascadas de Ouzoud en una Excursiones de un d\u00eda desde Marrakech. Disfruta de la belleza natural y de un...\" \/>\n<meta name=\"robots\" content=\"index, follow, max-snippet:-1, max-image-preview:large, max-video-preview:-1\" \/>\n<link rel=\"canonical\" href=\"https:\/\/moroccounlimitedreams.com\/es\/excursiones-de-un-dia-de-marrakech-a-las-cascadas-de-ouzoud\/\" \/>\n<meta property=\"og:locale\" content=\"es_ES\" \/>\n<meta property=\"og:type\" content=\"article\" \/>\n<meta property=\"og:title\" content=\"Excursiones de un d\u00eda de Marrakech a las Cascadas de Ouzoud\" \/>\n<meta property=\"og:description\" content=\"Descubre las impresionantes Cascadas de Ouzoud en una Excursiones de un d\u00eda desde Marrakech. Disfruta de la belleza natural y de un...\" \/>\n<meta property=\"og:url\" content=\"https:\/\/moroccounlimitedreams.com\/es\/excursiones-de-un-dia-de-marrakech-a-las-cascadas-de-ouzoud\/\" \/>\n<meta property=\"og:site_name\" content=\"Morocco Unlimited Dreams\" \/>\n<meta property=\"article:modified_time\" content=\"2023-03-24T15:31:26+00:00\" \/>\n<meta name=\"twitter:card\" content=\"summary_large_image\" \/>\n<meta name=\"twitter:label1\" content=\"Tiempo de lectura\" \/>\n\t<meta name=\"twitter:data1\" content=\"2 minutos\" \/>\n<script type=\"application\/ld+json\" class=\"yoast-schema-graph\">{\"@context\":\"https:\/\/schema.org\",\"@graph\":[{\"@type\":\"WebPage\",\"@id\":\"https:\/\/moroccounlimitedreams.com\/es\/excursiones-de-un-dia-de-marrakech-a-las-cascadas-de-ouzoud\/\",\"url\":\"https:\/\/moroccounlimitedreams.com\/es\/excursiones-de-un-dia-de-marrakech-a-las-cascadas-de-ouzoud\/\",\"name\":\"Excursiones de un d\u00eda de Marrakech a las Cascadas de Ouzoud\",\"isPartOf\":{\"@id\":\"https:\/\/moroccounlimitedreams.com\/es\/#website\"},\"datePublished\":\"2023-02-18T17:53:53+00:00\",\"dateModified\":\"2023-03-24T15:31:26+00:00\",\"description\":\"Descubre las impresionantes Cascadas de Ouzoud en una Excursiones de un d\u00eda desde Marrakech. Disfruta de la belleza natural y de un...\",\"breadcrumb\":{\"@id\":\"https:\/\/moroccounlimitedreams.com\/es\/excursiones-de-un-dia-de-marrakech-a-las-cascadas-de-ouzoud\/#breadcrumb\"},\"inLanguage\":\"es\",\"potentialAction\":[{\"@type\":\"ReadAction\",\"target\":[\"https:\/\/moroccounlimitedreams.com\/es\/excursiones-de-un-dia-de-marrakech-a-las-cascadas-de-ouzoud\/\"]}]},{\"@type\":\"BreadcrumbList\",\"@id\":\"https:\/\/moroccounlimitedreams.com\/es\/excursiones-de-un-dia-de-marrakech-a-las-cascadas-de-ouzoud\/#breadcrumb\",\"itemListElement\":[{\"@type\":\"ListItem\",\"position\":1,\"name\":\"Home\",\"item\":\"https:\/\/moroccounlimitedreams.com\/es\/\"},{\"@type\":\"ListItem\",\"position\":2,\"name\":\"Excursiones de un d\u00eda de Marrakech a las Cascadas de Ouzoud\"}]},{\"@type\":\"WebSite\",\"@id\":\"https:\/\/moroccounlimitedreams.com\/es\/#website\",\"url\":\"https:\/\/moroccounlimitedreams.com\/es\/\",\"name\":\"Morocco Unlimited Dreams\",\"description\":\"Morocco Desert Tours - Tours &amp; Excursions in Morocco\",\"publisher\":{\"@id\":\"https:\/\/moroccounlimitedreams.com\/es\/#organization\"},\"potentialAction\":[{\"@type\":\"SearchAction\",\"target\":{\"@type\":\"EntryPoint\",\"urlTemplate\":\"https:\/\/moroccounlimitedreams.com\/es\/?s={search_term_string}\"},\"query-input\":{\"@type\":\"PropertyValueSpecification\",\"valueRequired\":true,\"valueName\":\"search_term_string\"}}],\"inLanguage\":\"es\"},{\"@type\":\"Organization\",\"@id\":\"https:\/\/moroccounlimitedreams.com\/es\/#organization\",\"name\":\"Morocco Unlimited Dreams\",\"url\":\"https:\/\/moroccounlimitedreams.com\/es\/\",\"logo\":{\"@type\":\"ImageObject\",\"inLanguage\":\"es\",\"@id\":\"https:\/\/moroccounlimitedreams.com\/es\/#\/schema\/logo\/image\/\",\"url\":\"https:\/\/moroccounlimitedreams.com\/es\/wp-content\/uploads\/2023\/12\/mrd.png\",\"contentUrl\":\"https:\/\/moroccounlimitedreams.com\/es\/wp-content\/uploads\/2023\/12\/mrd.png\",\"width\":242,\"height\":90,\"caption\":\"Morocco Unlimited Dreams\"},\"image\":{\"@id\":\"https:\/\/moroccounlimitedreams.com\/es\/#\/schema\/logo\/image\/\"}}]}<\/script>\n<!-- \/ Yoast SEO Premium plugin. -->","yoast_head_json":{"title":"Excursiones de un d\u00eda de Marrakech a las Cascadas de Ouzoud","description":"Descubre las impresionantes Cascadas de Ouzoud en una Excursiones de un d\u00eda desde Marrakech. Disfruta de la belleza natural y de un...","robots":{"index":"index","follow":"follow","max-snippet":"max-snippet:-1","max-image-preview":"max-image-preview:large","max-video-preview":"max-video-preview:-1"},"canonical":"https:\/\/moroccounlimitedreams.com\/es\/excursiones-de-un-dia-de-marrakech-a-las-cascadas-de-ouzoud\/","og_locale":"es_ES","og_type":"article","og_title":"Excursiones de un d\u00eda de Marrakech a las Cascadas de Ouzoud","og_description":"Descubre las impresionantes Cascadas de Ouzoud en una Excursiones de un d\u00eda desde Marrakech. Disfruta de la belleza natural y de un...","og_url":"https:\/\/moroccounlimitedreams.com\/es\/excursiones-de-un-dia-de-marrakech-a-las-cascadas-de-ouzoud\/","og_site_name":"Morocco Unlimited Dreams","article_modified_time":"2023-03-24T15:31:26+00:00","twitter_card":"summary_large_image","twitter_misc":{"Tiempo de lectura":"2 minutos"},"schema":{"@context":"https:\/\/schema.org","@graph":[{"@type":"WebPage","@id":"https:\/\/moroccounlimitedreams.com\/es\/excursiones-de-un-dia-de-marrakech-a-las-cascadas-de-ouzoud\/","url":"https:\/\/moroccounlimitedreams.com\/es\/excursiones-de-un-dia-de-marrakech-a-las-cascadas-de-ouzoud\/","name":"Excursiones de un d\u00eda de Marrakech a las Cascadas de Ouzoud","isPartOf":{"@id":"https:\/\/moroccounlimitedreams.com\/es\/#website"},"datePublished":"2023-02-18T17:53:53+00:00","dateModified":"2023-03-24T15:31:26+00:00","description":"Descubre las impresionantes Cascadas de Ouzoud en una Excursiones de un d\u00eda desde Marrakech. Disfruta de la belleza natural y de un...","breadcrumb":{"@id":"https:\/\/moroccounlimitedreams.com\/es\/excursiones-de-un-dia-de-marrakech-a-las-cascadas-de-ouzoud\/#breadcrumb"},"inLanguage":"es","potentialAction":[{"@type":"ReadAction","target":["https:\/\/moroccounlimitedreams.com\/es\/excursiones-de-un-dia-de-marrakech-a-las-cascadas-de-ouzoud\/"]}]},{"@type":"BreadcrumbList","@id":"https:\/\/moroccounlimitedreams.com\/es\/excursiones-de-un-dia-de-marrakech-a-las-cascadas-de-ouzoud\/#breadcrumb","itemListElement":[{"@type":"ListItem","position":1,"name":"Home","item":"https:\/\/moroccounlimitedreams.com\/es\/"},{"@type":"ListItem","position":2,"name":"Excursiones de un d\u00eda de Marrakech a las Cascadas de Ouzoud"}]},{"@type":"WebSite","@id":"https:\/\/moroccounlimitedreams.com\/es\/#website","url":"https:\/\/moroccounlimitedreams.com\/es\/","name":"Morocco Unlimited Dreams","description":"Morocco Desert Tours - Tours &amp; Excursions in Morocco","publisher":{"@id":"https:\/\/moroccounlimitedreams.com\/es\/#organization"},"potentialAction":[{"@type":"SearchAction","target":{"@type":"EntryPoint","urlTemplate":"https:\/\/moroccounlimitedreams.com\/es\/?s={search_term_string}"},"query-input":{"@type":"PropertyValueSpecification","valueRequired":true,"valueName":"search_term_string"}}],"inLanguage":"es"},{"@type":"Organization","@id":"https:\/\/moroccounlimitedreams.com\/es\/#organization","name":"Morocco Unlimited Dreams","url":"https:\/\/moroccounlimitedreams.com\/es\/","logo":{"@type":"ImageObject","inLanguage":"es","@id":"https:\/\/moroccounlimitedreams.com\/es\/#\/schema\/logo\/image\/","url":"https:\/\/moroccounlimitedreams.com\/es\/wp-content\/uploads\/2023\/12\/mrd.png","contentUrl":"https:\/\/moroccounlimitedreams.com\/es\/wp-content\/uploads\/2023\/12\/mrd.png","width":242,"height":90,"caption":"Morocco Unlimited Dreams"},"image":{"@id":"https:\/\/moroccounlimitedreams.com\/es\/#\/schema\/logo\/image\/"}}]}},"_links":{"self":[{"href":"https:\/\/moroccounlimitedreams.com\/es\/wp-json\/wp\/v2\/pages\/2727","targetHints":{"allow":["GET"]}}],"collection":[{"href":"https:\/\/moroccounlimitedreams.com\/es\/wp-json\/wp\/v2\/pages"}],"about":[{"href":"https:\/\/moroccounlimitedreams.com\/es\/wp-json\/wp\/v2\/types\/page"}],"author":[{"embeddable":true,"href":"https:\/\/moroccounlimitedreams.com\/es\/wp-json\/wp\/v2\/users\/1"}],"replies":[{"embeddable":true,"href":"https:\/\/moroccounlimitedreams.com\/es\/wp-json\/wp\/v2\/comments?post=2727"}],"version-history":[{"count":10,"href":"https:\/\/moroccounlimitedreams.com\/es\/wp-json\/wp\/v2\/pages\/2727\/revisions"}],"predecessor-version":[{"id":3272,"href":"https:\/\/moroccounlimitedreams.com\/es\/wp-json\/wp\/v2\/pages\/2727\/revisions\/3272"}],"wp:attachment":[{"href":"https:\/\/moroccounlimitedreams.com\/es\/wp-json\/wp\/v2\/media?parent=2727"}],"curies":[{"name":"wp","href":"https:\/\/api.w.org\/{rel}","templated":true}]}}