{"id":2725,"date":"2023-02-18T17:53:29","date_gmt":"2023-02-18T17:53:29","guid":{"rendered":"https:\/\/moroccounlimitedreams.com\/?page_id=2725"},"modified":"2023-03-24T15:02:01","modified_gmt":"2023-03-24T15:02:01","slug":"excursion-de-un-dia-al-valle-de-ourika-desde-marrakech","status":"publish","type":"page","link":"https:\/\/moroccounlimitedreams.com\/es\/excursion-de-un-dia-al-valle-de-ourika-desde-marrakech\/","title":{"rendered":"Excursi\u00f3n de un d\u00eda al Valle de Ourika desde Marrakech"},"content":{"rendered":"<p>La excursi\u00f3n de un d\u00eda a Ourika desde Marrakech es una de las m\u00e1s populares. Esta excursi\u00f3n de un d\u00eda completo le permite explorar las monta\u00f1as del Atlas, los pueblos bereberes y los mercados. Paisajes muy bellos que ofrece el camino.<\/p>\n<h4>Programa de la excursi\u00f3n de un d\u00eda a Ourika desde Marrakech :<\/h4>\n<p>Ourika excursi\u00f3n de un d\u00eda desde Marrakech La <a href=\"https:\/\/moroccounlimitedreams.com\/11-days-from-tanger-fez-merzouga-to-marrakech\/\">ma\u00f1ana<\/a> despu\u00e9s del desayuno comenzamos esta excursi\u00f3n de un d\u00eda al valle de Ourika. Conduciremos a trav\u00e9s de las llanuras de Houz. En el camino haremos una parada para visitar una cooperativa de mujeres locales de aceite de arg\u00e1n para darle una idea acerca de c\u00f3mo este aceite de oro se extrae y algunos productos cosm\u00e9ticos finos se hacen .<\/p>\n<p>Tras esta visita, continuaremos hacia Tnin Ourika, uno de los mayores zocos bereberes de la zona. Todos los habitantes del valle del Ourika acuden semanalmente a comprar sus productos.<\/p>\n<p>Despu\u00e9s, seguiremos el r\u00edo Ourika conduciendo junto a la corriente hasta el pueblo bereber de Setti Fatma, la mayor\u00eda de los habitantes de Marrakech vienen aqu\u00ed para escapar al verano.<\/p>\n<p>Excursi\u00f3n de un d\u00eda a Ourika desde Marrakech &#8211; excursi\u00f3n de un d\u00eda completoPara los que deseen explorar el valle a pie, se pueden contratar gu\u00edas locales de senderismo que le llevar\u00e1n a algunas impresionantes cascadas. Y si lo prefiere, rel\u00e1jese en uno de los caf\u00e9s a orillas del r\u00edo y disfrute del resto del d\u00eda escuchando el sonido del arroyo con las monta\u00f1as del Alto Atlas como tel\u00f3n de fondo.<\/p>\n<p>Para el almuerzo, muchos restaurantes locales ofrecen una variedad de deliciosa cocina marroqu\u00ed .<\/p>\n<p>Al final de la tarde, tomaremos el camino de vuelta a la ciudad roja de Marrakech.<\/p>\n<p>A su llegada, le dejaremos en su hotel o en la plaza Jamaa Lfna.<\/p>\n<p><strong>\u00bfQu\u00e9 ver en esta excursi\u00f3n de un d\u00eda a Ourika desde Marrakech?<\/strong><\/p>\n<ul>\n<li>Hermosos paisajes a lo largo de la carretera<\/li>\n<li>La cooperativa de mujeres de arg\u00e1n<\/li>\n<li>Las cascadas de Setti Fadma<\/li>\n<li>Senderismo &#8211; monta\u00f1as del Atlas<\/li>\n<\/ul>\n\n<div class=\"wpcf7 no-js\" id=\"wpcf7-f2957-o1\" lang=\"en-US\" dir=\"ltr\" data-wpcf7-id=\"2957\">\n<div class=\"screen-reader-response\"><p role=\"status\" aria-live=\"polite\" aria-atomic=\"true\"><\/p> <ul><\/ul><\/div>\n<form action=\"\/es\/wp-json\/wp\/v2\/pages\/2725#wpcf7-f2957-o1\" method=\"post\" class=\"wpcf7-form init\" aria-label=\"Contact form\" novalidate=\"novalidate\" data-status=\"init\">\n<div style=\"display: none;\">\n<input type=\"hidden\" name=\"_wpcf7\" value=\"2957\" \/>\n<input type=\"hidden\" name=\"_wpcf7_version\" value=\"6.0\" \/>\n<input type=\"hidden\" name=\"_wpcf7_locale\" value=\"en_US\" \/>\n<input type=\"hidden\" name=\"_wpcf7_unit_tag\" value=\"wpcf7-f2957-o1\" \/>\n<input type=\"hidden\" name=\"_wpcf7_container_post\" value=\"0\" \/>\n<input type=\"hidden\" name=\"_wpcf7_posted_data_hash\" value=\"\" \/>\n<\/div>\n<p><label> Your name<br \/>\n<span class=\"wpcf7-form-control-wrap\" data-name=\"your-name\"><input size=\"40\" maxlength=\"400\" class=\"wpcf7-form-control wpcf7-text wpcf7-validates-as-required\" autocomplete=\"name\" aria-required=\"true\" aria-invalid=\"false\" value=\"\" type=\"text\" name=\"your-name\" \/><\/span> <\/label>\n<\/p>\n<p><label> Your email<br \/>\n<span class=\"wpcf7-form-control-wrap\" data-name=\"your-email\"><input size=\"40\" maxlength=\"400\" class=\"wpcf7-form-control wpcf7-email wpcf7-validates-as-required wpcf7-text wpcf7-validates-as-email\" autocomplete=\"email\" aria-required=\"true\" aria-invalid=\"false\" value=\"\" type=\"email\" name=\"your-email\" \/><\/span> <\/label>\n<\/p>\n<p><label> Subject<br \/>\n<span class=\"wpcf7-form-control-wrap\" data-name=\"your-subject\"><input size=\"40\" maxlength=\"400\" class=\"wpcf7-form-control wpcf7-text wpcf7-validates-as-required\" aria-required=\"true\" aria-invalid=\"false\" value=\"\" type=\"text\" name=\"your-subject\" \/><\/span> <\/label>\n<\/p>\n<p><label> Your message (optional)<br \/>\n<span class=\"wpcf7-form-control-wrap\" data-name=\"your-message\"><textarea cols=\"40\" rows=\"10\" maxlength=\"2000\" class=\"wpcf7-form-control wpcf7-textarea\" aria-invalid=\"false\" name=\"your-message\"><\/textarea><\/span> <\/label>\n<\/p>\n<p><input class=\"wpcf7-form-control wpcf7-submit has-spinner\" type=\"submit\" value=\"Send\" \/>\n<\/p><div class=\"wpcf7-response-output\" aria-hidden=\"true\"><\/div>\n<\/form>\n<\/div>\n\n","protected":false},"excerpt":{"rendered":"<p>La excursi\u00f3n de un d\u00eda a Ourika desde Marrakech es una de las m\u00e1s populares. Esta excursi\u00f3n de un d\u00eda completo le permite explorar las monta\u00f1as del Atlas, los pueblos bereberes y los mercados. Paisajes muy bellos que ofrece el camino. Programa de la excursi\u00f3n de un d\u00eda a Ourika desde Marrakech : Ourika excursi\u00f3n&#8230;<\/p>\n","protected":false},"author":1,"featured_media":0,"parent":0,"menu_order":0,"comment_status":"closed","ping_status":"closed","template":"","meta":{"_kadence_starter_templates_imported_post":false,"_kad_post_transparent":"default","_kad_post_title":"default","_kad_post_layout":"default","_kad_post_sidebar_id":"","_kad_post_content_style":"default","_kad_post_vertical_padding":"default","_kad_post_feature":"","_kad_post_feature_position":"","_kad_post_header":false,"_kad_post_footer":false,"footnotes":""},"class_list":["post-2725","page","type-page","status-publish","hentry"],"yoast_head":"<!-- This site is optimized with the Yoast SEO Premium plugin v19.0 (Yoast SEO v23.9) - https:\/\/yoast.com\/wordpress\/plugins\/seo\/ -->\n<title>Excursi\u00f3n de un d\u00eda al Valle de Ourika desde Marrakech<\/title>\n<meta name=\"description\" content=\"Planifica tu excursi\u00f3n de un d\u00eda al Valle de Ourika desde Marrakech. Descubre la belleza natural de Marruecos con nuestra gu\u00eda tur\u00edstica.\" \/>\n<meta name=\"robots\" content=\"index, follow, max-snippet:-1, max-image-preview:large, max-video-preview:-1\" \/>\n<link rel=\"canonical\" href=\"https:\/\/moroccounlimitedreams.com\/es\/excursion-de-un-dia-al-valle-de-ourika-desde-marrakech\/\" \/>\n<meta property=\"og:locale\" content=\"es_ES\" \/>\n<meta property=\"og:type\" content=\"article\" \/>\n<meta property=\"og:title\" content=\"Excursi\u00f3n de un d\u00eda al Valle de Ourika desde Marrakech\" \/>\n<meta property=\"og:description\" content=\"Planifica tu excursi\u00f3n de un d\u00eda al Valle de Ourika desde Marrakech. Descubre la belleza natural de Marruecos con nuestra gu\u00eda tur\u00edstica.\" \/>\n<meta property=\"og:url\" content=\"https:\/\/moroccounlimitedreams.com\/es\/excursion-de-un-dia-al-valle-de-ourika-desde-marrakech\/\" \/>\n<meta property=\"og:site_name\" content=\"Morocco Unlimited Dreams\" \/>\n<meta property=\"article:modified_time\" content=\"2023-03-24T15:02:01+00:00\" \/>\n<meta name=\"twitter:card\" content=\"summary_large_image\" \/>\n<meta name=\"twitter:label1\" content=\"Tiempo de lectura\" \/>\n\t<meta name=\"twitter:data1\" content=\"2 minutos\" \/>\n<script type=\"application\/ld+json\" class=\"yoast-schema-graph\">{\"@context\":\"https:\/\/schema.org\",\"@graph\":[{\"@type\":\"WebPage\",\"@id\":\"https:\/\/moroccounlimitedreams.com\/es\/excursion-de-un-dia-al-valle-de-ourika-desde-marrakech\/\",\"url\":\"https:\/\/moroccounlimitedreams.com\/es\/excursion-de-un-dia-al-valle-de-ourika-desde-marrakech\/\",\"name\":\"Excursi\u00f3n de un d\u00eda al Valle de Ourika desde Marrakech\",\"isPartOf\":{\"@id\":\"https:\/\/moroccounlimitedreams.com\/es\/#website\"},\"datePublished\":\"2023-02-18T17:53:29+00:00\",\"dateModified\":\"2023-03-24T15:02:01+00:00\",\"description\":\"Planifica tu excursi\u00f3n de un d\u00eda al Valle de Ourika desde Marrakech. Descubre la belleza natural de Marruecos con nuestra gu\u00eda tur\u00edstica.\",\"breadcrumb\":{\"@id\":\"https:\/\/moroccounlimitedreams.com\/es\/excursion-de-un-dia-al-valle-de-ourika-desde-marrakech\/#breadcrumb\"},\"inLanguage\":\"es\",\"potentialAction\":[{\"@type\":\"ReadAction\",\"target\":[\"https:\/\/moroccounlimitedreams.com\/es\/excursion-de-un-dia-al-valle-de-ourika-desde-marrakech\/\"]}]},{\"@type\":\"BreadcrumbList\",\"@id\":\"https:\/\/moroccounlimitedreams.com\/es\/excursion-de-un-dia-al-valle-de-ourika-desde-marrakech\/#breadcrumb\",\"itemListElement\":[{\"@type\":\"ListItem\",\"position\":1,\"name\":\"Home\",\"item\":\"https:\/\/moroccounlimitedreams.com\/es\/\"},{\"@type\":\"ListItem\",\"position\":2,\"name\":\"Excursi\u00f3n de un d\u00eda al Valle de Ourika desde Marrakech\"}]},{\"@type\":\"WebSite\",\"@id\":\"https:\/\/moroccounlimitedreams.com\/es\/#website\",\"url\":\"https:\/\/moroccounlimitedreams.com\/es\/\",\"name\":\"Morocco Unlimited Dreams\",\"description\":\"Morocco Desert Tours - Tours &amp; Excursions in Morocco\",\"publisher\":{\"@id\":\"https:\/\/moroccounlimitedreams.com\/es\/#organization\"},\"potentialAction\":[{\"@type\":\"SearchAction\",\"target\":{\"@type\":\"EntryPoint\",\"urlTemplate\":\"https:\/\/moroccounlimitedreams.com\/es\/?s={search_term_string}\"},\"query-input\":{\"@type\":\"PropertyValueSpecification\",\"valueRequired\":true,\"valueName\":\"search_term_string\"}}],\"inLanguage\":\"es\"},{\"@type\":\"Organization\",\"@id\":\"https:\/\/moroccounlimitedreams.com\/es\/#organization\",\"name\":\"Morocco Unlimited Dreams\",\"url\":\"https:\/\/moroccounlimitedreams.com\/es\/\",\"logo\":{\"@type\":\"ImageObject\",\"inLanguage\":\"es\",\"@id\":\"https:\/\/moroccounlimitedreams.com\/es\/#\/schema\/logo\/image\/\",\"url\":\"https:\/\/moroccounlimitedreams.com\/es\/wp-content\/uploads\/2023\/12\/mrd.png\",\"contentUrl\":\"https:\/\/moroccounlimitedreams.com\/es\/wp-content\/uploads\/2023\/12\/mrd.png\",\"width\":242,\"height\":90,\"caption\":\"Morocco Unlimited Dreams\"},\"image\":{\"@id\":\"https:\/\/moroccounlimitedreams.com\/es\/#\/schema\/logo\/image\/\"}}]}<\/script>\n<!-- \/ Yoast SEO Premium plugin. -->","yoast_head_json":{"title":"Excursi\u00f3n de un d\u00eda al Valle de Ourika desde Marrakech","description":"Planifica tu excursi\u00f3n de un d\u00eda al Valle de Ourika desde Marrakech. Descubre la belleza natural de Marruecos con nuestra gu\u00eda tur\u00edstica.","robots":{"index":"index","follow":"follow","max-snippet":"max-snippet:-1","max-image-preview":"max-image-preview:large","max-video-preview":"max-video-preview:-1"},"canonical":"https:\/\/moroccounlimitedreams.com\/es\/excursion-de-un-dia-al-valle-de-ourika-desde-marrakech\/","og_locale":"es_ES","og_type":"article","og_title":"Excursi\u00f3n de un d\u00eda al Valle de Ourika desde Marrakech","og_description":"Planifica tu excursi\u00f3n de un d\u00eda al Valle de Ourika desde Marrakech. Descubre la belleza natural de Marruecos con nuestra gu\u00eda tur\u00edstica.","og_url":"https:\/\/moroccounlimitedreams.com\/es\/excursion-de-un-dia-al-valle-de-ourika-desde-marrakech\/","og_site_name":"Morocco Unlimited Dreams","article_modified_time":"2023-03-24T15:02:01+00:00","twitter_card":"summary_large_image","twitter_misc":{"Tiempo de lectura":"2 minutos"},"schema":{"@context":"https:\/\/schema.org","@graph":[{"@type":"WebPage","@id":"https:\/\/moroccounlimitedreams.com\/es\/excursion-de-un-dia-al-valle-de-ourika-desde-marrakech\/","url":"https:\/\/moroccounlimitedreams.com\/es\/excursion-de-un-dia-al-valle-de-ourika-desde-marrakech\/","name":"Excursi\u00f3n de un d\u00eda al Valle de Ourika desde Marrakech","isPartOf":{"@id":"https:\/\/moroccounlimitedreams.com\/es\/#website"},"datePublished":"2023-02-18T17:53:29+00:00","dateModified":"2023-03-24T15:02:01+00:00","description":"Planifica tu excursi\u00f3n de un d\u00eda al Valle de Ourika desde Marrakech. Descubre la belleza natural de Marruecos con nuestra gu\u00eda tur\u00edstica.","breadcrumb":{"@id":"https:\/\/moroccounlimitedreams.com\/es\/excursion-de-un-dia-al-valle-de-ourika-desde-marrakech\/#breadcrumb"},"inLanguage":"es","potentialAction":[{"@type":"ReadAction","target":["https:\/\/moroccounlimitedreams.com\/es\/excursion-de-un-dia-al-valle-de-ourika-desde-marrakech\/"]}]},{"@type":"BreadcrumbList","@id":"https:\/\/moroccounlimitedreams.com\/es\/excursion-de-un-dia-al-valle-de-ourika-desde-marrakech\/#breadcrumb","itemListElement":[{"@type":"ListItem","position":1,"name":"Home","item":"https:\/\/moroccounlimitedreams.com\/es\/"},{"@type":"ListItem","position":2,"name":"Excursi\u00f3n de un d\u00eda al Valle de Ourika desde Marrakech"}]},{"@type":"WebSite","@id":"https:\/\/moroccounlimitedreams.com\/es\/#website","url":"https:\/\/moroccounlimitedreams.com\/es\/","name":"Morocco Unlimited Dreams","description":"Morocco Desert Tours - Tours &amp; Excursions in Morocco","publisher":{"@id":"https:\/\/moroccounlimitedreams.com\/es\/#organization"},"potentialAction":[{"@type":"SearchAction","target":{"@type":"EntryPoint","urlTemplate":"https:\/\/moroccounlimitedreams.com\/es\/?s={search_term_string}"},"query-input":{"@type":"PropertyValueSpecification","valueRequired":true,"valueName":"search_term_string"}}],"inLanguage":"es"},{"@type":"Organization","@id":"https:\/\/moroccounlimitedreams.com\/es\/#organization","name":"Morocco Unlimited Dreams","url":"https:\/\/moroccounlimitedreams.com\/es\/","logo":{"@type":"ImageObject","inLanguage":"es","@id":"https:\/\/moroccounlimitedreams.com\/es\/#\/schema\/logo\/image\/","url":"https:\/\/moroccounlimitedreams.com\/es\/wp-content\/uploads\/2023\/12\/mrd.png","contentUrl":"https:\/\/moroccounlimitedreams.com\/es\/wp-content\/uploads\/2023\/12\/mrd.png","width":242,"height":90,"caption":"Morocco Unlimited Dreams"},"image":{"@id":"https:\/\/moroccounlimitedreams.com\/es\/#\/schema\/logo\/image\/"}}]}},"_links":{"self":[{"href":"https:\/\/moroccounlimitedreams.com\/es\/wp-json\/wp\/v2\/pages\/2725","targetHints":{"allow":["GET"]}}],"collection":[{"href":"https:\/\/moroccounlimitedreams.com\/es\/wp-json\/wp\/v2\/pages"}],"about":[{"href":"https:\/\/moroccounlimitedreams.com\/es\/wp-json\/wp\/v2\/types\/page"}],"author":[{"embeddable":true,"href":"https:\/\/moroccounlimitedreams.com\/es\/wp-json\/wp\/v2\/users\/1"}],"replies":[{"embeddable":true,"href":"https:\/\/moroccounlimitedreams.com\/es\/wp-json\/wp\/v2\/comments?post=2725"}],"version-history":[{"count":10,"href":"https:\/\/moroccounlimitedreams.com\/es\/wp-json\/wp\/v2\/pages\/2725\/revisions"}],"predecessor-version":[{"id":3268,"href":"https:\/\/moroccounlimitedreams.com\/es\/wp-json\/wp\/v2\/pages\/2725\/revisions\/3268"}],"wp:attachment":[{"href":"https:\/\/moroccounlimitedreams.com\/es\/wp-json\/wp\/v2\/media?parent=2725"}],"curies":[{"name":"wp","href":"https:\/\/api.w.org\/{rel}","templated":true}]}}