{"id":2723,"date":"2023-02-18T17:53:10","date_gmt":"2023-02-18T17:53:10","guid":{"rendered":"https:\/\/moroccounlimitedreams.com\/?page_id=2723"},"modified":"2023-03-24T15:09:42","modified_gmt":"2023-03-24T15:09:42","slug":"excursion-de-un-dia-de-marrakech-a-essaouira","status":"publish","type":"page","link":"https:\/\/moroccounlimitedreams.com\/es\/excursion-de-un-dia-de-marrakech-a-essaouira\/","title":{"rendered":"Excursi\u00f3n de un d\u00eda de Marrakech a Essaouira"},"content":{"rendered":"<p>Esta excursi\u00f3n de un d\u00eda desde Marrakech est\u00e1 bien adaptada para las personas a las que les gusta explorar la hermosa ciudad de Essaouira. Esta perla tambi\u00e9n es conocida por su antiguo nombre de Mogador.<\/p>\n<p>Se tarda 2 horas en coche desde Marrakech, y esta excursi\u00f3n de un d\u00eda se considera una de las m\u00e1s populares desde Marrakech.<\/p>\n<p>Programa de la excursi\u00f3n de un d\u00eda a Essaouira desde Marrakech :<br \/>\nEmpezamos este viaje por la ma\u00f1ana despu\u00e9s del desayuno. Nuestro conductor le recoger\u00e1 en el hotel o en el aeropuerto de Marrakech. Tomamos la carretera direcci\u00f3n Essaouira. Pasaremos por muchos paisajes incre\u00edbles a lo largo del camino.<\/p>\n<p>Excursi\u00f3n de un d\u00eda de Marrakech a EssaouiraConducimos a lo largo de los palnes de Haouz hasta el pueblo de Chichaoua donde haremos una parada para tomar un caf\u00e9. Despu\u00e9s continuaremos hacia Sidi Mokhtar. En el camino, cruzaremos el gran bosque de Arganes. Haremos una parada para que pueda ver algunas cabras trepando a los \u00e1rboles y tomar hermosas fotos antes de continuar el camino hacia Essaouira.<\/p>\n<p>Para que se haga una idea de c\u00f3mo se extrae el aceite de arg\u00e1n y se fabrican localmente algunos productos cosm\u00e9ticos finos, visitaremos una cooperativa local de mujeres.<\/p>\n<p>Despu\u00e9s continuaremos hacia Essaouira. A su llegada, comenzar\u00e1 la exploraci\u00f3n de la hermosa ciudad en el ocio. Explorar Essaouira es f\u00e1cil por esta raz\u00f3n no necesita un gu\u00eda local. Sus habitantes son muy amables. La Medina de Essaouira es bastante peque\u00f1a en comparaci\u00f3n con otras ciudades antiguas de Marruecos. Tambi\u00e9n lo es la forma en que est\u00e1n ordenadas sus calles. Pero si prefiere una visita guiada, nuestro conductor le ayudar\u00e1 a contratar un gu\u00eda local.<\/p>\n<p>Marrakech a Essaouira viaje de un d\u00eda fromMany hermosos lugares para visitar en Essaouira por este viaje de un d\u00eda desde Marrakech. El puerto con su puerto pesquero y las antiguas fortificaciones portuguesas donde los ca\u00f1ones de guerra medieval alineados en orden con vistas al Oc\u00e9ano Atl\u00e1ntico.<\/p>\n<p>La Medina con su fortificaci\u00f3n bien conservada que data del siglo XVIII. La Scala, hito principal de la Medina, que se construy\u00f3 contra los ataques extranjeros desde el mar. A continuaci\u00f3n visitar\u00e1 Bab Laalouj y el Mellah.<br \/>\nPor el camino, muchas tiendas de arte, galer\u00edas para comprar regalos para amigos y familiares. Tomar\u00e1 un delicioso almuerzo en uno de los restaurantes locales de marisco.<\/p>\n<p>Si es un amante de la playa, disfrute de un paseo por la arenosa playa de Mogador, y tal vez observe a los lugare\u00f1os jugando a la pelota playera. Y por qu\u00e9 no, \u00fanase a un partido durante unos minutos. Los habitantes de Essaouira son muy amables y compartir\u00e1 buenos momentos con ellos.<br \/>\nAl final de la tarde, regresaremos a Marrakech, y su excursi\u00f3n de un d\u00eda de Marrakech a Essaouira terminar\u00e1 con la entrega en su hotel o en el punto accesible en coche m\u00e1s cercano a su riad.<\/p>\n<p><strong>\u00bfQu\u00e9 ver en Essaouira en esta excursi\u00f3n de un d\u00eda desde Marrakech?<\/strong><\/p>\n<p><strong>Muchos lugares incre\u00edbles para ver en <a href=\"https:\/\/moroccounlimitedreams.com\/day-trip-from-marrakech-to-essaouira\/\">Essaouira<\/a> :<\/strong><\/p>\n<ul>\n<li>El puerto pesquero de Essaouira<\/li>\n<li>La Kasbah Skala<\/li>\n<li>Las galer\u00edas de arte de Essaouira en la Medina<\/li>\n<li>Tienda de ocio<\/li>\n<li>Restaurante de marisco<\/li>\n<li>Paseo por la playa<\/li>\n<li>Playa de Essaouira<\/li>\n<\/ul>\n\n<div class=\"wpcf7 no-js\" id=\"wpcf7-f2957-o1\" lang=\"en-US\" dir=\"ltr\" data-wpcf7-id=\"2957\">\n<div class=\"screen-reader-response\"><p role=\"status\" aria-live=\"polite\" aria-atomic=\"true\"><\/p> <ul><\/ul><\/div>\n<form action=\"\/es\/wp-json\/wp\/v2\/pages\/2723#wpcf7-f2957-o1\" method=\"post\" class=\"wpcf7-form init\" aria-label=\"Contact form\" novalidate=\"novalidate\" data-status=\"init\">\n<div style=\"display: none;\">\n<input type=\"hidden\" name=\"_wpcf7\" value=\"2957\" \/>\n<input type=\"hidden\" name=\"_wpcf7_version\" value=\"6.0\" \/>\n<input type=\"hidden\" name=\"_wpcf7_locale\" value=\"en_US\" \/>\n<input type=\"hidden\" name=\"_wpcf7_unit_tag\" value=\"wpcf7-f2957-o1\" \/>\n<input type=\"hidden\" name=\"_wpcf7_container_post\" value=\"0\" \/>\n<input type=\"hidden\" name=\"_wpcf7_posted_data_hash\" value=\"\" \/>\n<\/div>\n<p><label> Your name<br \/>\n<span class=\"wpcf7-form-control-wrap\" data-name=\"your-name\"><input size=\"40\" maxlength=\"400\" class=\"wpcf7-form-control wpcf7-text wpcf7-validates-as-required\" autocomplete=\"name\" aria-required=\"true\" aria-invalid=\"false\" value=\"\" type=\"text\" name=\"your-name\" \/><\/span> <\/label>\n<\/p>\n<p><label> Your email<br \/>\n<span class=\"wpcf7-form-control-wrap\" data-name=\"your-email\"><input size=\"40\" maxlength=\"400\" class=\"wpcf7-form-control wpcf7-email wpcf7-validates-as-required wpcf7-text wpcf7-validates-as-email\" autocomplete=\"email\" aria-required=\"true\" aria-invalid=\"false\" value=\"\" type=\"email\" name=\"your-email\" \/><\/span> <\/label>\n<\/p>\n<p><label> Subject<br \/>\n<span class=\"wpcf7-form-control-wrap\" data-name=\"your-subject\"><input size=\"40\" maxlength=\"400\" class=\"wpcf7-form-control wpcf7-text wpcf7-validates-as-required\" aria-required=\"true\" aria-invalid=\"false\" value=\"\" type=\"text\" name=\"your-subject\" \/><\/span> <\/label>\n<\/p>\n<p><label> Your message (optional)<br \/>\n<span class=\"wpcf7-form-control-wrap\" data-name=\"your-message\"><textarea cols=\"40\" rows=\"10\" maxlength=\"2000\" class=\"wpcf7-form-control wpcf7-textarea\" aria-invalid=\"false\" name=\"your-message\"><\/textarea><\/span> <\/label>\n<\/p>\n<p><input class=\"wpcf7-form-control wpcf7-submit has-spinner\" type=\"submit\" value=\"Send\" \/>\n<\/p><div class=\"wpcf7-response-output\" aria-hidden=\"true\"><\/div>\n<\/form>\n<\/div>\n\n<p>&nbsp;<\/p>\n","protected":false},"excerpt":{"rendered":"<p>Esta excursi\u00f3n de un d\u00eda desde Marrakech est\u00e1 bien adaptada para las personas a las que les gusta explorar la hermosa ciudad de Essaouira. Esta perla tambi\u00e9n es conocida por su antiguo nombre de Mogador. Se tarda 2 horas en coche desde Marrakech, y esta excursi\u00f3n de un d\u00eda se considera una de las m\u00e1s&#8230;<\/p>\n","protected":false},"author":1,"featured_media":0,"parent":0,"menu_order":0,"comment_status":"closed","ping_status":"closed","template":"","meta":{"_kadence_starter_templates_imported_post":false,"_kad_post_transparent":"default","_kad_post_title":"default","_kad_post_layout":"default","_kad_post_sidebar_id":"","_kad_post_content_style":"default","_kad_post_vertical_padding":"default","_kad_post_feature":"","_kad_post_feature_position":"","_kad_post_header":false,"_kad_post_footer":false,"footnotes":""},"class_list":["post-2723","page","type-page","status-publish","hentry"],"yoast_head":"<!-- This site is optimized with the Yoast SEO Premium plugin v19.0 (Yoast SEO v23.9) - https:\/\/yoast.com\/wordpress\/plugins\/seo\/ -->\n<title>Excursi\u00f3n de un d\u00eda de Marrakech a Essaouira<\/title>\n<meta name=\"description\" content=\"Descubre Essaouira en un d\u00eda con nuestra excursi\u00f3n desde Marrakech. Disfruta de playas, cultura y m\u00e1s. Planifica tu viaje ahora.\" \/>\n<meta name=\"robots\" content=\"index, follow, max-snippet:-1, max-image-preview:large, max-video-preview:-1\" \/>\n<link rel=\"canonical\" href=\"https:\/\/moroccounlimitedreams.com\/es\/excursion-de-un-dia-de-marrakech-a-essaouira\/\" \/>\n<meta property=\"og:locale\" content=\"es_ES\" \/>\n<meta property=\"og:type\" content=\"article\" \/>\n<meta property=\"og:title\" content=\"Excursi\u00f3n de un d\u00eda de Marrakech a Essaouira\" \/>\n<meta property=\"og:description\" content=\"Descubre Essaouira en un d\u00eda con nuestra excursi\u00f3n desde Marrakech. Disfruta de playas, cultura y m\u00e1s. Planifica tu viaje ahora.\" \/>\n<meta property=\"og:url\" content=\"https:\/\/moroccounlimitedreams.com\/es\/excursion-de-un-dia-de-marrakech-a-essaouira\/\" \/>\n<meta property=\"og:site_name\" content=\"Morocco Unlimited Dreams\" \/>\n<meta property=\"article:modified_time\" content=\"2023-03-24T15:09:42+00:00\" \/>\n<meta name=\"twitter:card\" content=\"summary_large_image\" \/>\n<meta name=\"twitter:label1\" content=\"Tiempo de lectura\" \/>\n\t<meta name=\"twitter:data1\" content=\"3 minutos\" \/>\n<script type=\"application\/ld+json\" class=\"yoast-schema-graph\">{\"@context\":\"https:\/\/schema.org\",\"@graph\":[{\"@type\":\"WebPage\",\"@id\":\"https:\/\/moroccounlimitedreams.com\/es\/excursion-de-un-dia-de-marrakech-a-essaouira\/\",\"url\":\"https:\/\/moroccounlimitedreams.com\/es\/excursion-de-un-dia-de-marrakech-a-essaouira\/\",\"name\":\"Excursi\u00f3n de un d\u00eda de Marrakech a Essaouira\",\"isPartOf\":{\"@id\":\"https:\/\/moroccounlimitedreams.com\/es\/#website\"},\"datePublished\":\"2023-02-18T17:53:10+00:00\",\"dateModified\":\"2023-03-24T15:09:42+00:00\",\"description\":\"Descubre Essaouira en un d\u00eda con nuestra excursi\u00f3n desde Marrakech. Disfruta de playas, cultura y m\u00e1s. Planifica tu viaje ahora.\",\"breadcrumb\":{\"@id\":\"https:\/\/moroccounlimitedreams.com\/es\/excursion-de-un-dia-de-marrakech-a-essaouira\/#breadcrumb\"},\"inLanguage\":\"es\",\"potentialAction\":[{\"@type\":\"ReadAction\",\"target\":[\"https:\/\/moroccounlimitedreams.com\/es\/excursion-de-un-dia-de-marrakech-a-essaouira\/\"]}]},{\"@type\":\"BreadcrumbList\",\"@id\":\"https:\/\/moroccounlimitedreams.com\/es\/excursion-de-un-dia-de-marrakech-a-essaouira\/#breadcrumb\",\"itemListElement\":[{\"@type\":\"ListItem\",\"position\":1,\"name\":\"Home\",\"item\":\"https:\/\/moroccounlimitedreams.com\/es\/\"},{\"@type\":\"ListItem\",\"position\":2,\"name\":\"Excursi\u00f3n de un d\u00eda de Marrakech a Essaouira\"}]},{\"@type\":\"WebSite\",\"@id\":\"https:\/\/moroccounlimitedreams.com\/es\/#website\",\"url\":\"https:\/\/moroccounlimitedreams.com\/es\/\",\"name\":\"Morocco Unlimited Dreams\",\"description\":\"Morocco Desert Tours - Tours &amp; Excursions in Morocco\",\"publisher\":{\"@id\":\"https:\/\/moroccounlimitedreams.com\/es\/#organization\"},\"potentialAction\":[{\"@type\":\"SearchAction\",\"target\":{\"@type\":\"EntryPoint\",\"urlTemplate\":\"https:\/\/moroccounlimitedreams.com\/es\/?s={search_term_string}\"},\"query-input\":{\"@type\":\"PropertyValueSpecification\",\"valueRequired\":true,\"valueName\":\"search_term_string\"}}],\"inLanguage\":\"es\"},{\"@type\":\"Organization\",\"@id\":\"https:\/\/moroccounlimitedreams.com\/es\/#organization\",\"name\":\"Morocco Unlimited Dreams\",\"url\":\"https:\/\/moroccounlimitedreams.com\/es\/\",\"logo\":{\"@type\":\"ImageObject\",\"inLanguage\":\"es\",\"@id\":\"https:\/\/moroccounlimitedreams.com\/es\/#\/schema\/logo\/image\/\",\"url\":\"https:\/\/moroccounlimitedreams.com\/es\/wp-content\/uploads\/2023\/12\/mrd.png\",\"contentUrl\":\"https:\/\/moroccounlimitedreams.com\/es\/wp-content\/uploads\/2023\/12\/mrd.png\",\"width\":242,\"height\":90,\"caption\":\"Morocco Unlimited Dreams\"},\"image\":{\"@id\":\"https:\/\/moroccounlimitedreams.com\/es\/#\/schema\/logo\/image\/\"}}]}<\/script>\n<!-- \/ Yoast SEO Premium plugin. -->","yoast_head_json":{"title":"Excursi\u00f3n de un d\u00eda de Marrakech a Essaouira","description":"Descubre Essaouira en un d\u00eda con nuestra excursi\u00f3n desde Marrakech. Disfruta de playas, cultura y m\u00e1s. Planifica tu viaje ahora.","robots":{"index":"index","follow":"follow","max-snippet":"max-snippet:-1","max-image-preview":"max-image-preview:large","max-video-preview":"max-video-preview:-1"},"canonical":"https:\/\/moroccounlimitedreams.com\/es\/excursion-de-un-dia-de-marrakech-a-essaouira\/","og_locale":"es_ES","og_type":"article","og_title":"Excursi\u00f3n de un d\u00eda de Marrakech a Essaouira","og_description":"Descubre Essaouira en un d\u00eda con nuestra excursi\u00f3n desde Marrakech. Disfruta de playas, cultura y m\u00e1s. Planifica tu viaje ahora.","og_url":"https:\/\/moroccounlimitedreams.com\/es\/excursion-de-un-dia-de-marrakech-a-essaouira\/","og_site_name":"Morocco Unlimited Dreams","article_modified_time":"2023-03-24T15:09:42+00:00","twitter_card":"summary_large_image","twitter_misc":{"Tiempo de lectura":"3 minutos"},"schema":{"@context":"https:\/\/schema.org","@graph":[{"@type":"WebPage","@id":"https:\/\/moroccounlimitedreams.com\/es\/excursion-de-un-dia-de-marrakech-a-essaouira\/","url":"https:\/\/moroccounlimitedreams.com\/es\/excursion-de-un-dia-de-marrakech-a-essaouira\/","name":"Excursi\u00f3n de un d\u00eda de Marrakech a Essaouira","isPartOf":{"@id":"https:\/\/moroccounlimitedreams.com\/es\/#website"},"datePublished":"2023-02-18T17:53:10+00:00","dateModified":"2023-03-24T15:09:42+00:00","description":"Descubre Essaouira en un d\u00eda con nuestra excursi\u00f3n desde Marrakech. Disfruta de playas, cultura y m\u00e1s. Planifica tu viaje ahora.","breadcrumb":{"@id":"https:\/\/moroccounlimitedreams.com\/es\/excursion-de-un-dia-de-marrakech-a-essaouira\/#breadcrumb"},"inLanguage":"es","potentialAction":[{"@type":"ReadAction","target":["https:\/\/moroccounlimitedreams.com\/es\/excursion-de-un-dia-de-marrakech-a-essaouira\/"]}]},{"@type":"BreadcrumbList","@id":"https:\/\/moroccounlimitedreams.com\/es\/excursion-de-un-dia-de-marrakech-a-essaouira\/#breadcrumb","itemListElement":[{"@type":"ListItem","position":1,"name":"Home","item":"https:\/\/moroccounlimitedreams.com\/es\/"},{"@type":"ListItem","position":2,"name":"Excursi\u00f3n de un d\u00eda de Marrakech a Essaouira"}]},{"@type":"WebSite","@id":"https:\/\/moroccounlimitedreams.com\/es\/#website","url":"https:\/\/moroccounlimitedreams.com\/es\/","name":"Morocco Unlimited Dreams","description":"Morocco Desert Tours - Tours &amp; Excursions in Morocco","publisher":{"@id":"https:\/\/moroccounlimitedreams.com\/es\/#organization"},"potentialAction":[{"@type":"SearchAction","target":{"@type":"EntryPoint","urlTemplate":"https:\/\/moroccounlimitedreams.com\/es\/?s={search_term_string}"},"query-input":{"@type":"PropertyValueSpecification","valueRequired":true,"valueName":"search_term_string"}}],"inLanguage":"es"},{"@type":"Organization","@id":"https:\/\/moroccounlimitedreams.com\/es\/#organization","name":"Morocco Unlimited Dreams","url":"https:\/\/moroccounlimitedreams.com\/es\/","logo":{"@type":"ImageObject","inLanguage":"es","@id":"https:\/\/moroccounlimitedreams.com\/es\/#\/schema\/logo\/image\/","url":"https:\/\/moroccounlimitedreams.com\/es\/wp-content\/uploads\/2023\/12\/mrd.png","contentUrl":"https:\/\/moroccounlimitedreams.com\/es\/wp-content\/uploads\/2023\/12\/mrd.png","width":242,"height":90,"caption":"Morocco Unlimited Dreams"},"image":{"@id":"https:\/\/moroccounlimitedreams.com\/es\/#\/schema\/logo\/image\/"}}]}},"_links":{"self":[{"href":"https:\/\/moroccounlimitedreams.com\/es\/wp-json\/wp\/v2\/pages\/2723","targetHints":{"allow":["GET"]}}],"collection":[{"href":"https:\/\/moroccounlimitedreams.com\/es\/wp-json\/wp\/v2\/pages"}],"about":[{"href":"https:\/\/moroccounlimitedreams.com\/es\/wp-json\/wp\/v2\/types\/page"}],"author":[{"embeddable":true,"href":"https:\/\/moroccounlimitedreams.com\/es\/wp-json\/wp\/v2\/users\/1"}],"replies":[{"embeddable":true,"href":"https:\/\/moroccounlimitedreams.com\/es\/wp-json\/wp\/v2\/comments?post=2723"}],"version-history":[{"count":9,"href":"https:\/\/moroccounlimitedreams.com\/es\/wp-json\/wp\/v2\/pages\/2723\/revisions"}],"predecessor-version":[{"id":3269,"href":"https:\/\/moroccounlimitedreams.com\/es\/wp-json\/wp\/v2\/pages\/2723\/revisions\/3269"}],"wp:attachment":[{"href":"https:\/\/moroccounlimitedreams.com\/es\/wp-json\/wp\/v2\/media?parent=2723"}],"curies":[{"name":"wp","href":"https:\/\/api.w.org\/{rel}","templated":true}]}}