{"id":2721,"date":"2023-02-18T17:48:42","date_gmt":"2023-02-18T17:48:42","guid":{"rendered":"https:\/\/moroccounlimitedreams.com\/?page_id=2721"},"modified":"2023-03-24T14:52:53","modified_gmt":"2023-03-24T14:52:53","slug":"excursion-de-5-dias-a-la-costa-atlantica-desde-marrakech","status":"publish","type":"page","link":"https:\/\/moroccounlimitedreams.com\/es\/excursion-de-5-dias-a-la-costa-atlantica-desde-marrakech\/","title":{"rendered":"Excursi\u00f3n de 5 d\u00edas a la costa atl\u00e1ntica desde Marrakech"},"content":{"rendered":"<p>Este tour de 5 d\u00edas a la costa atl\u00e1ntica desde Marrakech est\u00e1 bien adaptado para las personas que tienen una estancia media o grande en Marruecos. Este paquete de vacaciones en Marruecos le permite visitar algunos de los hermosos lugares y ciudades de Marruecos. Tambi\u00e9n le permite descubrir la costa atl\u00e1ntica marroqu\u00ed y su belleza. Tambi\u00e9n puedes ver nuestros circuitos desde Marrakech o nuestros viajes al desierto.<\/p>\n<p>Seas solo, en familia o en grupo de amigos, preparamos todo lo que necesites para unas vacaciones felices.<\/p>\n<p>Seg\u00fan nuestra filosof\u00eda, el sentido de unas felices vacaciones es preparar todos los medios necesarios para que nuestros clientes disfruten al m\u00e1ximo de su estancia.<\/p>\n<h4>D\u00cdA 1: MARRAKECH &#8211; <a href=\"https:\/\/moroccounlimitedreams.com\/day-trip-from-marrakech-to-essaouira\/\">ESSAOUIRA<\/a><\/h4>\n<p>Tour de 5 d\u00edas a la costa atl\u00e1ntica de MarrakechSu conductor le recoger\u00e1 despu\u00e9s del desayuno para un viaje de exploraci\u00f3n a la costa atl\u00e1ntica y la antigua medina de Essaouira a lo largo de la carretera podr\u00e1 disfrutar de los paisajes de los antiguos pueblos bereberes y usted tendr\u00e1 una parada para tomar algunas fotos de las cabras subiendo al \u00e1rbol de arg\u00e1n, tambi\u00e9n, nos detendremos para visitar una cooperativa de mujeres de aceite de arg\u00e1n, donde descubrir\u00e1 la forma en que extraen y destilan el aceite de arg\u00e1n y sus productos cosm\u00e9ticos. Llegada a essaouira y check in en Riad tradicional. A continuaci\u00f3n, comenzar\u00e1 la visita de la ciudad desde el peque\u00f1o pueblo portuario con tiendas de arte y artesan\u00eda, joyer\u00eda y m\u00fasica de forma sencilla. Tome una puesta de sol Camel Trek a lo largo de la amplia playa abierta.<\/p>\n<h4>DIA 2: ESSAOUIRA<\/h4>\n<p>Costa Atl\u00e1ntica desde MarrakechDespu\u00e9s del desayuno se encontrar\u00e1 con su conductor y se dirigir\u00e1 a la playa de Sidi Kaouki donde podr\u00e1 disfrutar de un d\u00eda encantador en la playa.<\/p>\n<p>Los caf\u00e9s de la playa son perfectos para comer entre las actividades extra opcionales: quads, paseos a caballo, kite-surf y excursiones en camello.<\/p>\n<p>Su ch\u00f3fer le ayudar\u00e1 a encontrar buenos sitios para comer y a organizar y reservar sus actividades. Por la tarde regresar\u00e1 a su Riad en essaouira, tiempo libre para pasear por la ciudad o disfrutar de una copa en una de las terrazas de la medina.<\/p>\n<h4>D\u00cdA 3: ESSAOUIRA &#8211; TAGHZOUT<\/h4>\n<p>Tour de 5 d\u00edas a la costa atl\u00e1nticaDespu\u00e9s del desayuno continuaremos nuestro recorrido hacia el sur hasta el famoso pueblo surfista de Taghazout, conduciremos a lo largo del bosque de arg\u00e1n m\u00e1s grande de Marruecos, llegada a Taghazout check in en su hotel. Despu\u00e9s del almuerzo en un restaurante local, continuaremos hacia Agadir para visitar la ciudad, especialmente el antiguo castillo portugu\u00e9s Agadir Oflla tiempo libre en la playa de Agadir y zocos. Por la tarde regresaremos a su hotel en Taghzout.<\/p>\n<h4>D\u00cdA 4: TAGHAZOUT &#8211; MIRLEFT<\/h4>\n<p>Tour de 5 d\u00edas a la costa atl\u00e1ntica desde MarrakechHoy conduciremos a trav\u00e9s de los pueblos de los zocos para llegar a Mirleft una de las maravillosas playas de Marruecos; la famosa playa de Legzira con sus impresionantes formaciones rocosas de color ocre y nos alojaremos en el peque\u00f1o y tradicional complejo de Mirleft. Despu\u00e9s del almuerzo tendr\u00e1 tiempo libre para explorar la zona y disfrutar de un paseo por la hermosa playa, pasar la noche en una casa de hu\u00e9spedes con vistas al oc\u00e9ano y cenar en el coraz\u00f3n de un pueblo tradicional marroqu\u00ed.<\/p>\n<h4>D\u00cdA 5: MIRLEFT &#8211; MARRAKECH<\/h4>\n<p>Excursi\u00f3n a la costa atl\u00e1ntica desde MarrakechSu ch\u00f3fer le llevar\u00e1 directamente de vuelta a Marrakech a la hora fijada, por la ma\u00f1ana o despu\u00e9s de comer seg\u00fan sus preferencias.<\/p>\n<p><strong>Qu\u00e9 est\u00e1 incluido :<\/strong><\/p>\n<ul>\n<li>Vehiculo 4X4 confortable con aire acondicionado<\/li>\n<li>Conductor de habla inglesa<\/li>\n<li>Noches en hotel y riad<\/li>\n<li>Desayunos diarios<\/li>\n<li>Cenas<\/li>\n<\/ul>\n<p><strong>Lo que no incluye :<\/strong><\/p>\n<ul>\n<li>Billete de avi\u00f3n<\/li>\n<li>Almuerzos<\/li>\n<li>Bebidas<\/li>\n<\/ul>\n\n<div class=\"wpcf7 no-js\" id=\"wpcf7-f2957-o1\" lang=\"en-US\" dir=\"ltr\" data-wpcf7-id=\"2957\">\n<div class=\"screen-reader-response\"><p role=\"status\" aria-live=\"polite\" aria-atomic=\"true\"><\/p> <ul><\/ul><\/div>\n<form action=\"\/es\/wp-json\/wp\/v2\/pages\/2721#wpcf7-f2957-o1\" method=\"post\" class=\"wpcf7-form init\" aria-label=\"Contact form\" novalidate=\"novalidate\" data-status=\"init\">\n<div style=\"display: none;\">\n<input type=\"hidden\" name=\"_wpcf7\" value=\"2957\" \/>\n<input type=\"hidden\" name=\"_wpcf7_version\" value=\"6.0\" \/>\n<input type=\"hidden\" name=\"_wpcf7_locale\" value=\"en_US\" \/>\n<input type=\"hidden\" name=\"_wpcf7_unit_tag\" value=\"wpcf7-f2957-o1\" \/>\n<input type=\"hidden\" name=\"_wpcf7_container_post\" value=\"0\" \/>\n<input type=\"hidden\" name=\"_wpcf7_posted_data_hash\" value=\"\" \/>\n<\/div>\n<p><label> Your name<br \/>\n<span class=\"wpcf7-form-control-wrap\" data-name=\"your-name\"><input size=\"40\" maxlength=\"400\" class=\"wpcf7-form-control wpcf7-text wpcf7-validates-as-required\" autocomplete=\"name\" aria-required=\"true\" aria-invalid=\"false\" value=\"\" type=\"text\" name=\"your-name\" \/><\/span> <\/label>\n<\/p>\n<p><label> Your email<br \/>\n<span class=\"wpcf7-form-control-wrap\" data-name=\"your-email\"><input size=\"40\" maxlength=\"400\" class=\"wpcf7-form-control wpcf7-email wpcf7-validates-as-required wpcf7-text wpcf7-validates-as-email\" autocomplete=\"email\" aria-required=\"true\" aria-invalid=\"false\" value=\"\" type=\"email\" name=\"your-email\" \/><\/span> <\/label>\n<\/p>\n<p><label> Subject<br \/>\n<span class=\"wpcf7-form-control-wrap\" data-name=\"your-subject\"><input size=\"40\" maxlength=\"400\" class=\"wpcf7-form-control wpcf7-text wpcf7-validates-as-required\" aria-required=\"true\" aria-invalid=\"false\" value=\"\" type=\"text\" name=\"your-subject\" \/><\/span> <\/label>\n<\/p>\n<p><label> Your message (optional)<br \/>\n<span class=\"wpcf7-form-control-wrap\" data-name=\"your-message\"><textarea cols=\"40\" rows=\"10\" maxlength=\"2000\" class=\"wpcf7-form-control wpcf7-textarea\" aria-invalid=\"false\" name=\"your-message\"><\/textarea><\/span> <\/label>\n<\/p>\n<p><input class=\"wpcf7-form-control wpcf7-submit has-spinner\" type=\"submit\" value=\"Send\" \/>\n<\/p><div class=\"wpcf7-response-output\" aria-hidden=\"true\"><\/div>\n<\/form>\n<\/div>\n\n","protected":false},"excerpt":{"rendered":"<p>Este tour de 5 d\u00edas a la costa atl\u00e1ntica desde Marrakech est\u00e1 bien adaptado para las personas que tienen una estancia media o grande en Marruecos. Este paquete de vacaciones en Marruecos le permite visitar algunos de los hermosos lugares y ciudades de Marruecos. Tambi\u00e9n le permite descubrir la costa atl\u00e1ntica marroqu\u00ed y su belleza&#8230;.<\/p>\n","protected":false},"author":1,"featured_media":3036,"parent":0,"menu_order":0,"comment_status":"closed","ping_status":"closed","template":"","meta":{"_kadence_starter_templates_imported_post":false,"_kad_post_transparent":"default","_kad_post_title":"default","_kad_post_layout":"default","_kad_post_sidebar_id":"","_kad_post_content_style":"default","_kad_post_vertical_padding":"default","_kad_post_feature":"","_kad_post_feature_position":"","_kad_post_header":false,"_kad_post_footer":false,"footnotes":""},"class_list":["post-2721","page","type-page","status-publish","has-post-thumbnail","hentry"],"yoast_head":"<!-- This site is optimized with the Yoast SEO Premium plugin v19.0 (Yoast SEO v23.9) - https:\/\/yoast.com\/wordpress\/plugins\/seo\/ -->\n<title>Excursi\u00f3n de 5 d\u00edas a la costa atl\u00e1ntica desde Marrakech<\/title>\n<meta name=\"description\" content=\"Descubre la costa atl\u00e1ntica de Marrakech en una emocionante excursi\u00f3n de 5 d\u00edas. Explora playas, ciudades y mucho m\u00e1s. Reserva ahora tu viaje\" \/>\n<meta name=\"robots\" content=\"index, follow, max-snippet:-1, max-image-preview:large, max-video-preview:-1\" \/>\n<link rel=\"canonical\" href=\"https:\/\/moroccounlimitedreams.com\/es\/excursion-de-5-dias-a-la-costa-atlantica-desde-marrakech\/\" \/>\n<meta property=\"og:locale\" content=\"es_ES\" \/>\n<meta property=\"og:type\" content=\"article\" \/>\n<meta property=\"og:title\" content=\"Excursi\u00f3n de 5 d\u00edas a la costa atl\u00e1ntica desde Marrakech\" \/>\n<meta property=\"og:description\" content=\"Descubre la costa atl\u00e1ntica de Marrakech en una emocionante excursi\u00f3n de 5 d\u00edas. Explora playas, ciudades y mucho m\u00e1s. Reserva ahora tu viaje\" \/>\n<meta property=\"og:url\" content=\"https:\/\/moroccounlimitedreams.com\/es\/excursion-de-5-dias-a-la-costa-atlantica-desde-marrakech\/\" \/>\n<meta property=\"og:site_name\" content=\"Morocco Unlimited Dreams\" \/>\n<meta property=\"article:modified_time\" content=\"2023-03-24T14:52:53+00:00\" \/>\n<meta property=\"og:image\" content=\"https:\/\/moroccounlimitedreams.com\/es\/wp-content\/uploads\/2023\/02\/marrakech.jpg\" \/>\n\t<meta property=\"og:image:width\" content=\"1089\" \/>\n\t<meta property=\"og:image:height\" content=\"1362\" \/>\n\t<meta property=\"og:image:type\" content=\"image\/jpeg\" \/>\n<meta name=\"twitter:card\" content=\"summary_large_image\" \/>\n<meta name=\"twitter:label1\" content=\"Tiempo de lectura\" \/>\n\t<meta name=\"twitter:data1\" content=\"3 minutos\" \/>\n<script type=\"application\/ld+json\" class=\"yoast-schema-graph\">{\"@context\":\"https:\/\/schema.org\",\"@graph\":[{\"@type\":\"WebPage\",\"@id\":\"https:\/\/moroccounlimitedreams.com\/es\/excursion-de-5-dias-a-la-costa-atlantica-desde-marrakech\/\",\"url\":\"https:\/\/moroccounlimitedreams.com\/es\/excursion-de-5-dias-a-la-costa-atlantica-desde-marrakech\/\",\"name\":\"Excursi\u00f3n de 5 d\u00edas a la costa atl\u00e1ntica desde Marrakech\",\"isPartOf\":{\"@id\":\"https:\/\/moroccounlimitedreams.com\/es\/#website\"},\"primaryImageOfPage\":{\"@id\":\"https:\/\/moroccounlimitedreams.com\/es\/excursion-de-5-dias-a-la-costa-atlantica-desde-marrakech\/#primaryimage\"},\"image\":{\"@id\":\"https:\/\/moroccounlimitedreams.com\/es\/excursion-de-5-dias-a-la-costa-atlantica-desde-marrakech\/#primaryimage\"},\"thumbnailUrl\":\"https:\/\/moroccounlimitedreams.com\/es\/wp-content\/uploads\/2023\/02\/marrakech.jpg\",\"datePublished\":\"2023-02-18T17:48:42+00:00\",\"dateModified\":\"2023-03-24T14:52:53+00:00\",\"description\":\"Descubre la costa atl\u00e1ntica de Marrakech en una emocionante excursi\u00f3n de 5 d\u00edas. Explora playas, ciudades y mucho m\u00e1s. Reserva ahora tu viaje\",\"breadcrumb\":{\"@id\":\"https:\/\/moroccounlimitedreams.com\/es\/excursion-de-5-dias-a-la-costa-atlantica-desde-marrakech\/#breadcrumb\"},\"inLanguage\":\"es\",\"potentialAction\":[{\"@type\":\"ReadAction\",\"target\":[\"https:\/\/moroccounlimitedreams.com\/es\/excursion-de-5-dias-a-la-costa-atlantica-desde-marrakech\/\"]}]},{\"@type\":\"ImageObject\",\"inLanguage\":\"es\",\"@id\":\"https:\/\/moroccounlimitedreams.com\/es\/excursion-de-5-dias-a-la-costa-atlantica-desde-marrakech\/#primaryimage\",\"url\":\"https:\/\/moroccounlimitedreams.com\/es\/wp-content\/uploads\/2023\/02\/marrakech.jpg\",\"contentUrl\":\"https:\/\/moroccounlimitedreams.com\/es\/wp-content\/uploads\/2023\/02\/marrakech.jpg\",\"width\":1089,\"height\":1362,\"caption\":\"4 d\u00edas desde Marrakech al desierto de Merzouga y Fez\"},{\"@type\":\"BreadcrumbList\",\"@id\":\"https:\/\/moroccounlimitedreams.com\/es\/excursion-de-5-dias-a-la-costa-atlantica-desde-marrakech\/#breadcrumb\",\"itemListElement\":[{\"@type\":\"ListItem\",\"position\":1,\"name\":\"Home\",\"item\":\"https:\/\/moroccounlimitedreams.com\/es\/\"},{\"@type\":\"ListItem\",\"position\":2,\"name\":\"Excursi\u00f3n de 5 d\u00edas a la costa atl\u00e1ntica desde Marrakech\"}]},{\"@type\":\"WebSite\",\"@id\":\"https:\/\/moroccounlimitedreams.com\/es\/#website\",\"url\":\"https:\/\/moroccounlimitedreams.com\/es\/\",\"name\":\"Morocco Unlimited Dreams\",\"description\":\"Morocco Desert Tours - Tours &amp; Excursions in Morocco\",\"publisher\":{\"@id\":\"https:\/\/moroccounlimitedreams.com\/es\/#organization\"},\"potentialAction\":[{\"@type\":\"SearchAction\",\"target\":{\"@type\":\"EntryPoint\",\"urlTemplate\":\"https:\/\/moroccounlimitedreams.com\/es\/?s={search_term_string}\"},\"query-input\":{\"@type\":\"PropertyValueSpecification\",\"valueRequired\":true,\"valueName\":\"search_term_string\"}}],\"inLanguage\":\"es\"},{\"@type\":\"Organization\",\"@id\":\"https:\/\/moroccounlimitedreams.com\/es\/#organization\",\"name\":\"Morocco Unlimited Dreams\",\"url\":\"https:\/\/moroccounlimitedreams.com\/es\/\",\"logo\":{\"@type\":\"ImageObject\",\"inLanguage\":\"es\",\"@id\":\"https:\/\/moroccounlimitedreams.com\/es\/#\/schema\/logo\/image\/\",\"url\":\"https:\/\/moroccounlimitedreams.com\/es\/wp-content\/uploads\/2023\/12\/mrd.png\",\"contentUrl\":\"https:\/\/moroccounlimitedreams.com\/es\/wp-content\/uploads\/2023\/12\/mrd.png\",\"width\":242,\"height\":90,\"caption\":\"Morocco Unlimited Dreams\"},\"image\":{\"@id\":\"https:\/\/moroccounlimitedreams.com\/es\/#\/schema\/logo\/image\/\"}}]}<\/script>\n<!-- \/ Yoast SEO Premium plugin. -->","yoast_head_json":{"title":"Excursi\u00f3n de 5 d\u00edas a la costa atl\u00e1ntica desde Marrakech","description":"Descubre la costa atl\u00e1ntica de Marrakech en una emocionante excursi\u00f3n de 5 d\u00edas. Explora playas, ciudades y mucho m\u00e1s. Reserva ahora tu viaje","robots":{"index":"index","follow":"follow","max-snippet":"max-snippet:-1","max-image-preview":"max-image-preview:large","max-video-preview":"max-video-preview:-1"},"canonical":"https:\/\/moroccounlimitedreams.com\/es\/excursion-de-5-dias-a-la-costa-atlantica-desde-marrakech\/","og_locale":"es_ES","og_type":"article","og_title":"Excursi\u00f3n de 5 d\u00edas a la costa atl\u00e1ntica desde Marrakech","og_description":"Descubre la costa atl\u00e1ntica de Marrakech en una emocionante excursi\u00f3n de 5 d\u00edas. Explora playas, ciudades y mucho m\u00e1s. Reserva ahora tu viaje","og_url":"https:\/\/moroccounlimitedreams.com\/es\/excursion-de-5-dias-a-la-costa-atlantica-desde-marrakech\/","og_site_name":"Morocco Unlimited Dreams","article_modified_time":"2023-03-24T14:52:53+00:00","og_image":[{"width":1089,"height":1362,"url":"https:\/\/moroccounlimitedreams.com\/es\/wp-content\/uploads\/2023\/02\/marrakech.jpg","type":"image\/jpeg"}],"twitter_card":"summary_large_image","twitter_misc":{"Tiempo de lectura":"3 minutos"},"schema":{"@context":"https:\/\/schema.org","@graph":[{"@type":"WebPage","@id":"https:\/\/moroccounlimitedreams.com\/es\/excursion-de-5-dias-a-la-costa-atlantica-desde-marrakech\/","url":"https:\/\/moroccounlimitedreams.com\/es\/excursion-de-5-dias-a-la-costa-atlantica-desde-marrakech\/","name":"Excursi\u00f3n de 5 d\u00edas a la costa atl\u00e1ntica desde Marrakech","isPartOf":{"@id":"https:\/\/moroccounlimitedreams.com\/es\/#website"},"primaryImageOfPage":{"@id":"https:\/\/moroccounlimitedreams.com\/es\/excursion-de-5-dias-a-la-costa-atlantica-desde-marrakech\/#primaryimage"},"image":{"@id":"https:\/\/moroccounlimitedreams.com\/es\/excursion-de-5-dias-a-la-costa-atlantica-desde-marrakech\/#primaryimage"},"thumbnailUrl":"https:\/\/moroccounlimitedreams.com\/es\/wp-content\/uploads\/2023\/02\/marrakech.jpg","datePublished":"2023-02-18T17:48:42+00:00","dateModified":"2023-03-24T14:52:53+00:00","description":"Descubre la costa atl\u00e1ntica de Marrakech en una emocionante excursi\u00f3n de 5 d\u00edas. Explora playas, ciudades y mucho m\u00e1s. Reserva ahora tu viaje","breadcrumb":{"@id":"https:\/\/moroccounlimitedreams.com\/es\/excursion-de-5-dias-a-la-costa-atlantica-desde-marrakech\/#breadcrumb"},"inLanguage":"es","potentialAction":[{"@type":"ReadAction","target":["https:\/\/moroccounlimitedreams.com\/es\/excursion-de-5-dias-a-la-costa-atlantica-desde-marrakech\/"]}]},{"@type":"ImageObject","inLanguage":"es","@id":"https:\/\/moroccounlimitedreams.com\/es\/excursion-de-5-dias-a-la-costa-atlantica-desde-marrakech\/#primaryimage","url":"https:\/\/moroccounlimitedreams.com\/es\/wp-content\/uploads\/2023\/02\/marrakech.jpg","contentUrl":"https:\/\/moroccounlimitedreams.com\/es\/wp-content\/uploads\/2023\/02\/marrakech.jpg","width":1089,"height":1362,"caption":"4 d\u00edas desde Marrakech al desierto de Merzouga y Fez"},{"@type":"BreadcrumbList","@id":"https:\/\/moroccounlimitedreams.com\/es\/excursion-de-5-dias-a-la-costa-atlantica-desde-marrakech\/#breadcrumb","itemListElement":[{"@type":"ListItem","position":1,"name":"Home","item":"https:\/\/moroccounlimitedreams.com\/es\/"},{"@type":"ListItem","position":2,"name":"Excursi\u00f3n de 5 d\u00edas a la costa atl\u00e1ntica desde Marrakech"}]},{"@type":"WebSite","@id":"https:\/\/moroccounlimitedreams.com\/es\/#website","url":"https:\/\/moroccounlimitedreams.com\/es\/","name":"Morocco Unlimited Dreams","description":"Morocco Desert Tours - Tours &amp; Excursions in Morocco","publisher":{"@id":"https:\/\/moroccounlimitedreams.com\/es\/#organization"},"potentialAction":[{"@type":"SearchAction","target":{"@type":"EntryPoint","urlTemplate":"https:\/\/moroccounlimitedreams.com\/es\/?s={search_term_string}"},"query-input":{"@type":"PropertyValueSpecification","valueRequired":true,"valueName":"search_term_string"}}],"inLanguage":"es"},{"@type":"Organization","@id":"https:\/\/moroccounlimitedreams.com\/es\/#organization","name":"Morocco Unlimited Dreams","url":"https:\/\/moroccounlimitedreams.com\/es\/","logo":{"@type":"ImageObject","inLanguage":"es","@id":"https:\/\/moroccounlimitedreams.com\/es\/#\/schema\/logo\/image\/","url":"https:\/\/moroccounlimitedreams.com\/es\/wp-content\/uploads\/2023\/12\/mrd.png","contentUrl":"https:\/\/moroccounlimitedreams.com\/es\/wp-content\/uploads\/2023\/12\/mrd.png","width":242,"height":90,"caption":"Morocco Unlimited Dreams"},"image":{"@id":"https:\/\/moroccounlimitedreams.com\/es\/#\/schema\/logo\/image\/"}}]}},"_links":{"self":[{"href":"https:\/\/moroccounlimitedreams.com\/es\/wp-json\/wp\/v2\/pages\/2721","targetHints":{"allow":["GET"]}}],"collection":[{"href":"https:\/\/moroccounlimitedreams.com\/es\/wp-json\/wp\/v2\/pages"}],"about":[{"href":"https:\/\/moroccounlimitedreams.com\/es\/wp-json\/wp\/v2\/types\/page"}],"author":[{"embeddable":true,"href":"https:\/\/moroccounlimitedreams.com\/es\/wp-json\/wp\/v2\/users\/1"}],"replies":[{"embeddable":true,"href":"https:\/\/moroccounlimitedreams.com\/es\/wp-json\/wp\/v2\/comments?post=2721"}],"version-history":[{"count":7,"href":"https:\/\/moroccounlimitedreams.com\/es\/wp-json\/wp\/v2\/pages\/2721\/revisions"}],"predecessor-version":[{"id":3266,"href":"https:\/\/moroccounlimitedreams.com\/es\/wp-json\/wp\/v2\/pages\/2721\/revisions\/3266"}],"wp:featuredmedia":[{"embeddable":true,"href":"https:\/\/moroccounlimitedreams.com\/es\/wp-json\/wp\/v2\/media\/3036"}],"wp:attachment":[{"href":"https:\/\/moroccounlimitedreams.com\/es\/wp-json\/wp\/v2\/media?parent=2721"}],"curies":[{"name":"wp","href":"https:\/\/api.w.org\/{rel}","templated":true}]}}