{"id":2719,"date":"2023-02-18T17:47:58","date_gmt":"2023-02-18T17:47:58","guid":{"rendered":"https:\/\/moroccounlimitedreams.com\/?page_id=2719"},"modified":"2023-03-24T15:37:15","modified_gmt":"2023-03-24T15:37:15","slug":"grand-tour-7-dias-marrakech-fez-via-desierto","status":"publish","type":"page","link":"https:\/\/moroccounlimitedreams.com\/es\/grand-tour-7-dias-marrakech-fez-via-desierto\/","title":{"rendered":"Grand Tour &#8211; 7 d\u00edas Marrakech Fez v\u00eda Desierto"},"content":{"rendered":"<p>Este Gran Tour 7 d\u00edas Marrakech- Fez v\u00eda Desierto est\u00e1 bien adaptado para personas que tienen una estancia media o grande en Marruecos. Este paquete de vacaciones en Marruecos desde Fez le permite visitar algunos de los hermosos lugares y ciudades de Marruecos. Tambi\u00e9n le permite descubrir la forma de vida de los bereberes y n\u00f3madas. Te lleva al desierto de Merzouga y a las dunas de Erg Chebbi. En esta tranquila zona de Marruecos viven familias bereberes y n\u00f3madas.<\/p>\n<p>Si este viaje no es que usted est\u00e1 buscando, usted puede elegir otro de nuestros Grand tour o p\u00f3ngase en contacto con nosotros para personalizar su viaje.<\/p>\n<p>Tanto si est\u00e1s solo, en familia o con un grupo de amigos, preparamos todo lo que necesites para que pases unas felices vacaciones.<\/p>\n<p>Muchas actividades se organizan en el desierto de Merzouga como <a href=\"https:\/\/moroccounlimitedreams.com\/camel-trekking\/\">Camel Trekking<\/a>, Sand-boarding y otros. Disfrute de su viaje a Marruecos.<\/p>\n<p>Seg\u00fan nuestra filosof\u00eda, vacaciones felices significa preparar todos los medios necesarios para que nuestros clientes puedan aprovechar al m\u00e1ximo su estancia.<\/p>\n<h3>Grand Tour- 7 D\u00edas Marrakech Fez v\u00eda Programa Desierto<\/h3>\n<h4>D\u00eda 1: Marrakech &#8211; Explorando la ciudad roja<\/h4>\n<p>Grand Tour- 7 D\u00edas Marrakech Fes a trav\u00e9s del DesiertoSu conductor le recoger\u00e1 en su Hotel, Riad o aeropuerto de Marrakech para comenzar este gran tour 7 d\u00edas Marrakech Fes. Este d\u00eda est\u00e1 dedicado a explorar la ciudad roja de Marrakech. Visitaremos los monumentos m\u00e1s importantes y lugares hermosos de la ciudad.<\/p>\n<p>Visitaremos la famosa plaza Jamaa Lfna, la antigua Medina, la mezquita Al Koutoubia, el Jard\u00edn de la Menara, el Jard\u00edn Majorel y muchos otros lugares hermosos.<\/p>\n<p>No podr\u00e1 marcharse de esta ciudad sin una experiencia sensorial que le acompa\u00f1ar\u00e1 durante mucho, mucho tiempo. Por eso le recomendamos que pase el primer d\u00eda de este gran viaje en Marrakech.<\/p>\n<p>Noche y cena en el hotel o riad seg\u00fan su preferencia.<\/p>\n<h4>D\u00eda 2 : Marrakech -Ait Ben Haddou &#8211; Ouarzazte- Boumalne Dades<\/h4>\n<p>Comenzamos la actividad de este d\u00eda despu\u00e9s del desayuno. Esta etapa de nuestro gran viaje une Marrakech con Boumalne Dades. Tomamos la carretera direcci\u00f3n a las gargantas del Dades atravesando las monta\u00f1as del Alto Atlas por el paso de Tizi Ntichka. Incre\u00edbles paisajes y vistas que nos ofrece el camino. Por esta raz\u00f3n que vamos a hacer muchas paradas para que pueda tomar fotos hermosas.Grand Tour<\/p>\n<p>Pasaremos por muchos pueblos bereberes para llegar al pueblo de Ait ben Haddou. Al llegar, visitaremos la famosa Kasbah Ait Ben Haddou clasificada como patrimonio de la humanidad por la UNESCO. Despu\u00e9s haremos una parada para almorzar. Luego continuamos la carretera en direcci\u00f3n a Ouarzazate. Esta perla en el sur de Marruecos, donde muchas pel\u00edculas famosas se realizaron como el Mumy, Gladiator, Cleopatre y muchos otros. Tambi\u00e9n es conocido por su palmeral y kasbahs como Kasbah Taourirt que visitaremos.<\/p>\n<p>Tarde continuamos el camino direcci\u00f3n Boumalne Dades en las Gargantas del Dades. Pasamos esta noche de nuestros 7 d\u00edas Marrakech fes a trav\u00e9s del desierto grand tour en el hotel en Boumalne Dades.<\/p>\n<p>Cena y alojamiento en el hotel.<\/p>\n<h4>D\u00eda 3 : Boumalne Dades &#8211; Tinghir &#8211; Arfoud &#8211; Merzouga<\/h4>\n<p>Despu\u00e9s del desayuno continuamos este gran tour 7 d\u00edas Marrakech fes v\u00eda desierto. Tomamos la carretera direcci\u00f3n al desierto de Merzouga para llegar a las grandes dunas de Erg Chebbi. Pasaremos por Tinghir donde viv\u00edan los Juifs expulsados de Europa. Luego Tinjdad, un pueblo bereber para llegar a Arfoud. Haremos una parada para tomar un caf\u00e9.<\/p>\n<p>7 D\u00edas Marrakech Fes v\u00eda DesiertoM\u00e1s tarde visitaremos una f\u00e1brica de f\u00f3siles y m\u00e1rmol fosilizado. Despu\u00e9s continuaremos el camino hacia el desierto de Merzouga.<\/p>\n<p>Al llegar a Merzouga, os llevamos al hotel para pasar esta noche de este gran tour.<\/p>\n<h4>D\u00eda 4 : Merzouga &#8211; Explorando la zona des\u00e9rtica<\/h4>\n<p>Por la ma\u00f1ana despu\u00e9s del desayuno, comenzamos la actividad de este d\u00eda especial de nuestros 7 d\u00edas Marrakech fes grand tour. Comenzamos nuestra exploraci\u00f3n del desierto visitando bereber y pueblo n\u00f3mada. Porque es el mejor medio para tener una idea clara sobre su forma de vida. Despu\u00e9s de una taza de t\u00e9 y un peque\u00f1o espect\u00e1culo de m\u00fasica Gnawa con ellos, continuamos la exploraci\u00f3n del desierto. Luego hacemos una parada para almorzar.<\/p>\n<p>Grand TourPor la tarde, tiempo libre para seguir explorando la zona o probar algunas actividades divertidas como el sand-Boarding o el Quad trekking. Al final de la tarde, paseo en camello para vivir una incre\u00edble aventura en el desierto. Accederemos al coraz\u00f3n del desierto para pasar una noche inolvidable en un campamento en el desierto.<\/p>\n<p>En el camino, haremos una parada para que pueda ver la m\u00e1gica puesta de sol y tomar hermosas fotos. Despu\u00e9s continuaremos hasta el campamento en el desierto.<\/p>\n<p>Noche y cena en una tienda n\u00f3mada en el coraz\u00f3n de las dunas de Erg Chebbi.<\/p>\n<h4>D\u00eda 5 : Merzouga &#8211; Rissani -Midelt &#8211; Azro &#8211; Ifrane &#8211; Fes<\/h4>\n<p>Nos levantamos temprano por la ma\u00f1ana para ver el m\u00e1gico amanecer, luego tomamos el desayuno. Despu\u00e9s, paseo en camello de vuelta a Merzouga. Continuamos nuestro gran tour de 7 d\u00edas. Tomamos la carretera direcci\u00f3n a la capital cultural y cient\u00edfica de Marruecos. Pasaremos por Rissani, el origen de la dinast\u00eda alauita. Luego Errachidia en el valle del Ziz para llegar a Midelt. Haremos una pausa para el caf\u00e9 en la capital de las manzanas de Marruecos.<\/p>\n<p>Despu\u00e9s continuamos el camino direcci\u00f3n al pueblo bereber Azro donde paramos para almorzar. Azro es conocido por sus bosques de cedro donde viven un spacy de monos salvajes. Luego continuamos el camino direcci\u00f3n a ifrane conocida como la Suiza de africa gracias a la tipolog\u00eda de sus casas y su limpieza. Llegamos a Fes al final de la tarde.<\/p>\n<p>Pasamos esta noche de estos paquetes de vacaciones Marruecos en el hotel o Riad seg\u00fan su preferencia.<\/p>\n<h4>D\u00eda 6 : Fes &#8211; Explorar la ciudad<\/h4>\n<p>Este d\u00eda de nuestro gran viaje le permite explorar la capital cultural y cient\u00edfica de Marruecos. Visitaremos los monumentos hist\u00f3ricos m\u00e1s importantes y lugares famosos de fes.<\/p>\n<p>Grand TourVisitaremos la antigua Medina, Curtidur\u00edas, Tumbas y mausoleos, Jardines, Madrasas&#8230;etc. Fez est\u00e1 llena de monumentos hist\u00f3ricos y lugares incre\u00edbles gracias a su valor hist\u00f3rico en el mundo \u00e1rabe e isl\u00e1mico. Disfrute de su d\u00eda de este paquete de vacaciones en Marruecos.<\/p>\n<p>Al final de la tarde, te llevamos al hotel o riad para pasar la noche de este gran tour.<\/p>\n<h4>D\u00eda 7 : Fez &#8211; Marrakech<\/h4>\n<p>El \u00faltimo d\u00eda de este gran viaje une Fez con Marrakech. Despu\u00e9s del desayuno tomamos el camino de vuelta a Marrakech. Seguimos otro camino que nuestra venida. Pasaremos por Ifrane, Khenifra y Beni Mellal donde pararemos para almorzar. Despu\u00e9s continuamos el camino pasando por Kalaa sraghna para llegar a Marrakech.vacaciones en Marruecos-tours privados-viajes al desierto<\/p>\n<p>Llegamos a Marrakech por la tarde. A su llegada le llevamos a su hotel, riad o aeropuerto de Marrakech.<\/p>\n<p>El final de nuestros servicios para este Gran Tour- 6 D\u00edas Marrakech Fes v\u00eda Desierto<\/p>\n<p><strong>Qu\u00e9 est\u00e1 incluido :<\/strong><\/p>\n<ul>\n<li>Confortable veh\u00edculo 4X4 con aire acondicionado<\/li>\n<li>Conductor de habla inglesa<\/li>\n<li>Noches en hotel y riad<\/li>\n<li>Desayunos diarios<\/li>\n<li>Cenas<\/li>\n<\/ul>\n<p><strong>Lo que no incluye :<\/strong><\/p>\n<ul>\n<li>Billete de avi\u00f3n<\/li>\n<li>Almuerzos<\/li>\n<li>Bebidas<\/li>\n<\/ul>\n\n<div class=\"wpcf7 no-js\" id=\"wpcf7-f2957-o1\" lang=\"en-US\" dir=\"ltr\" data-wpcf7-id=\"2957\">\n<div class=\"screen-reader-response\"><p role=\"status\" aria-live=\"polite\" aria-atomic=\"true\"><\/p> <ul><\/ul><\/div>\n<form action=\"\/es\/wp-json\/wp\/v2\/pages\/2719#wpcf7-f2957-o1\" method=\"post\" class=\"wpcf7-form init\" aria-label=\"Contact form\" novalidate=\"novalidate\" data-status=\"init\">\n<div style=\"display: none;\">\n<input type=\"hidden\" name=\"_wpcf7\" value=\"2957\" \/>\n<input type=\"hidden\" name=\"_wpcf7_version\" value=\"6.0\" \/>\n<input type=\"hidden\" name=\"_wpcf7_locale\" value=\"en_US\" \/>\n<input type=\"hidden\" name=\"_wpcf7_unit_tag\" value=\"wpcf7-f2957-o1\" \/>\n<input type=\"hidden\" name=\"_wpcf7_container_post\" value=\"0\" \/>\n<input type=\"hidden\" name=\"_wpcf7_posted_data_hash\" value=\"\" \/>\n<\/div>\n<p><label> Your name<br \/>\n<span class=\"wpcf7-form-control-wrap\" data-name=\"your-name\"><input size=\"40\" maxlength=\"400\" class=\"wpcf7-form-control wpcf7-text wpcf7-validates-as-required\" autocomplete=\"name\" aria-required=\"true\" aria-invalid=\"false\" value=\"\" type=\"text\" name=\"your-name\" \/><\/span> <\/label>\n<\/p>\n<p><label> Your email<br \/>\n<span class=\"wpcf7-form-control-wrap\" data-name=\"your-email\"><input size=\"40\" maxlength=\"400\" class=\"wpcf7-form-control wpcf7-email wpcf7-validates-as-required wpcf7-text wpcf7-validates-as-email\" autocomplete=\"email\" aria-required=\"true\" aria-invalid=\"false\" value=\"\" type=\"email\" name=\"your-email\" \/><\/span> <\/label>\n<\/p>\n<p><label> Subject<br \/>\n<span class=\"wpcf7-form-control-wrap\" data-name=\"your-subject\"><input size=\"40\" maxlength=\"400\" class=\"wpcf7-form-control wpcf7-text wpcf7-validates-as-required\" aria-required=\"true\" aria-invalid=\"false\" value=\"\" type=\"text\" name=\"your-subject\" \/><\/span> <\/label>\n<\/p>\n<p><label> Your message (optional)<br \/>\n<span class=\"wpcf7-form-control-wrap\" data-name=\"your-message\"><textarea cols=\"40\" rows=\"10\" maxlength=\"2000\" class=\"wpcf7-form-control wpcf7-textarea\" aria-invalid=\"false\" name=\"your-message\"><\/textarea><\/span> <\/label>\n<\/p>\n<p><input class=\"wpcf7-form-control wpcf7-submit has-spinner\" type=\"submit\" value=\"Send\" \/>\n<\/p><div class=\"wpcf7-response-output\" aria-hidden=\"true\"><\/div>\n<\/form>\n<\/div>\n\n","protected":false},"excerpt":{"rendered":"<p>Este Gran Tour 7 d\u00edas Marrakech- Fez v\u00eda Desierto est\u00e1 bien adaptado para personas que tienen una estancia media o grande en Marruecos. Este paquete de vacaciones en Marruecos desde Fez le permite visitar algunos de los hermosos lugares y ciudades de Marruecos. Tambi\u00e9n le permite descubrir la forma de vida de los bereberes y&#8230;<\/p>\n","protected":false},"author":1,"featured_media":0,"parent":0,"menu_order":0,"comment_status":"closed","ping_status":"closed","template":"","meta":{"_kadence_starter_templates_imported_post":false,"_kad_post_transparent":"default","_kad_post_title":"default","_kad_post_layout":"default","_kad_post_sidebar_id":"","_kad_post_content_style":"default","_kad_post_vertical_padding":"default","_kad_post_feature":"","_kad_post_feature_position":"","_kad_post_header":false,"_kad_post_footer":false,"footnotes":""},"class_list":["post-2719","page","type-page","status-publish","hentry"],"yoast_head":"<!-- This site is optimized with the Yoast SEO Premium plugin v19.0 (Yoast SEO v23.9) - https:\/\/yoast.com\/wordpress\/plugins\/seo\/ -->\n<title>Grand Tour - 7 d\u00edas Marrakech Fez v\u00eda Desierto<\/title>\n<meta name=\"description\" content=\"Recorre los impresionantes paisajes de Marruecos en un Grand Tour - 7 d\u00edas Marrakech hasta Fez, pasando por el majestuoso...\" \/>\n<meta name=\"robots\" content=\"index, follow, max-snippet:-1, max-image-preview:large, max-video-preview:-1\" \/>\n<link rel=\"canonical\" href=\"https:\/\/moroccounlimitedreams.com\/es\/grand-tour-7-dias-marrakech-fez-via-desierto\/\" \/>\n<meta property=\"og:locale\" content=\"es_ES\" \/>\n<meta property=\"og:type\" content=\"article\" \/>\n<meta property=\"og:title\" content=\"Grand Tour - 7 d\u00edas Marrakech Fez v\u00eda Desierto\" \/>\n<meta property=\"og:description\" content=\"Recorre los impresionantes paisajes de Marruecos en un Grand Tour - 7 d\u00edas Marrakech hasta Fez, pasando por el majestuoso...\" \/>\n<meta property=\"og:url\" content=\"https:\/\/moroccounlimitedreams.com\/es\/grand-tour-7-dias-marrakech-fez-via-desierto\/\" \/>\n<meta property=\"og:site_name\" content=\"Morocco Unlimited Dreams\" \/>\n<meta property=\"article:modified_time\" content=\"2023-03-24T15:37:15+00:00\" \/>\n<meta name=\"twitter:card\" content=\"summary_large_image\" \/>\n<meta name=\"twitter:label1\" content=\"Tiempo de lectura\" \/>\n\t<meta name=\"twitter:data1\" content=\"6 minutos\" \/>\n<script type=\"application\/ld+json\" class=\"yoast-schema-graph\">{\"@context\":\"https:\/\/schema.org\",\"@graph\":[{\"@type\":\"WebPage\",\"@id\":\"https:\/\/moroccounlimitedreams.com\/es\/grand-tour-7-dias-marrakech-fez-via-desierto\/\",\"url\":\"https:\/\/moroccounlimitedreams.com\/es\/grand-tour-7-dias-marrakech-fez-via-desierto\/\",\"name\":\"Grand Tour - 7 d\u00edas Marrakech Fez v\u00eda Desierto\",\"isPartOf\":{\"@id\":\"https:\/\/moroccounlimitedreams.com\/es\/#website\"},\"datePublished\":\"2023-02-18T17:47:58+00:00\",\"dateModified\":\"2023-03-24T15:37:15+00:00\",\"description\":\"Recorre los impresionantes paisajes de Marruecos en un Grand Tour - 7 d\u00edas Marrakech hasta Fez, pasando por el majestuoso...\",\"breadcrumb\":{\"@id\":\"https:\/\/moroccounlimitedreams.com\/es\/grand-tour-7-dias-marrakech-fez-via-desierto\/#breadcrumb\"},\"inLanguage\":\"es\",\"potentialAction\":[{\"@type\":\"ReadAction\",\"target\":[\"https:\/\/moroccounlimitedreams.com\/es\/grand-tour-7-dias-marrakech-fez-via-desierto\/\"]}]},{\"@type\":\"BreadcrumbList\",\"@id\":\"https:\/\/moroccounlimitedreams.com\/es\/grand-tour-7-dias-marrakech-fez-via-desierto\/#breadcrumb\",\"itemListElement\":[{\"@type\":\"ListItem\",\"position\":1,\"name\":\"Home\",\"item\":\"https:\/\/moroccounlimitedreams.com\/es\/\"},{\"@type\":\"ListItem\",\"position\":2,\"name\":\"Grand Tour &#8211; 7 d\u00edas Marrakech Fez v\u00eda Desierto\"}]},{\"@type\":\"WebSite\",\"@id\":\"https:\/\/moroccounlimitedreams.com\/es\/#website\",\"url\":\"https:\/\/moroccounlimitedreams.com\/es\/\",\"name\":\"Morocco Unlimited Dreams\",\"description\":\"Morocco Desert Tours - Tours &amp; Excursions in Morocco\",\"publisher\":{\"@id\":\"https:\/\/moroccounlimitedreams.com\/es\/#organization\"},\"potentialAction\":[{\"@type\":\"SearchAction\",\"target\":{\"@type\":\"EntryPoint\",\"urlTemplate\":\"https:\/\/moroccounlimitedreams.com\/es\/?s={search_term_string}\"},\"query-input\":{\"@type\":\"PropertyValueSpecification\",\"valueRequired\":true,\"valueName\":\"search_term_string\"}}],\"inLanguage\":\"es\"},{\"@type\":\"Organization\",\"@id\":\"https:\/\/moroccounlimitedreams.com\/es\/#organization\",\"name\":\"Morocco Unlimited Dreams\",\"url\":\"https:\/\/moroccounlimitedreams.com\/es\/\",\"logo\":{\"@type\":\"ImageObject\",\"inLanguage\":\"es\",\"@id\":\"https:\/\/moroccounlimitedreams.com\/es\/#\/schema\/logo\/image\/\",\"url\":\"https:\/\/moroccounlimitedreams.com\/es\/wp-content\/uploads\/2023\/12\/mrd.png\",\"contentUrl\":\"https:\/\/moroccounlimitedreams.com\/es\/wp-content\/uploads\/2023\/12\/mrd.png\",\"width\":242,\"height\":90,\"caption\":\"Morocco Unlimited Dreams\"},\"image\":{\"@id\":\"https:\/\/moroccounlimitedreams.com\/es\/#\/schema\/logo\/image\/\"}}]}<\/script>\n<!-- \/ Yoast SEO Premium plugin. -->","yoast_head_json":{"title":"Grand Tour - 7 d\u00edas Marrakech Fez v\u00eda Desierto","description":"Recorre los impresionantes paisajes de Marruecos en un Grand Tour - 7 d\u00edas Marrakech hasta Fez, pasando por el majestuoso...","robots":{"index":"index","follow":"follow","max-snippet":"max-snippet:-1","max-image-preview":"max-image-preview:large","max-video-preview":"max-video-preview:-1"},"canonical":"https:\/\/moroccounlimitedreams.com\/es\/grand-tour-7-dias-marrakech-fez-via-desierto\/","og_locale":"es_ES","og_type":"article","og_title":"Grand Tour - 7 d\u00edas Marrakech Fez v\u00eda Desierto","og_description":"Recorre los impresionantes paisajes de Marruecos en un Grand Tour - 7 d\u00edas Marrakech hasta Fez, pasando por el majestuoso...","og_url":"https:\/\/moroccounlimitedreams.com\/es\/grand-tour-7-dias-marrakech-fez-via-desierto\/","og_site_name":"Morocco Unlimited Dreams","article_modified_time":"2023-03-24T15:37:15+00:00","twitter_card":"summary_large_image","twitter_misc":{"Tiempo de lectura":"6 minutos"},"schema":{"@context":"https:\/\/schema.org","@graph":[{"@type":"WebPage","@id":"https:\/\/moroccounlimitedreams.com\/es\/grand-tour-7-dias-marrakech-fez-via-desierto\/","url":"https:\/\/moroccounlimitedreams.com\/es\/grand-tour-7-dias-marrakech-fez-via-desierto\/","name":"Grand Tour - 7 d\u00edas Marrakech Fez v\u00eda Desierto","isPartOf":{"@id":"https:\/\/moroccounlimitedreams.com\/es\/#website"},"datePublished":"2023-02-18T17:47:58+00:00","dateModified":"2023-03-24T15:37:15+00:00","description":"Recorre los impresionantes paisajes de Marruecos en un Grand Tour - 7 d\u00edas Marrakech hasta Fez, pasando por el majestuoso...","breadcrumb":{"@id":"https:\/\/moroccounlimitedreams.com\/es\/grand-tour-7-dias-marrakech-fez-via-desierto\/#breadcrumb"},"inLanguage":"es","potentialAction":[{"@type":"ReadAction","target":["https:\/\/moroccounlimitedreams.com\/es\/grand-tour-7-dias-marrakech-fez-via-desierto\/"]}]},{"@type":"BreadcrumbList","@id":"https:\/\/moroccounlimitedreams.com\/es\/grand-tour-7-dias-marrakech-fez-via-desierto\/#breadcrumb","itemListElement":[{"@type":"ListItem","position":1,"name":"Home","item":"https:\/\/moroccounlimitedreams.com\/es\/"},{"@type":"ListItem","position":2,"name":"Grand Tour &#8211; 7 d\u00edas Marrakech Fez v\u00eda Desierto"}]},{"@type":"WebSite","@id":"https:\/\/moroccounlimitedreams.com\/es\/#website","url":"https:\/\/moroccounlimitedreams.com\/es\/","name":"Morocco Unlimited Dreams","description":"Morocco Desert Tours - Tours &amp; Excursions in Morocco","publisher":{"@id":"https:\/\/moroccounlimitedreams.com\/es\/#organization"},"potentialAction":[{"@type":"SearchAction","target":{"@type":"EntryPoint","urlTemplate":"https:\/\/moroccounlimitedreams.com\/es\/?s={search_term_string}"},"query-input":{"@type":"PropertyValueSpecification","valueRequired":true,"valueName":"search_term_string"}}],"inLanguage":"es"},{"@type":"Organization","@id":"https:\/\/moroccounlimitedreams.com\/es\/#organization","name":"Morocco Unlimited Dreams","url":"https:\/\/moroccounlimitedreams.com\/es\/","logo":{"@type":"ImageObject","inLanguage":"es","@id":"https:\/\/moroccounlimitedreams.com\/es\/#\/schema\/logo\/image\/","url":"https:\/\/moroccounlimitedreams.com\/es\/wp-content\/uploads\/2023\/12\/mrd.png","contentUrl":"https:\/\/moroccounlimitedreams.com\/es\/wp-content\/uploads\/2023\/12\/mrd.png","width":242,"height":90,"caption":"Morocco Unlimited Dreams"},"image":{"@id":"https:\/\/moroccounlimitedreams.com\/es\/#\/schema\/logo\/image\/"}}]}},"_links":{"self":[{"href":"https:\/\/moroccounlimitedreams.com\/es\/wp-json\/wp\/v2\/pages\/2719","targetHints":{"allow":["GET"]}}],"collection":[{"href":"https:\/\/moroccounlimitedreams.com\/es\/wp-json\/wp\/v2\/pages"}],"about":[{"href":"https:\/\/moroccounlimitedreams.com\/es\/wp-json\/wp\/v2\/types\/page"}],"author":[{"embeddable":true,"href":"https:\/\/moroccounlimitedreams.com\/es\/wp-json\/wp\/v2\/users\/1"}],"replies":[{"embeddable":true,"href":"https:\/\/moroccounlimitedreams.com\/es\/wp-json\/wp\/v2\/comments?post=2719"}],"version-history":[{"count":8,"href":"https:\/\/moroccounlimitedreams.com\/es\/wp-json\/wp\/v2\/pages\/2719\/revisions"}],"predecessor-version":[{"id":3273,"href":"https:\/\/moroccounlimitedreams.com\/es\/wp-json\/wp\/v2\/pages\/2719\/revisions\/3273"}],"wp:attachment":[{"href":"https:\/\/moroccounlimitedreams.com\/es\/wp-json\/wp\/v2\/media?parent=2719"}],"curies":[{"name":"wp","href":"https:\/\/api.w.org\/{rel}","templated":true}]}}