{"id":2717,"date":"2023-02-18T17:47:22","date_gmt":"2023-02-18T17:47:22","guid":{"rendered":"https:\/\/moroccounlimitedreams.com\/?page_id=2717"},"modified":"2023-03-24T18:10:47","modified_gmt":"2023-03-24T18:10:47","slug":"viajes-al-desierto-4-dias-marrakech-merzouga","status":"publish","type":"page","link":"https:\/\/moroccounlimitedreams.com\/es\/viajes-al-desierto-4-dias-marrakech-merzouga\/","title":{"rendered":"Viajes al desierto &#8211; 4 d\u00edas Marrakech Merzouga"},"content":{"rendered":"<p>Este 4 d\u00edas desierto viajes Marrakech- Merzouga est\u00e1 bien adaptado para las personas que les gusta explorar el desierto de Marruecos. Este viaje al desierto le permite disfrutar de sus vacaciones en Marruecos. Este paquete de vacaciones en Marruecos le permite descubrir la forma de vida de los bereberes y n\u00f3madas. Te lleva al desierto de Merzouga y las dunas de Erg Chebbi. En esta tranquila zona de Marruecos viven familias bereberes y n\u00f3madas.<\/p>\n<p>Muchas actividades se organizan en el desierto de Merzouga como Camel Trekking, Sand-boarding y otros. Disfrute de su viaje a Marruecos.<\/p>\n<p>Seg\u00fan nuestra filosof\u00eda, vacaciones felices significa preparar todos los medios necesarios para que nuestros clientes puedan aprovechar al m\u00e1ximo su estancia.<\/p>\n<h3>Desierto viajes- 4 d\u00edas Marrakech- <a href=\"https:\/\/moroccounlimitedreams.com\/es\/3-dias-desde-marrakech-al-desierto-de-merzouga-y-fez\/\">Merzouga<\/a> Programa<\/h3>\n<h4>D\u00eda 1: Marrakech &#8211; Ait Ben Haddou &#8211; Ouarzazte- Boumalne Dades<\/h4>\n<p>Viajes al desierto &#8211; 4 d\u00edas Marrakech MerzougaSu conductor le recoger\u00e1 en su hotel, riad o aeropuerto de Marrakech. La primera etapa de sus vacaciones en Marruecos une Marrakech a Boumalne Dades. Tomamos la carretera en direcci\u00f3n a Ouarzazate. Pasamos por Ait Ben Haddou. Este pueblo es conocido por su famosa Kasbah Ait Ben Haddou que visitaremos. Este monumento hist\u00f3rico est\u00e1 clasificado como Patrimonio de la Humanidad por la UNESCO. Despu\u00e9s de la visita, haremos una parada para almorzar.<\/p>\n<p>A continuaci\u00f3n, continuaremos el camino en direcci\u00f3n a Ouarzazate el Hollywood de \u00c1frica. Esta perla en el sur de Marruecos, donde muchas pel\u00edculas famosas se realizaron como el Mumy, Gladiator, Cleopatre y muchos otros. Tambi\u00e9n es conocido por su palmeral y kasbahs como Kasbah Taourirt que visitaremos. Tarde continuamos el camino en direcci\u00f3n a Boumalne Dades en las Gargantas del Dades.<\/p>\n<p>Pasamos esta noche de nuestro Viaje al Desierto &#8211; 4 d\u00edas Marrakech-Merzouga en el hotel en Boumalne Dades.<\/p>\n<p>Cena y noche en el hotel.<\/p>\n<h4>D\u00eda 2 : Boumalne Ddades &#8211; Tinghir &#8211; Arfoud &#8211; Merzouga<\/h4>\n<p>Marruecos viajes al desiertoDespu\u00e9s del desayuno continuamos este 4 d\u00edas Marrakech-Merzouga de nuestros paquetes de viajes al desierto. Tomamos la carretera direcci\u00f3n al Desierto de Merzouga para llegar a las grandes dunas de Erg Chebbi. Pasaremos por Tinghir donde viv\u00edan los Juifs expulsados de Europa. Luego Tinjdad, un pueblo bereber para llegar a Arfoud. Haremos una parada para tomar un caf\u00e9.<\/p>\n<p>M\u00e1s tarde visitaremos una f\u00e1brica de f\u00f3siles y m\u00e1rmol fosilizado. Despu\u00e9s continuamos el camino hacia el desierto de Merzouga.<\/p>\n<p>Al llegar a Merzouga, os llevamos al hotel para pasar esta noche de nuestro viaje por el desierto.<\/p>\n<h4>D\u00eda 3 : Merzouga &#8211; Explorando la zona del desierto<\/h4>\n<p>Por la ma\u00f1ana despu\u00e9s del desayuno, comenzamos la actividad de este d\u00eda especial de nuestro viaje por el desierto. Comenzamos nuestra exploraci\u00f3n del desierto visitando bereber y pueblo n\u00f3mada. Porque es el mejor medio para tener una idea clara sobre su forma de vida. Despu\u00e9s de una taza de t\u00e9 y un peque\u00f1o espect\u00e1culo de m\u00fasica Gnawa con ellos, continuamos la exploraci\u00f3n del desierto. Luego hacemos una parada para almorzar.<\/p>\n<p>Desert trips- 4 days Marrakech MerzougaPor la tarde, tiempo libre para seguir explorando la zona o probar algunas actividades divertidas como sand-Boarding o Quad trekking. Al final de la tarde, paseo en camello para una incre\u00edble aventura en el desierto. Accedemos al coraz\u00f3n del desierto para pasar una noche inolvidable en un campamento en el desierto.<\/p>\n<p>En el camino, haremos una parada para que pueda ver la m\u00e1gica puesta de sol y tomar hermosas fotos. Despu\u00e9s continuaremos hasta el campamento en el desierto.<\/p>\n<p>Noche y cena en una tienda n\u00f3mada en el coraz\u00f3n de las dunas de Erg Chebbi.<\/p>\n<h4>D\u00eda 4 : Merzouga &#8211; Rissani -Alnif &#8211; Achbarou &#8211; Ouarzazate &#8211; Marrakech<\/h4>\n<p>Nos levantamos temprano por la ma\u00f1ana para ver el amanecer m\u00e1gico, luego tomamos el desayuno. Despu\u00e9s de eso, paseo en camello de vuelta a Merzouga. Continuamos nuestro viaje de 4 d\u00edas Marrakech-Merzgouga desierto. Tomamos la carretera en direcci\u00f3n a Marrakech. Pasaremos por Rissani, el origen de la dinast\u00eda Alaouite. Achbarou pueblo para llegar a Alnif. Luego Tinghir donde pararemos para tomar un caf\u00e9.<\/p>\n<p>private tours-desert trips-desert tourDespu\u00e9s de esta pausa, continuamos el camino hacia Ouarzazate donde pararemos para almorzar. Despu\u00e9s continuaremos el camino hacia Marrakech.<\/p>\n<p>A la llegada, le llevaremos al hotel, riad o aeropuerto de Marrakech.<\/p>\n<p>El final de nuestros servicios para este Desierto viajes- 4 d\u00edas Marrakech Merzouga<\/p>\n<p><strong>Qu\u00e9 est\u00e1 incluido :<\/strong><\/p>\n<ul>\n<li>Vehiculo 4X4 confortable con aire acondicionado<\/li>\n<li>Conductor de habla inglesa<\/li>\n<li>Noches en hotel y riad<\/li>\n<li>Desayunos diarios<\/li>\n<li>Cenas<\/li>\n<\/ul>\n<p><strong>Lo que no incluye :<\/strong><\/p>\n<ul>\n<li>Billete de avi\u00f3n<\/li>\n<li>Almuerzos<\/li>\n<li>Bebidas<\/li>\n<\/ul>\n\n<div class=\"wpcf7 no-js\" id=\"wpcf7-f2957-o1\" lang=\"en-US\" dir=\"ltr\" data-wpcf7-id=\"2957\">\n<div class=\"screen-reader-response\"><p role=\"status\" aria-live=\"polite\" aria-atomic=\"true\"><\/p> <ul><\/ul><\/div>\n<form action=\"\/es\/wp-json\/wp\/v2\/pages\/2717#wpcf7-f2957-o1\" method=\"post\" class=\"wpcf7-form init\" aria-label=\"Contact form\" novalidate=\"novalidate\" data-status=\"init\">\n<div style=\"display: none;\">\n<input type=\"hidden\" name=\"_wpcf7\" value=\"2957\" \/>\n<input type=\"hidden\" name=\"_wpcf7_version\" value=\"6.0\" \/>\n<input type=\"hidden\" name=\"_wpcf7_locale\" value=\"en_US\" \/>\n<input type=\"hidden\" name=\"_wpcf7_unit_tag\" value=\"wpcf7-f2957-o1\" \/>\n<input type=\"hidden\" name=\"_wpcf7_container_post\" value=\"0\" \/>\n<input type=\"hidden\" name=\"_wpcf7_posted_data_hash\" value=\"\" \/>\n<\/div>\n<p><label> Your name<br \/>\n<span class=\"wpcf7-form-control-wrap\" data-name=\"your-name\"><input size=\"40\" maxlength=\"400\" class=\"wpcf7-form-control wpcf7-text wpcf7-validates-as-required\" autocomplete=\"name\" aria-required=\"true\" aria-invalid=\"false\" value=\"\" type=\"text\" name=\"your-name\" \/><\/span> <\/label>\n<\/p>\n<p><label> Your email<br \/>\n<span class=\"wpcf7-form-control-wrap\" data-name=\"your-email\"><input size=\"40\" maxlength=\"400\" class=\"wpcf7-form-control wpcf7-email wpcf7-validates-as-required wpcf7-text wpcf7-validates-as-email\" autocomplete=\"email\" aria-required=\"true\" aria-invalid=\"false\" value=\"\" type=\"email\" name=\"your-email\" \/><\/span> <\/label>\n<\/p>\n<p><label> Subject<br \/>\n<span class=\"wpcf7-form-control-wrap\" data-name=\"your-subject\"><input size=\"40\" maxlength=\"400\" class=\"wpcf7-form-control wpcf7-text wpcf7-validates-as-required\" aria-required=\"true\" aria-invalid=\"false\" value=\"\" type=\"text\" name=\"your-subject\" \/><\/span> <\/label>\n<\/p>\n<p><label> Your message (optional)<br \/>\n<span class=\"wpcf7-form-control-wrap\" data-name=\"your-message\"><textarea cols=\"40\" rows=\"10\" maxlength=\"2000\" class=\"wpcf7-form-control wpcf7-textarea\" aria-invalid=\"false\" name=\"your-message\"><\/textarea><\/span> <\/label>\n<\/p>\n<p><input class=\"wpcf7-form-control wpcf7-submit has-spinner\" type=\"submit\" value=\"Send\" \/>\n<\/p><div class=\"wpcf7-response-output\" aria-hidden=\"true\"><\/div>\n<\/form>\n<\/div>\n\n","protected":false},"excerpt":{"rendered":"<p>Este 4 d\u00edas desierto viajes Marrakech- Merzouga est\u00e1 bien adaptado para las personas que les gusta explorar el desierto de Marruecos. Este viaje al desierto le permite disfrutar de sus vacaciones en Marruecos. Este paquete de vacaciones en Marruecos le permite descubrir la forma de vida de los bereberes y n\u00f3madas. Te lleva al desierto&#8230;<\/p>\n","protected":false},"author":1,"featured_media":0,"parent":0,"menu_order":0,"comment_status":"closed","ping_status":"closed","template":"","meta":{"_kadence_starter_templates_imported_post":false,"_kad_post_transparent":"default","_kad_post_title":"default","_kad_post_layout":"default","_kad_post_sidebar_id":"","_kad_post_content_style":"default","_kad_post_vertical_padding":"default","_kad_post_feature":"","_kad_post_feature_position":"","_kad_post_header":false,"_kad_post_footer":false,"footnotes":""},"class_list":["post-2717","page","type-page","status-publish","hentry"],"yoast_head":"<!-- This site is optimized with the Yoast SEO Premium plugin v19.0 (Yoast SEO v23.9) - https:\/\/yoast.com\/wordpress\/plugins\/seo\/ -->\n<title>Viajes al desierto - 4 d\u00edas Marrakech Merzouga<\/title>\n<meta name=\"description\" content=\"Vive una aventura inolvidable con nuestros Viajes al desierto de 4 d\u00edas desde Marrakech a Merzouga. Descubre la cultura y paisajes del...\" \/>\n<meta name=\"robots\" content=\"index, follow, max-snippet:-1, max-image-preview:large, max-video-preview:-1\" \/>\n<link rel=\"canonical\" href=\"https:\/\/moroccounlimitedreams.com\/es\/viajes-al-desierto-4-dias-marrakech-merzouga\/\" \/>\n<meta property=\"og:locale\" content=\"es_ES\" \/>\n<meta property=\"og:type\" content=\"article\" \/>\n<meta property=\"og:title\" content=\"Viajes al desierto - 4 d\u00edas Marrakech Merzouga\" \/>\n<meta property=\"og:description\" content=\"Vive una aventura inolvidable con nuestros Viajes al desierto de 4 d\u00edas desde Marrakech a Merzouga. Descubre la cultura y paisajes del...\" \/>\n<meta property=\"og:url\" content=\"https:\/\/moroccounlimitedreams.com\/es\/viajes-al-desierto-4-dias-marrakech-merzouga\/\" \/>\n<meta property=\"og:site_name\" content=\"Morocco Unlimited Dreams\" \/>\n<meta property=\"article:modified_time\" content=\"2023-03-24T18:10:47+00:00\" \/>\n<meta name=\"twitter:card\" content=\"summary_large_image\" \/>\n<meta name=\"twitter:label1\" content=\"Tiempo de lectura\" \/>\n\t<meta name=\"twitter:data1\" content=\"4 minutos\" \/>\n<script type=\"application\/ld+json\" class=\"yoast-schema-graph\">{\"@context\":\"https:\/\/schema.org\",\"@graph\":[{\"@type\":\"WebPage\",\"@id\":\"https:\/\/moroccounlimitedreams.com\/es\/viajes-al-desierto-4-dias-marrakech-merzouga\/\",\"url\":\"https:\/\/moroccounlimitedreams.com\/es\/viajes-al-desierto-4-dias-marrakech-merzouga\/\",\"name\":\"Viajes al desierto - 4 d\u00edas Marrakech Merzouga\",\"isPartOf\":{\"@id\":\"https:\/\/moroccounlimitedreams.com\/es\/#website\"},\"datePublished\":\"2023-02-18T17:47:22+00:00\",\"dateModified\":\"2023-03-24T18:10:47+00:00\",\"description\":\"Vive una aventura inolvidable con nuestros Viajes al desierto de 4 d\u00edas desde Marrakech a Merzouga. Descubre la cultura y paisajes del...\",\"breadcrumb\":{\"@id\":\"https:\/\/moroccounlimitedreams.com\/es\/viajes-al-desierto-4-dias-marrakech-merzouga\/#breadcrumb\"},\"inLanguage\":\"es\",\"potentialAction\":[{\"@type\":\"ReadAction\",\"target\":[\"https:\/\/moroccounlimitedreams.com\/es\/viajes-al-desierto-4-dias-marrakech-merzouga\/\"]}]},{\"@type\":\"BreadcrumbList\",\"@id\":\"https:\/\/moroccounlimitedreams.com\/es\/viajes-al-desierto-4-dias-marrakech-merzouga\/#breadcrumb\",\"itemListElement\":[{\"@type\":\"ListItem\",\"position\":1,\"name\":\"Home\",\"item\":\"https:\/\/moroccounlimitedreams.com\/es\/\"},{\"@type\":\"ListItem\",\"position\":2,\"name\":\"Viajes al desierto &#8211; 4 d\u00edas Marrakech Merzouga\"}]},{\"@type\":\"WebSite\",\"@id\":\"https:\/\/moroccounlimitedreams.com\/es\/#website\",\"url\":\"https:\/\/moroccounlimitedreams.com\/es\/\",\"name\":\"Morocco Unlimited Dreams\",\"description\":\"Morocco Desert Tours - Tours &amp; Excursions in Morocco\",\"publisher\":{\"@id\":\"https:\/\/moroccounlimitedreams.com\/es\/#organization\"},\"potentialAction\":[{\"@type\":\"SearchAction\",\"target\":{\"@type\":\"EntryPoint\",\"urlTemplate\":\"https:\/\/moroccounlimitedreams.com\/es\/?s={search_term_string}\"},\"query-input\":{\"@type\":\"PropertyValueSpecification\",\"valueRequired\":true,\"valueName\":\"search_term_string\"}}],\"inLanguage\":\"es\"},{\"@type\":\"Organization\",\"@id\":\"https:\/\/moroccounlimitedreams.com\/es\/#organization\",\"name\":\"Morocco Unlimited Dreams\",\"url\":\"https:\/\/moroccounlimitedreams.com\/es\/\",\"logo\":{\"@type\":\"ImageObject\",\"inLanguage\":\"es\",\"@id\":\"https:\/\/moroccounlimitedreams.com\/es\/#\/schema\/logo\/image\/\",\"url\":\"https:\/\/moroccounlimitedreams.com\/es\/wp-content\/uploads\/2023\/12\/mrd.png\",\"contentUrl\":\"https:\/\/moroccounlimitedreams.com\/es\/wp-content\/uploads\/2023\/12\/mrd.png\",\"width\":242,\"height\":90,\"caption\":\"Morocco Unlimited Dreams\"},\"image\":{\"@id\":\"https:\/\/moroccounlimitedreams.com\/es\/#\/schema\/logo\/image\/\"}}]}<\/script>\n<!-- \/ Yoast SEO Premium plugin. -->","yoast_head_json":{"title":"Viajes al desierto - 4 d\u00edas Marrakech Merzouga","description":"Vive una aventura inolvidable con nuestros Viajes al desierto de 4 d\u00edas desde Marrakech a Merzouga. Descubre la cultura y paisajes del...","robots":{"index":"index","follow":"follow","max-snippet":"max-snippet:-1","max-image-preview":"max-image-preview:large","max-video-preview":"max-video-preview:-1"},"canonical":"https:\/\/moroccounlimitedreams.com\/es\/viajes-al-desierto-4-dias-marrakech-merzouga\/","og_locale":"es_ES","og_type":"article","og_title":"Viajes al desierto - 4 d\u00edas Marrakech Merzouga","og_description":"Vive una aventura inolvidable con nuestros Viajes al desierto de 4 d\u00edas desde Marrakech a Merzouga. Descubre la cultura y paisajes del...","og_url":"https:\/\/moroccounlimitedreams.com\/es\/viajes-al-desierto-4-dias-marrakech-merzouga\/","og_site_name":"Morocco Unlimited Dreams","article_modified_time":"2023-03-24T18:10:47+00:00","twitter_card":"summary_large_image","twitter_misc":{"Tiempo de lectura":"4 minutos"},"schema":{"@context":"https:\/\/schema.org","@graph":[{"@type":"WebPage","@id":"https:\/\/moroccounlimitedreams.com\/es\/viajes-al-desierto-4-dias-marrakech-merzouga\/","url":"https:\/\/moroccounlimitedreams.com\/es\/viajes-al-desierto-4-dias-marrakech-merzouga\/","name":"Viajes al desierto - 4 d\u00edas Marrakech Merzouga","isPartOf":{"@id":"https:\/\/moroccounlimitedreams.com\/es\/#website"},"datePublished":"2023-02-18T17:47:22+00:00","dateModified":"2023-03-24T18:10:47+00:00","description":"Vive una aventura inolvidable con nuestros Viajes al desierto de 4 d\u00edas desde Marrakech a Merzouga. Descubre la cultura y paisajes del...","breadcrumb":{"@id":"https:\/\/moroccounlimitedreams.com\/es\/viajes-al-desierto-4-dias-marrakech-merzouga\/#breadcrumb"},"inLanguage":"es","potentialAction":[{"@type":"ReadAction","target":["https:\/\/moroccounlimitedreams.com\/es\/viajes-al-desierto-4-dias-marrakech-merzouga\/"]}]},{"@type":"BreadcrumbList","@id":"https:\/\/moroccounlimitedreams.com\/es\/viajes-al-desierto-4-dias-marrakech-merzouga\/#breadcrumb","itemListElement":[{"@type":"ListItem","position":1,"name":"Home","item":"https:\/\/moroccounlimitedreams.com\/es\/"},{"@type":"ListItem","position":2,"name":"Viajes al desierto &#8211; 4 d\u00edas Marrakech Merzouga"}]},{"@type":"WebSite","@id":"https:\/\/moroccounlimitedreams.com\/es\/#website","url":"https:\/\/moroccounlimitedreams.com\/es\/","name":"Morocco Unlimited Dreams","description":"Morocco Desert Tours - Tours &amp; Excursions in Morocco","publisher":{"@id":"https:\/\/moroccounlimitedreams.com\/es\/#organization"},"potentialAction":[{"@type":"SearchAction","target":{"@type":"EntryPoint","urlTemplate":"https:\/\/moroccounlimitedreams.com\/es\/?s={search_term_string}"},"query-input":{"@type":"PropertyValueSpecification","valueRequired":true,"valueName":"search_term_string"}}],"inLanguage":"es"},{"@type":"Organization","@id":"https:\/\/moroccounlimitedreams.com\/es\/#organization","name":"Morocco Unlimited Dreams","url":"https:\/\/moroccounlimitedreams.com\/es\/","logo":{"@type":"ImageObject","inLanguage":"es","@id":"https:\/\/moroccounlimitedreams.com\/es\/#\/schema\/logo\/image\/","url":"https:\/\/moroccounlimitedreams.com\/es\/wp-content\/uploads\/2023\/12\/mrd.png","contentUrl":"https:\/\/moroccounlimitedreams.com\/es\/wp-content\/uploads\/2023\/12\/mrd.png","width":242,"height":90,"caption":"Morocco Unlimited Dreams"},"image":{"@id":"https:\/\/moroccounlimitedreams.com\/es\/#\/schema\/logo\/image\/"}}]}},"_links":{"self":[{"href":"https:\/\/moroccounlimitedreams.com\/es\/wp-json\/wp\/v2\/pages\/2717","targetHints":{"allow":["GET"]}}],"collection":[{"href":"https:\/\/moroccounlimitedreams.com\/es\/wp-json\/wp\/v2\/pages"}],"about":[{"href":"https:\/\/moroccounlimitedreams.com\/es\/wp-json\/wp\/v2\/types\/page"}],"author":[{"embeddable":true,"href":"https:\/\/moroccounlimitedreams.com\/es\/wp-json\/wp\/v2\/users\/1"}],"replies":[{"embeddable":true,"href":"https:\/\/moroccounlimitedreams.com\/es\/wp-json\/wp\/v2\/comments?post=2717"}],"version-history":[{"count":6,"href":"https:\/\/moroccounlimitedreams.com\/es\/wp-json\/wp\/v2\/pages\/2717\/revisions"}],"predecessor-version":[{"id":3284,"href":"https:\/\/moroccounlimitedreams.com\/es\/wp-json\/wp\/v2\/pages\/2717\/revisions\/3284"}],"wp:attachment":[{"href":"https:\/\/moroccounlimitedreams.com\/es\/wp-json\/wp\/v2\/media?parent=2717"}],"curies":[{"name":"wp","href":"https:\/\/api.w.org\/{rel}","templated":true}]}}