{"id":2715,"date":"2023-02-18T17:46:42","date_gmt":"2023-02-18T17:46:42","guid":{"rendered":"https:\/\/moroccounlimitedreams.com\/?page_id=2715"},"modified":"2023-03-24T14:38:01","modified_gmt":"2023-03-24T14:38:01","slug":"desde-marrakech-al-desierto-del-sahara-4-dias-a-chegaga","status":"publish","type":"page","link":"https:\/\/moroccounlimitedreams.com\/es\/desde-marrakech-al-desierto-del-sahara-4-dias-a-chegaga\/","title":{"rendered":"Desde Marrakech al desierto del S\u00e1hara &#8211; 4 d\u00edas a Chegaga"},"content":{"rendered":"<p>4 D\u00edas a Chegaga -Marrakech al desierto del Sahara es uno de nuestros Desert Tours desde Marrakech. Este viaje es una muy buena opci\u00f3n para una estancia corta en Marruecos. Le permite explorar una parte muy hermosa del desierto de Marruecos. Si usted es una familia o un grupo de amigos estamos aqu\u00ed para preparar todos los medios necesarios para su estancia. Por esta raz\u00f3n, ponemos a su disposici\u00f3n un veh\u00edculo 4X4 muy confortable, conductor de habla Ingl\u00e9s para responder a sus preguntas y necesidades.<\/p>\n<h3>Marrakech al desierto del sahara -4 D\u00edas al programa de Chegaga :<\/h3>\n<h4>D\u00eda 1 : MARRAKECH &#8211; OUARZAZATE &#8211; ZAGORA<\/h4>\n<p>Este tour por el desierto desde Marrakech comienza por la ma\u00f1ana. Su conductor le recoger\u00e1 en su hotel, riad o aeropuerto de Marrakech. A continuaci\u00f3n, salida de Marrakech, serpenteando a trav\u00e9s de las monta\u00f1as del Atlas por el paso de Tichka, donde las vistas son bastante espl\u00e9ndidas. Haremos algunas paradas para disfrutar del paisaje y tomar fotograf\u00edas.<\/p>\n<p>Llegamos a Ouarzazate para almorzar antes de continuar hacia Zagora cruzando el r\u00edo Draa que ha dado vida a un inmenso oasis que se extiende a lo largo de unos 200 Km al pie de las monta\u00f1as del anti Atlas. A lo largo del camino, varias palmeras dar\u00e1n sombra entre Kasbahs y pueblos fortificados salpicados de campos de ma\u00edz, cebada, hortalizas y plantaciones de henna.<br \/>\nCena y alojamiento en su hotel de Zagora.<\/p>\n<p>Noche y cena en el hotel o Riad seg\u00fan su preferencia.<\/p>\n<h4>D\u00eda 2 : ZAGORA &#8211; MHAMID &#8211; ERG CHEGAGA<\/h4>\n<p>De Marrakech al desierto del Sahara Despu\u00e9s del desayuno, comenzamos la actividad de este d\u00eda de nuestro viaje de Marrakech al desierto del Sahara. Nos dirigimos a M&#8217;hamid (donde termina la carretera asfaltada) pasando por el pueblo de Tamagroute donde tendremos la oportunidad de visitar una de las bibliotecas cor\u00e1nicas m\u00e1s antiguas de Marruecos, luego la kasbah subterr\u00e1nea y la f\u00e1brica de cer\u00e1mica.<br \/>\nAlmuerzo libre en M&#8217;hamid. A primera hora de la tarde, partiremos hacia las dunas de Erg Chigaga atravesando diferentes caracter\u00edsticas del desierto; &#8216;Erg&#8217;, &#8216;Reg&#8217;, &#8216;Hammada&#8217;, oasis. Las dunas de Erg Chigaga est\u00e1n lejos de la civilizaci\u00f3n y el silencio de la arena es sobrecogedor.<br \/>\nCabalgue en dromedario por las dunas y disfrute de una de las puestas de sol m\u00e1s espectaculares sobre las arenas de colores cambiantes, practique sandboard, cene bajo las estrellas junto a la hoguera, junto a los n\u00f3madas locales tocando m\u00fasica local.<br \/>\nNoche en su campamento de lujo en el desierto del Sahara.<\/p>\n<h4>D\u00eda 3 : ERG CHIGAGA &#8211; FOUM ZGUID &#8211; OUARZAZATE<\/h4>\n<p>Nos levantamos temprano por la ma\u00f1ana para comenzar la actividad de este d\u00eda de Marrakech al desierto del Sahara -4 D\u00edas a Chegaga tour. Despu\u00e9s del desayuno, el camino nos lleva a trav\u00e9s de otros 90 km del desierto con paisajes variados: primero cruzamos el lago Iriqui, las monta\u00f1as y los f\u00f3siles siguiendo la antigua pista del \u00abRally Paris Dakar\u00bb a Foum Zguid el primer pueblo despu\u00e9s del desierto, y donde comienza la carretera asfaltada.<\/p>\n<p>viaje a Marruecos- Explorar el desierto del sahara de MarruecosDespu\u00e9s del almuerzo, continuamos hacia el pueblo bereber de Taznakht, famoso por sus alfombras y tapices bereberes.<br \/>\nLlegaremos a Ouarzazate a \u00faltima hora de la tarde. Cena y alojamiento en su hotel en Ouarzazate.<\/p>\n<h4>D\u00eda 4 : KASBAH AIT BEN HADOU &#8211; <a href=\"https:\/\/moroccounlimitedreams.com\/marrakech-to-ouzoud-waterfalls-day-trips\/\">MARRAKECH<\/a><\/h4>\n<p>Marrakech al desierto del Sahara -4 D\u00edas a Chegaga -morocco desert tripsDespu\u00e9s del desayuno, podemos disfrutar de una visita al sitio del patrimonio mundial de Kasah Ait Ben Hadou, utilizado anteriormente como un conjunto de m\u00e1s de 20 \u00e9xitos de taquilla de Hollywood, incluyendo \u00abGladiator\u00bb \u00abIndiana Jones\u00bb y \u00abLawrence de Arabia\u00bb. Disfrute de un paseo para explorar el estilo arquitect\u00f3nico tradicional marroqu\u00ed con el que est\u00e1n construidas las Kasbahs.<br \/>\nContinuaremos nuestro camino hacia Marrakech a trav\u00e9s de las monta\u00f1as del Alto Atlas y el paso de Tizi n&#8217;Tichka. Dependiendo del tiempo, el almuerzo puede servirse en Ait Ben Hadou o en las monta\u00f1as del Atlas de camino a Marrakech.<br \/>\nLlegada a Marrakech<br \/>\nSu Marrakech a Erg Chigaga 4 d\u00edas desierto tour terminar\u00e1 con una ca\u00edda en su hotel de Marrakech \/ Riad, o una ubicaci\u00f3n de su elecci\u00f3n.<\/p>\n<p><strong>Qu\u00e9 est\u00e1 incluido :<\/strong><\/p>\n<ul>\n<li>Confortable veh\u00edculo 4X4 con aire acondicionado<\/li>\n<li>Conductor de habla inglesa<\/li>\n<li>Noches en hotel y riad<\/li>\n<li>Desayunos diarios<\/li>\n<li>Cenas<\/li>\n<\/ul>\n<p><strong>Lo que no incluye :<\/strong><\/p>\n<ul>\n<li>Billete de avi\u00f3n<\/li>\n<li>Almuerzos<\/li>\n<li>Bebidas<\/li>\n<\/ul>\n\n<div class=\"wpcf7 no-js\" id=\"wpcf7-f2957-o1\" lang=\"en-US\" dir=\"ltr\" data-wpcf7-id=\"2957\">\n<div class=\"screen-reader-response\"><p role=\"status\" aria-live=\"polite\" aria-atomic=\"true\"><\/p> <ul><\/ul><\/div>\n<form action=\"\/es\/wp-json\/wp\/v2\/pages\/2715#wpcf7-f2957-o1\" method=\"post\" class=\"wpcf7-form init\" aria-label=\"Contact form\" novalidate=\"novalidate\" data-status=\"init\">\n<div style=\"display: none;\">\n<input type=\"hidden\" name=\"_wpcf7\" value=\"2957\" \/>\n<input type=\"hidden\" name=\"_wpcf7_version\" value=\"6.0\" \/>\n<input type=\"hidden\" name=\"_wpcf7_locale\" value=\"en_US\" \/>\n<input type=\"hidden\" name=\"_wpcf7_unit_tag\" value=\"wpcf7-f2957-o1\" \/>\n<input type=\"hidden\" name=\"_wpcf7_container_post\" value=\"0\" \/>\n<input type=\"hidden\" name=\"_wpcf7_posted_data_hash\" value=\"\" \/>\n<\/div>\n<p><label> Your name<br \/>\n<span class=\"wpcf7-form-control-wrap\" data-name=\"your-name\"><input size=\"40\" maxlength=\"400\" class=\"wpcf7-form-control wpcf7-text wpcf7-validates-as-required\" autocomplete=\"name\" aria-required=\"true\" aria-invalid=\"false\" value=\"\" type=\"text\" name=\"your-name\" \/><\/span> <\/label>\n<\/p>\n<p><label> Your email<br \/>\n<span class=\"wpcf7-form-control-wrap\" data-name=\"your-email\"><input size=\"40\" maxlength=\"400\" class=\"wpcf7-form-control wpcf7-email wpcf7-validates-as-required wpcf7-text wpcf7-validates-as-email\" autocomplete=\"email\" aria-required=\"true\" aria-invalid=\"false\" value=\"\" type=\"email\" name=\"your-email\" \/><\/span> <\/label>\n<\/p>\n<p><label> Subject<br \/>\n<span class=\"wpcf7-form-control-wrap\" data-name=\"your-subject\"><input size=\"40\" maxlength=\"400\" class=\"wpcf7-form-control wpcf7-text wpcf7-validates-as-required\" aria-required=\"true\" aria-invalid=\"false\" value=\"\" type=\"text\" name=\"your-subject\" \/><\/span> <\/label>\n<\/p>\n<p><label> Your message (optional)<br \/>\n<span class=\"wpcf7-form-control-wrap\" data-name=\"your-message\"><textarea cols=\"40\" rows=\"10\" maxlength=\"2000\" class=\"wpcf7-form-control wpcf7-textarea\" aria-invalid=\"false\" name=\"your-message\"><\/textarea><\/span> <\/label>\n<\/p>\n<p><input class=\"wpcf7-form-control wpcf7-submit has-spinner\" type=\"submit\" value=\"Send\" \/>\n<\/p><div class=\"wpcf7-response-output\" aria-hidden=\"true\"><\/div>\n<\/form>\n<\/div>\n\n","protected":false},"excerpt":{"rendered":"<p>4 D\u00edas a Chegaga -Marrakech al desierto del Sahara es uno de nuestros Desert Tours desde Marrakech. Este viaje es una muy buena opci\u00f3n para una estancia corta en Marruecos. Le permite explorar una parte muy hermosa del desierto de Marruecos. Si usted es una familia o un grupo de amigos estamos aqu\u00ed para preparar&#8230;<\/p>\n","protected":false},"author":1,"featured_media":0,"parent":0,"menu_order":0,"comment_status":"closed","ping_status":"closed","template":"","meta":{"_kadence_starter_templates_imported_post":false,"_kad_post_transparent":"default","_kad_post_title":"default","_kad_post_layout":"default","_kad_post_sidebar_id":"","_kad_post_content_style":"default","_kad_post_vertical_padding":"default","_kad_post_feature":"","_kad_post_feature_position":"","_kad_post_header":false,"_kad_post_footer":false,"footnotes":""},"class_list":["post-2715","page","type-page","status-publish","hentry"],"yoast_head":"<!-- This site is optimized with the Yoast SEO Premium plugin v19.0 (Yoast SEO v23.9) - https:\/\/yoast.com\/wordpress\/plugins\/seo\/ -->\n<title>Desde Marrakech al desierto del S\u00e1hara - 4 d\u00edas a Chegaga<\/title>\n<meta name=\"description\" content=\"Descubre Marruecos con nuestro tour de 4 d\u00edas desde Marrakech al desierto del S\u00e1hara en Chegaga. Disfruta de la experiencia del desierto...\" \/>\n<meta name=\"robots\" content=\"index, follow, max-snippet:-1, max-image-preview:large, max-video-preview:-1\" \/>\n<link rel=\"canonical\" href=\"https:\/\/moroccounlimitedreams.com\/es\/desde-marrakech-al-desierto-del-sahara-4-dias-a-chegaga\/\" \/>\n<meta property=\"og:locale\" content=\"es_ES\" \/>\n<meta property=\"og:type\" content=\"article\" \/>\n<meta property=\"og:title\" content=\"Desde Marrakech al desierto del S\u00e1hara - 4 d\u00edas a Chegaga\" \/>\n<meta property=\"og:description\" content=\"Descubre Marruecos con nuestro tour de 4 d\u00edas desde Marrakech al desierto del S\u00e1hara en Chegaga. Disfruta de la experiencia del desierto...\" \/>\n<meta property=\"og:url\" content=\"https:\/\/moroccounlimitedreams.com\/es\/desde-marrakech-al-desierto-del-sahara-4-dias-a-chegaga\/\" \/>\n<meta property=\"og:site_name\" content=\"Morocco Unlimited Dreams\" \/>\n<meta property=\"article:modified_time\" content=\"2023-03-24T14:38:01+00:00\" \/>\n<meta name=\"twitter:card\" content=\"summary_large_image\" \/>\n<meta name=\"twitter:label1\" content=\"Tiempo de lectura\" \/>\n\t<meta name=\"twitter:data1\" content=\"4 minutos\" \/>\n<script type=\"application\/ld+json\" class=\"yoast-schema-graph\">{\"@context\":\"https:\/\/schema.org\",\"@graph\":[{\"@type\":\"WebPage\",\"@id\":\"https:\/\/moroccounlimitedreams.com\/es\/desde-marrakech-al-desierto-del-sahara-4-dias-a-chegaga\/\",\"url\":\"https:\/\/moroccounlimitedreams.com\/es\/desde-marrakech-al-desierto-del-sahara-4-dias-a-chegaga\/\",\"name\":\"Desde Marrakech al desierto del S\u00e1hara - 4 d\u00edas a Chegaga\",\"isPartOf\":{\"@id\":\"https:\/\/moroccounlimitedreams.com\/es\/#website\"},\"datePublished\":\"2023-02-18T17:46:42+00:00\",\"dateModified\":\"2023-03-24T14:38:01+00:00\",\"description\":\"Descubre Marruecos con nuestro tour de 4 d\u00edas desde Marrakech al desierto del S\u00e1hara en Chegaga. Disfruta de la experiencia del desierto...\",\"breadcrumb\":{\"@id\":\"https:\/\/moroccounlimitedreams.com\/es\/desde-marrakech-al-desierto-del-sahara-4-dias-a-chegaga\/#breadcrumb\"},\"inLanguage\":\"es\",\"potentialAction\":[{\"@type\":\"ReadAction\",\"target\":[\"https:\/\/moroccounlimitedreams.com\/es\/desde-marrakech-al-desierto-del-sahara-4-dias-a-chegaga\/\"]}]},{\"@type\":\"BreadcrumbList\",\"@id\":\"https:\/\/moroccounlimitedreams.com\/es\/desde-marrakech-al-desierto-del-sahara-4-dias-a-chegaga\/#breadcrumb\",\"itemListElement\":[{\"@type\":\"ListItem\",\"position\":1,\"name\":\"Home\",\"item\":\"https:\/\/moroccounlimitedreams.com\/es\/\"},{\"@type\":\"ListItem\",\"position\":2,\"name\":\"Desde Marrakech al desierto del S\u00e1hara &#8211; 4 d\u00edas a Chegaga\"}]},{\"@type\":\"WebSite\",\"@id\":\"https:\/\/moroccounlimitedreams.com\/es\/#website\",\"url\":\"https:\/\/moroccounlimitedreams.com\/es\/\",\"name\":\"Morocco Unlimited Dreams\",\"description\":\"Morocco Desert Tours - Tours &amp; Excursions in Morocco\",\"publisher\":{\"@id\":\"https:\/\/moroccounlimitedreams.com\/es\/#organization\"},\"potentialAction\":[{\"@type\":\"SearchAction\",\"target\":{\"@type\":\"EntryPoint\",\"urlTemplate\":\"https:\/\/moroccounlimitedreams.com\/es\/?s={search_term_string}\"},\"query-input\":{\"@type\":\"PropertyValueSpecification\",\"valueRequired\":true,\"valueName\":\"search_term_string\"}}],\"inLanguage\":\"es\"},{\"@type\":\"Organization\",\"@id\":\"https:\/\/moroccounlimitedreams.com\/es\/#organization\",\"name\":\"Morocco Unlimited Dreams\",\"url\":\"https:\/\/moroccounlimitedreams.com\/es\/\",\"logo\":{\"@type\":\"ImageObject\",\"inLanguage\":\"es\",\"@id\":\"https:\/\/moroccounlimitedreams.com\/es\/#\/schema\/logo\/image\/\",\"url\":\"https:\/\/moroccounlimitedreams.com\/es\/wp-content\/uploads\/2023\/12\/mrd.png\",\"contentUrl\":\"https:\/\/moroccounlimitedreams.com\/es\/wp-content\/uploads\/2023\/12\/mrd.png\",\"width\":242,\"height\":90,\"caption\":\"Morocco Unlimited Dreams\"},\"image\":{\"@id\":\"https:\/\/moroccounlimitedreams.com\/es\/#\/schema\/logo\/image\/\"}}]}<\/script>\n<!-- \/ Yoast SEO Premium plugin. -->","yoast_head_json":{"title":"Desde Marrakech al desierto del S\u00e1hara - 4 d\u00edas a Chegaga","description":"Descubre Marruecos con nuestro tour de 4 d\u00edas desde Marrakech al desierto del S\u00e1hara en Chegaga. Disfruta de la experiencia del desierto...","robots":{"index":"index","follow":"follow","max-snippet":"max-snippet:-1","max-image-preview":"max-image-preview:large","max-video-preview":"max-video-preview:-1"},"canonical":"https:\/\/moroccounlimitedreams.com\/es\/desde-marrakech-al-desierto-del-sahara-4-dias-a-chegaga\/","og_locale":"es_ES","og_type":"article","og_title":"Desde Marrakech al desierto del S\u00e1hara - 4 d\u00edas a Chegaga","og_description":"Descubre Marruecos con nuestro tour de 4 d\u00edas desde Marrakech al desierto del S\u00e1hara en Chegaga. Disfruta de la experiencia del desierto...","og_url":"https:\/\/moroccounlimitedreams.com\/es\/desde-marrakech-al-desierto-del-sahara-4-dias-a-chegaga\/","og_site_name":"Morocco Unlimited Dreams","article_modified_time":"2023-03-24T14:38:01+00:00","twitter_card":"summary_large_image","twitter_misc":{"Tiempo de lectura":"4 minutos"},"schema":{"@context":"https:\/\/schema.org","@graph":[{"@type":"WebPage","@id":"https:\/\/moroccounlimitedreams.com\/es\/desde-marrakech-al-desierto-del-sahara-4-dias-a-chegaga\/","url":"https:\/\/moroccounlimitedreams.com\/es\/desde-marrakech-al-desierto-del-sahara-4-dias-a-chegaga\/","name":"Desde Marrakech al desierto del S\u00e1hara - 4 d\u00edas a Chegaga","isPartOf":{"@id":"https:\/\/moroccounlimitedreams.com\/es\/#website"},"datePublished":"2023-02-18T17:46:42+00:00","dateModified":"2023-03-24T14:38:01+00:00","description":"Descubre Marruecos con nuestro tour de 4 d\u00edas desde Marrakech al desierto del S\u00e1hara en Chegaga. Disfruta de la experiencia del desierto...","breadcrumb":{"@id":"https:\/\/moroccounlimitedreams.com\/es\/desde-marrakech-al-desierto-del-sahara-4-dias-a-chegaga\/#breadcrumb"},"inLanguage":"es","potentialAction":[{"@type":"ReadAction","target":["https:\/\/moroccounlimitedreams.com\/es\/desde-marrakech-al-desierto-del-sahara-4-dias-a-chegaga\/"]}]},{"@type":"BreadcrumbList","@id":"https:\/\/moroccounlimitedreams.com\/es\/desde-marrakech-al-desierto-del-sahara-4-dias-a-chegaga\/#breadcrumb","itemListElement":[{"@type":"ListItem","position":1,"name":"Home","item":"https:\/\/moroccounlimitedreams.com\/es\/"},{"@type":"ListItem","position":2,"name":"Desde Marrakech al desierto del S\u00e1hara &#8211; 4 d\u00edas a Chegaga"}]},{"@type":"WebSite","@id":"https:\/\/moroccounlimitedreams.com\/es\/#website","url":"https:\/\/moroccounlimitedreams.com\/es\/","name":"Morocco Unlimited Dreams","description":"Morocco Desert Tours - Tours &amp; Excursions in Morocco","publisher":{"@id":"https:\/\/moroccounlimitedreams.com\/es\/#organization"},"potentialAction":[{"@type":"SearchAction","target":{"@type":"EntryPoint","urlTemplate":"https:\/\/moroccounlimitedreams.com\/es\/?s={search_term_string}"},"query-input":{"@type":"PropertyValueSpecification","valueRequired":true,"valueName":"search_term_string"}}],"inLanguage":"es"},{"@type":"Organization","@id":"https:\/\/moroccounlimitedreams.com\/es\/#organization","name":"Morocco Unlimited Dreams","url":"https:\/\/moroccounlimitedreams.com\/es\/","logo":{"@type":"ImageObject","inLanguage":"es","@id":"https:\/\/moroccounlimitedreams.com\/es\/#\/schema\/logo\/image\/","url":"https:\/\/moroccounlimitedreams.com\/es\/wp-content\/uploads\/2023\/12\/mrd.png","contentUrl":"https:\/\/moroccounlimitedreams.com\/es\/wp-content\/uploads\/2023\/12\/mrd.png","width":242,"height":90,"caption":"Morocco Unlimited Dreams"},"image":{"@id":"https:\/\/moroccounlimitedreams.com\/es\/#\/schema\/logo\/image\/"}}]}},"_links":{"self":[{"href":"https:\/\/moroccounlimitedreams.com\/es\/wp-json\/wp\/v2\/pages\/2715","targetHints":{"allow":["GET"]}}],"collection":[{"href":"https:\/\/moroccounlimitedreams.com\/es\/wp-json\/wp\/v2\/pages"}],"about":[{"href":"https:\/\/moroccounlimitedreams.com\/es\/wp-json\/wp\/v2\/types\/page"}],"author":[{"embeddable":true,"href":"https:\/\/moroccounlimitedreams.com\/es\/wp-json\/wp\/v2\/users\/1"}],"replies":[{"embeddable":true,"href":"https:\/\/moroccounlimitedreams.com\/es\/wp-json\/wp\/v2\/comments?post=2715"}],"version-history":[{"count":7,"href":"https:\/\/moroccounlimitedreams.com\/es\/wp-json\/wp\/v2\/pages\/2715\/revisions"}],"predecessor-version":[{"id":3264,"href":"https:\/\/moroccounlimitedreams.com\/es\/wp-json\/wp\/v2\/pages\/2715\/revisions\/3264"}],"wp:attachment":[{"href":"https:\/\/moroccounlimitedreams.com\/es\/wp-json\/wp\/v2\/media?parent=2715"}],"curies":[{"name":"wp","href":"https:\/\/api.w.org\/{rel}","templated":true}]}}