{"id":2713,"date":"2023-02-18T17:45:33","date_gmt":"2023-02-18T17:45:33","guid":{"rendered":"https:\/\/moroccounlimitedreams.com\/?page_id=2713"},"modified":"2023-03-24T16:18:10","modified_gmt":"2023-03-24T16:18:10","slug":"marrakech-desierto-tours-2-dias-a-zagora","status":"publish","type":"page","link":"https:\/\/moroccounlimitedreams.com\/es\/marrakech-desierto-tours-2-dias-a-zagora\/","title":{"rendered":"Marrakech desierto tours 2 d\u00edas a Zagora"},"content":{"rendered":"<p>La excursi\u00f3n de 2 d\u00edas al desierto de Marrakech es una <a href=\"https:\/\/moroccounlimitedreams.com\/es\/excursion-de-un-dia-al-valle-de-ourika-desde-marrakech\/\">excursi\u00f3n<\/a> bien adaptada para su viaje corto a Marruecos. Este viaje del desierto de Marrakech a Zagora le permite descubrir la belleza del desierto de Marruecos. Por este viaje Marrakech al desierto se llega a la calma y la dulzura del desierto. Tambi\u00e9n le permite tener una idea sobre la forma de vida de los n\u00f3madas y bereberes. Vive una noche m\u00e1gica e inolvidable en un campamento en el desierto.<\/p>\n<h3>Marrakech desierto tours 2 d\u00edas a Mhamid- Viaje a Marruecos programa :<\/h3>\n<h4>D\u00eda 1 : Marrakech &#8211; Zagora<\/h4>\n<p>Marrakech desierto tours de 2 d\u00edas a Mhamid- Viaje a MarruecosSu conductor le recoger\u00e1 por la ma\u00f1ana en su hotel, riad o aeropuerto de Marrakech. Entonces comenzamos este viaje de Marrakech desierto tours. Tomamos la carretera direcci\u00f3n al desierto de Zagora. Atravesamos las altas monta\u00f1as del atlas por el puerto de Tizi-Ntichka. Incre\u00edbles paisajes que nos ofrece el camino. Por esta raz\u00f3n haremos paradas para que pueda tomar hermosas fotos. Pasaremos por Ait Ben Haddou conocida por su famosa kasbah Ait Ben Haddou. Este monumento hist\u00f3rico est\u00e1 clasificado como Patrimonio de la Humanidad por la UNESCO. Tambi\u00e9n esta Kasbah es un sitio de cine donde se realizaron muchas pel\u00edculas famosas como Gladiator, el Mumy, Cleopatre y muchos otros.<\/p>\n<p>Despu\u00e9s de visitar la Kasbah y una pausa para el caf\u00e9, continuamos la carretera Direcci\u00f3n a Ouarzazate. Esta perla del sur de Marruecos es conocida como el Hollywood de \u00c1frica gracias a sus estudios de cine (la visita es opcional). Aparte de ser un sitio de cine, Ouarzazate es conocido tambi\u00e9n por su kasbah Taourirt y su palmeral.<\/p>\n<p>Al llegar a Ouarzazate, haremos una parada para almorzar. Despu\u00e9s de esta pausa continuaremos el camino. Pasaremos por Tarmigte, Ait Saoun para llegar a Agdez. Luego continuamos hacia Tamnougal, Timedert, y Tinzoulin para llegar a Zagora. A la llegada, dejamos el 4X4 y tomamos dromedarios. a camello para acceder al Campamento del Desierto en el Coraz\u00f3n del Desierto de Zagora. En el camino haremos una parada para ver la m\u00e1gica puesta de sol. Luego continuamos hasta el campamento para disfrutar de esta noche de su viaje a Marruecos.<\/p>\n<p>Pasaremos esta noche en una tienda n\u00f3mada. Cena en el Campamento del desierto.<\/p>\n<h4>D\u00eda 2 : Zagora &#8211; Marrakech<\/h4>\n<p>Marrakech a Mhamid desierto de vacaciones en MarruecosNos levantamos temprano por la ma\u00f1ana para ver la puesta de sol luego tomamos el desayuno. Despu\u00e9s de que continuamos nuestro desierto Marrakech tours &#8211; 2 D\u00edas a Zagora. Tomamos el camino de regreso a la ciudad roja de Marrakech. Disfrutamos de este d\u00eda de nuestro Marrakech Desert Tour. Hermosos paisajes a lo largo del camino. Simplemente un verdadero placer para los ojos. En el camino haremos muchas paradas para que pueda tomar hermosas fotos para el recuerdo. Y muchos pueblos bereberes que reflejan la belleza de esta tierra. Pararemos para almorzar en Ouarzazate.<\/p>\n<p>Despu\u00e9s continuaremos el camino pasando por el pueblo de Ait Ben Hadou para llegar a Marrakech a \u00faltima hora de la tarde. A su llegada a Marrakech le llevaremos a su hotel, Riad o aeropuerto de Marrakech dependiendo de su preferencia.<\/p>\n<p>El final de nuestros servicios para el desierto de Marrakech tours de 2 d\u00edas a Zagora- Viaje a Marruecos.<\/p>\n<p><strong>Qu\u00e9 est\u00e1 incluido :<\/strong><\/p>\n<ul>\n<li>Vehiculo 4X4 confortable con aire condicionado<\/li>\n<li>Conductor de habla inglesa<\/li>\n<li>Noches en hotel y riad<\/li>\n<li>Desayunos diarios<\/li>\n<li>Cenas<\/li>\n<\/ul>\n<p><strong>Lo que no incluye :<\/strong><\/p>\n<ul>\n<li>Billete de avi\u00f3n<\/li>\n<li>Almuerzos<\/li>\n<li>Bebidas<\/li>\n<\/ul>\n\n<div class=\"wpcf7 no-js\" id=\"wpcf7-f2957-o1\" lang=\"en-US\" dir=\"ltr\" data-wpcf7-id=\"2957\">\n<div class=\"screen-reader-response\"><p role=\"status\" aria-live=\"polite\" aria-atomic=\"true\"><\/p> <ul><\/ul><\/div>\n<form action=\"\/es\/wp-json\/wp\/v2\/pages\/2713#wpcf7-f2957-o1\" method=\"post\" class=\"wpcf7-form init\" aria-label=\"Contact form\" novalidate=\"novalidate\" data-status=\"init\">\n<div style=\"display: none;\">\n<input type=\"hidden\" name=\"_wpcf7\" value=\"2957\" \/>\n<input type=\"hidden\" name=\"_wpcf7_version\" value=\"6.0\" \/>\n<input type=\"hidden\" name=\"_wpcf7_locale\" value=\"en_US\" \/>\n<input type=\"hidden\" name=\"_wpcf7_unit_tag\" value=\"wpcf7-f2957-o1\" \/>\n<input type=\"hidden\" name=\"_wpcf7_container_post\" value=\"0\" \/>\n<input type=\"hidden\" name=\"_wpcf7_posted_data_hash\" value=\"\" \/>\n<\/div>\n<p><label> Your name<br \/>\n<span class=\"wpcf7-form-control-wrap\" data-name=\"your-name\"><input size=\"40\" maxlength=\"400\" class=\"wpcf7-form-control wpcf7-text wpcf7-validates-as-required\" autocomplete=\"name\" aria-required=\"true\" aria-invalid=\"false\" value=\"\" type=\"text\" name=\"your-name\" \/><\/span> <\/label>\n<\/p>\n<p><label> Your email<br \/>\n<span class=\"wpcf7-form-control-wrap\" data-name=\"your-email\"><input size=\"40\" maxlength=\"400\" class=\"wpcf7-form-control wpcf7-email wpcf7-validates-as-required wpcf7-text wpcf7-validates-as-email\" autocomplete=\"email\" aria-required=\"true\" aria-invalid=\"false\" value=\"\" type=\"email\" name=\"your-email\" \/><\/span> <\/label>\n<\/p>\n<p><label> Subject<br \/>\n<span class=\"wpcf7-form-control-wrap\" data-name=\"your-subject\"><input size=\"40\" maxlength=\"400\" class=\"wpcf7-form-control wpcf7-text wpcf7-validates-as-required\" aria-required=\"true\" aria-invalid=\"false\" value=\"\" type=\"text\" name=\"your-subject\" \/><\/span> <\/label>\n<\/p>\n<p><label> Your message (optional)<br \/>\n<span class=\"wpcf7-form-control-wrap\" data-name=\"your-message\"><textarea cols=\"40\" rows=\"10\" maxlength=\"2000\" class=\"wpcf7-form-control wpcf7-textarea\" aria-invalid=\"false\" name=\"your-message\"><\/textarea><\/span> <\/label>\n<\/p>\n<p><input class=\"wpcf7-form-control wpcf7-submit has-spinner\" type=\"submit\" value=\"Send\" \/>\n<\/p><div class=\"wpcf7-response-output\" aria-hidden=\"true\"><\/div>\n<\/form>\n<\/div>\n\n","protected":false},"excerpt":{"rendered":"<p>La excursi\u00f3n de 2 d\u00edas al desierto de Marrakech es una excursi\u00f3n bien adaptada para su viaje corto a Marruecos. Este viaje del desierto de Marrakech a Zagora le permite descubrir la belleza del desierto de Marruecos. Por este viaje Marrakech al desierto se llega a la calma y la dulzura del desierto. Tambi\u00e9n le&#8230;<\/p>\n","protected":false},"author":1,"featured_media":0,"parent":0,"menu_order":0,"comment_status":"closed","ping_status":"closed","template":"","meta":{"_kadence_starter_templates_imported_post":false,"_kad_post_transparent":"default","_kad_post_title":"default","_kad_post_layout":"default","_kad_post_sidebar_id":"","_kad_post_content_style":"default","_kad_post_vertical_padding":"default","_kad_post_feature":"","_kad_post_feature_position":"","_kad_post_header":false,"_kad_post_footer":false,"footnotes":""},"class_list":["post-2713","page","type-page","status-publish","hentry"],"yoast_head":"<!-- This site is optimized with the Yoast SEO Premium plugin v19.0 (Yoast SEO v23.9) - https:\/\/yoast.com\/wordpress\/plugins\/seo\/ -->\n<title>Marrakech desierto tours 2 d\u00edas a Zagora<\/title>\n<meta name=\"description\" content=\"Experimente la magia del desierto con nuestros tours de 2 d\u00edas a Zagora desde Marrakech desierto. Reserve ahora y disfrute de una aventura..\" \/>\n<meta name=\"robots\" content=\"index, follow, max-snippet:-1, max-image-preview:large, max-video-preview:-1\" \/>\n<link rel=\"canonical\" href=\"https:\/\/moroccounlimitedreams.com\/es\/marrakech-desierto-tours-2-dias-a-zagora\/\" \/>\n<meta property=\"og:locale\" content=\"es_ES\" \/>\n<meta property=\"og:type\" content=\"article\" \/>\n<meta property=\"og:title\" content=\"Marrakech desierto tours 2 d\u00edas a Zagora\" \/>\n<meta property=\"og:description\" content=\"Experimente la magia del desierto con nuestros tours de 2 d\u00edas a Zagora desde Marrakech desierto. Reserve ahora y disfrute de una aventura..\" \/>\n<meta property=\"og:url\" content=\"https:\/\/moroccounlimitedreams.com\/es\/marrakech-desierto-tours-2-dias-a-zagora\/\" \/>\n<meta property=\"og:site_name\" content=\"Morocco Unlimited Dreams\" \/>\n<meta property=\"article:modified_time\" content=\"2023-03-24T16:18:10+00:00\" \/>\n<meta name=\"twitter:card\" content=\"summary_large_image\" \/>\n<meta name=\"twitter:label1\" content=\"Tiempo de lectura\" \/>\n\t<meta name=\"twitter:data1\" content=\"3 minutos\" \/>\n<script type=\"application\/ld+json\" class=\"yoast-schema-graph\">{\"@context\":\"https:\/\/schema.org\",\"@graph\":[{\"@type\":\"WebPage\",\"@id\":\"https:\/\/moroccounlimitedreams.com\/es\/marrakech-desierto-tours-2-dias-a-zagora\/\",\"url\":\"https:\/\/moroccounlimitedreams.com\/es\/marrakech-desierto-tours-2-dias-a-zagora\/\",\"name\":\"Marrakech desierto tours 2 d\u00edas a Zagora\",\"isPartOf\":{\"@id\":\"https:\/\/moroccounlimitedreams.com\/es\/#website\"},\"datePublished\":\"2023-02-18T17:45:33+00:00\",\"dateModified\":\"2023-03-24T16:18:10+00:00\",\"description\":\"Experimente la magia del desierto con nuestros tours de 2 d\u00edas a Zagora desde Marrakech desierto. Reserve ahora y disfrute de una aventura..\",\"breadcrumb\":{\"@id\":\"https:\/\/moroccounlimitedreams.com\/es\/marrakech-desierto-tours-2-dias-a-zagora\/#breadcrumb\"},\"inLanguage\":\"es\",\"potentialAction\":[{\"@type\":\"ReadAction\",\"target\":[\"https:\/\/moroccounlimitedreams.com\/es\/marrakech-desierto-tours-2-dias-a-zagora\/\"]}]},{\"@type\":\"BreadcrumbList\",\"@id\":\"https:\/\/moroccounlimitedreams.com\/es\/marrakech-desierto-tours-2-dias-a-zagora\/#breadcrumb\",\"itemListElement\":[{\"@type\":\"ListItem\",\"position\":1,\"name\":\"Home\",\"item\":\"https:\/\/moroccounlimitedreams.com\/es\/\"},{\"@type\":\"ListItem\",\"position\":2,\"name\":\"Marrakech desierto tours 2 d\u00edas a Zagora\"}]},{\"@type\":\"WebSite\",\"@id\":\"https:\/\/moroccounlimitedreams.com\/es\/#website\",\"url\":\"https:\/\/moroccounlimitedreams.com\/es\/\",\"name\":\"Morocco Unlimited Dreams\",\"description\":\"Morocco Desert Tours - Tours &amp; Excursions in Morocco\",\"publisher\":{\"@id\":\"https:\/\/moroccounlimitedreams.com\/es\/#organization\"},\"potentialAction\":[{\"@type\":\"SearchAction\",\"target\":{\"@type\":\"EntryPoint\",\"urlTemplate\":\"https:\/\/moroccounlimitedreams.com\/es\/?s={search_term_string}\"},\"query-input\":{\"@type\":\"PropertyValueSpecification\",\"valueRequired\":true,\"valueName\":\"search_term_string\"}}],\"inLanguage\":\"es\"},{\"@type\":\"Organization\",\"@id\":\"https:\/\/moroccounlimitedreams.com\/es\/#organization\",\"name\":\"Morocco Unlimited Dreams\",\"url\":\"https:\/\/moroccounlimitedreams.com\/es\/\",\"logo\":{\"@type\":\"ImageObject\",\"inLanguage\":\"es\",\"@id\":\"https:\/\/moroccounlimitedreams.com\/es\/#\/schema\/logo\/image\/\",\"url\":\"https:\/\/moroccounlimitedreams.com\/es\/wp-content\/uploads\/2023\/12\/mrd.png\",\"contentUrl\":\"https:\/\/moroccounlimitedreams.com\/es\/wp-content\/uploads\/2023\/12\/mrd.png\",\"width\":242,\"height\":90,\"caption\":\"Morocco Unlimited Dreams\"},\"image\":{\"@id\":\"https:\/\/moroccounlimitedreams.com\/es\/#\/schema\/logo\/image\/\"}}]}<\/script>\n<!-- \/ Yoast SEO Premium plugin. -->","yoast_head_json":{"title":"Marrakech desierto tours 2 d\u00edas a Zagora","description":"Experimente la magia del desierto con nuestros tours de 2 d\u00edas a Zagora desde Marrakech desierto. Reserve ahora y disfrute de una aventura..","robots":{"index":"index","follow":"follow","max-snippet":"max-snippet:-1","max-image-preview":"max-image-preview:large","max-video-preview":"max-video-preview:-1"},"canonical":"https:\/\/moroccounlimitedreams.com\/es\/marrakech-desierto-tours-2-dias-a-zagora\/","og_locale":"es_ES","og_type":"article","og_title":"Marrakech desierto tours 2 d\u00edas a Zagora","og_description":"Experimente la magia del desierto con nuestros tours de 2 d\u00edas a Zagora desde Marrakech desierto. Reserve ahora y disfrute de una aventura..","og_url":"https:\/\/moroccounlimitedreams.com\/es\/marrakech-desierto-tours-2-dias-a-zagora\/","og_site_name":"Morocco Unlimited Dreams","article_modified_time":"2023-03-24T16:18:10+00:00","twitter_card":"summary_large_image","twitter_misc":{"Tiempo de lectura":"3 minutos"},"schema":{"@context":"https:\/\/schema.org","@graph":[{"@type":"WebPage","@id":"https:\/\/moroccounlimitedreams.com\/es\/marrakech-desierto-tours-2-dias-a-zagora\/","url":"https:\/\/moroccounlimitedreams.com\/es\/marrakech-desierto-tours-2-dias-a-zagora\/","name":"Marrakech desierto tours 2 d\u00edas a Zagora","isPartOf":{"@id":"https:\/\/moroccounlimitedreams.com\/es\/#website"},"datePublished":"2023-02-18T17:45:33+00:00","dateModified":"2023-03-24T16:18:10+00:00","description":"Experimente la magia del desierto con nuestros tours de 2 d\u00edas a Zagora desde Marrakech desierto. Reserve ahora y disfrute de una aventura..","breadcrumb":{"@id":"https:\/\/moroccounlimitedreams.com\/es\/marrakech-desierto-tours-2-dias-a-zagora\/#breadcrumb"},"inLanguage":"es","potentialAction":[{"@type":"ReadAction","target":["https:\/\/moroccounlimitedreams.com\/es\/marrakech-desierto-tours-2-dias-a-zagora\/"]}]},{"@type":"BreadcrumbList","@id":"https:\/\/moroccounlimitedreams.com\/es\/marrakech-desierto-tours-2-dias-a-zagora\/#breadcrumb","itemListElement":[{"@type":"ListItem","position":1,"name":"Home","item":"https:\/\/moroccounlimitedreams.com\/es\/"},{"@type":"ListItem","position":2,"name":"Marrakech desierto tours 2 d\u00edas a Zagora"}]},{"@type":"WebSite","@id":"https:\/\/moroccounlimitedreams.com\/es\/#website","url":"https:\/\/moroccounlimitedreams.com\/es\/","name":"Morocco Unlimited Dreams","description":"Morocco Desert Tours - Tours &amp; Excursions in Morocco","publisher":{"@id":"https:\/\/moroccounlimitedreams.com\/es\/#organization"},"potentialAction":[{"@type":"SearchAction","target":{"@type":"EntryPoint","urlTemplate":"https:\/\/moroccounlimitedreams.com\/es\/?s={search_term_string}"},"query-input":{"@type":"PropertyValueSpecification","valueRequired":true,"valueName":"search_term_string"}}],"inLanguage":"es"},{"@type":"Organization","@id":"https:\/\/moroccounlimitedreams.com\/es\/#organization","name":"Morocco Unlimited Dreams","url":"https:\/\/moroccounlimitedreams.com\/es\/","logo":{"@type":"ImageObject","inLanguage":"es","@id":"https:\/\/moroccounlimitedreams.com\/es\/#\/schema\/logo\/image\/","url":"https:\/\/moroccounlimitedreams.com\/es\/wp-content\/uploads\/2023\/12\/mrd.png","contentUrl":"https:\/\/moroccounlimitedreams.com\/es\/wp-content\/uploads\/2023\/12\/mrd.png","width":242,"height":90,"caption":"Morocco Unlimited Dreams"},"image":{"@id":"https:\/\/moroccounlimitedreams.com\/es\/#\/schema\/logo\/image\/"}}]}},"_links":{"self":[{"href":"https:\/\/moroccounlimitedreams.com\/es\/wp-json\/wp\/v2\/pages\/2713","targetHints":{"allow":["GET"]}}],"collection":[{"href":"https:\/\/moroccounlimitedreams.com\/es\/wp-json\/wp\/v2\/pages"}],"about":[{"href":"https:\/\/moroccounlimitedreams.com\/es\/wp-json\/wp\/v2\/types\/page"}],"author":[{"embeddable":true,"href":"https:\/\/moroccounlimitedreams.com\/es\/wp-json\/wp\/v2\/users\/1"}],"replies":[{"embeddable":true,"href":"https:\/\/moroccounlimitedreams.com\/es\/wp-json\/wp\/v2\/comments?post=2713"}],"version-history":[{"count":8,"href":"https:\/\/moroccounlimitedreams.com\/es\/wp-json\/wp\/v2\/pages\/2713\/revisions"}],"predecessor-version":[{"id":3277,"href":"https:\/\/moroccounlimitedreams.com\/es\/wp-json\/wp\/v2\/pages\/2713\/revisions\/3277"}],"wp:attachment":[{"href":"https:\/\/moroccounlimitedreams.com\/es\/wp-json\/wp\/v2\/media?parent=2713"}],"curies":[{"name":"wp","href":"https:\/\/api.w.org\/{rel}","templated":true}]}}