{"id":1575,"date":"2020-11-17T15:10:04","date_gmt":"2020-11-17T15:10:04","guid":{"rendered":"http:\/\/www.grafas.org\/demo04\/?page_id=1575"},"modified":"2023-03-24T18:06:52","modified_gmt":"2023-03-24T18:06:52","slug":"quienes-somos","status":"publish","type":"page","link":"https:\/\/moroccounlimitedreams.com\/es\/quienes-somos\/","title":{"rendered":"Quienes Somos"},"content":{"rendered":"<style>\/*! elementor - v3.11.2 - 22-02-2023 *\/<br \/>.elementor-column .elementor-spacer-inner{height:var(--spacer-size)}.e-con{--container-widget-width:100%}.e-con-inner>.elementor-widget-spacer,.e-con>.elementor-widget-spacer{width:var(--container-widget-width,var(--spacer-size));--align-self:var(--container-widget-align-self,initial);--flex-shrink:0}.e-con-inner>.elementor-widget-spacer>.elementor-widget-container,.e-con-inner>.elementor-widget-spacer>.elementor-widget-container>.elementor-spacer,.e-con>.elementor-widget-spacer>.elementor-widget-container,.e-con>.elementor-widget-spacer>.elementor-widget-container>.elementor-spacer{height:100%}.e-con-inner>.elementor-widget-spacer>.elementor-widget-container>.elementor-spacer>.elementor-spacer-inner,.e-con>.elementor-widget-spacer>.elementor-widget-container>.elementor-spacer>.elementor-spacer-inner{height:var(--container-widget-height,var(--spacer-size))}<\/style>\n<style>\/*! elementor - v3.11.2 - 22-02-2023 *\/<br \/>.elementor-heading-title{padding:0;margin:0;line-height:1}.elementor-widget-heading .elementor-heading-title[class*=elementor-size-]>a{color:inherit;font-size:inherit;line-height:inherit}.elementor-widget-heading .elementor-heading-title.elementor-size-small{font-size:15px}.elementor-widget-heading .elementor-heading-title.elementor-size-medium{font-size:19px}.elementor-widget-heading .elementor-heading-title.elementor-size-large{font-size:29px}.elementor-widget-heading .elementor-heading-title.elementor-size-xl{font-size:39px}.elementor-widget-heading .elementor-heading-title.elementor-size-xxl{font-size:59px}<\/style>\n<h1>Quienes Somos<\/h1>\n<style>\/*! elementor - v3.11.2 - 22-02-2023 *\/<br \/>.elementor-widget-image{text-align:center}.elementor-widget-image a{display:inline-block}.elementor-widget-image a img[src$=\".svg\"]{width:48px}.elementor-widget-image img{vertical-align:middle;display:inline-block}<\/style>\n<p><img fetchpriority=\"high\" decoding=\"async\" src=\"https:\/\/moroccounlimitedreams.com\/es\/wp-content\/uploads\/2023\/02\/b365018d-4e8f-421b-9ca9-c759ca54d7c4.jpeg\" sizes=\"(max-width: 1280px) 100vw, 1280px\" srcset=\"https:\/\/moroccounlimitedreams.com\/es\/wp-content\/uploads\/2023\/02\/b365018d-4e8f-421b-9ca9-c759ca54d7c4.jpeg 1280w, https:\/\/moroccounlimitedreams.com\/es\/wp-content\/uploads\/2023\/02\/b365018d-4e8f-421b-9ca9-c759ca54d7c4-300x225.jpeg 300w, https:\/\/moroccounlimitedreams.com\/es\/wp-content\/uploads\/2023\/02\/b365018d-4e8f-421b-9ca9-c759ca54d7c4-1024x768.jpeg 1024w, https:\/\/moroccounlimitedreams.com\/es\/wp-content\/uploads\/2023\/02\/b365018d-4e8f-421b-9ca9-c759ca54d7c4-768x576.jpeg 768w\" alt=\"\" width=\"1280\" height=\"960\" \/><\/p>\n<p>Mi nombre es Brahim y creo que debemos disfrutar de la <a href=\"https:\/\/moroccounlimitedreams.com\/\">vida<\/a> como si fuera un helado que se derrite r\u00e1pidamente. Me esfuerzo por hacer del mundo un lugar mejor y compartir mi felicidad con otros a trav\u00e9s de momentos divertidos y sin l\u00e1grimas tristes. Vivo en Zagora, una peque\u00f1a ciudad en el sur de Marruecos, y soy una mezcla de locura y felicidad. Me gusta conocer gente nueva y soy muy f\u00e1cil de llevar. Estoy aqu\u00ed para escucharte y asegurarme de que tengas una estancia agradable. Aunque me encanta visitar ciudades, mi verdadera pasi\u00f3n es explorar bosques, monta\u00f1as, desiertos y todo lo que la naturaleza tiene para ofrecer. \u00a1Hay tanto por descubrir en nuestro hermoso planeta!<\/p>\n<h2>Viajes al desierto de Marruecos 2023\/2024<\/h2>\n<p>Morocco Unlimited Dreams es una agencia especializada en viajes a Marruecos durante todo el a\u00f1o. Organizamos su viaje seg\u00fan sus planes y presupuesto, ofreciendo un servicio profesional y amable de senderismo. Nos reuniremos con usted en el aeropuerto, estaci\u00f3n de taxi, estaci\u00f3n de autobuses, hotel o riad en la ciudad de Marruecos. Nuestros gu\u00edas, con experiencia en ingl\u00e9s, franc\u00e9s, espa\u00f1ol, italiano y portugu\u00e9s, lo llevar\u00e1n con orgullo y entusiasmo a explorar las ciudades imperiales de Marruecos, las monta\u00f1as del Atlas, las kasbahs, los oasis y las dunas de arena del desierto del Sahara.<\/p>\n<p>Cada viaje al desierto de Marrakech, Fez o cualquier otro lugar incluye una noche en nuestro campamento en el Sahara, rodeado de nada m\u00e1s que tranquilidad, y un paseo en camello para ver la puesta de sol o el amanecer entre las dunas de arena.<\/p>\n<p>En nuestro cuidado, garantizamos una estancia agradable y atractiva entre los bereberes n\u00f3madas, disfrutando de una taza de t\u00e9 de menta y viendo la artesan\u00eda local. Todos nuestros veh\u00edculos, ya sean minibuses o 4&#215;4 con aire acondicionado, se enfocan en prestar la m\u00e1xima atenci\u00f3n a los detalles.<\/p>\n","protected":false},"excerpt":{"rendered":"<p>Quienes Somos Mi nombre es Brahim y creo que debemos disfrutar de la vida como si fuera un helado que se derrite r\u00e1pidamente. Me esfuerzo por hacer del mundo un lugar mejor y compartir mi felicidad con otros a trav\u00e9s de momentos divertidos y sin l\u00e1grimas tristes. Vivo en Zagora, una peque\u00f1a ciudad en el&#8230;<\/p>\n","protected":false},"author":1,"featured_media":3196,"parent":0,"menu_order":0,"comment_status":"closed","ping_status":"closed","template":"","meta":{"_kadence_starter_templates_imported_post":true,"_kad_post_transparent":"default","_kad_post_title":"hide","_kad_post_layout":"fullwidth","_kad_post_sidebar_id":"","_kad_post_content_style":"unboxed","_kad_post_vertical_padding":"hide","_kad_post_feature":"hide","_kad_post_feature_position":"","_kad_post_header":false,"_kad_post_footer":false,"footnotes":""},"class_list":["post-1575","page","type-page","status-publish","has-post-thumbnail","hentry"],"yoast_head":"<!-- This site is optimized with the Yoast SEO Premium plugin v19.0 (Yoast SEO v23.9) - https:\/\/yoast.com\/wordpress\/plugins\/seo\/ -->\n<title>Quienes Somos<\/title>\n<meta name=\"description\" content=\"Morocco Unlimited Dreams ofrece un abanico de experiencias a los viajeros, desde senderismo por las monta\u00f1as del Atlas hasta...\" \/>\n<meta name=\"robots\" content=\"index, follow, max-snippet:-1, max-image-preview:large, max-video-preview:-1\" \/>\n<link rel=\"canonical\" href=\"https:\/\/moroccounlimitedreams.com\/es\/quienes-somos\/\" \/>\n<meta property=\"og:locale\" content=\"es_ES\" \/>\n<meta property=\"og:type\" content=\"article\" \/>\n<meta property=\"og:title\" content=\"Quienes Somos\" \/>\n<meta property=\"og:description\" content=\"Morocco Unlimited Dreams ofrece un abanico de experiencias a los viajeros, desde senderismo por las monta\u00f1as del Atlas hasta...\" \/>\n<meta property=\"og:url\" content=\"https:\/\/moroccounlimitedreams.com\/es\/quienes-somos\/\" \/>\n<meta property=\"og:site_name\" content=\"Morocco Unlimited Dreams\" \/>\n<meta property=\"article:modified_time\" content=\"2023-03-24T18:06:52+00:00\" \/>\n<meta property=\"og:image\" content=\"https:\/\/moroccounlimitedreams.com\/es\/wp-content\/uploads\/2023\/02\/b365018d-4e8f-421b-9ca9-c759ca54d7c4.jpeg\" \/>\n\t<meta property=\"og:image:width\" content=\"1280\" \/>\n\t<meta property=\"og:image:height\" content=\"960\" \/>\n\t<meta property=\"og:image:type\" content=\"image\/jpeg\" \/>\n<meta name=\"twitter:card\" content=\"summary_large_image\" \/>\n<meta name=\"twitter:label1\" content=\"Tiempo de lectura\" \/>\n\t<meta name=\"twitter:data1\" content=\"2 minutos\" \/>\n<script type=\"application\/ld+json\" class=\"yoast-schema-graph\">{\"@context\":\"https:\/\/schema.org\",\"@graph\":[{\"@type\":\"WebPage\",\"@id\":\"https:\/\/moroccounlimitedreams.com\/es\/quienes-somos\/\",\"url\":\"https:\/\/moroccounlimitedreams.com\/es\/quienes-somos\/\",\"name\":\"Quienes Somos\",\"isPartOf\":{\"@id\":\"https:\/\/moroccounlimitedreams.com\/es\/#website\"},\"primaryImageOfPage\":{\"@id\":\"https:\/\/moroccounlimitedreams.com\/es\/quienes-somos\/#primaryimage\"},\"image\":{\"@id\":\"https:\/\/moroccounlimitedreams.com\/es\/quienes-somos\/#primaryimage\"},\"thumbnailUrl\":\"https:\/\/moroccounlimitedreams.com\/es\/wp-content\/uploads\/2023\/02\/b365018d-4e8f-421b-9ca9-c759ca54d7c4.jpeg\",\"datePublished\":\"2020-11-17T15:10:04+00:00\",\"dateModified\":\"2023-03-24T18:06:52+00:00\",\"description\":\"Morocco Unlimited Dreams ofrece un abanico de experiencias a los viajeros, desde senderismo por las monta\u00f1as del Atlas hasta...\",\"breadcrumb\":{\"@id\":\"https:\/\/moroccounlimitedreams.com\/es\/quienes-somos\/#breadcrumb\"},\"inLanguage\":\"es\",\"potentialAction\":[{\"@type\":\"ReadAction\",\"target\":[\"https:\/\/moroccounlimitedreams.com\/es\/quienes-somos\/\"]}]},{\"@type\":\"ImageObject\",\"inLanguage\":\"es\",\"@id\":\"https:\/\/moroccounlimitedreams.com\/es\/quienes-somos\/#primaryimage\",\"url\":\"https:\/\/moroccounlimitedreams.com\/es\/wp-content\/uploads\/2023\/02\/b365018d-4e8f-421b-9ca9-c759ca54d7c4.jpeg\",\"contentUrl\":\"https:\/\/moroccounlimitedreams.com\/es\/wp-content\/uploads\/2023\/02\/b365018d-4e8f-421b-9ca9-c759ca54d7c4.jpeg\",\"width\":1280,\"height\":960,\"caption\":\"Quienes Somos\"},{\"@type\":\"BreadcrumbList\",\"@id\":\"https:\/\/moroccounlimitedreams.com\/es\/quienes-somos\/#breadcrumb\",\"itemListElement\":[{\"@type\":\"ListItem\",\"position\":1,\"name\":\"Home\",\"item\":\"https:\/\/moroccounlimitedreams.com\/es\/\"},{\"@type\":\"ListItem\",\"position\":2,\"name\":\"Quienes Somos\"}]},{\"@type\":\"WebSite\",\"@id\":\"https:\/\/moroccounlimitedreams.com\/es\/#website\",\"url\":\"https:\/\/moroccounlimitedreams.com\/es\/\",\"name\":\"Morocco Unlimited Dreams\",\"description\":\"Morocco Desert Tours - Tours &amp; Excursions in Morocco\",\"publisher\":{\"@id\":\"https:\/\/moroccounlimitedreams.com\/es\/#organization\"},\"potentialAction\":[{\"@type\":\"SearchAction\",\"target\":{\"@type\":\"EntryPoint\",\"urlTemplate\":\"https:\/\/moroccounlimitedreams.com\/es\/?s={search_term_string}\"},\"query-input\":{\"@type\":\"PropertyValueSpecification\",\"valueRequired\":true,\"valueName\":\"search_term_string\"}}],\"inLanguage\":\"es\"},{\"@type\":\"Organization\",\"@id\":\"https:\/\/moroccounlimitedreams.com\/es\/#organization\",\"name\":\"Morocco Unlimited Dreams\",\"url\":\"https:\/\/moroccounlimitedreams.com\/es\/\",\"logo\":{\"@type\":\"ImageObject\",\"inLanguage\":\"es\",\"@id\":\"https:\/\/moroccounlimitedreams.com\/es\/#\/schema\/logo\/image\/\",\"url\":\"https:\/\/moroccounlimitedreams.com\/es\/wp-content\/uploads\/2023\/12\/mrd.png\",\"contentUrl\":\"https:\/\/moroccounlimitedreams.com\/es\/wp-content\/uploads\/2023\/12\/mrd.png\",\"width\":242,\"height\":90,\"caption\":\"Morocco Unlimited Dreams\"},\"image\":{\"@id\":\"https:\/\/moroccounlimitedreams.com\/es\/#\/schema\/logo\/image\/\"}}]}<\/script>\n<!-- \/ Yoast SEO Premium plugin. -->","yoast_head_json":{"title":"Quienes Somos","description":"Morocco Unlimited Dreams ofrece un abanico de experiencias a los viajeros, desde senderismo por las monta\u00f1as del Atlas hasta...","robots":{"index":"index","follow":"follow","max-snippet":"max-snippet:-1","max-image-preview":"max-image-preview:large","max-video-preview":"max-video-preview:-1"},"canonical":"https:\/\/moroccounlimitedreams.com\/es\/quienes-somos\/","og_locale":"es_ES","og_type":"article","og_title":"Quienes Somos","og_description":"Morocco Unlimited Dreams ofrece un abanico de experiencias a los viajeros, desde senderismo por las monta\u00f1as del Atlas hasta...","og_url":"https:\/\/moroccounlimitedreams.com\/es\/quienes-somos\/","og_site_name":"Morocco Unlimited Dreams","article_modified_time":"2023-03-24T18:06:52+00:00","og_image":[{"width":1280,"height":960,"url":"https:\/\/moroccounlimitedreams.com\/es\/wp-content\/uploads\/2023\/02\/b365018d-4e8f-421b-9ca9-c759ca54d7c4.jpeg","type":"image\/jpeg"}],"twitter_card":"summary_large_image","twitter_misc":{"Tiempo de lectura":"2 minutos"},"schema":{"@context":"https:\/\/schema.org","@graph":[{"@type":"WebPage","@id":"https:\/\/moroccounlimitedreams.com\/es\/quienes-somos\/","url":"https:\/\/moroccounlimitedreams.com\/es\/quienes-somos\/","name":"Quienes Somos","isPartOf":{"@id":"https:\/\/moroccounlimitedreams.com\/es\/#website"},"primaryImageOfPage":{"@id":"https:\/\/moroccounlimitedreams.com\/es\/quienes-somos\/#primaryimage"},"image":{"@id":"https:\/\/moroccounlimitedreams.com\/es\/quienes-somos\/#primaryimage"},"thumbnailUrl":"https:\/\/moroccounlimitedreams.com\/es\/wp-content\/uploads\/2023\/02\/b365018d-4e8f-421b-9ca9-c759ca54d7c4.jpeg","datePublished":"2020-11-17T15:10:04+00:00","dateModified":"2023-03-24T18:06:52+00:00","description":"Morocco Unlimited Dreams ofrece un abanico de experiencias a los viajeros, desde senderismo por las monta\u00f1as del Atlas hasta...","breadcrumb":{"@id":"https:\/\/moroccounlimitedreams.com\/es\/quienes-somos\/#breadcrumb"},"inLanguage":"es","potentialAction":[{"@type":"ReadAction","target":["https:\/\/moroccounlimitedreams.com\/es\/quienes-somos\/"]}]},{"@type":"ImageObject","inLanguage":"es","@id":"https:\/\/moroccounlimitedreams.com\/es\/quienes-somos\/#primaryimage","url":"https:\/\/moroccounlimitedreams.com\/es\/wp-content\/uploads\/2023\/02\/b365018d-4e8f-421b-9ca9-c759ca54d7c4.jpeg","contentUrl":"https:\/\/moroccounlimitedreams.com\/es\/wp-content\/uploads\/2023\/02\/b365018d-4e8f-421b-9ca9-c759ca54d7c4.jpeg","width":1280,"height":960,"caption":"Quienes Somos"},{"@type":"BreadcrumbList","@id":"https:\/\/moroccounlimitedreams.com\/es\/quienes-somos\/#breadcrumb","itemListElement":[{"@type":"ListItem","position":1,"name":"Home","item":"https:\/\/moroccounlimitedreams.com\/es\/"},{"@type":"ListItem","position":2,"name":"Quienes Somos"}]},{"@type":"WebSite","@id":"https:\/\/moroccounlimitedreams.com\/es\/#website","url":"https:\/\/moroccounlimitedreams.com\/es\/","name":"Morocco Unlimited Dreams","description":"Morocco Desert Tours - Tours &amp; Excursions in Morocco","publisher":{"@id":"https:\/\/moroccounlimitedreams.com\/es\/#organization"},"potentialAction":[{"@type":"SearchAction","target":{"@type":"EntryPoint","urlTemplate":"https:\/\/moroccounlimitedreams.com\/es\/?s={search_term_string}"},"query-input":{"@type":"PropertyValueSpecification","valueRequired":true,"valueName":"search_term_string"}}],"inLanguage":"es"},{"@type":"Organization","@id":"https:\/\/moroccounlimitedreams.com\/es\/#organization","name":"Morocco Unlimited Dreams","url":"https:\/\/moroccounlimitedreams.com\/es\/","logo":{"@type":"ImageObject","inLanguage":"es","@id":"https:\/\/moroccounlimitedreams.com\/es\/#\/schema\/logo\/image\/","url":"https:\/\/moroccounlimitedreams.com\/es\/wp-content\/uploads\/2023\/12\/mrd.png","contentUrl":"https:\/\/moroccounlimitedreams.com\/es\/wp-content\/uploads\/2023\/12\/mrd.png","width":242,"height":90,"caption":"Morocco Unlimited Dreams"},"image":{"@id":"https:\/\/moroccounlimitedreams.com\/es\/#\/schema\/logo\/image\/"}}]}},"_links":{"self":[{"href":"https:\/\/moroccounlimitedreams.com\/es\/wp-json\/wp\/v2\/pages\/1575","targetHints":{"allow":["GET"]}}],"collection":[{"href":"https:\/\/moroccounlimitedreams.com\/es\/wp-json\/wp\/v2\/pages"}],"about":[{"href":"https:\/\/moroccounlimitedreams.com\/es\/wp-json\/wp\/v2\/types\/page"}],"author":[{"embeddable":true,"href":"https:\/\/moroccounlimitedreams.com\/es\/wp-json\/wp\/v2\/users\/1"}],"replies":[{"embeddable":true,"href":"https:\/\/moroccounlimitedreams.com\/es\/wp-json\/wp\/v2\/comments?post=1575"}],"version-history":[{"count":42,"href":"https:\/\/moroccounlimitedreams.com\/es\/wp-json\/wp\/v2\/pages\/1575\/revisions"}],"predecessor-version":[{"id":3283,"href":"https:\/\/moroccounlimitedreams.com\/es\/wp-json\/wp\/v2\/pages\/1575\/revisions\/3283"}],"wp:featuredmedia":[{"embeddable":true,"href":"https:\/\/moroccounlimitedreams.com\/es\/wp-json\/wp\/v2\/media\/3196"}],"wp:attachment":[{"href":"https:\/\/moroccounlimitedreams.com\/es\/wp-json\/wp\/v2\/media?parent=1575"}],"curies":[{"name":"wp","href":"https:\/\/api.w.org\/{rel}","templated":true}]}}